{"id":5111,"date":"2019-09-18T12:09:56","date_gmt":"2019-09-18T11:09:56","guid":{"rendered":"https:\/\/saludextremadura.ses.es\/stadiccionextremadura\/?page_id=5111"},"modified":"2021-11-08T12:05:25","modified_gmt":"2021-11-08T11:05:25","slug":"radio-adicciones","status":"publish","type":"page","link":"https:\/\/saludextremadura.ses.es\/stadiccionextremadura\/radio-adicciones\/","title":{"rendered":"Radio TV &#8211; Adicciones"},"content":{"rendered":"\n<p><\/p>\n\n\n\n<p><\/p>\n\n\n\n<p><\/p>\n\n\n\n<h2 class=\"wp-block-heading\">Programa Canal Extremadura donde participan varias entidades de la red de conductas adictivas de Extremadura<\/h2>\n\n\n\n<h3 class=\"wp-block-heading\">Informe Extremadura Adictos<\/h3>\n\n\n\n<p><a href=\"http:\/\/www.canalextremadura.es\/index.php\/video\/informe-extremadura-adictos\">Enlace al programa<\/a><\/p>\n\n\n\n<h3 class=\"wp-block-heading\">Programas de Radio sobre Adicciones en 2019<\/h3>\n\n\n\n<figure class=\"wp-block-image is-resized\"><img decoding=\"async\" loading=\"lazy\" src=\"https:\/\/saludextremadura.ses.es\/stadiccionextremadura\/archivos\/COPE-FOTO-EQUIPO.jpg\" alt=\"\" class=\"wp-image-5113\" width=\"392\" height=\"257\" srcset=\"https:\/\/saludextremadura.ses.es\/stadiccionextremadura\/archivos\/COPE-FOTO-EQUIPO.jpg 1280w, https:\/\/saludextremadura.ses.es\/stadiccionextremadura\/archivos\/COPE-FOTO-EQUIPO-300x197.jpg 300w, https:\/\/saludextremadura.ses.es\/stadiccionextremadura\/archivos\/COPE-FOTO-EQUIPO-768x504.jpg 768w, https:\/\/saludextremadura.ses.es\/stadiccionextremadura\/archivos\/COPE-FOTO-EQUIPO-1024x672.jpg 1024w\" sizes=\"(max-width: 392px) 100vw, 392px\" \/><figcaption>COPE FOTO EQUIPO<\/figcaption><\/figure>\n\n\n\n<p>El consumo de alcohol, tabaco y otras adicciones con y sin sustancia tienen cada vez m\u00e1s, una mayor prevalencia en nuestra sociedad, pasando a formar parte de nuestro d\u00eda a d\u00eda y siendo casi \u00abnormalizadas estas conductas\u00bb entre la poblaci\u00f3n. La informaci\u00f3n de conductas adictivas a trav\u00e9s de los medios de comunicaci\u00f3n, como en este caso la radio, constituye un poderoso instrumento de influencia en la conducta de las personas ya que la comunicaci\u00f3n en masa, en pocas palabras, es simplemente una fuerza bien utilizada para el bienestar y la salud de las mismas.<\/p>\n\n\n\n<p>Desde este martes, 17 de septiembre de 2019, la Secretaria T\u00e9cnica de Drogodependencias del SES colabora en el Programa Herrera en Cope trasladando informaci\u00f3n de las adicciones con y sin sustancia, y visualizando posibles problemas que pueden surgir en la ciudadan\u00eda acerca de las conductas adictivas.<br> Tertulias, temas de actualidad, visibilizar situaciones posibles, evitar estigmas y prejuicios, saber escuchar, \u2026 ser\u00e1n algunas de las actuaciones que queremos desarrollar con estas colaboraciones.<\/p>\n\n\n\n<p>A trav\u00e9s de este medio propondremos a diferentes profesionales, colaboradoras\/es y recursos de la Red de Atenci\u00f3n a Conductas Adictivas de Extremadura para en la medida de lo posible, lograr los objetivos que nos planteamos.<\/p>\n\n\n\n<p>Nuestro m\u00e1s sincero agradecimiento a las y los profesionales del Programa Herrera en Cope en Badajoz que nos hacen part\u00edcipes de este gran proyecto y os invitamos a todas y todos los que visit\u00e1is esta web, a que nos escuch\u00e9is todos los martes, de 12:20 a 12:30 h.<\/p>\n\n\n\n<p><strong>Primer programa 17 Sep 2019<\/strong>. P<strong>ilar Morcillo. Secretaria t\u00e9cnica de drogodepedencias del SES. <\/strong><a href=\"https:\/\/www.cope.es\/emisoras\/extremadura\/badajoz-provincia\/badajoz\/audios\/herrera-cope-badajoz-17-09-2019-20190917_855275\">https:\/\/www.cope.es\/emisoras\/extremadura\/badajoz-provincia\/badajoz\/audios\/herrera-cope-badajoz-17-09-2019-20190917_855275<\/a><\/p>\n\n\n\n<p> <strong>\u00bfPor qu\u00e9 engancha el juego? Se lo hemos preguntado Jose Antonio Santos<\/strong>,  psic\u00f3logo de la Secretar\u00eda T\u00e9cnica de Drogodependencias del SES.&nbsp;  <a href=\"https:\/\/www.cope.es\/emisoras\/extremadura\/badajoz-provincia\/badajoz\/audios\/herrera-cope-badajoz-08-10-2019-20191008_878359\">https:\/\/www.cope.es\/emisoras\/extremadura\/badajoz-provincia\/badajoz\/audios\/herrera-cope-badajoz-08-10-2019-20191008_878359<\/a><\/p>\n\n\n\n<p><strong>Sole, mujer de ex-jugador de la Asociacion AEXJER de Almendralejo<\/strong>. <a href=\"https:\/\/www.cope.es\/emisoras\/extremadura\/badajoz-provincia\/badajoz\/audios\/herrera-cope-badajoz-15-10-2019-20191015_885291\">https:\/\/www.cope.es\/emisoras\/extremadura\/badajoz-provincia\/badajoz\/audios\/herrera-cope-badajoz-15-10-2019-20191015_885291<\/a><\/p>\n\n\n\n<p><strong>Miguel, exjugador<\/strong>. <a href=\"https:\/\/www.cope.es\/emisoras\/extremadura\/badajoz-provincia\/badajoz\/audios\/herrera-cope-badajoz-22-10-2019-20191022_900248\">https:\/\/www.cope.es\/emisoras\/extremadura\/badajoz-provincia\/badajoz\/audios\/herrera-cope-badajoz-22-10-2019-20191022_900248<\/a><\/p>\n\n\n\n<p><strong>El consumo de ansiol\u00edticos en mujeres. Toni Gallardo. Psic\u00f3loga Cl\u00ednica de la Secretar\u00eda T\u00e9cnica de Drogodependencias <\/strong><a href=\"https:\/\/www.cope.es\/emisoras\/extremadura\/badajoz-provincia\/badajoz\/audios\/herrera-cope-badajoz-03-12-2019-20191204_941387\">https:\/\/www.cope.es\/emisoras\/extremadura\/badajoz-provincia\/badajoz\/audios\/herrera-cope-badajoz-03-12-2019-20191204_941387<\/a><\/p>\n\n\n\n<p><\/p>\n<!-- AddThis Advanced Settings generic via filter on the_content --><!-- AddThis Share Buttons generic via filter on the_content -->","protected":false},"excerpt":{"rendered":"<p>Programa Canal Extremadura donde participan varias entidades de la red de conductas adictivas de Extremadura Informe Extremadura Adictos Enlace al programa Programas de Radio sobre Adicciones en 2019 El consumo de alcohol, tabaco y otras adicciones con y sin sustancia tienen cada vez m\u00e1s, una mayor prevalencia en nuestra sociedad, pasando a formar parte de [&hellip;]<!-- AddThis Advanced Settings generic via filter on get_the_excerpt --><!-- AddThis Share Buttons generic via filter on get_the_excerpt --><\/p>\n","protected":false},"author":3,"featured_media":0,"parent":0,"menu_order":0,"comment_status":"closed","ping_status":"closed","template":"","meta":[],"_links":{"self":[{"href":"https:\/\/saludextremadura.ses.es\/stadiccionextremadura\/wp-json\/wp\/v2\/pages\/5111"}],"collection":[{"href":"https:\/\/saludextremadura.ses.es\/stadiccionextremadura\/wp-json\/wp\/v2\/pages"}],"about":[{"href":"https:\/\/saludextremadura.ses.es\/stadiccionextremadura\/wp-json\/wp\/v2\/types\/page"}],"author":[{"embeddable":true,"href":"https:\/\/saludextremadura.ses.es\/stadiccionextremadura\/wp-json\/wp\/v2\/users\/3"}],"replies":[{"embeddable":true,"href":"https:\/\/saludextremadura.ses.es\/stadiccionextremadura\/wp-json\/wp\/v2\/comments?post=5111"}],"version-history":[{"count":11,"href":"https:\/\/saludextremadura.ses.es\/stadiccionextremadura\/wp-json\/wp\/v2\/pages\/5111\/revisions"}],"predecessor-version":[{"id":6473,"href":"https:\/\/saludextremadura.ses.es\/stadiccionextremadura\/wp-json\/wp\/v2\/pages\/5111\/revisions\/6473"}],"wp:attachment":[{"href":"https:\/\/saludextremadura.ses.es\/stadiccionextremadura\/wp-json\/wp\/v2\/media?parent=5111"}],"curies":[{"name":"wp","href":"https:\/\/api.w.org\/{rel}","templated":true}]}}