{"id":3511,"date":"2017-08-09T08:02:34","date_gmt":"2017-08-09T07:02:34","guid":{"rendered":"https:\/\/saludextremadura.ses.es\/stadiccionextremadura\/?page_id=3511"},"modified":"2024-03-13T08:28:47","modified_gmt":"2024-03-13T07:28:47","slug":"otros-programas","status":"publish","type":"page","link":"https:\/\/saludextremadura.ses.es\/stadiccionextremadura\/otros-programas\/","title":{"rendered":"Otros Programas"},"content":{"rendered":"\n<p><\/p>\n\n\n\n<div class=\"wp-block-file\"><a id=\"wp-block-file--media-382e71bf-daac-4472-a0f5-b26d76bf9624\" href=\"https:\/\/saludextremadura.ses.es\/stadiccionextremadura\/archivos\/2019-Doc-Trab-Grupos-Ansie-y-Males-Emoc.pdf\">Documento de Trabajo: Grupos de Ansiedad y Malestar Emocional, dic 2019<\/a><a href=\"https:\/\/saludextremadura.ses.es\/stadiccionextremadura\/archivos\/2019-Doc-Trab-Grupos-Ansie-y-Males-Emoc.pdf\" class=\"wp-block-file__button wp-element-button\" download aria-describedby=\"wp-block-file--media-382e71bf-daac-4472-a0f5-b26d76bf9624\">Descarga<\/a><\/div>\n\n\n\n<div class=\"wp-block-file\"><a id=\"wp-block-file--media-89430ace-f302-4883-9ce2-7bbbc08799e8\" href=\"https:\/\/saludextremadura.ses.es\/stadiccionextremadura\/archivos\/Grupos-Ansiedad-y-M-Emocional-febr2023.pptx\">Presentaci\u00f3n Power: Grupos-Ansiedad-y-Malestar-Emocional<\/a><a href=\"https:\/\/saludextremadura.ses.es\/stadiccionextremadura\/archivos\/Grupos-Ansiedad-y-M-Emocional-febr2023.pptx\" class=\"wp-block-file__button wp-element-button\" download aria-describedby=\"wp-block-file--media-89430ace-f302-4883-9ce2-7bbbc08799e8\">Descarga<\/a><\/div>\n\n\n\n<p><a href=\"https:\/\/saludextremadura.ses.es\/stadiccionextremadura\/archivos\/Riesgo-0-Juega-tus-cartas-2017.pdf\">Riesgo 0 Juega tus cartas 2017<\/a>. Programa de Reducci\u00f3n de Riesgo en entornos de Ocio, con perspectiva de g\u00e9nero.<\/p>\n\n\n\n<p><a href=\"https:\/\/saludextremadura.ses.es\/stadiccionextremadura\/archivos\/protocolo-Incautaci\u00f3n-Educaci\u00f3n.pdf\">Protocolo de Actuaci\u00f3n frente a la Incautaci\u00f3n de Sustancias Ilegales en los Centros Escolares<\/a><\/p>\n\n\n\n<p><a href=\"https:\/\/saludextremadura.ses.es\/stadiccionextremadura\/archivos\/PROTOCOLO_DE_ACTUACI\u00d3N_FRENTE_A_LA_SOSPECHA_DE_CONSUMO_POR_PARTE_DE_MENORES_EN_CENTROS_EDUCATIVOS_DE_EXTREMADURA.pdf\">PROTOCOLO_DE_ACTUACI\u00d3N_FRENTE_A_LA_SOSPECHA<\/a><\/p>\n\n\n\n<p><a href=\"https:\/\/saludextremadura.ses.es\/stadiccionextremadura\/archivos\/PROTOCOLO_DE_ACTUACI\u00d3N_FRENTE_A_LA_SOSPECHA_DE_CONSUMO_POR_PARTE_DE_MENORES_EN_CENTROS_EDUCATIVOS_DE_EXTREMADURA.pdf\">_DE_CONSUMO_POR_PARTE_DE_MENORES_EN_CENTROS_<\/a><\/p>\n\n\n\n<p><a href=\"https:\/\/saludextremadura.ses.es\/stadiccionextremadura\/archivos\/PROTOCOLO_DE_ACTUACI\u00d3N_FRENTE_A_LA_SOSPECHA_DE_CONSUMO_POR_PARTE_DE_MENORES_EN_CENTROS_EDUCATIVOS_DE_EXTREMADURA.pdf\">EDUCATIVOS_DE_EXTREMADURA<\/a><\/p>\n<!-- AddThis Advanced Settings generic via filter on the_content --><!-- AddThis Share Buttons generic via filter on the_content -->","protected":false},"excerpt":{"rendered":"<p>Riesgo 0 Juega tus cartas 2017. Programa de Reducci\u00f3n de Riesgo en entornos de Ocio, con perspectiva de g\u00e9nero. Protocolo de Actuaci\u00f3n frente a la Incautaci\u00f3n de Sustancias Ilegales en los Centros Escolares PROTOCOLO_DE_ACTUACI\u00d3N_FRENTE_A_LA_SOSPECHA _DE_CONSUMO_POR_PARTE_DE_MENORES_EN_CENTROS_ EDUCATIVOS_DE_EXTREMADURA<!-- AddThis Advanced Settings generic via filter on get_the_excerpt --><!-- AddThis Share Buttons generic via filter on get_the_excerpt --><\/p>\n","protected":false},"author":3,"featured_media":0,"parent":0,"menu_order":0,"comment_status":"closed","ping_status":"closed","template":"","meta":[],"_links":{"self":[{"href":"https:\/\/saludextremadura.ses.es\/stadiccionextremadura\/wp-json\/wp\/v2\/pages\/3511"}],"collection":[{"href":"https:\/\/saludextremadura.ses.es\/stadiccionextremadura\/wp-json\/wp\/v2\/pages"}],"about":[{"href":"https:\/\/saludextremadura.ses.es\/stadiccionextremadura\/wp-json\/wp\/v2\/types\/page"}],"author":[{"embeddable":true,"href":"https:\/\/saludextremadura.ses.es\/stadiccionextremadura\/wp-json\/wp\/v2\/users\/3"}],"replies":[{"embeddable":true,"href":"https:\/\/saludextremadura.ses.es\/stadiccionextremadura\/wp-json\/wp\/v2\/comments?post=3511"}],"version-history":[{"count":3,"href":"https:\/\/saludextremadura.ses.es\/stadiccionextremadura\/wp-json\/wp\/v2\/pages\/3511\/revisions"}],"predecessor-version":[{"id":7652,"href":"https:\/\/saludextremadura.ses.es\/stadiccionextremadura\/wp-json\/wp\/v2\/pages\/3511\/revisions\/7652"}],"wp:attachment":[{"href":"https:\/\/saludextremadura.ses.es\/stadiccionextremadura\/wp-json\/wp\/v2\/media?parent=3511"}],"curies":[{"name":"wp","href":"https:\/\/api.w.org\/{rel}","templated":true}]}}