{"id":3158,"date":"2016-04-26T10:49:11","date_gmt":"2016-04-26T09:49:11","guid":{"rendered":"https:\/\/saludextremadura.ses.es\/stadiccionextremadura\/?page_id=3158"},"modified":"2023-12-20T09:28:30","modified_gmt":"2023-12-20T08:28:30","slug":"programas-nuevos","status":"publish","type":"page","link":"https:\/\/saludextremadura.ses.es\/stadiccionextremadura\/programas-nuevos\/","title":{"rendered":"Red espacios sin humo"},"content":{"rendered":"\n<h2 class=\"wp-block-heading\">El Colegio Santa Teresa de Badajoz pertenece a la Red Expacios Sin Humo de Extremadura. !Enhorabuena a toda la Comunidad Educativa!<\/h2>\n\n\n\n<figure class=\"wp-block-image size-full\"><img decoding=\"async\" loading=\"lazy\" width=\"1013\" height=\"704\" src=\"https:\/\/saludextremadura.ses.es\/stadiccionextremadura\/archivos\/Sin-titulosanta-Teresa-1.png\" alt=\"\" class=\"wp-image-7585\" srcset=\"https:\/\/saludextremadura.ses.es\/stadiccionextremadura\/archivos\/Sin-titulosanta-Teresa-1.png 1013w, https:\/\/saludextremadura.ses.es\/stadiccionextremadura\/archivos\/Sin-titulosanta-Teresa-1-300x208.png 300w, https:\/\/saludextremadura.ses.es\/stadiccionextremadura\/archivos\/Sin-titulosanta-Teresa-1-768x534.png 768w\" sizes=\"(max-width: 1013px) 100vw, 1013px\" \/><\/figure>\n\n\n\n<h1 class=\"wp-block-heading\"><\/h1>\n\n\n\n<h2 class=\"wp-block-heading\">El Colegio Sope\u00f1a de Badajoz pertenece a la Red Expacios Sin Humo de Extremadura. !Enhorabuena a toda la Comunidad Educativa!<\/h2>\n\n\n\n<figure class=\"wp-block-image size-full\"><img decoding=\"async\" loading=\"lazy\" width=\"986\" height=\"573\" src=\"https:\/\/saludextremadura.ses.es\/stadiccionextremadura\/archivos\/SO-pena.png\" alt=\"\" class=\"wp-image-7577\" srcset=\"https:\/\/saludextremadura.ses.es\/stadiccionextremadura\/archivos\/SO-pena.png 986w, https:\/\/saludextremadura.ses.es\/stadiccionextremadura\/archivos\/SO-pena-300x174.png 300w, https:\/\/saludextremadura.ses.es\/stadiccionextremadura\/archivos\/SO-pena-768x446.png 768w\" sizes=\"(max-width: 986px) 100vw, 986px\" \/><\/figure>\n\n\n\n<h2 class=\"wp-block-heading\">El IES Rodriguez Mo\u00f1ino de Badajoz pertenece a la Red Expacios Sin Humo de Extremadura. !Enhorabuena a toda la Comunidad Educativa!<\/h2>\n\n\n\n<figure class=\"wp-block-image size-full\"><img decoding=\"async\" loading=\"lazy\" width=\"1021\" height=\"704\" src=\"https:\/\/saludextremadura.ses.es\/stadiccionextremadura\/archivos\/IES-rodriguez-monino-1.png\" alt=\"\" class=\"wp-image-7573\" srcset=\"https:\/\/saludextremadura.ses.es\/stadiccionextremadura\/archivos\/IES-rodriguez-monino-1.png 1021w, https:\/\/saludextremadura.ses.es\/stadiccionextremadura\/archivos\/IES-rodriguez-monino-1-300x207.png 300w, https:\/\/saludextremadura.ses.es\/stadiccionextremadura\/archivos\/IES-rodriguez-monino-1-768x530.png 768w\" sizes=\"(max-width: 1021px) 100vw, 1021px\" \/><\/figure>\n\n\n\n<h2 class=\"wp-block-heading\">El IES Castelar de Badajoz pertenece a la Red Expacios Sin Humo de Extremadura. !Enhorabuena a toda la Comunidad Educativa!<\/h2>\n\n\n\n<figure class=\"wp-block-image size-full\"><img decoding=\"async\" loading=\"lazy\" width=\"803\" height=\"709\" src=\"https:\/\/saludextremadura.ses.es\/stadiccionextremadura\/archivos\/IES-Castelar.png\" alt=\"\" class=\"wp-image-7568\" srcset=\"https:\/\/saludextremadura.ses.es\/stadiccionextremadura\/archivos\/IES-Castelar.png 803w, https:\/\/saludextremadura.ses.es\/stadiccionextremadura\/archivos\/IES-Castelar-300x265.png 300w, https:\/\/saludextremadura.ses.es\/stadiccionextremadura\/archivos\/IES-Castelar-768x678.png 768w\" sizes=\"(max-width: 803px) 100vw, 803px\" \/><\/figure>\n\n\n\n<h2 class=\"wp-block-heading\">El IES Valle del Jerte de Plasencia pertenece a la Red Expacios Sin Humo de Extremadura. !Enhorabuena a toda la Comunidad Educativa!<\/h2>\n\n\n\n<figure class=\"wp-block-image size-large\"><img decoding=\"async\" loading=\"lazy\" width=\"1024\" height=\"461\" src=\"https:\/\/saludextremadura.ses.es\/stadiccionextremadura\/archivos\/IES-Valle-del-Jerte-1024x461.png\" alt=\"\" class=\"wp-image-7566\" srcset=\"https:\/\/saludextremadura.ses.es\/stadiccionextremadura\/archivos\/IES-Valle-del-Jerte-1024x461.png 1024w, https:\/\/saludextremadura.ses.es\/stadiccionextremadura\/archivos\/IES-Valle-del-Jerte-300x135.png 300w, https:\/\/saludextremadura.ses.es\/stadiccionextremadura\/archivos\/IES-Valle-del-Jerte-768x346.png 768w, https:\/\/saludextremadura.ses.es\/stadiccionextremadura\/archivos\/IES-Valle-del-Jerte-1536x692.png 1536w, https:\/\/saludextremadura.ses.es\/stadiccionextremadura\/archivos\/IES-Valle-del-Jerte.png 1577w\" sizes=\"(max-width: 1024px) 100vw, 1024px\" \/><\/figure>\n\n\n\n<h4 class=\"wp-block-heading\"> <h2 class=\"wp-block-heading\">El Colegio Sant\u00edsima Trinidad de Plasencia pertenece a la Red de Expacios Sin Humo de Extremadura. !Enhorabuena a la Comunidad Educativa!<\/h2>    <\/h4>\n\n\n\n<figure class=\"wp-block-image size-large\"><img decoding=\"async\" loading=\"lazy\" width=\"1024\" height=\"534\" src=\"https:\/\/saludextremadura.ses.es\/stadiccionextremadura\/archivos\/COLE-SANTISIMA-TRINIDAD-1024x534.png\" alt=\"\" class=\"wp-image-7563\" srcset=\"https:\/\/saludextremadura.ses.es\/stadiccionextremadura\/archivos\/COLE-SANTISIMA-TRINIDAD-1024x534.png 1024w, https:\/\/saludextremadura.ses.es\/stadiccionextremadura\/archivos\/COLE-SANTISIMA-TRINIDAD-300x156.png 300w, https:\/\/saludextremadura.ses.es\/stadiccionextremadura\/archivos\/COLE-SANTISIMA-TRINIDAD-768x400.png 768w, https:\/\/saludextremadura.ses.es\/stadiccionextremadura\/archivos\/COLE-SANTISIMA-TRINIDAD.png 1350w\" sizes=\"(max-width: 1024px) 100vw, 1024px\" \/><\/figure>\n\n\n\n<h2 class=\"wp-block-heading\">RED EXPACIOS SIN HUMO<\/h2>\n\n\n\n<h2 class=\"wp-block-heading\">El Colegio La Salle de Plasencia pertenece a la Red de Expacios Sin Humo de Extremadura. !Enhorabuena a la Comunidad Educativa!<\/h2>\n\n\n\n<p><\/p>\n\n\n\n<figure class=\"wp-block-image size-large\"><img decoding=\"async\" loading=\"lazy\" width=\"1024\" height=\"526\" src=\"https:\/\/saludextremadura.ses.es\/stadiccionextremadura\/archivos\/cole-La-Salle-1024x526.png\" alt=\"\" class=\"wp-image-7559\" srcset=\"https:\/\/saludextremadura.ses.es\/stadiccionextremadura\/archivos\/cole-La-Salle-1024x526.png 1024w, https:\/\/saludextremadura.ses.es\/stadiccionextremadura\/archivos\/cole-La-Salle-300x154.png 300w, https:\/\/saludextremadura.ses.es\/stadiccionextremadura\/archivos\/cole-La-Salle-768x395.png 768w, https:\/\/saludextremadura.ses.es\/stadiccionextremadura\/archivos\/cole-La-Salle.png 1389w\" sizes=\"(max-width: 1024px) 100vw, 1024px\" \/><\/figure>\n\n\n\n<p><\/p>\n\n\n\n<p><\/p>\n\n\n\n<p> <mark style=\"background-color:rgba(0, 0, 0, 0)\" class=\"has-inline-color has-vivid-green-cyan-color\"><mark style=\"background-color:rgba(0, 0, 0, 0)\" class=\"has-inline-color has-vivid-green-cyan-color\">RED EXPACIOS SIN HUMOS<\/mark><\/mark><\/p>\n\n\n\n<h2 class=\"wp-block-heading\">El Colegio San Jos\u00e9 de Plasencia pertenece a la Red de Expacios Sin Humo de Extremadura. !Enhorabuena a la Comunidad Educativa!<\/h2>\n\n\n\n<figure class=\"wp-block-image size-large\"><img decoding=\"async\" loading=\"lazy\" width=\"1024\" height=\"609\" src=\"https:\/\/saludextremadura.ses.es\/stadiccionextremadura\/archivos\/cole-san-jose-1024x609.png\" alt=\"\" class=\"wp-image-7556\" srcset=\"https:\/\/saludextremadura.ses.es\/stadiccionextremadura\/archivos\/cole-san-jose-1024x609.png 1024w, https:\/\/saludextremadura.ses.es\/stadiccionextremadura\/archivos\/cole-san-jose-300x178.png 300w, https:\/\/saludextremadura.ses.es\/stadiccionextremadura\/archivos\/cole-san-jose-768x457.png 768w, https:\/\/saludextremadura.ses.es\/stadiccionextremadura\/archivos\/cole-san-jose.png 1177w\" sizes=\"(max-width: 1024px) 100vw, 1024px\" \/><\/figure>\n\n\n\n<h4 class=\"wp-block-heading\"> <mark style=\"background-color:rgba(0, 0, 0, 0)\" class=\"has-inline-color has-vivid-green-cyan-color\"><mark style=\"background-color:rgba(0, 0, 0, 0)\" class=\"has-inline-color has-vivid-green-cyan-color\">RED EXPACIOS SIN HUMOS<\/mark><\/mark><\/h4>\n\n\n\n<h4 class=\"wp-block-heading\">El Colegio San Antonio de Padua forma parte de la Red de Espacios Sin Humos tras realizar el Programa EXPACIOS SIN HUMOS en Centros Educativos. Enhorabuena a la Comunidad Educativa!<\/h4>\n\n\n\n<figure class=\"wp-block-image size-large\"><img decoding=\"async\" loading=\"lazy\" width=\"1024\" height=\"768\" src=\"https:\/\/saludextremadura.ses.es\/stadiccionextremadura\/archivos\/IMG-20231121-Pa-1024x768.jpg\" alt=\"\" class=\"wp-image-7551\" srcset=\"https:\/\/saludextremadura.ses.es\/stadiccionextremadura\/archivos\/IMG-20231121-Pa-1024x768.jpg 1024w, https:\/\/saludextremadura.ses.es\/stadiccionextremadura\/archivos\/IMG-20231121-Pa-300x225.jpg 300w, https:\/\/saludextremadura.ses.es\/stadiccionextremadura\/archivos\/IMG-20231121-Pa-768x576.jpg 768w, https:\/\/saludextremadura.ses.es\/stadiccionextremadura\/archivos\/IMG-20231121-Pa-1536x1152.jpg 1536w, https:\/\/saludextremadura.ses.es\/stadiccionextremadura\/archivos\/IMG-20231121-Pa.jpg 2048w\" sizes=\"(max-width: 1024px) 100vw, 1024px\" \/><\/figure>\n\n\n\n<h2 class=\"wp-block-heading\"><\/h2>\n\n\n\n<h2 class=\"wp-block-heading\"><\/h2>\n\n\n\n<h2 class=\"wp-block-heading\"><\/h2>\n\n\n\n<h2 class=\"wp-block-heading\">El IES AL-Q\u00e1zeres forma parte de la Red de Espacios Sin Humos tras realizar el Programa EXPACIOS SIN HUMOS en Centros Educativos. Enhorabuena a la Comunidad Educativa!<\/h2>\n\n\n\n<p><\/p>\n\n\n\n<figure class=\"wp-block-image size-large\"><img decoding=\"async\" loading=\"lazy\" width=\"1024\" height=\"459\" src=\"https:\/\/saludextremadura.ses.es\/stadiccionextremadura\/archivos\/Sin-titulo-5-1024x459.png\" alt=\"\" class=\"wp-image-7547\" srcset=\"https:\/\/saludextremadura.ses.es\/stadiccionextremadura\/archivos\/Sin-titulo-5-1024x459.png 1024w, https:\/\/saludextremadura.ses.es\/stadiccionextremadura\/archivos\/Sin-titulo-5-300x135.png 300w, https:\/\/saludextremadura.ses.es\/stadiccionextremadura\/archivos\/Sin-titulo-5-768x344.png 768w, https:\/\/saludextremadura.ses.es\/stadiccionextremadura\/archivos\/Sin-titulo-5-1536x689.png 1536w, https:\/\/saludextremadura.ses.es\/stadiccionextremadura\/archivos\/Sin-titulo-5.png 1878w\" sizes=\"(max-width: 1024px) 100vw, 1024px\" \/><\/figure>\n\n\n\n<p><mark><strong>RED EXPACIOS SIN HUMOS<\/strong><\/mark><\/p>\n\n\n\n<p>Desde la&nbsp;<strong>Secretar\u00eda T\u00e9cnica de Adicciones y Direcci\u00f3n General de Salud P\u00fablica del Servicio Extreme\u00f1o de Salud<\/strong>&nbsp;nos ponemos en contacto para trasladarle la invitaci\u00f3n a la entrega de las placas a los centros educativos que participaron en el curso pasado 22-23 en el Programa Expacios sin Humo, para reconocer el trabajo realizado por la comunidad educativa.<\/p>\n\n\n\n<p>El <strong>Programa Expacios sin Humo <\/strong>nacefruto de la colaboraci\u00f3n entre la Fundaci\u00f3n FAD Juventud (FAD), la Asociaci\u00f3n Espa\u00f1ola contra el C\u00e1ncer (AECC) en Extremadura y la Secretar\u00eda T\u00e9cnica de Adicciones- Direcci\u00f3n General de Salud P\u00fablica del SES, dirigido a los centros educativos de Extremadura con los siguientes objetivos:<\/p>\n\n\n\n<p>\u00b7 Conseguir un ambiente libre de humo en el centro educativo.<\/p>\n\n\n\n<p>\u00b7 Prevenir el inicio del consumo de tabaco.&nbsp;<\/p>\n\n\n\n<p>\u00b7 Promover el abandono del consumo de tabaco.<\/p>\n\n\n\n<p>Gracias a la implicaci\u00f3n y colaboraci\u00f3n de todos los centros educativos, as\u00ed como de las entidades mencionadas, proseguimos este programa ampliando la participaci\u00f3n de m\u00e1s centros educativos en la regi\u00f3n y dando continuidad al iniciado.<\/p>\n\n\n\n<h2 class=\"wp-block-heading\"> VIDEO TABAQUISMO  PASIVO<\/h2>\n\n\n\n<h4 class=\"wp-block-heading\">DIRECCION GENERAL DE SALUD P\u00daBLICA. PROYECTO RISCAR. SECRETAR\u00cdA T\u00c9CNICA DE DROGODEPENDENCIAS . <\/h4>\n\n\n\n<p><a href=\"https:\/\/saludextremadura.ses.es\/ventanafamilia\/contenido?content=fumadores-pasivos\">https:\/\/saludextremadura.ses.es\/ventanafamilia\/contenido?content=fumadores-pasivos<\/a><\/p>\n\n\n\n<figure class=\"wp-block-image size-large\"><img decoding=\"async\" loading=\"lazy\" width=\"442\" height=\"337\" src=\"https:\/\/saludextremadura.ses.es\/stadiccionextremadura\/archivos\/Sin-t\u00edtulo-20.png\" alt=\"\" class=\"wp-image-5635\" srcset=\"https:\/\/saludextremadura.ses.es\/stadiccionextremadura\/archivos\/Sin-t\u00edtulo-20.png 442w, https:\/\/saludextremadura.ses.es\/stadiccionextremadura\/archivos\/Sin-t\u00edtulo-20-300x229.png 300w\" sizes=\"(max-width: 442px) 100vw, 442px\" \/><\/figure>\n\n\n\n<h2 class=\"wp-block-heading\">\u00abLa mejor prevenci\u00f3n es la comunicaci\u00f3n con los hijos\u00bb<\/h2>\n\n\n\n<figure class=\"wp-block-image is-resized\"><img decoding=\"async\" loading=\"lazy\" src=\"https:\/\/saludextremadura.ses.es\/stadiccionextremadura\/archivos\/FOTO.jpg\" alt=\"\" class=\"wp-image-5074\" width=\"274\" height=\"409\"\/><\/figure>\n\n\n\n<p>\u00abLa mejor prevenci\u00f3n es la comunicaci\u00f3n con los hijos\u00bb | Hoy<br>\nLos anteriores planes de drogodependencias de Extremadura se han olvidado un poco, quiz\u00e1s por la cultura y la educaci\u00f3n que tenemos, de las mujeres y de qu\u00e9 estaba ocurriendo con ellas y sus \u2026<br>\nwww.hoy.es<\/p>\n\n\n\n<h2 class=\"wp-block-heading\"> Jornadas  \u00abLas Adiciones con o sin Sustancias\u00bb. <\/h2>\n\n\n\n<p>Organizadas por la Facultad de Formaci\u00f3n del Profesorado de C\u00e1ceres y el Colegio Profesional de Educadoras y Educadores Sociales de Extremadura (COPESEX)<\/p>\n\n\n\n<p>Las mismas se celebrar\u00e1n el pr\u00f3ximo 19 de Septiembre, en horario de ma\u00f1ana. Os podr\u00e9is inscribir en ellas hasta el 17 de Septiembre y solo rellenando la hoja de inscripci\u00f3n a la que se accede en: https:\/\/forms.gle\/utgpoRPSzHSqV24T8. Con solo el mero hecho de rellenar dicha solicitud, ya os hace estar incluidos\/as en las Jornadas. <br>\nSon jornadas gratuitas y por vuestra asistencia recibir\u00e9is un \u00abCertificado de asistencia por la UEX- FFP y COPESEX (5 horas)\u00bb. <\/p>\n\n\n\n<p><\/p>\n\n\n\n<p>Son jornadas gratuitas y por vuestra asistencia recibir\u00e9is un \u00abCertificado de asistencia por la UEX- FFP y COPESEX (5 horas)\u00bb. <\/p>\n\n\n\n<h2 class=\"wp-block-heading\">ATAJOS. Comic preventivo de UNAD<\/h2>\n\n\n\n<p>ATAJOS\n es un c\u00f3mic de sensibilizaci\u00f3n educativa editado por la red UNAD que \ncuenta tres historias inquietantes. Como la de Tana, que podr\u00eda \nconsiderarse una triunfadora:\n es popular, tiene buenas amigas, un novio genial y sin embargo, algo no\n funciona. A veces se siente en las nubes y, al momento, toda su vida se\n tambalea. Para Bea no existir\u00e1 una noche m\u00e1s emocionante que \u00e9sta, ser\u00e1\n inolvidable. Hay que darlo todo y estar\n a la altura. Aunque algunas cosas no se pueden controlar. Pablo se \npregunta si lo de anoche pas\u00f3 realmente, \u00bffue una pesadilla? La verdad \nes que a veces uno dar\u00eda lo que fuera por haber tenido un mal sue\u00f1o.<\/p>\n\n\n\n<div class=\"wp-block-file\"><a id=\"wp-block-file--media-5865587a-5292-4cc2-b49d-293336629247\" href=\"https:\/\/saludextremadura.ses.es\/stadiccionextremadura\/archivos\/COMIC-ATAJOS-UNAD.pdf\">COMIC-ATAJOS-UNAD<\/a><a href=\"https:\/\/saludextremadura.ses.es\/stadiccionextremadura\/archivos\/COMIC-ATAJOS-UNAD.pdf\" class=\"wp-block-file__button wp-element-button\" download aria-describedby=\"wp-block-file--media-5865587a-5292-4cc2-b49d-293336629247\">Descargar<\/a><\/div>\n\n\n<h3 style=\"text-align: center;\">OTO\u00d1O CULTURAL 2018. Asociaci\u00f3n AMAT<\/h3>\n<p>La Asociaci\u00f3n AMAT organiza para las personas con problemas de conductas adictivas que residen en la Comunidad Terap\u00e9utica de Don Benito y para las que residen en la Comunidad Terap\u00e9utica de Tratamiento Breve en Miajadas, un programa terape\u00fatico muy completo.<\/p>\n<p>\u201cOto\u00f1o cultural\u201d surge como complemento al programa terap\u00e9utico con el fin de favorecer un enriquecimiento personal que mejore la calidad de vida de nuestros usuarios. Trabajar temas tales como primeros auxilios, educaci\u00f3n vial, el respeto por el medio ambiente, la igualdad de g\u00e9nero, el buen uso de las nuevas tecnolog\u00edas de la informaci\u00f3n, etc. puede dar lugar a mejorar la autoestima, el respeto por lo diferente y en definitiva, favorecer un crecimiento personal que ayude a nuestros usuarios en la creaci\u00f3n de h\u00e1bitos saludables en todos los aspectos de sus vidas. Para la elecci\u00f3n de los temas se han basado en el perfil de los usuarios y en las necesidades de los mismos.<\/p>\n<p>En este programa colaboran en el mismo: SES, STD, Oficina de Igualdad y Violencia de G\u00e9nero de la Mancomunidad Zona Centro, Escuela para la formaci\u00f3n de educadores en el tiempo libre Peta Zeta, Caex, Adhex, As. Minerva, As. Amidea Miajadas. y se llevar\u00e1 a cabo durante los meses de octubre a diciembre de 2018.<\/p>\n<p style=\"text-align: left;\">\n<\/p><p><a href=\"https:\/\/saludextremadura.ses.es\/stadiccionextremadura\/archivos\/oto\u00f1o-c.-2.jpg\"><img decoding=\"async\" loading=\"lazy\" class=\"wp-image-4363 alignleft\" src=\"https:\/\/saludextremadura.ses.es\/stadiccionextremadura\/archivos\/oto\u00f1o-c.-2-300x212.jpg\" alt=\"\" height=\"148\" width=\"209\" srcset=\"https:\/\/saludextremadura.ses.es\/stadiccionextremadura\/archivos\/oto\u00f1o-c.-2-300x212.jpg 300w, https:\/\/saludextremadura.ses.es\/stadiccionextremadura\/archivos\/oto\u00f1o-c.-2-768x542.jpg 768w, https:\/\/saludextremadura.ses.es\/stadiccionextremadura\/archivos\/oto\u00f1o-c.-2.jpg 1006w\" sizes=\"(max-width: 209px) 100vw, 209px\" \/><\/a><a href=\"https:\/\/saludextremadura.ses.es\/stadiccionextremadura\/archivos\/oto\u00f1o-c.-1.jpg\"><img decoding=\"async\" loading=\"lazy\" class=\" wp-image-4362 alignleft\" src=\"https:\/\/saludextremadura.ses.es\/stadiccionextremadura\/archivos\/oto\u00f1o-c.-1-300x212.jpg\" alt=\"\" height=\"149\" width=\"210\" srcset=\"https:\/\/saludextremadura.ses.es\/stadiccionextremadura\/archivos\/oto\u00f1o-c.-1-300x212.jpg 300w, https:\/\/saludextremadura.ses.es\/stadiccionextremadura\/archivos\/oto\u00f1o-c.-1-768x543.jpg 768w, https:\/\/saludextremadura.ses.es\/stadiccionextremadura\/archivos\/oto\u00f1o-c.-1.jpg 1009w\" sizes=\"(max-width: 210px) 100vw, 210px\" \/><\/a><a href=\"https:\/\/saludextremadura.ses.es\/stadiccionextremadura\/archivos\/FOTO-6.jpg\"><img decoding=\"async\" loading=\"lazy\" class=\" wp-image-4364 alignright\" src=\"https:\/\/saludextremadura.ses.es\/stadiccionextremadura\/archivos\/FOTO-6-300x225.jpg\" alt=\"\" height=\"156\" width=\"208\" srcset=\"https:\/\/saludextremadura.ses.es\/stadiccionextremadura\/archivos\/FOTO-6-300x225.jpg 300w, https:\/\/saludextremadura.ses.es\/stadiccionextremadura\/archivos\/FOTO-6-768x576.jpg 768w, https:\/\/saludextremadura.ses.es\/stadiccionextremadura\/archivos\/FOTO-6.jpg 1024w\" sizes=\"(max-width: 208px) 100vw, 208px\" \/><\/a><\/p>\n<h3 style=\"text-align: center;\">&nbsp;<\/h3>\n<h3>&nbsp;<\/h3>\n<h3>&nbsp;<\/h3>\n<h3><a href=\"https:\/\/saludextremadura.ses.es\/stadiccionextremadura\/archivos\/FOTO-1-3.jpg\"><img decoding=\"async\" loading=\"lazy\" class=\"wp-image-4365 alignleft\" src=\"https:\/\/saludextremadura.ses.es\/stadiccionextremadura\/archivos\/FOTO-1-3-300x225.jpg\" alt=\"\" height=\"141\" width=\"188\" srcset=\"https:\/\/saludextremadura.ses.es\/stadiccionextremadura\/archivos\/FOTO-1-3-300x225.jpg 300w, https:\/\/saludextremadura.ses.es\/stadiccionextremadura\/archivos\/FOTO-1-3-768x576.jpg 768w, https:\/\/saludextremadura.ses.es\/stadiccionextremadura\/archivos\/FOTO-1-3.jpg 1024w\" sizes=\"(max-width: 188px) 100vw, 188px\" \/><\/a><a href=\"https:\/\/saludextremadura.ses.es\/stadiccionextremadura\/archivos\/FOTO-2-1.jpg\"><img decoding=\"async\" loading=\"lazy\" class=\"wp-image-4366 alignleft\" src=\"https:\/\/saludextremadura.ses.es\/stadiccionextremadura\/archivos\/FOTO-2-1-300x225.jpg\" alt=\"\" height=\"157\" width=\"210\" srcset=\"https:\/\/saludextremadura.ses.es\/stadiccionextremadura\/archivos\/FOTO-2-1-300x225.jpg 300w, https:\/\/saludextremadura.ses.es\/stadiccionextremadura\/archivos\/FOTO-2-1-768x576.jpg 768w, https:\/\/saludextremadura.ses.es\/stadiccionextremadura\/archivos\/FOTO-2-1.jpg 1024w\" sizes=\"(max-width: 210px) 100vw, 210px\" \/><\/a><a href=\"https:\/\/saludextremadura.ses.es\/stadiccionextremadura\/archivos\/FOTO-CAEX.jpg\"><img decoding=\"async\" loading=\"lazy\" class=\"wp-image-4367 alignnone\" src=\"https:\/\/saludextremadura.ses.es\/stadiccionextremadura\/archivos\/FOTO-CAEX-300x225.jpg\" alt=\"\" height=\"163\" width=\"217\" srcset=\"https:\/\/saludextremadura.ses.es\/stadiccionextremadura\/archivos\/FOTO-CAEX-300x225.jpg 300w, https:\/\/saludextremadura.ses.es\/stadiccionextremadura\/archivos\/FOTO-CAEX-768x576.jpg 768w, https:\/\/saludextremadura.ses.es\/stadiccionextremadura\/archivos\/FOTO-CAEX.jpg 1024w\" sizes=\"(max-width: 217px) 100vw, 217px\" \/><\/a><\/h3>\n<h3>&nbsp;<\/h3>\n<h3>&nbsp;<\/h3>\n<h3>&nbsp;<\/h3>\n<h3>&nbsp;<\/h3>\n<p><\/p>\n<h3>Campa\u00f1a de Prevenci\u00f3n de Adicciones y Sexualidad<\/h3>\n<p><a href=\"https:\/\/saludextremadura.ses.es\/stadiccionextremadura\/archivos\/Prevenci\u00f3n-de-Adicciones-y-Sexualidad.png\"><img decoding=\"async\" loading=\"lazy\" class=\"aligncenter size-medium wp-image-4198\" src=\"https:\/\/saludextremadura.ses.es\/stadiccionextremadura\/archivos\/Prevenci\u00f3n-de-Adicciones-y-Sexualidad-273x300.png\" alt=\"\" height=\"300\" width=\"273\" srcset=\"https:\/\/saludextremadura.ses.es\/stadiccionextremadura\/archivos\/Prevenci\u00f3n-de-Adicciones-y-Sexualidad-273x300.png 273w, https:\/\/saludextremadura.ses.es\/stadiccionextremadura\/archivos\/Prevenci\u00f3n-de-Adicciones-y-Sexualidad.png 768w\" sizes=\"(max-width: 273px) 100vw, 273px\" \/><\/a><\/p>\n<p><a href=\"https:\/\/saludextremadura.ses.es\/stadiccionextremadura\/archivos\/CAMPA\u00d1A-ADICCIONES-Y-SEXUALIDAD.pdf\">Documento. CAMPA\u00d1A DE PREVENCI\u00d3N DE ADICCIONES Y SEXUALIDAD<\/a><\/p>\n<p><a href=\"https:\/\/saludextremadura.ses.es\/stadiccionextremadura\/archivos\/Solicitud-de-Material-y-Preservativos.doc\">Hoja para la Solicitud de Material y Preservativos<\/a><\/p>\n<p><\/p>\n<p><strong>Experiencia de Terapia con Animales en Comunidad Terap\u00e9utica. 2017<\/strong><\/p>\n<p>La Asociaci\u00f3n sin \u00e1nimo de lucro \u00abDog&amp;Go Terapias\u00bb ha realizado una experiencia de Terapia con Animales en la C.T. Finca Capote.<\/p>\n<p><a href=\"https:\/\/saludextremadura.ses.es\/stadiccionextremadura\/archivos\/Ficha-T\u00e9cnica-TAA-Proyecto-Finca-Capote-1.pdf\">Ficha T\u00e9cnica TAA Proyecto Finca Capote<\/a><\/p>\n<p><a href=\"https:\/\/saludextremadura.ses.es\/stadiccionextremadura\/archivos\/Evaluaci\u00f3n-Proyecto-con-Animales.docx.pdf\">Evaluaci\u00f3n Proyecto con Animales.docx<\/a><\/p>\n<p><\/p>\n<p><strong>Programa para el buen uso de psicof\u00e1rmacos &#8211; GRUPOS DE TERAPIA para mejorar la Ansiedad, el Estado de \u00c1nimo y el Insomnio.<\/strong><\/p>\n<p>Desde 2018 se denominan <strong>GRUPOS DE ANSIEDAD Y MALESTAR EMOCIONAL<\/strong><\/p>\n<p>Programa novedoso multiprofesional, desarrollado en distintos Centros de Salud de Extremadura, a trav\u00e9s de una metodolog\u00eda GRUPAL que parte de la experiencia profesional y la continuamos mejorando los propios profesionales motivados con este programa. Lo estamos evaluando y&nbsp; est\u00e1 abierto a la participaci\u00f3n de los centros de salud que est\u00e9n motivados a trabajar en esta l\u00ednea.<\/p>\n<p><a href=\"https:\/\/saludextremadura.ses.es\/stadiccionextremadura\/archivos\/2019-Doc-Trab-Grupos-Ansie-y-Males-Emoc-1.docx\">2019 Documento de&nbsp; Trabajo \u00abGrupos Ansiedad y Malestar Emocional\u00bb<\/a><\/p>\n<p><\/p>\n<p>Informaci\u00f3n en CANAL EXTREMADURA SOBRE LOS GRUPOS DE ANSIEDAD Y MALESTAR EMOCIONAL <a href=\"http:\/\/www.canalextremadura.es\/portada\/actualidad\/un-programa-ayuda-reducir-el-consumo-de-farmacos-en-personas-con-ansiedad-o\">http:\/\/www.canalextremadura.es\/portada\/actualidad\/un-programa-ayuda-reducir-el-consumo-de-farmacos-en-personas-con-ansiedad-o<\/a><\/p>\n<p><\/p>\n\n\n<h2 class=\"wp-block-heading\"><\/h2>\n\n\n\n<figure class=\"wp-block-image\"><img alt=\"\"\/><\/figure>\n<!-- AddThis Advanced Settings generic via filter on the_content --><!-- AddThis Share Buttons generic via filter on the_content -->","protected":false},"excerpt":{"rendered":"<p>El Colegio Santa Teresa de Badajoz pertenece a la Red Expacios Sin Humo de Extremadura. !Enhorabuena a toda la Comunidad Educativa! El Colegio Sope\u00f1a de Badajoz pertenece a la Red Expacios Sin Humo de Extremadura. !Enhorabuena a toda la Comunidad Educativa! El IES Rodriguez Mo\u00f1ino de Badajoz pertenece a la Red Expacios Sin Humo de [&hellip;]<!-- AddThis Advanced Settings generic via filter on get_the_excerpt --><!-- AddThis Share Buttons generic via filter on get_the_excerpt --><\/p>\n","protected":false},"author":3,"featured_media":0,"parent":0,"menu_order":0,"comment_status":"closed","ping_status":"closed","template":"","meta":[],"_links":{"self":[{"href":"https:\/\/saludextremadura.ses.es\/stadiccionextremadura\/wp-json\/wp\/v2\/pages\/3158"}],"collection":[{"href":"https:\/\/saludextremadura.ses.es\/stadiccionextremadura\/wp-json\/wp\/v2\/pages"}],"about":[{"href":"https:\/\/saludextremadura.ses.es\/stadiccionextremadura\/wp-json\/wp\/v2\/types\/page"}],"author":[{"embeddable":true,"href":"https:\/\/saludextremadura.ses.es\/stadiccionextremadura\/wp-json\/wp\/v2\/users\/3"}],"replies":[{"embeddable":true,"href":"https:\/\/saludextremadura.ses.es\/stadiccionextremadura\/wp-json\/wp\/v2\/comments?post=3158"}],"version-history":[{"count":17,"href":"https:\/\/saludextremadura.ses.es\/stadiccionextremadura\/wp-json\/wp\/v2\/pages\/3158\/revisions"}],"predecessor-version":[{"id":7594,"href":"https:\/\/saludextremadura.ses.es\/stadiccionextremadura\/wp-json\/wp\/v2\/pages\/3158\/revisions\/7594"}],"wp:attachment":[{"href":"https:\/\/saludextremadura.ses.es\/stadiccionextremadura\/wp-json\/wp\/v2\/media?parent=3158"}],"curies":[{"name":"wp","href":"https:\/\/api.w.org\/{rel}","templated":true}]}}