{"id":2069,"date":"2012-02-07T13:59:00","date_gmt":"2012-02-07T12:59:00","guid":{"rendered":"https:\/\/saludextremadura.ses.es\/stadiccionextremadura\/?page_id=2069"},"modified":"2019-09-26T07:52:01","modified_gmt":"2019-09-26T06:52:01","slug":"ficha-de-solicitud-de-tecnico-en-prevencion","status":"publish","type":"page","link":"https:\/\/saludextremadura.ses.es\/stadiccionextremadura\/solicitudes\/ficha-de-solicitud-de-tecnico-en-prevencion\/","title":{"rendered":"F. solicitud T\u00e9cnico en Prevenci\u00f3n"},"content":{"rendered":"\n\n\n<div class=\"wp-block-file\"><a href=\"https:\/\/saludextremadura.ses.es\/stadiccionextremadura\/archivos\/FICHA-SOLICITUD-PARA-INTERVENCI\u00d3N-DE-PERSONAL-T\u00c9CNICO-DE-PREVENCI\u00d3N-EN-CONDUCTAS-ADICTIVAS.doc\">FICHA-SOLICITUD-PARA-INTERVENCI\u00d3N-DE-PERSONAL-T\u00c9CNICO-DE-PREVENCI\u00d3N-EN CONDUCTAS ADICTIVAS<\/a><a href=\"https:\/\/saludextremadura.ses.es\/stadiccionextremadura\/archivos\/FICHA-SOLICITUD-PARA-INTERVENCI\u00d3N-DE-PERSONAL-T\u00c9CNICO-DE-PREVENCI\u00d3N-EN-CONDUCTAS-ADICTIVAS.doc\" class=\"wp-block-file__button\" download>Descarga<\/a><\/div>\n<!-- AddThis Advanced Settings generic via filter on the_content --><!-- AddThis Share Buttons generic via filter on the_content -->","protected":false},"excerpt":{"rendered":"<p><!-- AddThis Advanced Settings generic via filter on get_the_excerpt --><!-- AddThis Share Buttons generic via filter on get_the_excerpt --><\/p>\n","protected":false},"author":3,"featured_media":0,"parent":382,"menu_order":0,"comment_status":"open","ping_status":"open","template":"","meta":[],"_links":{"self":[{"href":"https:\/\/saludextremadura.ses.es\/stadiccionextremadura\/wp-json\/wp\/v2\/pages\/2069"}],"collection":[{"href":"https:\/\/saludextremadura.ses.es\/stadiccionextremadura\/wp-json\/wp\/v2\/pages"}],"about":[{"href":"https:\/\/saludextremadura.ses.es\/stadiccionextremadura\/wp-json\/wp\/v2\/types\/page"}],"author":[{"embeddable":true,"href":"https:\/\/saludextremadura.ses.es\/stadiccionextremadura\/wp-json\/wp\/v2\/users\/3"}],"replies":[{"embeddable":true,"href":"https:\/\/saludextremadura.ses.es\/stadiccionextremadura\/wp-json\/wp\/v2\/comments?post=2069"}],"version-history":[{"count":0,"href":"https:\/\/saludextremadura.ses.es\/stadiccionextremadura\/wp-json\/wp\/v2\/pages\/2069\/revisions"}],"up":[{"embeddable":true,"href":"https:\/\/saludextremadura.ses.es\/stadiccionextremadura\/wp-json\/wp\/v2\/pages\/382"}],"wp:attachment":[{"href":"https:\/\/saludextremadura.ses.es\/stadiccionextremadura\/wp-json\/wp\/v2\/media?parent=2069"}],"curies":[{"name":"wp","href":"https:\/\/api.w.org\/{rel}","templated":true}]}}