{"id":490,"date":"2023-01-24T13:12:08","date_gmt":"2023-01-24T13:12:08","guid":{"rendered":"https:\/\/dev.saludextremadura.ses.es\/prevenciondelsuicidio\/recursos-formativos-copy\/"},"modified":"2023-01-30T12:18:03","modified_gmt":"2023-01-30T12:18:03","slug":"otros-recursos","status":"publish","type":"page","link":"https:\/\/saludextremadura.ses.es\/prevenciondelsuicidio\/otros-recursos\/","title":{"rendered":"Otros recursos"},"content":{"rendered":"\t\t<div data-elementor-type=\"wp-page\" data-elementor-id=\"490\" class=\"elementor elementor-490\">\n\t\t\t\t\t\t\t\t\t<section class=\"elementor-section elementor-top-section elementor-element elementor-element-f273ba4 elementor-section-height-min-height elementor-section-content-top elementor-section-items-stretch elementor-section-boxed elementor-section-height-default\" data-id=\"f273ba4\" data-element_type=\"section\" data-settings=\"{&quot;background_background&quot;:&quot;classic&quot;}\">\n\t\t\t\t\t\t\t<div class=\"elementor-background-overlay\"><\/div>\n\t\t\t\t\t\t\t<div class=\"elementor-container elementor-column-gap-no\">\n\t\t\t\t\t<div class=\"elementor-column elementor-col-100 elementor-top-column elementor-element elementor-element-0afe3d1\" data-id=\"0afe3d1\" data-element_type=\"column\">\n\t\t\t<div class=\"elementor-widget-wrap elementor-element-populated\">\n\t\t\t\t\t\t\t\t<div class=\"elementor-element elementor-element-c108ac8 elementor-widget elementor-widget-heading\" data-id=\"c108ac8\" data-element_type=\"widget\" data-widget_type=\"heading.default\">\n\t\t\t\t<div class=\"elementor-widget-container\">\n\t\t\t<style>\/*! elementor - v3.10.1 - 17-01-2023 *\/\n.elementor-heading-title{padding:0;margin:0;line-height:1}.elementor-widget-heading .elementor-heading-title[class*=elementor-size-]>a{color:inherit;font-size:inherit;line-height:inherit}.elementor-widget-heading .elementor-heading-title.elementor-size-small{font-size:15px}.elementor-widget-heading .elementor-heading-title.elementor-size-medium{font-size:19px}.elementor-widget-heading .elementor-heading-title.elementor-size-large{font-size:29px}.elementor-widget-heading .elementor-heading-title.elementor-size-xl{font-size:39px}.elementor-widget-heading .elementor-heading-title.elementor-size-xxl{font-size:59px}<\/style><h1 class=\"elementor-heading-title elementor-size-default\">Otros recursos<\/h1>\t\t<\/div>\n\t\t\t\t<\/div>\n\t\t\t\t<div class=\"elementor-element elementor-element-900808f elementor-align-center elementor-widget elementor-widget-breadcrumbs\" data-id=\"900808f\" data-element_type=\"widget\" data-widget_type=\"breadcrumbs.default\">\n\t\t\t\t<div class=\"elementor-widget-container\">\n\t\t\t<link rel=\"stylesheet\" href=\"https:\/\/saludextremadura.ses.es\/prevenciondelsuicidio\/wp-content\/plugins\/elementor-pro\/assets\/css\/widget-theme-elements.min.css\"><p id=\"breadcrumbs\"><span><span><a href=\"https:\/\/saludextremadura.ses.es\/prevenciondelsuicidio\/\">Portada<\/a><\/span><\/span><\/p>\t\t<\/div>\n\t\t\t\t<\/div>\n\t\t\t\t\t<\/div>\n\t\t<\/div>\n\t\t\t\t\t\t\t<\/div>\n\t\t<\/section>\n\t\t\t\t<section class=\"elementor-section elementor-top-section elementor-element elementor-element-b52d8a8 elementor-section-boxed elementor-section-height-default elementor-section-height-default\" data-id=\"b52d8a8\" data-element_type=\"section\" data-settings=\"{&quot;background_background&quot;:&quot;classic&quot;}\">\n\t\t\t\t\t\t<div class=\"elementor-container elementor-column-gap-default\">\n\t\t\t\t\t<div class=\"elementor-column elementor-col-100 elementor-top-column elementor-element elementor-element-5bd261a\" data-id=\"5bd261a\" data-element_type=\"column\">\n\t\t\t<div class=\"elementor-widget-wrap elementor-element-populated\">\n\t\t\t\t\t\t\t\t<section class=\"elementor-section elementor-inner-section elementor-element elementor-element-dd0e729 elementor-section-content-middle elementor-section-boxed elementor-section-height-default elementor-section-height-default\" data-id=\"dd0e729\" data-element_type=\"section\">\n\t\t\t\t\t\t<div class=\"elementor-container elementor-column-gap-no\">\n\t\t\t\t\t<div class=\"elementor-column elementor-col-100 elementor-inner-column elementor-element elementor-element-65d7bca\" data-id=\"65d7bca\" data-element_type=\"column\">\n\t\t\t<div class=\"elementor-widget-wrap elementor-element-populated\">\n\t\t\t\t\t\t\t\t<div class=\"elementor-element elementor-element-d3f29e1 elementor-widget-divider--view-line elementor-widget elementor-widget-divider\" data-id=\"d3f29e1\" data-element_type=\"widget\" data-widget_type=\"divider.default\">\n\t\t\t\t<div class=\"elementor-widget-container\">\n\t\t\t<style>\/*! elementor - v3.10.1 - 17-01-2023 *\/\n.elementor-widget-divider{--divider-border-style:none;--divider-border-width:1px;--divider-color:#2c2c2c;--divider-icon-size:20px;--divider-element-spacing:10px;--divider-pattern-height:24px;--divider-pattern-size:20px;--divider-pattern-url:none;--divider-pattern-repeat:repeat-x}.elementor-widget-divider .elementor-divider{display:flex}.elementor-widget-divider .elementor-divider__text{font-size:15px;line-height:1;max-width:95%}.elementor-widget-divider .elementor-divider__element{margin:0 var(--divider-element-spacing);flex-shrink:0}.elementor-widget-divider .elementor-icon{font-size:var(--divider-icon-size)}.elementor-widget-divider .elementor-divider-separator{display:flex;margin:0;direction:ltr}.elementor-widget-divider--view-line_icon .elementor-divider-separator,.elementor-widget-divider--view-line_text .elementor-divider-separator{align-items:center}.elementor-widget-divider--view-line_icon .elementor-divider-separator:after,.elementor-widget-divider--view-line_icon .elementor-divider-separator:before,.elementor-widget-divider--view-line_text .elementor-divider-separator:after,.elementor-widget-divider--view-line_text .elementor-divider-separator:before{display:block;content:\"\";border-bottom:0;flex-grow:1;border-top:var(--divider-border-width) var(--divider-border-style) var(--divider-color)}.elementor-widget-divider--element-align-left .elementor-divider .elementor-divider-separator>.elementor-divider__svg:first-of-type{flex-grow:0;flex-shrink:100}.elementor-widget-divider--element-align-left .elementor-divider-separator:before{content:none}.elementor-widget-divider--element-align-left .elementor-divider__element{margin-left:0}.elementor-widget-divider--element-align-right .elementor-divider .elementor-divider-separator>.elementor-divider__svg:last-of-type{flex-grow:0;flex-shrink:100}.elementor-widget-divider--element-align-right .elementor-divider-separator:after{content:none}.elementor-widget-divider--element-align-right .elementor-divider__element{margin-right:0}.elementor-widget-divider:not(.elementor-widget-divider--view-line_text):not(.elementor-widget-divider--view-line_icon) .elementor-divider-separator{border-top:var(--divider-border-width) var(--divider-border-style) var(--divider-color)}.elementor-widget-divider--separator-type-pattern{--divider-border-style:none}.elementor-widget-divider--separator-type-pattern.elementor-widget-divider--view-line .elementor-divider-separator,.elementor-widget-divider--separator-type-pattern:not(.elementor-widget-divider--view-line) .elementor-divider-separator:after,.elementor-widget-divider--separator-type-pattern:not(.elementor-widget-divider--view-line) .elementor-divider-separator:before,.elementor-widget-divider--separator-type-pattern:not([class*=elementor-widget-divider--view]) .elementor-divider-separator{width:100%;min-height:var(--divider-pattern-height);-webkit-mask-size:var(--divider-pattern-size) 100%;mask-size:var(--divider-pattern-size) 100%;-webkit-mask-repeat:var(--divider-pattern-repeat);mask-repeat:var(--divider-pattern-repeat);background-color:var(--divider-color);-webkit-mask-image:var(--divider-pattern-url);mask-image:var(--divider-pattern-url)}.elementor-widget-divider--no-spacing{--divider-pattern-size:auto}.elementor-widget-divider--bg-round{--divider-pattern-repeat:round}.rtl .elementor-widget-divider .elementor-divider__text{direction:rtl}.e-con-inner>.elementor-widget-divider,.e-con>.elementor-widget-divider{width:var(--container-widget-width);--flex-grow:var(--container-widget-flex-grow)}<\/style>\t\t<div class=\"elementor-divider\">\n\t\t\t<span class=\"elementor-divider-separator\">\n\t\t\t\t\t\t<\/span>\n\t\t<\/div>\n\t\t\t\t<\/div>\n\t\t\t\t<\/div>\n\t\t\t\t<div class=\"elementor-element elementor-element-c85b307 elementor-widget elementor-widget-text-editor\" data-id=\"c85b307\" data-element_type=\"widget\" data-widget_type=\"text-editor.default\">\n\t\t\t\t<div class=\"elementor-widget-container\">\n\t\t\t<style>\/*! elementor - v3.10.1 - 17-01-2023 *\/\n.elementor-widget-text-editor.elementor-drop-cap-view-stacked .elementor-drop-cap{background-color:#818a91;color:#fff}.elementor-widget-text-editor.elementor-drop-cap-view-framed .elementor-drop-cap{color:#818a91;border:3px solid;background-color:transparent}.elementor-widget-text-editor:not(.elementor-drop-cap-view-default) .elementor-drop-cap{margin-top:8px}.elementor-widget-text-editor:not(.elementor-drop-cap-view-default) .elementor-drop-cap-letter{width:1em;height:1em}.elementor-widget-text-editor .elementor-drop-cap{float:left;text-align:center;line-height:1;font-size:50px}.elementor-widget-text-editor .elementor-drop-cap-letter{display:inline-block}<\/style>\t\t\t\t<p>En este apartado se ofrecen otros recursos que pueden complementar el trabajo en prevenci\u00f3n y abordaje de la conducta suicida (bibliograf\u00eda, videograf\u00eda, webgraf\u00eda, recursos de investigaci\u00f3n y ayuda, etc.)<\/p>\t\t\t\t\t\t<\/div>\n\t\t\t\t<\/div>\n\t\t\t\t\t<\/div>\n\t\t<\/div>\n\t\t\t\t\t\t\t<\/div>\n\t\t<\/section>\n\t\t\t\t\t<\/div>\n\t\t<\/div>\n\t\t\t\t\t\t\t<\/div>\n\t\t<\/section>\n\t\t\t\t<section class=\"elementor-section elementor-top-section elementor-element elementor-element-ef73139 elementor-section-boxed elementor-section-height-default elementor-section-height-default\" data-id=\"ef73139\" data-element_type=\"section\">\n\t\t\t\t\t\t<div class=\"elementor-container elementor-column-gap-no\">\n\t\t\t\t\t<div class=\"elementor-column elementor-col-100 elementor-top-column elementor-element elementor-element-8be2e2e\" data-id=\"8be2e2e\" data-element_type=\"column\">\n\t\t\t<div class=\"elementor-widget-wrap elementor-element-populated\">\n\t\t\t\t\t\t\t\t<div class=\"elementor-element elementor-element-c910ad4 elementor-widget-divider--view-line elementor-widget elementor-widget-divider\" data-id=\"c910ad4\" data-element_type=\"widget\" data-widget_type=\"divider.default\">\n\t\t\t\t<div class=\"elementor-widget-container\">\n\t\t\t\t\t<div class=\"elementor-divider\">\n\t\t\t<span class=\"elementor-divider-separator\">\n\t\t\t\t\t\t<\/span>\n\t\t<\/div>\n\t\t\t\t<\/div>\n\t\t\t\t<\/div>\n\t\t\t\t<div class=\"elementor-element elementor-element-dafe0df elementor-widget elementor-widget-heading\" data-id=\"dafe0df\" data-element_type=\"widget\" data-widget_type=\"heading.default\">\n\t\t\t\t<div class=\"elementor-widget-container\">\n\t\t\t<div class=\"elementor-heading-title elementor-size-default\">Este contenido estar\u00e1 disponible muy pronto<\/div>\t\t<\/div>\n\t\t\t\t<\/div>\n\t\t\t\t<div class=\"elementor-element elementor-element-ff4acaa elementor-widget-divider--view-line elementor-widget elementor-widget-divider\" data-id=\"ff4acaa\" data-element_type=\"widget\" data-widget_type=\"divider.default\">\n\t\t\t\t<div class=\"elementor-widget-container\">\n\t\t\t\t\t<div class=\"elementor-divider\">\n\t\t\t<span class=\"elementor-divider-separator\">\n\t\t\t\t\t\t<\/span>\n\t\t<\/div>\n\t\t\t\t<\/div>\n\t\t\t\t<\/div>\n\t\t\t\t\t<\/div>\n\t\t<\/div>\n\t\t\t\t\t\t\t<\/div>\n\t\t<\/section>\n\t\t\t\t\t\t\t<\/div>\n\t\t","protected":false},"excerpt":{"rendered":"<p>En este apartado se ofrecen otros recursos que pueden complementar el trabajo en prevenci\u00f3n y abordaje de la conducta suicida (bibliograf\u00eda, videograf\u00eda, webgraf\u00eda, recursos de investigaci\u00f3n y ayuda, etc.) Este contenido estar\u00e1 disponible muy pronto<\/p>\n","protected":false},"author":2,"featured_media":0,"parent":0,"menu_order":0,"comment_status":"closed","ping_status":"closed","template":"","meta":{"inline_featured_image":false,"footnotes":""},"yoast_head":"<!-- This site is optimized with the Yoast SEO plugin v21.0 - https:\/\/yoast.com\/wordpress\/plugins\/seo\/ -->\n<title>Otros recursos - II Plan para la prevenci\u00f3n y abordaje de las conductas suicidas en Extremadura<\/title>\n<meta name=\"robots\" content=\"index, follow, max-snippet:-1, max-image-preview:large, max-video-preview:-1\" \/>\n<link rel=\"canonical\" href=\"https:\/\/saludextremadura.ses.es\/prevenciondelsuicidio\/otros-recursos\/\" \/>\n<meta property=\"og:locale\" content=\"es_ES\" \/>\n<meta property=\"og:type\" content=\"article\" \/>\n<meta property=\"og:title\" content=\"Otros recursos - II Plan para la prevenci\u00f3n y abordaje de las conductas suicidas en Extremadura\" \/>\n<meta property=\"og:description\" content=\"En este apartado se ofrecen otros recursos que pueden complementar el trabajo en prevenci\u00f3n y abordaje de la conducta suicida (bibliograf\u00eda, videograf\u00eda, webgraf\u00eda, recursos de investigaci\u00f3n y ayuda, etc.) Este contenido estar\u00e1 disponible muy pronto\" \/>\n<meta property=\"og:url\" content=\"https:\/\/saludextremadura.ses.es\/prevenciondelsuicidio\/otros-recursos\/\" \/>\n<meta property=\"og:site_name\" content=\"II Plan para la prevenci\u00f3n y abordaje de las conductas suicidas en Extremadura\" \/>\n<meta property=\"article:modified_time\" content=\"2023-01-30T12:18:03+00:00\" \/>\n<meta name=\"twitter:card\" content=\"summary_large_image\" \/>\n<meta name=\"twitter:label1\" content=\"Tiempo de lectura\" \/>\n\t<meta name=\"twitter:data1\" content=\"1 minuto\" \/>\n<script type=\"application\/ld+json\" class=\"yoast-schema-graph\">{\"@context\":\"https:\/\/schema.org\",\"@graph\":[{\"@type\":\"WebPage\",\"@id\":\"https:\/\/saludextremadura.ses.es\/prevenciondelsuicidio\/otros-recursos\/\",\"url\":\"https:\/\/saludextremadura.ses.es\/prevenciondelsuicidio\/otros-recursos\/\",\"name\":\"Otros recursos - II Plan para la prevenci\u00f3n y abordaje de las conductas suicidas en Extremadura\",\"isPartOf\":{\"@id\":\"https:\/\/saludextremadura.ses.es\/prevenciondelsuicidio\/#website\"},\"datePublished\":\"2023-01-24T13:12:08+00:00\",\"dateModified\":\"2023-01-30T12:18:03+00:00\",\"breadcrumb\":{\"@id\":\"https:\/\/saludextremadura.ses.es\/prevenciondelsuicidio\/otros-recursos\/#breadcrumb\"},\"inLanguage\":\"es\",\"potentialAction\":[{\"@type\":\"ReadAction\",\"target\":[\"https:\/\/saludextremadura.ses.es\/prevenciondelsuicidio\/otros-recursos\/\"]}]},{\"@type\":\"BreadcrumbList\",\"@id\":\"https:\/\/saludextremadura.ses.es\/prevenciondelsuicidio\/otros-recursos\/#breadcrumb\",\"itemListElement\":[{\"@type\":\"ListItem\",\"position\":1,\"name\":\"Portada\",\"item\":\"https:\/\/saludextremadura.ses.es\/prevenciondelsuicidio\/\"},{\"@type\":\"ListItem\",\"position\":2,\"name\":\"Otros recursos\"}]},{\"@type\":\"WebSite\",\"@id\":\"https:\/\/saludextremadura.ses.es\/prevenciondelsuicidio\/#website\",\"url\":\"https:\/\/saludextremadura.ses.es\/prevenciondelsuicidio\/\",\"name\":\"II Plan para la prevenci\u00f3n y abordaje de las conductas suicidas en Extremadura\",\"description\":\"Habla, comparte, vive\",\"publisher\":{\"@id\":\"https:\/\/saludextremadura.ses.es\/prevenciondelsuicidio\/#organization\"},\"potentialAction\":[{\"@type\":\"SearchAction\",\"target\":{\"@type\":\"EntryPoint\",\"urlTemplate\":\"https:\/\/saludextremadura.ses.es\/prevenciondelsuicidio\/?s={search_term_string}\"},\"query-input\":\"required name=search_term_string\"}],\"inLanguage\":\"es\"},{\"@type\":\"Organization\",\"@id\":\"https:\/\/saludextremadura.ses.es\/prevenciondelsuicidio\/#organization\",\"name\":\"II Plan para la prevenci\u00f3n y abordaje de las conductas suicidas en Extremadura\",\"url\":\"https:\/\/saludextremadura.ses.es\/prevenciondelsuicidio\/\",\"logo\":{\"@type\":\"ImageObject\",\"inLanguage\":\"es\",\"@id\":\"https:\/\/saludextremadura.ses.es\/prevenciondelsuicidio\/#\/schema\/logo\/image\/\",\"url\":\"https:\/\/saludextremadura.ses.es\/prevenciondelsuicidio\/wp-content\/uploads\/2022\/07\/logo3-1.png\",\"contentUrl\":\"https:\/\/saludextremadura.ses.es\/prevenciondelsuicidio\/wp-content\/uploads\/2022\/07\/logo3-1.png\",\"width\":1642,\"height\":1117,\"caption\":\"II Plan para la prevenci\u00f3n y abordaje de las conductas suicidas en Extremadura\"},\"image\":{\"@id\":\"https:\/\/saludextremadura.ses.es\/prevenciondelsuicidio\/#\/schema\/logo\/image\/\"}}]}<\/script>\n<!-- \/ Yoast SEO plugin. -->","yoast_head_json":{"title":"Otros recursos - II Plan para la prevenci\u00f3n y abordaje de las conductas suicidas en Extremadura","robots":{"index":"index","follow":"follow","max-snippet":"max-snippet:-1","max-image-preview":"max-image-preview:large","max-video-preview":"max-video-preview:-1"},"canonical":"https:\/\/saludextremadura.ses.es\/prevenciondelsuicidio\/otros-recursos\/","og_locale":"es_ES","og_type":"article","og_title":"Otros recursos - II Plan para la prevenci\u00f3n y abordaje de las conductas suicidas en Extremadura","og_description":"En este apartado se ofrecen otros recursos que pueden complementar el trabajo en prevenci\u00f3n y abordaje de la conducta suicida (bibliograf\u00eda, videograf\u00eda, webgraf\u00eda, recursos de investigaci\u00f3n y ayuda, etc.) Este contenido estar\u00e1 disponible muy pronto","og_url":"https:\/\/saludextremadura.ses.es\/prevenciondelsuicidio\/otros-recursos\/","og_site_name":"II Plan para la prevenci\u00f3n y abordaje de las conductas suicidas en Extremadura","article_modified_time":"2023-01-30T12:18:03+00:00","twitter_card":"summary_large_image","twitter_misc":{"Tiempo de lectura":"1 minuto"},"schema":{"@context":"https:\/\/schema.org","@graph":[{"@type":"WebPage","@id":"https:\/\/saludextremadura.ses.es\/prevenciondelsuicidio\/otros-recursos\/","url":"https:\/\/saludextremadura.ses.es\/prevenciondelsuicidio\/otros-recursos\/","name":"Otros recursos - II Plan para la prevenci\u00f3n y abordaje de las conductas suicidas en Extremadura","isPartOf":{"@id":"https:\/\/saludextremadura.ses.es\/prevenciondelsuicidio\/#website"},"datePublished":"2023-01-24T13:12:08+00:00","dateModified":"2023-01-30T12:18:03+00:00","breadcrumb":{"@id":"https:\/\/saludextremadura.ses.es\/prevenciondelsuicidio\/otros-recursos\/#breadcrumb"},"inLanguage":"es","potentialAction":[{"@type":"ReadAction","target":["https:\/\/saludextremadura.ses.es\/prevenciondelsuicidio\/otros-recursos\/"]}]},{"@type":"BreadcrumbList","@id":"https:\/\/saludextremadura.ses.es\/prevenciondelsuicidio\/otros-recursos\/#breadcrumb","itemListElement":[{"@type":"ListItem","position":1,"name":"Portada","item":"https:\/\/saludextremadura.ses.es\/prevenciondelsuicidio\/"},{"@type":"ListItem","position":2,"name":"Otros recursos"}]},{"@type":"WebSite","@id":"https:\/\/saludextremadura.ses.es\/prevenciondelsuicidio\/#website","url":"https:\/\/saludextremadura.ses.es\/prevenciondelsuicidio\/","name":"II Plan para la prevenci\u00f3n y abordaje de las conductas suicidas en Extremadura","description":"Habla, comparte, vive","publisher":{"@id":"https:\/\/saludextremadura.ses.es\/prevenciondelsuicidio\/#organization"},"potentialAction":[{"@type":"SearchAction","target":{"@type":"EntryPoint","urlTemplate":"https:\/\/saludextremadura.ses.es\/prevenciondelsuicidio\/?s={search_term_string}"},"query-input":"required name=search_term_string"}],"inLanguage":"es"},{"@type":"Organization","@id":"https:\/\/saludextremadura.ses.es\/prevenciondelsuicidio\/#organization","name":"II Plan para la prevenci\u00f3n y abordaje de las conductas suicidas en Extremadura","url":"https:\/\/saludextremadura.ses.es\/prevenciondelsuicidio\/","logo":{"@type":"ImageObject","inLanguage":"es","@id":"https:\/\/saludextremadura.ses.es\/prevenciondelsuicidio\/#\/schema\/logo\/image\/","url":"https:\/\/saludextremadura.ses.es\/prevenciondelsuicidio\/wp-content\/uploads\/2022\/07\/logo3-1.png","contentUrl":"https:\/\/saludextremadura.ses.es\/prevenciondelsuicidio\/wp-content\/uploads\/2022\/07\/logo3-1.png","width":1642,"height":1117,"caption":"II Plan para la prevenci\u00f3n y abordaje de las conductas suicidas en Extremadura"},"image":{"@id":"https:\/\/saludextremadura.ses.es\/prevenciondelsuicidio\/#\/schema\/logo\/image\/"}}]}},"_links":{"self":[{"href":"https:\/\/saludextremadura.ses.es\/prevenciondelsuicidio\/wp-json\/wp\/v2\/pages\/490"}],"collection":[{"href":"https:\/\/saludextremadura.ses.es\/prevenciondelsuicidio\/wp-json\/wp\/v2\/pages"}],"about":[{"href":"https:\/\/saludextremadura.ses.es\/prevenciondelsuicidio\/wp-json\/wp\/v2\/types\/page"}],"author":[{"embeddable":true,"href":"https:\/\/saludextremadura.ses.es\/prevenciondelsuicidio\/wp-json\/wp\/v2\/users\/2"}],"replies":[{"embeddable":true,"href":"https:\/\/saludextremadura.ses.es\/prevenciondelsuicidio\/wp-json\/wp\/v2\/comments?post=490"}],"version-history":[{"count":13,"href":"https:\/\/saludextremadura.ses.es\/prevenciondelsuicidio\/wp-json\/wp\/v2\/pages\/490\/revisions"}],"predecessor-version":[{"id":575,"href":"https:\/\/saludextremadura.ses.es\/prevenciondelsuicidio\/wp-json\/wp\/v2\/pages\/490\/revisions\/575"}],"wp:attachment":[{"href":"https:\/\/saludextremadura.ses.es\/prevenciondelsuicidio\/wp-json\/wp\/v2\/media?parent=490"}],"curies":[{"name":"wp","href":"https:\/\/api.w.org\/{rel}","templated":true}]}}