{"id":3556,"date":"2021-11-24T12:10:49","date_gmt":"2021-11-24T12:10:49","guid":{"rendered":"https:\/\/saludextremadura.ses.es\/importas\/?page_id=3556"},"modified":"2023-08-02T09:57:50","modified_gmt":"2023-08-02T09:57:50","slug":"acceso-encuestas","status":"publish","type":"page","link":"https:\/\/saludextremadura.ses.es\/importas\/acceso-encuestas\/","title":{"rendered":"Acceso encuestas"},"content":{"rendered":"\t\t<div data-elementor-type=\"wp-page\" data-elementor-id=\"3556\" class=\"elementor elementor-3556\">\n\t\t\t\t\t\t\t\t\t<section class=\"elementor-section elementor-top-section elementor-element elementor-element-6ed2c5bd elementor-section-boxed elementor-section-height-default elementor-section-height-default\" data-id=\"6ed2c5bd\" data-element_type=\"section\" data-settings=\"{&quot;background_background&quot;:&quot;classic&quot;}\">\n\t\t\t\t\t\t<div class=\"elementor-container elementor-column-gap-no\">\n\t\t\t\t\t<div class=\"elementor-column elementor-col-100 elementor-top-column elementor-element elementor-element-4aaddb66\" data-id=\"4aaddb66\" data-element_type=\"column\">\n\t\t\t<div class=\"elementor-widget-wrap elementor-element-populated\">\n\t\t\t\t\t\t\t\t<div class=\"elementor-element elementor-element-139359f elementor-widget elementor-widget-breadcrumbs\" data-id=\"139359f\" data-element_type=\"widget\" data-widget_type=\"breadcrumbs.default\">\n\t\t\t\t<div class=\"elementor-widget-container\">\n\t\t\t<p id=\"breadcrumbs\"><span><span><a href=\"https:\/\/saludextremadura.ses.es\/importas\/\">Inicio<\/a><\/span><\/span><\/p>\t\t<\/div>\n\t\t\t\t<\/div>\n\t\t\t\t<div class=\"elementor-element elementor-element-cf5f754 elementor-widget elementor-widget-heading\" data-id=\"cf5f754\" data-element_type=\"widget\" data-widget_type=\"heading.default\">\n\t\t\t\t<div class=\"elementor-widget-container\">\n\t\t\t<style>\/*! elementor - v3.6.5 - 27-04-2022 *\/\n.elementor-heading-title{padding:0;margin:0;line-height:1}.elementor-widget-heading .elementor-heading-title[class*=elementor-size-]>a{color:inherit;font-size:inherit;line-height:inherit}.elementor-widget-heading .elementor-heading-title.elementor-size-small{font-size:15px}.elementor-widget-heading .elementor-heading-title.elementor-size-medium{font-size:19px}.elementor-widget-heading .elementor-heading-title.elementor-size-large{font-size:29px}.elementor-widget-heading .elementor-heading-title.elementor-size-xl{font-size:39px}.elementor-widget-heading .elementor-heading-title.elementor-size-xxl{font-size:59px}<\/style><h1 class=\"elementor-heading-title elementor-size-default\">Realizar Cuestionario\u200b<\/h1>\t\t<\/div>\n\t\t\t\t<\/div>\n\t\t\t\t<div class=\"elementor-element elementor-element-9cbbac6 elementor-widget elementor-widget-text-editor\" data-id=\"9cbbac6\" data-element_type=\"widget\" data-widget_type=\"text-editor.default\">\n\t\t\t\t<div class=\"elementor-widget-container\">\n\t\t\t<style>\/*! elementor - v3.6.5 - 27-04-2022 *\/\n.elementor-widget-text-editor.elementor-drop-cap-view-stacked .elementor-drop-cap{background-color:#818a91;color:#fff}.elementor-widget-text-editor.elementor-drop-cap-view-framed .elementor-drop-cap{color:#818a91;border:3px solid;background-color:transparent}.elementor-widget-text-editor:not(.elementor-drop-cap-view-default) .elementor-drop-cap{margin-top:8px}.elementor-widget-text-editor:not(.elementor-drop-cap-view-default) .elementor-drop-cap-letter{width:1em;height:1em}.elementor-widget-text-editor .elementor-drop-cap{float:left;text-align:center;line-height:1;font-size:50px}.elementor-widget-text-editor .elementor-drop-cap-letter{display:inline-block}<\/style>\t\t\t\t<p>Puedes acceder al cuestionario como <strong>Usuario<\/strong> que ha recibido la consulta, como <strong>Familiar<\/strong> del usuario, o como <strong>Profesional<\/strong>.<\/p>\t\t\t\t\t\t<\/div>\n\t\t\t\t<\/div>\n\t\t\t\t\t<\/div>\n\t\t<\/div>\n\t\t\t\t\t\t\t<\/div>\n\t\t<\/section>\n\t\t\t\t<section class=\"elementor-section elementor-top-section elementor-element elementor-element-b780339 elementor-section-boxed elementor-section-height-default elementor-section-height-default\" data-id=\"b780339\" data-element_type=\"section\">\n\t\t\t\t\t\t<div class=\"elementor-container elementor-column-gap-default\">\n\t\t\t\t\t<div class=\"elementor-column elementor-col-100 elementor-top-column elementor-element elementor-element-9661fcd\" data-id=\"9661fcd\" data-element_type=\"column\">\n\t\t\t<div class=\"elementor-widget-wrap elementor-element-populated\">\n\t\t\t\t\t\t\t\t<div class=\"elementor-element elementor-element-e99235c elementor-widget elementor-widget-heading\" data-id=\"e99235c\" data-element_type=\"widget\" data-widget_type=\"heading.default\">\n\t\t\t\t<div class=\"elementor-widget-container\">\n\t\t\t<h2 class=\"elementor-heading-title elementor-size-default\">Selecciona tu caso<\/h2>\t\t<\/div>\n\t\t\t\t<\/div>\n\t\t\t\t<div class=\"elementor-element elementor-element-f1b7eb6 elementor-widget-divider--view-line elementor-widget elementor-widget-divider\" data-id=\"f1b7eb6\" data-element_type=\"widget\" data-widget_type=\"divider.default\">\n\t\t\t\t<div class=\"elementor-widget-container\">\n\t\t\t<style>\/*! elementor - v3.6.5 - 27-04-2022 *\/\n.elementor-widget-divider{--divider-border-style:none;--divider-border-width:1px;--divider-color:#2c2c2c;--divider-icon-size:20px;--divider-element-spacing:10px;--divider-pattern-height:24px;--divider-pattern-size:20px;--divider-pattern-url:none;--divider-pattern-repeat:repeat-x}.elementor-widget-divider .elementor-divider{display:-webkit-box;display:-ms-flexbox;display:flex}.elementor-widget-divider .elementor-divider__text{font-size:15px;line-height:1;max-width:95%}.elementor-widget-divider .elementor-divider__element{margin:0 var(--divider-element-spacing);-ms-flex-negative:0;flex-shrink:0}.elementor-widget-divider .elementor-icon{font-size:var(--divider-icon-size)}.elementor-widget-divider .elementor-divider-separator{display:-webkit-box;display:-ms-flexbox;display:flex;margin:0;direction:ltr}.elementor-widget-divider--view-line_icon .elementor-divider-separator,.elementor-widget-divider--view-line_text .elementor-divider-separator{-webkit-box-align:center;-ms-flex-align:center;align-items:center}.elementor-widget-divider--view-line_icon .elementor-divider-separator:after,.elementor-widget-divider--view-line_icon .elementor-divider-separator:before,.elementor-widget-divider--view-line_text .elementor-divider-separator:after,.elementor-widget-divider--view-line_text .elementor-divider-separator:before{display:block;content:\"\";border-bottom:0;-webkit-box-flex:1;-ms-flex-positive:1;flex-grow:1;border-top:var(--divider-border-width) var(--divider-border-style) var(--divider-color)}.elementor-widget-divider--element-align-left .elementor-divider .elementor-divider-separator>.elementor-divider__svg:first-of-type{-webkit-box-flex:0;-ms-flex-positive:0;flex-grow:0;-ms-flex-negative:100;flex-shrink:100}.elementor-widget-divider--element-align-left .elementor-divider-separator:before{content:none}.elementor-widget-divider--element-align-left .elementor-divider__element{margin-left:0}.elementor-widget-divider--element-align-right .elementor-divider .elementor-divider-separator>.elementor-divider__svg:last-of-type{-webkit-box-flex:0;-ms-flex-positive:0;flex-grow:0;-ms-flex-negative:100;flex-shrink:100}.elementor-widget-divider--element-align-right .elementor-divider-separator:after{content:none}.elementor-widget-divider--element-align-right .elementor-divider__element{margin-right:0}.elementor-widget-divider:not(.elementor-widget-divider--view-line_text):not(.elementor-widget-divider--view-line_icon) .elementor-divider-separator{border-top:var(--divider-border-width) var(--divider-border-style) var(--divider-color)}.elementor-widget-divider--separator-type-pattern{--divider-border-style:none}.elementor-widget-divider--separator-type-pattern.elementor-widget-divider--view-line .elementor-divider-separator,.elementor-widget-divider--separator-type-pattern:not(.elementor-widget-divider--view-line) .elementor-divider-separator:after,.elementor-widget-divider--separator-type-pattern:not(.elementor-widget-divider--view-line) .elementor-divider-separator:before,.elementor-widget-divider--separator-type-pattern:not([class*=elementor-widget-divider--view]) .elementor-divider-separator{width:100%;min-height:var(--divider-pattern-height);-webkit-mask-size:var(--divider-pattern-size) 100%;mask-size:var(--divider-pattern-size) 100%;-webkit-mask-repeat:var(--divider-pattern-repeat);mask-repeat:var(--divider-pattern-repeat);background-color:var(--divider-color);-webkit-mask-image:var(--divider-pattern-url);mask-image:var(--divider-pattern-url)}.elementor-widget-divider--no-spacing{--divider-pattern-size:auto}.elementor-widget-divider--bg-round{--divider-pattern-repeat:round}.rtl .elementor-widget-divider .elementor-divider__text{direction:rtl}<\/style>\t\t<div class=\"elementor-divider\">\n\t\t\t<span class=\"elementor-divider-separator\">\n\t\t\t\t\t\t<\/span>\n\t\t<\/div>\n\t\t\t\t<\/div>\n\t\t\t\t<\/div>\n\t\t\t\t\t<\/div>\n\t\t<\/div>\n\t\t\t\t\t\t\t<\/div>\n\t\t<\/section>\n\t\t\t\t<section class=\"elementor-section elementor-top-section elementor-element elementor-element-b4c1a31 elementor-section-boxed elementor-section-height-default elementor-section-height-default\" data-id=\"b4c1a31\" data-element_type=\"section\">\n\t\t\t\t\t\t<div class=\"elementor-container elementor-column-gap-default\">\n\t\t\t\t\t<div class=\"elementor-column elementor-col-33 elementor-top-column elementor-element elementor-element-1b1071f\" data-id=\"1b1071f\" data-element_type=\"column\">\n\t\t\t<div class=\"elementor-widget-wrap elementor-element-populated\">\n\t\t\t\t\t\t\t\t<div class=\"elementor-element elementor-element-4fb1a83 elementor-view-framed openfa elementor-shape-circle elementor-widget elementor-widget-icon\" data-id=\"4fb1a83\" data-element_type=\"widget\" data-widget_type=\"icon.default\">\n\t\t\t\t<div class=\"elementor-widget-container\">\n\t\t\t\t\t<div class=\"elementor-icon-wrapper\">\n\t\t\t<div class=\"elementor-icon\">\n\t\t\t<i aria-hidden=\"true\" class=\"fas fa-users\"><\/i>\t\t\t<\/div>\n\t\t<\/div>\n\t\t\t\t<\/div>\n\t\t\t\t<\/div>\n\t\t\t\t<div class=\"elementor-element elementor-element-79f94d6 openfa elementor-widget elementor-widget-heading\" data-id=\"79f94d6\" data-element_type=\"widget\" data-widget_type=\"heading.default\">\n\t\t\t\t<div class=\"elementor-widget-container\">\n\t\t\t<h3 class=\"elementor-heading-title elementor-size-default\">Familiar<\/h3>\t\t<\/div>\n\t\t\t\t<\/div>\n\t\t\t\t<div class=\"elementor-element elementor-element-8b54fd3 faopts elementor-widget elementor-widget-text-editor\" data-id=\"8b54fd3\" data-element_type=\"widget\" data-widget_type=\"text-editor.default\">\n\t\t\t\t<div class=\"elementor-widget-container\">\n\t\t\t\t\t\t\t<h5 style=\"border-bottom: 1px solid #ffffff; padding-bottom: 10px; margin-bottom: 20px; text-align: left;\">Elige una opci\u00f3n:<\/h5>\n<p style=\"text-align: left;\"><span style=\"color: #ffffff;\"><a style=\"color: #ffffff;\" href=\"https:\/\/saludextremadura.ses.es\/importas\/polls\/index.php\/844353?lang=es\" target=\"_blank\" rel=\"noopener\">Consulta ambulatoria<\/a><\/span><\/p>\n<p style=\"text-align: left;\"><span style=\"color: #ffffff;\"><a style=\"color: #ffffff;\" href=\"https:\/\/saludextremadura.ses.es\/importas\/polls\/index.php\/755974?lang=es\" target=\"_blank\" rel=\"noopener\">Hospitalizaci\u00f3n<\/a><\/span><\/p>\n<p style=\"text-align: left;\"><span style=\"color: #ffffff;\"><a style=\"color: #ffffff;\" href=\"https:\/\/saludextremadura.ses.es\/importas\/polls\/index.php\/134394?lang=es\" target=\"_blank\" rel=\"noopener\">Ingreso Involuntario<\/a><\/span><\/p>\n<p style=\"text-align: left;\"><span style=\"color: #ffffff;\"><a style=\"color: #ffffff;\" href=\"https:\/\/saludextremadura.ses.es\/importas\/polls\/index.php\/315933?lang=es\" target=\"_blank\" rel=\"noopener\">Modelo de recuperaci\u00f3n<\/a><\/span><\/p>\t\t\t\t\t\t<\/div>\n\t\t\t\t<\/div>\n\t\t\t\t\t<\/div>\n\t\t<\/div>\n\t\t\t\t<div class=\"elementor-column elementor-col-33 elementor-top-column elementor-element elementor-element-767cebb\" data-id=\"767cebb\" data-element_type=\"column\">\n\t\t\t<div class=\"elementor-widget-wrap elementor-element-populated\">\n\t\t\t\t\t\t\t\t<div class=\"elementor-element elementor-element-eb70226 elementor-view-framed openpu elementor-shape-circle elementor-widget elementor-widget-icon\" data-id=\"eb70226\" data-element_type=\"widget\" data-widget_type=\"icon.default\">\n\t\t\t\t<div class=\"elementor-widget-container\">\n\t\t\t\t\t<div class=\"elementor-icon-wrapper\">\n\t\t\t<div class=\"elementor-icon\">\n\t\t\t<i aria-hidden=\"true\" class=\"fas fa-user\"><\/i>\t\t\t<\/div>\n\t\t<\/div>\n\t\t\t\t<\/div>\n\t\t\t\t<\/div>\n\t\t\t\t<div class=\"elementor-element elementor-element-41c687d0 openpu elementor-widget elementor-widget-heading\" data-id=\"41c687d0\" data-element_type=\"widget\" data-widget_type=\"heading.default\">\n\t\t\t\t<div class=\"elementor-widget-container\">\n\t\t\t<h3 class=\"elementor-heading-title elementor-size-default\">Persona usuaria<\/h3>\t\t<\/div>\n\t\t\t\t<\/div>\n\t\t\t\t<div class=\"elementor-element elementor-element-23179e5 puopts elementor-widget elementor-widget-text-editor\" data-id=\"23179e5\" data-element_type=\"widget\" data-widget_type=\"text-editor.default\">\n\t\t\t\t<div class=\"elementor-widget-container\">\n\t\t\t\t\t\t\t<h5 style=\"border-bottom: 1px solid #ffffff; padding-bottom: 10px; margin-bottom: 20px; text-align: left;\">Elige una opci\u00f3n:<\/h5>\n<p style=\"text-align: left;\"><span style=\"color: #ffffff;\"><a style=\"color: #ffffff;\" href=\"https:\/\/saludextremadura.ses.es\/importas\/polls\/index.php\/937945?lang=es\" target=\"_blank\" rel=\"noopener\">Consulta ambulatoria<\/a><\/span><\/p>\n<p style=\"text-align: left;\"><span style=\"color: #ffffff;\"><a style=\"color: #ffffff;\" href=\"https:\/\/saludextremadura.ses.es\/importas\/polls\/index.php\/198897?lang=es\" target=\"_blank\" rel=\"noopener\">Hospitalizaci\u00f3n<\/a><\/span><\/p>\n<p style=\"text-align: left;\"><span style=\"color: #ffffff;\"><a style=\"color: #ffffff;\" href=\"https:\/\/saludextremadura.ses.es\/importas\/polls\/index.php\/698621?lang=es\" target=\"_blank\" rel=\"noopener\">Ingreso Involuntario<\/a><\/span><\/p>\n<p style=\"text-align: left;\"><span style=\"color: #ffffff;\"><a style=\"color: #ffffff;\" href=\"https:\/\/saludextremadura.ses.es\/importas\/polls\/index.php\/952214?lang=es\" target=\"_blank\" rel=\"noopener\">Modelo de recuperaci\u00f3n<\/a><\/span><\/p>\t\t\t\t\t\t<\/div>\n\t\t\t\t<\/div>\n\t\t\t\t\t<\/div>\n\t\t<\/div>\n\t\t\t\t<div class=\"elementor-column elementor-col-33 elementor-top-column elementor-element elementor-element-e703c31\" data-id=\"e703c31\" data-element_type=\"column\">\n\t\t\t<div class=\"elementor-widget-wrap elementor-element-populated\">\n\t\t\t\t\t\t\t\t<div class=\"elementor-element elementor-element-fa96f78 elementor-view-framed openpro elementor-shape-circle elementor-widget elementor-widget-icon\" data-id=\"fa96f78\" data-element_type=\"widget\" data-widget_type=\"icon.default\">\n\t\t\t\t<div class=\"elementor-widget-container\">\n\t\t\t\t\t<div class=\"elementor-icon-wrapper\">\n\t\t\t<div class=\"elementor-icon\">\n\t\t\t<i aria-hidden=\"true\" class=\"fas fa-user-md\"><\/i>\t\t\t<\/div>\n\t\t<\/div>\n\t\t\t\t<\/div>\n\t\t\t\t<\/div>\n\t\t\t\t<div class=\"elementor-element elementor-element-57b2c2b openpro elementor-widget elementor-widget-heading\" data-id=\"57b2c2b\" data-element_type=\"widget\" data-widget_type=\"heading.default\">\n\t\t\t\t<div class=\"elementor-widget-container\">\n\t\t\t<h3 class=\"elementor-heading-title elementor-size-default\">Profesional<\/h3>\t\t<\/div>\n\t\t\t\t<\/div>\n\t\t\t\t<div class=\"elementor-element elementor-element-42e08e7 proopts elementor-widget elementor-widget-text-editor\" data-id=\"42e08e7\" data-element_type=\"widget\" data-widget_type=\"text-editor.default\">\n\t\t\t\t<div class=\"elementor-widget-container\">\n\t\t\t\t\t\t\t<h5 style=\"border-bottom: 1px solid #ffffff; padding-bottom: 10px; margin-bottom: 20px; text-align: left;\">Elige una opci\u00f3n:<\/h5>\n<p style=\"text-align: left;\"><span style=\"color: #ffffff;\"><a style=\"color: #ffffff;\" href=\"https:\/\/saludextremadura.ses.es\/importas\/polls\/index.php\/117731?lang=es\" target=\"_blank\" rel=\"noopener\">Consulta ambulatoria<\/a><\/span><\/p>\n<p style=\"text-align: left;\"><span style=\"color: #ffffff;\"><a style=\"color: #ffffff;\" href=\"https:\/\/saludextremadura.ses.es\/importas\/polls\/index.php\/936346?lang=es\" target=\"_blank\" rel=\"noopener\">Hospitalizaci\u00f3n<\/a><\/span><\/p>\n<p style=\"text-align: left;\"><span style=\"color: #ffffff;\"><a style=\"color: #ffffff;\" href=\"https:\/\/saludextremadura.ses.es\/importas\/polls\/index.php\/169353?lang=es\" target=\"_blank\" rel=\"noopener\">Ingreso Involuntario<\/a><\/span><\/p>\n<p style=\"text-align: left;\"><span style=\"color: #ffffff;\"><a style=\"color: #ffffff;\" href=\"https:\/\/saludextremadura.ses.es\/importas\/polls\/index.php\/642322?lang=es\" target=\"_blank\" rel=\"noopener\">Modelo de recuperaci\u00f3n<\/a><\/span><\/p>\t\t\t\t\t\t<\/div>\n\t\t\t\t<\/div>\n\t\t\t\t\t<\/div>\n\t\t<\/div>\n\t\t\t\t\t\t\t<\/div>\n\t\t<\/section>\n\t\t\t\t<section class=\"elementor-section elementor-top-section elementor-element elementor-element-d76f8fc elementor-section-boxed elementor-section-height-default elementor-section-height-default\" data-id=\"d76f8fc\" data-element_type=\"section\">\n\t\t\t\t\t\t<div class=\"elementor-container elementor-column-gap-default\">\n\t\t\t\t\t<div class=\"elementor-column elementor-col-100 elementor-top-column elementor-element elementor-element-30cff7c\" data-id=\"30cff7c\" data-element_type=\"column\">\n\t\t\t<div class=\"elementor-widget-wrap elementor-element-populated\">\n\t\t\t\t\t\t\t\t<div class=\"elementor-element elementor-element-f9530d6 elementor-widget elementor-widget-spacer\" data-id=\"f9530d6\" data-element_type=\"widget\" data-widget_type=\"spacer.default\">\n\t\t\t\t<div class=\"elementor-widget-container\">\n\t\t\t<style>\/*! elementor - v3.6.5 - 27-04-2022 *\/\n.e-container.e-container--row .elementor-spacer-inner{width:var(--spacer-size)}.e-container.e-container--column .elementor-spacer-inner,.elementor-column .elementor-spacer-inner{height:var(--spacer-size)}<\/style>\t\t<div class=\"elementor-spacer\">\n\t\t\t<div class=\"elementor-spacer-inner\"><\/div>\n\t\t<\/div>\n\t\t\t\t<\/div>\n\t\t\t\t<\/div>\n\t\t\t\t\t<\/div>\n\t\t<\/div>\n\t\t\t\t\t\t\t<\/div>\n\t\t<\/section>\n\t\t\t\t\t\t\t<\/div>\n\t\t","protected":false},"excerpt":{"rendered":"<p>Realizar Cuestionario\u200b Puedes acceder al cuestionario como Usuario que ha recibido la consulta, como Familiar del usuario, o como Profesional. Selecciona tu caso Familiar Elige una opci\u00f3n: Consulta ambulatoria Hospitalizaci\u00f3n Ingreso Involuntario Modelo de recuperaci\u00f3n Persona usuaria Elige una opci\u00f3n: Consulta ambulatoria Hospitalizaci\u00f3n Ingreso Involuntario Modelo de recuperaci\u00f3n Profesional Elige una opci\u00f3n: Consulta ambulatoria Hospitalizaci\u00f3n [&hellip;]<\/p>\n","protected":false},"author":3,"featured_media":0,"parent":0,"menu_order":0,"comment_status":"closed","ping_status":"closed","template":"","meta":{"inline_featured_image":false},"yoast_head":"<!-- This site is optimized with the Yoast SEO plugin v20.9 - https:\/\/yoast.com\/wordpress\/plugins\/seo\/ -->\n<title>Acceso encuestas - SMEx - importas | Derechos Humanos en Salud Mental<\/title>\n<meta name=\"robots\" content=\"index, follow, max-snippet:-1, max-image-preview:large, max-video-preview:-1\" \/>\n<link rel=\"canonical\" href=\"https:\/\/saludextremadura.ses.es\/importas\/acceso-encuestas\/\" \/>\n<meta property=\"og:locale\" content=\"es_ES\" \/>\n<meta property=\"og:type\" content=\"article\" \/>\n<meta property=\"og:title\" content=\"Acceso encuestas - SMEx - importas | Derechos Humanos en Salud Mental\" \/>\n<meta property=\"og:description\" content=\"Realizar Cuestionario\u200b Puedes acceder al cuestionario como Usuario que ha recibido la consulta, como Familiar del usuario, o como Profesional. Selecciona tu caso Familiar Elige una opci\u00f3n: Consulta ambulatoria Hospitalizaci\u00f3n Ingreso Involuntario Modelo de recuperaci\u00f3n Persona usuaria Elige una opci\u00f3n: Consulta ambulatoria Hospitalizaci\u00f3n Ingreso Involuntario Modelo de recuperaci\u00f3n Profesional Elige una opci\u00f3n: Consulta ambulatoria Hospitalizaci\u00f3n [&hellip;]\" \/>\n<meta property=\"og:url\" content=\"https:\/\/saludextremadura.ses.es\/importas\/acceso-encuestas\/\" \/>\n<meta property=\"og:site_name\" content=\"SMEx - importas | Derechos Humanos en Salud Mental\" \/>\n<meta property=\"article:modified_time\" content=\"2023-08-02T09:57:50+00:00\" \/>\n<meta name=\"twitter:card\" content=\"summary_large_image\" \/>\n<meta name=\"twitter:label1\" content=\"Tiempo de lectura\" \/>\n\t<meta name=\"twitter:data1\" content=\"1 minuto\" \/>\n<script type=\"application\/ld+json\" class=\"yoast-schema-graph\">{\"@context\":\"https:\/\/schema.org\",\"@graph\":[{\"@type\":\"WebPage\",\"@id\":\"https:\/\/saludextremadura.ses.es\/importas\/acceso-encuestas\/\",\"url\":\"https:\/\/saludextremadura.ses.es\/importas\/acceso-encuestas\/\",\"name\":\"Acceso encuestas - SMEx - importas | Derechos Humanos en Salud Mental\",\"isPartOf\":{\"@id\":\"\/#website\"},\"datePublished\":\"2021-11-24T12:10:49+00:00\",\"dateModified\":\"2023-08-02T09:57:50+00:00\",\"breadcrumb\":{\"@id\":\"https:\/\/saludextremadura.ses.es\/importas\/acceso-encuestas\/#breadcrumb\"},\"inLanguage\":\"es\",\"potentialAction\":[{\"@type\":\"ReadAction\",\"target\":[\"https:\/\/saludextremadura.ses.es\/importas\/acceso-encuestas\/\"]}]},{\"@type\":\"BreadcrumbList\",\"@id\":\"https:\/\/saludextremadura.ses.es\/importas\/acceso-encuestas\/#breadcrumb\",\"itemListElement\":[{\"@type\":\"ListItem\",\"position\":1,\"name\":\"Inicio\",\"item\":\"https:\/\/saludextremadura.ses.es\/importas\/\"},{\"@type\":\"ListItem\",\"position\":2,\"name\":\"Acceso encuestas\"}]},{\"@type\":\"WebSite\",\"@id\":\"\/#website\",\"url\":\"\/\",\"name\":\"SMEx - importas | Derechos Humanos en Salud Mental\",\"description\":\"SMEx - importas | Derechos Humanos en Salud Mental\",\"publisher\":{\"@id\":\"\/#organization\"},\"potentialAction\":[{\"@type\":\"SearchAction\",\"target\":{\"@type\":\"EntryPoint\",\"urlTemplate\":\"\/?s={search_term_string}\"},\"query-input\":\"required name=search_term_string\"}],\"inLanguage\":\"es\"},{\"@type\":\"Organization\",\"@id\":\"\/#organization\",\"name\":\"SMEx - importas | Derechos Humanos en Salud Mental\",\"url\":\"\/\",\"logo\":{\"@type\":\"ImageObject\",\"inLanguage\":\"es\",\"@id\":\"\/#\/schema\/logo\/image\/\",\"url\":\"https:\/\/saludextremadura.ses.es\/importas\/wp-content\/uploads\/2022\/01\/logohead-1.svg\",\"contentUrl\":\"https:\/\/saludextremadura.ses.es\/importas\/wp-content\/uploads\/2022\/01\/logohead-1.svg\",\"width\":306,\"height\":80,\"caption\":\"SMEx - importas | Derechos Humanos en Salud Mental\"},\"image\":{\"@id\":\"\/#\/schema\/logo\/image\/\"}}]}<\/script>\n<!-- \/ Yoast SEO plugin. -->","yoast_head_json":{"title":"Acceso encuestas - SMEx - importas | Derechos Humanos en Salud Mental","robots":{"index":"index","follow":"follow","max-snippet":"max-snippet:-1","max-image-preview":"max-image-preview:large","max-video-preview":"max-video-preview:-1"},"canonical":"https:\/\/saludextremadura.ses.es\/importas\/acceso-encuestas\/","og_locale":"es_ES","og_type":"article","og_title":"Acceso encuestas - SMEx - importas | Derechos Humanos en Salud Mental","og_description":"Realizar Cuestionario\u200b Puedes acceder al cuestionario como Usuario que ha recibido la consulta, como Familiar del usuario, o como Profesional. Selecciona tu caso Familiar Elige una opci\u00f3n: Consulta ambulatoria Hospitalizaci\u00f3n Ingreso Involuntario Modelo de recuperaci\u00f3n Persona usuaria Elige una opci\u00f3n: Consulta ambulatoria Hospitalizaci\u00f3n Ingreso Involuntario Modelo de recuperaci\u00f3n Profesional Elige una opci\u00f3n: Consulta ambulatoria Hospitalizaci\u00f3n [&hellip;]","og_url":"https:\/\/saludextremadura.ses.es\/importas\/acceso-encuestas\/","og_site_name":"SMEx - importas | Derechos Humanos en Salud Mental","article_modified_time":"2023-08-02T09:57:50+00:00","twitter_card":"summary_large_image","twitter_misc":{"Tiempo de lectura":"1 minuto"},"schema":{"@context":"https:\/\/schema.org","@graph":[{"@type":"WebPage","@id":"https:\/\/saludextremadura.ses.es\/importas\/acceso-encuestas\/","url":"https:\/\/saludextremadura.ses.es\/importas\/acceso-encuestas\/","name":"Acceso encuestas - SMEx - importas | Derechos Humanos en Salud Mental","isPartOf":{"@id":"\/#website"},"datePublished":"2021-11-24T12:10:49+00:00","dateModified":"2023-08-02T09:57:50+00:00","breadcrumb":{"@id":"https:\/\/saludextremadura.ses.es\/importas\/acceso-encuestas\/#breadcrumb"},"inLanguage":"es","potentialAction":[{"@type":"ReadAction","target":["https:\/\/saludextremadura.ses.es\/importas\/acceso-encuestas\/"]}]},{"@type":"BreadcrumbList","@id":"https:\/\/saludextremadura.ses.es\/importas\/acceso-encuestas\/#breadcrumb","itemListElement":[{"@type":"ListItem","position":1,"name":"Inicio","item":"https:\/\/saludextremadura.ses.es\/importas\/"},{"@type":"ListItem","position":2,"name":"Acceso encuestas"}]},{"@type":"WebSite","@id":"\/#website","url":"\/","name":"SMEx - importas | Derechos Humanos en Salud Mental","description":"SMEx - importas | Derechos Humanos en Salud Mental","publisher":{"@id":"\/#organization"},"potentialAction":[{"@type":"SearchAction","target":{"@type":"EntryPoint","urlTemplate":"\/?s={search_term_string}"},"query-input":"required name=search_term_string"}],"inLanguage":"es"},{"@type":"Organization","@id":"\/#organization","name":"SMEx - importas | Derechos Humanos en Salud Mental","url":"\/","logo":{"@type":"ImageObject","inLanguage":"es","@id":"\/#\/schema\/logo\/image\/","url":"https:\/\/saludextremadura.ses.es\/importas\/wp-content\/uploads\/2022\/01\/logohead-1.svg","contentUrl":"https:\/\/saludextremadura.ses.es\/importas\/wp-content\/uploads\/2022\/01\/logohead-1.svg","width":306,"height":80,"caption":"SMEx - importas | Derechos Humanos en Salud Mental"},"image":{"@id":"\/#\/schema\/logo\/image\/"}}]}},"_links":{"self":[{"href":"https:\/\/saludextremadura.ses.es\/importas\/wp-json\/wp\/v2\/pages\/3556"}],"collection":[{"href":"https:\/\/saludextremadura.ses.es\/importas\/wp-json\/wp\/v2\/pages"}],"about":[{"href":"https:\/\/saludextremadura.ses.es\/importas\/wp-json\/wp\/v2\/types\/page"}],"author":[{"embeddable":true,"href":"https:\/\/saludextremadura.ses.es\/importas\/wp-json\/wp\/v2\/users\/3"}],"replies":[{"embeddable":true,"href":"https:\/\/saludextremadura.ses.es\/importas\/wp-json\/wp\/v2\/comments?post=3556"}],"version-history":[{"count":123,"href":"https:\/\/saludextremadura.ses.es\/importas\/wp-json\/wp\/v2\/pages\/3556\/revisions"}],"predecessor-version":[{"id":4772,"href":"https:\/\/saludextremadura.ses.es\/importas\/wp-json\/wp\/v2\/pages\/3556\/revisions\/4772"}],"wp:attachment":[{"href":"https:\/\/saludextremadura.ses.es\/importas\/wp-json\/wp\/v2\/media?parent=3556"}],"curies":[{"name":"wp","href":"https:\/\/api.w.org\/{rel}","templated":true}]}}