{"id":230,"date":"2023-01-30T12:00:48","date_gmt":"2023-01-30T12:00:48","guid":{"rendered":"https:\/\/saludextremadura.ses.es\/extremaduraresponde\/?page_id=230"},"modified":"2023-02-02T17:24:34","modified_gmt":"2023-02-02T17:24:34","slug":"necesito-ayuda-urgente","status":"publish","type":"page","link":"https:\/\/saludextremadura.ses.es\/extremaduraresponde\/necesito-ayuda-urgente\/","title":{"rendered":"Necesito ayuda urgente"},"content":{"rendered":"<h2 style=\"text-align: center;\">Nuestro horario de atenci\u00f3n directa es de 11:00 a 18:00, todos los d\u00edas de la semana, festivos incluidos.<\/h2>\n<p>Si est\u00e1s fuera de este horario y <span class=\"morado bolder\">en una situaci\u00f3n cr\u00edtica que requiere ayuda de manera inmediata<\/span>, contacta con el Servicio de Emergencia de Extremadura <a href=\"tel:+34112\">llamando por tel\u00e9fono al <strong>112<\/strong><\/a>.<\/p>\n<div id=\"attachment_162\" style=\"width: 310px\" class=\"wp-caption aligncenter\"><a href=\"tel:+34112\"><img decoding=\"async\" loading=\"lazy\" aria-describedby=\"caption-attachment-162\" class=\"iconoh wp-image-162 size-medium\" src=\"https:\/\/saludextremadura.ses.es\/extremaduraresponde\/wp-content\/uploads\/2023\/01\/telefono-icon-300x300.png\" alt=\"Icono telefono\" width=\"300\" height=\"300\" srcset=\"https:\/\/saludextremadura.ses.es\/extremaduraresponde\/wp-content\/uploads\/2023\/01\/telefono-icon-300x300.png 300w, https:\/\/saludextremadura.ses.es\/extremaduraresponde\/wp-content\/uploads\/2023\/01\/telefono-icon-150x150.png 150w, https:\/\/saludextremadura.ses.es\/extremaduraresponde\/wp-content\/uploads\/2023\/01\/telefono-icon.png 444w\" sizes=\"(max-width: 300px) 100vw, 300px\" \/><\/a><p id=\"caption-attachment-162\" class=\"wp-caption-text\"><a href=\"tel:+34112\">Llama ahora al 112<\/a><\/p><\/div>\n","protected":false},"excerpt":{"rendered":"<p>Nuestro horario de atenci\u00f3n directa es de 11:00 a 18:00, todos los d\u00edas de la semana, festivos incluidos. Si est\u00e1s fuera de este horario y en una situaci\u00f3n cr\u00edtica que requiere ayuda de manera inmediata, contacta con el Servicio de Emergencia de Extremadura llamando por tel\u00e9fono al 112.<\/p>\n","protected":false},"author":1,"featured_media":0,"parent":0,"menu_order":0,"comment_status":"closed","ping_status":"closed","template":"","meta":{"_et_pb_use_builder":"","_et_pb_old_content":"","_et_gb_content_width":""},"_links":{"self":[{"href":"https:\/\/saludextremadura.ses.es\/extremaduraresponde\/wp-json\/wp\/v2\/pages\/230"}],"collection":[{"href":"https:\/\/saludextremadura.ses.es\/extremaduraresponde\/wp-json\/wp\/v2\/pages"}],"about":[{"href":"https:\/\/saludextremadura.ses.es\/extremaduraresponde\/wp-json\/wp\/v2\/types\/page"}],"author":[{"embeddable":true,"href":"https:\/\/saludextremadura.ses.es\/extremaduraresponde\/wp-json\/wp\/v2\/users\/1"}],"replies":[{"embeddable":true,"href":"https:\/\/saludextremadura.ses.es\/extremaduraresponde\/wp-json\/wp\/v2\/comments?post=230"}],"version-history":[{"count":2,"href":"https:\/\/saludextremadura.ses.es\/extremaduraresponde\/wp-json\/wp\/v2\/pages\/230\/revisions"}],"predecessor-version":[{"id":401,"href":"https:\/\/saludextremadura.ses.es\/extremaduraresponde\/wp-json\/wp\/v2\/pages\/230\/revisions\/401"}],"wp:attachment":[{"href":"https:\/\/saludextremadura.ses.es\/extremaduraresponde\/wp-json\/wp\/v2\/media?parent=230"}],"curies":[{"name":"wp","href":"https:\/\/api.w.org\/{rel}","templated":true}]}}