{"id":2,"date":"2023-01-25T16:09:59","date_gmt":"2023-01-25T16:09:59","guid":{"rendered":"http:\/\/https:\/\/saludextremadura.ses.es\/extremaduraresponde\/?page_id=2"},"modified":"2024-12-19T13:10:38","modified_gmt":"2024-12-19T13:10:38","slug":"sample-page","status":"publish","type":"page","link":"https:\/\/saludextremadura.ses.es\/extremaduraresponde\/","title":{"rendered":"Sample Page"},"content":{"rendered":"<p>[et_pb_section fb_built=\u00bb1&#8243; custom_padding_last_edited=\u00bbon|phone\u00bb _builder_version=\u00bb4.19.5&#8243; _module_preset=\u00bbdefault\u00bb background_image=\u00bbhttps:\/\/saludextremadura.ses.es\/extremaduraresponde\/wp-content\/uploads\/2023\/02\/pexels-anna-shvets-5325582.jpg\u00bb background_position=\u00bbtop_center\u00bb min_height=\u00bb85vh\u00bb min_height_tablet=\u00bbauto\u00bb min_height_phone=\u00bbauto\u00bb min_height_last_edited=\u00bbon|desktop\u00bb custom_padding=\u00bb10vh||20px||false|false\u00bb custom_padding_tablet=\u00bb20vh||||false|false\u00bb custom_padding_phone=\u00bb20vh||||false|false\u00bb background_last_edited=\u00bbon|phone\u00bb background_position_tablet=\u00bbtop_left\u00bb global_colors_info=\u00bb{}\u00bb][et_pb_row column_structure=\u00bb1_2,1_2&#8243; _builder_version=\u00bb4.19.4&#8243; _module_preset=\u00bbdefault\u00bb global_colors_info=\u00bb{}\u00bb][et_pb_column type=\u00bb1_2&#8243; _builder_version=\u00bb4.19.4&#8243; _module_preset=\u00bbdefault\u00bb global_colors_info=\u00bb{}\u00bb][et_pb_image src=\u00bbhttps:\/\/saludextremadura.ses.es\/extremaduraresponde\/wp-content\/uploads\/2023\/01\/logo-extremadura-responde.png\u00bb alt=\u00bbServicio de atenci\u00f3n psicol\u00f3gica para j\u00f3venes del Servicio Extreme\u00f1o de Salud\u00bb title_text=\u00bbLogo Extremadura Responde\u00bb admin_label=\u00bbImagen\u00bb _builder_version=\u00bb4.19.4&#8243; _module_preset=\u00bbdefault\u00bb custom_margin=\u00bb40px||40px||false|false\u00bb global_colors_info=\u00bb{}\u00bb][\/et_pb_image][et_pb_text admin_label=\u00bbTexto\u00bb module_class=\u00bbseccion-entrada\u00bb _builder_version=\u00bb4.19.5&#8243; _module_preset=\u00bbdefault\u00bb text_text_color=\u00bb#393939&#8243; global_colors_info=\u00bb{}\u00bb]<\/p>\n<h1 style=\"margin-bottom: 10px;\">SERVICIO DE <span class=\"verde\">ATENCI\u00d3N PSICOL\u00d3GICA<\/span> PARA J\u00d3VENES<\/h1>\n<p><strong>Entre 10 y 30 a\u00f1os.<\/strong><\/p>\n<p>Tambi\u00e9n dirigido a sus familiares y otras personas allegadas, as\u00ed como a profesionales del \u00e1mbito educativo y de otros entornos que trabajen con personas menores y j\u00f3venes.<\/p>\n<p>[\/et_pb_text][\/et_pb_column][et_pb_column type=\u00bb1_2&#8243; admin_label=\u00bbColumna\u00bb _builder_version=\u00bb4.19.4&#8243; _module_preset=\u00bbdefault\u00bb global_colors_info=\u00bb{}\u00bb][\/et_pb_column][\/et_pb_row][et_pb_row _builder_version=\u00bb4.19.5&#8243; _module_preset=\u00bbdefault\u00bb positioning=\u00bbnone\u00bb position_origin_f=\u00bbtop_center\u00bb position_origin_r=\u00bbtop_right\u00bb vertical_offset=\u00bb-149px\u00bb custom_padding=\u00bb0px||0px||false|false\u00bb global_colors_info=\u00bb{}\u00bb][et_pb_column type=\u00bb4_4&#8243; _builder_version=\u00bb4.19.4&#8243; _module_preset=\u00bbdefault\u00bb global_colors_info=\u00bb{}\u00bb][et_pb_text disabled_on=\u00bbon|on|off\u00bb _builder_version=\u00bb4.19.5&#8243; _module_preset=\u00bbdefault\u00bb text_font=\u00bb||||||||\u00bb background_color=\u00bbRGBA(255,255,255,0)\u00bb text_orientation=\u00bbcenter\u00bb background_layout=\u00bbdark\u00bb custom_margin=\u00bb0px||0px||false|false\u00bb custom_padding=\u00bb0px|15px|0px|15px|false|false\u00bb animation_style=\u00bbzoom\u00bb animation_duration=\u00bb2000ms\u00bb animation_delay=\u00bb400ms\u00bb animation_intensity_zoom=\u00bb5%\u00bb animation_starting_opacity=\u00bb80%\u00bb animation_speed_curve=\u00bblinear\u00bb animation_repeat=\u00bbloop\u00bb link_option_url=\u00bb#servicio\u00bb scroll_vertical_motion=\u00bb0|76|76|100|4|0|-4&#8243; text_font_size_tablet=\u00bb15px\u00bb text_font_size_phone=\u00bb15px\u00bb text_font_size_last_edited=\u00bbon|phone\u00bb text_orientation_tablet=\u00bbcenter\u00bb text_orientation_phone=\u00bbleft\u00bb text_orientation_last_edited=\u00bbon|phone\u00bb border_radii=\u00bbon|50px|50px|50px|50px\u00bb global_colors_info=\u00bb{}\u00bb custom_css_main_element_last_edited=\u00bbon|tablet\u00bb custom_css_main_element_tablet=\u00bbfont-weight:700;||position:relative;||display:inline-block;||left:50%;||transform: translateX(-50%);||cursor:pointer;||\u00bb custom_css_main_element_phone=\u00bbfont-weight:700;||position:relative;||display:inline-block;||left:50%;||transform: translateX(-50%);||cursor:pointer;||\u00bb]<span class=\"et-pb-icon\" style=\"font-size: 70px; color: #044f26;\">;<\/span>[\/et_pb_text][\/et_pb_column][\/et_pb_row][\/et_pb_section][et_pb_section fb_built=\u00bb1&#8243; fullwidth=\u00bbon\u00bb admin_label=\u00bbSecci\u00f3n\u00bb _builder_version=\u00bb4.19.4&#8243; _module_preset=\u00bbdefault\u00bb global_colors_info=\u00bb{}\u00bb][et_pb_fullwidth_header title=\u00bbESTAMOS AQU\u00cd PARA AYUDARTE\u00bb subhead=\u00bbPrestamos un servicio GRATUITO Y CONFIDENCIAL. \u00bb text_orientation=\u00bbcenter\u00bb admin_label=\u00bbT\u00edtulo de anchura completa\u00bb _builder_version=\u00bb4.19.5&#8243; _module_preset=\u00bbdefault\u00bb title_level=\u00bbh2&#8243; title_text_align=\u00bbcenter\u00bb subhead_font=\u00bb|700|||||||\u00bb subhead_text_align=\u00bbcenter\u00bb subhead_font_size=\u00bb19px\u00bb global_colors_info=\u00bb{}\u00bb custom_css_header_container_last_edited=\u00bbon|phone\u00bb custom_css_header_container_phone=\u00bbwidth:100%!important;\u00bb]<\/p>\n<p><strong>Nuestro objetivo es ayudar a manejar el malestar emocional y a afrontar las dificultades.<\/strong><br \/>Puedes ponerte en contacto con nuestro equipo <strong>TODOS LOS D\u00cdAS DE LA SEMANA<\/strong>, festivos incluidos, de <strong>11.00h a 18.00h.<\/strong><\/p>\n<p>Si nos necesitas en otro horario, env\u00edanos un correo electr\u00f3nico a <strong>ayuda@extremaduraresponde.es<\/strong> y nos pondremos en contacto contigo, en nuestro horario de atenci\u00f3n.<\/p>\n<p>[\/et_pb_fullwidth_header][\/et_pb_section][et_pb_section fb_built=\u00bb1&#8243; admin_label=\u00bbSecci\u00f3n\u00bb module_id=\u00bbservicio\u00bb _builder_version=\u00bb4.19.5&#8243; _module_preset=\u00bbdefault\u00bb border_width_bottom=\u00bb10px\u00bb border_color_bottom=\u00bb#047C38&#8243; global_colors_info=\u00bb{}\u00bb][et_pb_row _builder_version=\u00bb4.19.4&#8243; _module_preset=\u00bbdefault\u00bb global_colors_info=\u00bb{}\u00bb][et_pb_column type=\u00bb4_4&#8243; _builder_version=\u00bb4.19.4&#8243; _module_preset=\u00bbdefault\u00bb global_colors_info=\u00bb{}\u00bb][et_pb_text _builder_version=\u00bb4.19.4&#8243; _module_preset=\u00bbdefault\u00bb custom_padding=\u00bb|150px||150px|false|false\u00bb custom_padding_tablet=\u00bb|0px||0px|false|false\u00bb custom_padding_phone=\u00bb|0px||0px|false|false\u00bb custom_padding_last_edited=\u00bbon|tablet\u00bb global_colors_info=\u00bb{}\u00bb]<\/p>\n<h2 style=\"text-align: center; color: #047c38;\">CONTACTO<\/h2>\n<p style=\"text-align: center;\">Puedes ponerte en contacto con nosotros, de manera totalmente an\u00f3nima y gratuita, todos los d\u00edas de la semana, festivos incluidos, de 11.00h a 18.00h<\/p>\n<p>[\/et_pb_text][\/et_pb_column][\/et_pb_row][et_pb_row _builder_version=\u00bb4.19.5&#8243; _module_preset=\u00bbdefault\u00bb global_colors_info=\u00bb{}\u00bb][et_pb_column type=\u00bb4_4&#8243; _builder_version=\u00bb4.19.5&#8243; _module_preset=\u00bbdefault\u00bb global_colors_info=\u00bb{}\u00bb][et_pb_image src=\u00bbhttps:\/\/saludextremadura.ses.es\/extremaduraresponde\/wp-content\/uploads\/2023\/01\/telefono-icon.png\u00bb alt=\u00bbIcono telefono\u00bb title_text=\u00bbLlamar por tel\u00e9fono\u00bb url=\u00bbtel:+34900060101&#8243; align=\u00bbcenter\u00bb _builder_version=\u00bb4.19.5&#8243; _module_preset=\u00bbdefault\u00bb max_width=\u00bb220px\u00bb custom_margin=\u00bb||12px||false|false\u00bb global_colors_info=\u00bb{}\u00bb][\/et_pb_image][et_pb_text module_class=\u00bbTitulito servicio\u00bb _builder_version=\u00bb4.19.5&#8243; _module_preset=\u00bbdefault\u00bb text_font_size=\u00bb23px\u00bb custom_margin=\u00bb0px||2px||false|false\u00bb custom_padding=\u00bb0px||0px||false|false\u00bb hover_enabled=\u00bb0&#8243; global_colors_info=\u00bb{}\u00bb sticky_enabled=\u00bb0&#8243;]<\/p>\n<p style=\"text-align: center;\"><a href=\"tel:+34900060101\"><strong>Llamar al 900 06 01 01<\/strong><\/a><\/p>\n<p>[\/et_pb_text][\/et_pb_column][\/et_pb_row][et_pb_row column_structure=\u00bb1_5,1_5,1_5,1_5,1_5&#8243; _builder_version=\u00bb4.19.5&#8243; _module_preset=\u00bbdefault\u00bb custom_margin=\u00bb0px||||false|false\u00bb custom_padding=\u00bb0px||||false|false\u00bb global_colors_info=\u00bb{}\u00bb][et_pb_column type=\u00bb1_5&#8243; _builder_version=\u00bb4.19.4&#8243; _module_preset=\u00bbdefault\u00bb global_colors_info=\u00bb{}\u00bb][\/et_pb_column][et_pb_column type=\u00bb1_5&#8243; _builder_version=\u00bb4.19.4&#8243; _module_preset=\u00bbdefault\u00bb global_colors_info=\u00bb{}\u00bb][et_pb_image src=\u00bbhttps:\/\/saludextremadura.ses.es\/extremaduraresponde\/wp-content\/uploads\/2023\/01\/whatsapp-icon.png\u00bb alt=\u00bbPulsa para chatear\u00bb title_text=\u00bbContactar por WhatsApp\u00bb url=\u00bb#ctc_chat\u00bb align=\u00bbcenter\u00bb _builder_version=\u00bb4.19.5&#8243; _module_preset=\u00bbdefault\u00bb max_width=\u00bb180px\u00bb custom_margin=\u00bb||12px||false|false\u00bb locked=\u00bboff\u00bb global_colors_info=\u00bb{}\u00bb][\/et_pb_image][et_pb_text module_class=\u00bbTitulito servicio\u00bb _builder_version=\u00bb4.19.5&#8243; _module_preset=\u00bbdefault\u00bb text_font_size=\u00bb21px\u00bb custom_margin=\u00bb0px||2px||false|false\u00bb custom_padding=\u00bb0px||0px||false|false\u00bb global_colors_info=\u00bb{}\u00bb]<\/p>\n<p style=\"text-align: center;\"><a href=\"#ctc_chat\">WhatsApp<\/a><\/p>\n<p>[\/et_pb_text][\/et_pb_column][et_pb_column type=\u00bb1_5&#8243; _builder_version=\u00bb4.19.4&#8243; _module_preset=\u00bbdefault\u00bb global_colors_info=\u00bb{}\u00bb][et_pb_image src=\u00bbhttps:\/\/saludextremadura.ses.es\/extremaduraresponde\/wp-content\/uploads\/2023\/01\/video-llamada-icon.png\u00bb alt=\u00bbIcono v\u00eddeo llamada\u00bb title_text=\u00bbSolicitar v\u00eddeo llamada\u00bb url=\u00bbhttps:\/\/saludextremadura.ses.es\/extremaduraresponde\/solicitud-de-video-llamada\/\u00bb align=\u00bbcenter\u00bb _builder_version=\u00bb4.19.5&#8243; _module_preset=\u00bbdefault\u00bb max_width=\u00bb180px\u00bb custom_margin=\u00bb||12px||false|false\u00bb locked=\u00bboff\u00bb global_colors_info=\u00bb{}\u00bb][\/et_pb_image][et_pb_text module_class=\u00bbTitulito servicio\u00bb _builder_version=\u00bb4.19.5&#8243; _module_preset=\u00bbdefault\u00bb text_font_size=\u00bb21px\u00bb custom_margin=\u00bb0px||2px||false|false\u00bb custom_padding=\u00bb0px||0px||false|false\u00bb global_colors_info=\u00bb{}\u00bb]<\/p>\n<p style=\"text-align: center;\"><a href=\"https:\/\/saludextremadura.ses.es\/extremaduraresponde\/solicitud-de-video-llamada\/\">V\u00eddeollamada<\/a><\/p>\n<p>[\/et_pb_text][\/et_pb_column][et_pb_column type=\u00bb1_5&#8243; _builder_version=\u00bb4.19.4&#8243; _module_preset=\u00bbdefault\u00bb global_colors_info=\u00bb{}\u00bb][et_pb_image src=\u00bbhttps:\/\/saludextremadura.ses.es\/extremaduraresponde\/wp-content\/uploads\/2023\/01\/email-icon.png\u00bb alt=\u00bbIcono email\u00bb title_text=\u00bbEnviar correo electr\u00f3nico\u00bb url=\u00bbmailto:ayuda@extremaduraresponde.es\u00bb align=\u00bbcenter\u00bb _builder_version=\u00bb4.19.5&#8243; _module_preset=\u00bbdefault\u00bb max_width=\u00bb180px\u00bb custom_margin=\u00bb||12px||false|false\u00bb locked=\u00bboff\u00bb global_colors_info=\u00bb{}\u00bb][\/et_pb_image][et_pb_text module_class=\u00bbTitulito servicio\u00bb _builder_version=\u00bb4.19.5&#8243; _module_preset=\u00bbdefault\u00bb text_font_size=\u00bb21px\u00bb custom_margin=\u00bb0px||2px||false|false\u00bb custom_padding=\u00bb0px||0px||false|false\u00bb global_colors_info=\u00bb{}\u00bb]<\/p>\n<p style=\"text-align: center;\"><a href=\"mailto:ayuda@extremaduraresponde.es\">Correo electr\u00f3nico<\/a><\/p>\n<p>[\/et_pb_text][\/et_pb_column][et_pb_column type=\u00bb1_5&#8243; _builder_version=\u00bb4.19.4&#8243; _module_preset=\u00bbdefault\u00bb global_colors_info=\u00bb{}\u00bb][\/et_pb_column][\/et_pb_row][\/et_pb_section][et_pb_section fb_built=\u00bb1&#8243; custom_padding_last_edited=\u00bbon|desktop\u00bb admin_label=\u00bbSecci\u00f3n\u00bb _builder_version=\u00bb4.19.5&#8243; _module_preset=\u00bbdefault\u00bb background_image=\u00bbhttps:\/\/saludextremadura.ses.es\/extremaduraresponde\/wp-content\/uploads\/2023\/02\/foto-salud-mental-header-2.jpg\u00bb background_position=\u00bbtop_left\u00bb min_height_tablet=\u00bbauto\u00bb min_height_phone=\u00bbauto\u00bb min_height_last_edited=\u00bbon|phone\u00bb custom_padding=\u00bb30px||67px||false|false\u00bb custom_padding_tablet=\u00bb3vh||140px||false|false\u00bb custom_padding_phone=\u00bb5vh||||false|false\u00bb background_last_edited=\u00bbon|tablet\u00bb background_position_tablet=\u00bbtop_left\u00bb global_colors_info=\u00bb{}\u00bb][et_pb_row column_structure=\u00bb1_2,1_2&#8243; _builder_version=\u00bb4.19.4&#8243; _module_preset=\u00bbdefault\u00bb global_colors_info=\u00bb{}\u00bb][et_pb_column type=\u00bb1_2&#8243; _builder_version=\u00bb4.19.4&#8243; _module_preset=\u00bbdefault\u00bb global_colors_info=\u00bb{}\u00bb][et_pb_text admin_label=\u00bbTexto\u00bb module_class=\u00bbseccion-entrada\u00bb _builder_version=\u00bb4.19.5&#8243; _module_preset=\u00bbdefault\u00bb text_text_color=\u00bb#393939&#8243; global_colors_info=\u00bb{}\u00bb]<\/p>\n<h2 style=\"margin-bottom: 10px;\">Cuidar la salud mental es importante<\/h2>\n<p>Aunque hoy en d\u00eda o\u00edmos hablar mucho de salud mental, no siempre tenemos una idea clara de lo que esto significa.<\/p>\n<p>Si quieres aprender a cuidar tu salud mental, \u00a1cont\u00e1ctanos!<\/p>\n<p>Contamos con un equipo de ocho profesionales de la psicolog\u00eda, con la formaci\u00f3n y experiencia necesaria para prestarte el apoyo que necesites.<\/p>\n<p>[\/et_pb_text][\/et_pb_column][et_pb_column type=\u00bb1_2&#8243; admin_label=\u00bbColumna\u00bb _builder_version=\u00bb4.19.4&#8243; _module_preset=\u00bbdefault\u00bb global_colors_info=\u00bb{}\u00bb][\/et_pb_column][\/et_pb_row][\/et_pb_section]<\/p>\n","protected":false},"excerpt":{"rendered":"<p>SERVICIO DE ATENCI\u00d3N PSICOL\u00d3GICA PARA J\u00d3VENES Entre 10 y 30 a\u00f1os. Tambi\u00e9n dirigido a sus familiares y otras personas allegadas, as\u00ed como a profesionales del \u00e1mbito educativo y de otros entornos que trabajen con personas menores y j\u00f3venes.;Nuestro objetivo es ayudar a manejar el malestar emocional y a afrontar las dificultades.Puedes ponerte en contacto con [&hellip;]<\/p>\n","protected":false},"author":1,"featured_media":366,"parent":0,"menu_order":0,"comment_status":"closed","ping_status":"closed","template":"","meta":{"_et_pb_use_builder":"on","_et_pb_old_content":"<!-- wp:paragraph -->\r\n<p>This is an example page. It's different from a blog post because it will stay in one place and will show up in your site navigation (in most themes). Most people start with an About page that introduces them to potential site visitors. It might say something like this:<\/p>\r\n<!-- \/wp:paragraph -->\r\n\r\n<!-- wp:quote -->\r\n<blockquote class=\"wp-block-quote\"><p>Hi there! I'm a bike messenger by day, aspiring actor by night, and this is my website. I live in Los Angeles, have a great dog named Jack, and I like pi\u00f1a coladas. (And gettin' caught in the rain.)<\/p><\/blockquote>\r\n<!-- \/wp:quote -->\r\n\r\n<!-- wp:paragraph -->\r\n<p>...or something like this:<\/p>\r\n<!-- \/wp:paragraph -->\r\n\r\n<!-- wp:quote -->\r\n<blockquote class=\"wp-block-quote\"><p>The XYZ Doohickey Company was founded in 1971, and has been providing quality doohickeys to the public ever since. Located in Gotham City, XYZ employs over 2,000 people and does all kinds of awesome things for the Gotham community.<\/p><\/blockquote>\r\n<!-- \/wp:quote -->\r\n\r\n<!-- wp:paragraph -->\r\n<p>As a new WordPress user, you should go to <a href=\"https:\/\/saludextremadura.ses.es\/extremaduraresponde\/wp-admin\/\">your dashboard<\/a> to delete this page and create new pages for your content. Have fun!<\/p>\r\n<!-- \/wp:paragraph -->","_et_gb_content_width":""},"_links":{"self":[{"href":"https:\/\/saludextremadura.ses.es\/extremaduraresponde\/wp-json\/wp\/v2\/pages\/2"}],"collection":[{"href":"https:\/\/saludextremadura.ses.es\/extremaduraresponde\/wp-json\/wp\/v2\/pages"}],"about":[{"href":"https:\/\/saludextremadura.ses.es\/extremaduraresponde\/wp-json\/wp\/v2\/types\/page"}],"author":[{"embeddable":true,"href":"https:\/\/saludextremadura.ses.es\/extremaduraresponde\/wp-json\/wp\/v2\/users\/1"}],"replies":[{"embeddable":true,"href":"https:\/\/saludextremadura.ses.es\/extremaduraresponde\/wp-json\/wp\/v2\/comments?post=2"}],"version-history":[{"count":16,"href":"https:\/\/saludextremadura.ses.es\/extremaduraresponde\/wp-json\/wp\/v2\/pages\/2\/revisions"}],"predecessor-version":[{"id":461,"href":"https:\/\/saludextremadura.ses.es\/extremaduraresponde\/wp-json\/wp\/v2\/pages\/2\/revisions\/461"}],"wp:featuredmedia":[{"embeddable":true,"href":"https:\/\/saludextremadura.ses.es\/extremaduraresponde\/wp-json\/wp\/v2\/media\/366"}],"wp:attachment":[{"href":"https:\/\/saludextremadura.ses.es\/extremaduraresponde\/wp-json\/wp\/v2\/media?parent=2"}],"curies":[{"name":"wp","href":"https:\/\/api.w.org\/{rel}","templated":true}]}}