{"id":2202,"date":"2024-01-08T11:40:03","date_gmt":"2024-01-08T10:40:03","guid":{"rendered":"https:\/\/saludextremadura.ses.es\/areasaludnavalmoral\/?page_id=2202"},"modified":"2025-08-04T14:39:10","modified_gmt":"2025-08-04T12:39:10","slug":"formacion-continuada","status":"publish","type":"page","link":"https:\/\/saludextremadura.ses.es\/areasaludnavalmoral\/formacion-continuada\/","title":{"rendered":"Formaci\u00f3n Continuada"},"content":{"rendered":"\t\t<div data-elementor-type=\"wp-page\" data-elementor-id=\"2202\" class=\"elementor elementor-2202\">\n\t\t\t\t<div class=\"elementor-element elementor-element-887882c e-flex e-con-boxed wpr-particle-no wpr-jarallax-no wpr-parallax-no wpr-sticky-section-no e-con e-parent\" data-id=\"887882c\" data-element_type=\"container\" data-settings=\"{&quot;background_background&quot;:&quot;classic&quot;}\">\n\t\t\t\t\t<div class=\"e-con-inner\">\n\t\t<div class=\"elementor-element elementor-element-61a5d77 e-con-full e-flex wpr-particle-no wpr-jarallax-no wpr-parallax-no wpr-sticky-section-no e-con e-child\" data-id=\"61a5d77\" data-element_type=\"container\">\n\t\t\t\t<div class=\"elementor-element elementor-element-c5561d4 elementor-widget elementor-widget-heading\" data-id=\"c5561d4\" data-element_type=\"widget\" data-widget_type=\"heading.default\">\n\t\t\t\t<div class=\"elementor-widget-container\">\n\t\t\t<style>\/*! elementor - v3.21.0 - 26-05-2024 *\/\n.elementor-heading-title{padding:0;margin:0;line-height:1}.elementor-widget-heading .elementor-heading-title[class*=elementor-size-]>a{color:inherit;font-size:inherit;line-height:inherit}.elementor-widget-heading .elementor-heading-title.elementor-size-small{font-size:15px}.elementor-widget-heading .elementor-heading-title.elementor-size-medium{font-size:19px}.elementor-widget-heading .elementor-heading-title.elementor-size-large{font-size:29px}.elementor-widget-heading .elementor-heading-title.elementor-size-xl{font-size:39px}.elementor-widget-heading .elementor-heading-title.elementor-size-xxl{font-size:59px}<\/style><h4 class=\"elementor-heading-title elementor-size-default\">DONCENCIA<\/h4>\t\t<\/div>\n\t\t\t\t<\/div>\n\t\t\t\t<div class=\"elementor-element elementor-element-0c4fba3 elementor-widget elementor-widget-heading\" data-id=\"0c4fba3\" data-element_type=\"widget\" data-widget_type=\"heading.default\">\n\t\t\t\t<div class=\"elementor-widget-container\">\n\t\t\t<h2 class=\"elementor-heading-title elementor-size-default\">Formaci\u00f3n Continuada<\/h2>\t\t<\/div>\n\t\t\t\t<\/div>\n\t\t\t\t<div class=\"elementor-element elementor-element-d19b39f elementor-widget-divider--view-line elementor-widget elementor-widget-divider\" data-id=\"d19b39f\" data-element_type=\"widget\" data-widget_type=\"divider.default\">\n\t\t\t\t<div class=\"elementor-widget-container\">\n\t\t\t<style>\/*! elementor - v3.21.0 - 26-05-2024 *\/\n.elementor-widget-divider{--divider-border-style:none;--divider-border-width:1px;--divider-color:#0c0d0e;--divider-icon-size:20px;--divider-element-spacing:10px;--divider-pattern-height:24px;--divider-pattern-size:20px;--divider-pattern-url:none;--divider-pattern-repeat:repeat-x}.elementor-widget-divider .elementor-divider{display:flex}.elementor-widget-divider .elementor-divider__text{font-size:15px;line-height:1;max-width:95%}.elementor-widget-divider .elementor-divider__element{margin:0 var(--divider-element-spacing);flex-shrink:0}.elementor-widget-divider .elementor-icon{font-size:var(--divider-icon-size)}.elementor-widget-divider .elementor-divider-separator{display:flex;margin:0;direction:ltr}.elementor-widget-divider--view-line_icon .elementor-divider-separator,.elementor-widget-divider--view-line_text .elementor-divider-separator{align-items:center}.elementor-widget-divider--view-line_icon .elementor-divider-separator:after,.elementor-widget-divider--view-line_icon .elementor-divider-separator:before,.elementor-widget-divider--view-line_text .elementor-divider-separator:after,.elementor-widget-divider--view-line_text .elementor-divider-separator:before{display:block;content:\"\";border-block-end:0;flex-grow:1;border-block-start:var(--divider-border-width) var(--divider-border-style) var(--divider-color)}.elementor-widget-divider--element-align-left .elementor-divider .elementor-divider-separator>.elementor-divider__svg:first-of-type{flex-grow:0;flex-shrink:100}.elementor-widget-divider--element-align-left .elementor-divider-separator:before{content:none}.elementor-widget-divider--element-align-left .elementor-divider__element{margin-left:0}.elementor-widget-divider--element-align-right .elementor-divider .elementor-divider-separator>.elementor-divider__svg:last-of-type{flex-grow:0;flex-shrink:100}.elementor-widget-divider--element-align-right .elementor-divider-separator:after{content:none}.elementor-widget-divider--element-align-right .elementor-divider__element{margin-right:0}.elementor-widget-divider--element-align-start .elementor-divider .elementor-divider-separator>.elementor-divider__svg:first-of-type{flex-grow:0;flex-shrink:100}.elementor-widget-divider--element-align-start .elementor-divider-separator:before{content:none}.elementor-widget-divider--element-align-start .elementor-divider__element{margin-inline-start:0}.elementor-widget-divider--element-align-end .elementor-divider .elementor-divider-separator>.elementor-divider__svg:last-of-type{flex-grow:0;flex-shrink:100}.elementor-widget-divider--element-align-end .elementor-divider-separator:after{content:none}.elementor-widget-divider--element-align-end .elementor-divider__element{margin-inline-end:0}.elementor-widget-divider:not(.elementor-widget-divider--view-line_text):not(.elementor-widget-divider--view-line_icon) .elementor-divider-separator{border-block-start:var(--divider-border-width) var(--divider-border-style) var(--divider-color)}.elementor-widget-divider--separator-type-pattern{--divider-border-style:none}.elementor-widget-divider--separator-type-pattern.elementor-widget-divider--view-line .elementor-divider-separator,.elementor-widget-divider--separator-type-pattern:not(.elementor-widget-divider--view-line) .elementor-divider-separator:after,.elementor-widget-divider--separator-type-pattern:not(.elementor-widget-divider--view-line) .elementor-divider-separator:before,.elementor-widget-divider--separator-type-pattern:not([class*=elementor-widget-divider--view]) .elementor-divider-separator{width:100%;min-height:var(--divider-pattern-height);-webkit-mask-size:var(--divider-pattern-size) 100%;mask-size:var(--divider-pattern-size) 100%;-webkit-mask-repeat:var(--divider-pattern-repeat);mask-repeat:var(--divider-pattern-repeat);background-color:var(--divider-color);-webkit-mask-image:var(--divider-pattern-url);mask-image:var(--divider-pattern-url)}.elementor-widget-divider--no-spacing{--divider-pattern-size:auto}.elementor-widget-divider--bg-round{--divider-pattern-repeat:round}.rtl .elementor-widget-divider .elementor-divider__text{direction:rtl}.e-con-inner>.elementor-widget-divider,.e-con>.elementor-widget-divider{width:var(--container-widget-width,100%);--flex-grow:var(--container-widget-flex-grow)}<\/style>\t\t<div class=\"elementor-divider\">\n\t\t\t<span class=\"elementor-divider-separator\">\n\t\t\t\t\t\t<\/span>\n\t\t<\/div>\n\t\t\t\t<\/div>\n\t\t\t\t<\/div>\n\t\t\t\t<div class=\"elementor-element elementor-element-4029623 elementor-widget elementor-widget-text-editor\" data-id=\"4029623\" data-element_type=\"widget\" data-widget_type=\"text-editor.default\">\n\t\t\t\t<div class=\"elementor-widget-container\">\n\t\t\t<style>\/*! elementor - v3.21.0 - 26-05-2024 *\/\n.elementor-widget-text-editor.elementor-drop-cap-view-stacked .elementor-drop-cap{background-color:#69727d;color:#fff}.elementor-widget-text-editor.elementor-drop-cap-view-framed .elementor-drop-cap{color:#69727d;border:3px solid;background-color:transparent}.elementor-widget-text-editor:not(.elementor-drop-cap-view-default) .elementor-drop-cap{margin-top:8px}.elementor-widget-text-editor:not(.elementor-drop-cap-view-default) .elementor-drop-cap-letter{width:1em;height:1em}.elementor-widget-text-editor .elementor-drop-cap{float:left;text-align:center;line-height:1;font-size:50px}.elementor-widget-text-editor .elementor-drop-cap-letter{display:inline-block}<\/style>\t\t\t\t<p>La Formaci\u00f3n Continuada trata de dotar a los profesionales de las competencias necesarias para que desarrollen correctamente su actividad, de actualizar conocimientos y de fomentar la excelencia de los servicios sanitarios que ofrecemos.<\/p><ul><li>Formaci\u00f3n de pregrado (Ciclos formativos: Auxiliar de Enfermer\u00eda (TCAE dual), T\u00e9cnico superior de Imagen para el Diagn\u00f3stico y Medicina Nuclear (TER), T\u00e9cnico Especialista en Laboratorio Cl\u00ednico y Biom\u00e9dico (TEL), Ciclo Formativo de Anatom\u00eda patol\u00f3gica y Citodiagn\u00f3stico)<br \/>Colaboradores en pr\u00e1cticas de ciclos superiores Administraci\u00f3n y Finanzas, \u00a0\u00a0\u00a0\u00a0\u00a0\u00a0\u00a0 \u00a0\u00a0\u00a0\u00a0\u00a0\u00a0\u00a0\u00a0\u00a0\u00a0\u00a0\u00a0\u00a0\u00a0\u00a0<br \/>Sistemas Inform\u00e1ticos y Redes.<\/li><li>Existe Convenio directo con la Universidad de Badajoz y algunas Universidades a nivel Nacional (para Medicina)<\/li><li>Colaboradores docentes de la Facultad de Plasencia y C\u00e1ceres (estudiantes de Enfermer\u00eda)<\/li><li>Colaboradores docentes de la Universidad de Psicolog\u00eda.<\/li><\/ul>\t\t\t\t\t\t<\/div>\n\t\t\t\t<\/div>\n\t\t\t\t<\/div>\n\t\t<div class=\"elementor-element elementor-element-4aa3608 e-con-full e-flex wpr-particle-no wpr-jarallax-no wpr-parallax-no wpr-sticky-section-no e-con e-child\" data-id=\"4aa3608\" data-element_type=\"container\">\n\t\t\t\t<div class=\"elementor-element elementor-element-7969aa6 elementor-widget elementor-widget-heading\" data-id=\"7969aa6\" data-element_type=\"widget\" data-widget_type=\"heading.default\">\n\t\t\t\t<div class=\"elementor-widget-container\">\n\t\t\t<h2 class=\"elementor-heading-title elementor-size-default\">Directorio Unidad Docente Multiprofesional de Atenci\u00f3n Familiar y Comunitaria (UDMAFC)<\/h2>\t\t<\/div>\n\t\t\t\t<\/div>\n\t\t\t\t<div class=\"elementor-element elementor-element-7330e28 elementor-widget-divider--view-line elementor-widget elementor-widget-divider\" data-id=\"7330e28\" data-element_type=\"widget\" data-widget_type=\"divider.default\">\n\t\t\t\t<div class=\"elementor-widget-container\">\n\t\t\t\t\t<div class=\"elementor-divider\">\n\t\t\t<span class=\"elementor-divider-separator\">\n\t\t\t\t\t\t<\/span>\n\t\t<\/div>\n\t\t\t\t<\/div>\n\t\t\t\t<\/div>\n\t\t\t\t<div class=\"elementor-element elementor-element-18af422 elementor-widget elementor-widget-heading\" data-id=\"18af422\" data-element_type=\"widget\" data-widget_type=\"heading.default\">\n\t\t\t\t<div class=\"elementor-widget-container\">\n\t\t\t<h5 class=\"elementor-heading-title elementor-size-default\">Gerencia Atenci\u00f3n Primaria \u2013Navalmoral de la Mata<\/h5>\t\t<\/div>\n\t\t\t\t<\/div>\n\t\t\t\t<div class=\"elementor-element elementor-element-761d183 elementor-widget elementor-widget-text-editor\" data-id=\"761d183\" data-element_type=\"widget\" data-widget_type=\"text-editor.default\">\n\t\t\t\t<div class=\"elementor-widget-container\">\n\t\t\t\t\t\t\t<p><strong>Direcci\u00f3n: <\/strong><\/p><p>Avda, Tom\u00e1s Yuste Mir\u00f3n, s\/n<br \/>10300 \u2013 Navalmoral de la Mata (C\u00e1ceres)<\/p><p><strong>Responsable de Formaci\u00f3n Continuada<\/strong><\/p><p>Jes\u00fas Fern\u00e1ndez Rubio<\/p><p><strong>Secretar\u00eda<\/strong><\/p><p>Francisca Dom\u00ednguez Machuca<\/p><p><strong>Tel\u00e9fono:<\/strong><\/p><p>927538255 \/ 927548900<\/p>\t\t\t\t\t\t<\/div>\n\t\t\t\t<\/div>\n\t\t\t\t<\/div>\n\t\t\t\t\t<\/div>\n\t\t\t\t<\/div>\n\t\t\t\t<\/div>\n\t\t","protected":false},"excerpt":{"rendered":"<p>DONCENCIA Formaci\u00f3n Continuada La Formaci\u00f3n Continuada trata de dotar a los profesionales de las competencias necesarias para que desarrollen correctamente su actividad, de actualizar conocimientos y de fomentar la excelencia de los servicios sanitarios que ofrecemos. Formaci\u00f3n de pregrado (Ciclos formativos: Auxiliar de Enfermer\u00eda (TCAE dual), T\u00e9cnico superior de Imagen para el Diagn\u00f3stico y Medicina [&hellip;]<\/p>\n","protected":false},"author":1,"featured_media":0,"parent":0,"menu_order":0,"comment_status":"closed","ping_status":"closed","template":"","meta":{"footnotes":""},"_links":{"self":[{"href":"https:\/\/saludextremadura.ses.es\/areasaludnavalmoral\/wp-json\/wp\/v2\/pages\/2202"}],"collection":[{"href":"https:\/\/saludextremadura.ses.es\/areasaludnavalmoral\/wp-json\/wp\/v2\/pages"}],"about":[{"href":"https:\/\/saludextremadura.ses.es\/areasaludnavalmoral\/wp-json\/wp\/v2\/types\/page"}],"author":[{"embeddable":true,"href":"https:\/\/saludextremadura.ses.es\/areasaludnavalmoral\/wp-json\/wp\/v2\/users\/1"}],"replies":[{"embeddable":true,"href":"https:\/\/saludextremadura.ses.es\/areasaludnavalmoral\/wp-json\/wp\/v2\/comments?post=2202"}],"version-history":[{"count":30,"href":"https:\/\/saludextremadura.ses.es\/areasaludnavalmoral\/wp-json\/wp\/v2\/pages\/2202\/revisions"}],"predecessor-version":[{"id":8802,"href":"https:\/\/saludextremadura.ses.es\/areasaludnavalmoral\/wp-json\/wp\/v2\/pages\/2202\/revisions\/8802"}],"wp:attachment":[{"href":"https:\/\/saludextremadura.ses.es\/areasaludnavalmoral\/wp-json\/wp\/v2\/media?parent=2202"}],"curies":[{"name":"wp","href":"https:\/\/api.w.org\/{rel}","templated":true}]}}