{"id":2376,"date":"2024-05-30T10:39:49","date_gmt":"2024-05-30T08:39:49","guid":{"rendered":"https:\/\/saludextremadura.ses.es\/areasaludllerena-zafra\/?page_id=2376"},"modified":"2024-07-25T11:49:56","modified_gmt":"2024-07-25T09:49:56","slug":"cargos-a-terceros","status":"publish","type":"page","link":"https:\/\/saludextremadura.ses.es\/areasaludllerena-zafra\/cargos-a-terceros\/","title":{"rendered":"Cargos a terceros"},"content":{"rendered":"\t\t<div data-elementor-type=\"wp-page\" data-elementor-id=\"2376\" class=\"elementor elementor-2376\">\n\t\t\t\t\t\t<section class=\"elementor-section elementor-top-section elementor-element elementor-element-5f82dcd7 elementor-section-content-middle elementor-section-height-min-height elementor-section-stretched elementor-section-boxed elementor-section-height-default elementor-section-items-middle wpr-particle-no wpr-jarallax-no wpr-parallax-no wpr-sticky-section-no\" data-id=\"5f82dcd7\" data-element_type=\"section\" data-settings=\"{&quot;background_background&quot;:&quot;classic&quot;,&quot;stretch_section&quot;:&quot;section-stretched&quot;}\">\n\t\t\t\t\t\t\t<div class=\"elementor-background-overlay\"><\/div>\n\t\t\t\t\t\t\t<div class=\"elementor-container elementor-column-gap-no\">\n\t\t\t\t\t<div class=\"elementor-column elementor-col-100 elementor-top-column elementor-element elementor-element-4c8705ae\" data-id=\"4c8705ae\" data-element_type=\"column\">\n\t\t\t<div class=\"elementor-widget-wrap elementor-element-populated\">\n\t\t\t\t\t\t<div class=\"elementor-element elementor-element-77ae83a1 elementor-widget elementor-widget-heading\" data-id=\"77ae83a1\" data-element_type=\"widget\" data-widget_type=\"heading.default\">\n\t\t\t\t<div class=\"elementor-widget-container\">\n\t\t\t<style>\/*! elementor - v3.23.0 - 15-07-2024 *\/\n.elementor-heading-title{padding:0;margin:0;line-height:1}.elementor-widget-heading .elementor-heading-title[class*=elementor-size-]>a{color:inherit;font-size:inherit;line-height:inherit}.elementor-widget-heading .elementor-heading-title.elementor-size-small{font-size:15px}.elementor-widget-heading .elementor-heading-title.elementor-size-medium{font-size:19px}.elementor-widget-heading .elementor-heading-title.elementor-size-large{font-size:29px}.elementor-widget-heading .elementor-heading-title.elementor-size-xl{font-size:39px}.elementor-widget-heading .elementor-heading-title.elementor-size-xxl{font-size:59px}<\/style><h4 class=\"elementor-heading-title elementor-size-default\">Gesti\u00f3n Econ\u00f3mica<\/h4>\t\t<\/div>\n\t\t\t\t<\/div>\n\t\t\t\t<div class=\"elementor-element elementor-element-4097f420 elementor-widget__width-initial elementor-widget elementor-widget-heading\" data-id=\"4097f420\" data-element_type=\"widget\" data-widget_type=\"heading.default\">\n\t\t\t\t<div class=\"elementor-widget-container\">\n\t\t\t<h1 class=\"elementor-heading-title elementor-size-default\">Cargos a terceros<\/h1>\t\t<\/div>\n\t\t\t\t<\/div>\n\t\t\t\t<div class=\"elementor-element elementor-element-36d36d04 elementor-align-left elementor-mobile-align-center elementor-tablet-align-center elementor-widget elementor-widget-button\" data-id=\"36d36d04\" data-element_type=\"widget\" data-widget_type=\"button.default\">\n\t\t\t\t<div class=\"elementor-widget-container\">\n\t\t\t\t\t<div class=\"elementor-button-wrapper\">\n\t\t\t<a class=\"elementor-button elementor-button-link elementor-size-sm\" href=\"#UCA\">\n\t\t\t\t\t\t<span class=\"elementor-button-content-wrapper\">\n\t\t\t\t\t\t\t\t\t<span class=\"elementor-button-text\">Empecemos<\/span>\n\t\t\t\t\t<\/span>\n\t\t\t\t\t<\/a>\n\t\t<\/div>\n\t\t\t\t<\/div>\n\t\t\t\t<\/div>\n\t\t\t\t\t<\/div>\n\t\t<\/div>\n\t\t\t\t\t<\/div>\n\t\t<\/section>\n\t\t\t\t<section class=\"elementor-section elementor-top-section elementor-element elementor-element-1523d207 elementor-section-content-middle elementor-section-height-min-height elementor-section-stretched elementor-section-boxed elementor-section-height-default elementor-section-items-middle wpr-particle-no wpr-jarallax-no wpr-parallax-no wpr-sticky-section-no\" data-id=\"1523d207\" data-element_type=\"section\" id=\"UCA\" data-settings=\"{&quot;background_background&quot;:&quot;classic&quot;,&quot;stretch_section&quot;:&quot;section-stretched&quot;}\">\n\t\t\t\t\t\t\t<div class=\"elementor-background-overlay\"><\/div>\n\t\t\t\t\t\t\t<div class=\"elementor-container elementor-column-gap-no\">\n\t\t\t\t\t<div class=\"elementor-column elementor-col-100 elementor-top-column elementor-element elementor-element-7e9bd474\" data-id=\"7e9bd474\" data-element_type=\"column\">\n\t\t\t<div class=\"elementor-widget-wrap elementor-element-populated\">\n\t\t\t\t\t\t<section class=\"elementor-section elementor-inner-section elementor-element elementor-element-f00e7f4 elementor-section-boxed elementor-section-height-default elementor-section-height-default wpr-particle-no wpr-jarallax-no wpr-parallax-no wpr-sticky-section-no\" data-id=\"f00e7f4\" data-element_type=\"section\">\n\t\t\t\t\t\t<div class=\"elementor-container elementor-column-gap-no\">\n\t\t\t\t\t<div class=\"elementor-column elementor-col-50 elementor-inner-column elementor-element elementor-element-2d35839\" data-id=\"2d35839\" data-element_type=\"column\">\n\t\t\t<div class=\"elementor-widget-wrap elementor-element-populated\">\n\t\t\t\t\t\t<div class=\"elementor-element elementor-element-7d5843c5 elementor-widget-divider--view-line elementor-widget elementor-widget-divider\" data-id=\"7d5843c5\" data-element_type=\"widget\" data-widget_type=\"divider.default\">\n\t\t\t\t<div class=\"elementor-widget-container\">\n\t\t\t<style>\/*! elementor - v3.23.0 - 15-07-2024 *\/\n.elementor-widget-divider{--divider-border-style:none;--divider-border-width:1px;--divider-color:#0c0d0e;--divider-icon-size:20px;--divider-element-spacing:10px;--divider-pattern-height:24px;--divider-pattern-size:20px;--divider-pattern-url:none;--divider-pattern-repeat:repeat-x}.elementor-widget-divider .elementor-divider{display:flex}.elementor-widget-divider .elementor-divider__text{font-size:15px;line-height:1;max-width:95%}.elementor-widget-divider .elementor-divider__element{margin:0 var(--divider-element-spacing);flex-shrink:0}.elementor-widget-divider .elementor-icon{font-size:var(--divider-icon-size)}.elementor-widget-divider .elementor-divider-separator{display:flex;margin:0;direction:ltr}.elementor-widget-divider--view-line_icon .elementor-divider-separator,.elementor-widget-divider--view-line_text .elementor-divider-separator{align-items:center}.elementor-widget-divider--view-line_icon .elementor-divider-separator:after,.elementor-widget-divider--view-line_icon .elementor-divider-separator:before,.elementor-widget-divider--view-line_text .elementor-divider-separator:after,.elementor-widget-divider--view-line_text .elementor-divider-separator:before{display:block;content:\"\";border-block-end:0;flex-grow:1;border-block-start:var(--divider-border-width) var(--divider-border-style) var(--divider-color)}.elementor-widget-divider--element-align-left .elementor-divider .elementor-divider-separator>.elementor-divider__svg:first-of-type{flex-grow:0;flex-shrink:100}.elementor-widget-divider--element-align-left .elementor-divider-separator:before{content:none}.elementor-widget-divider--element-align-left .elementor-divider__element{margin-left:0}.elementor-widget-divider--element-align-right .elementor-divider .elementor-divider-separator>.elementor-divider__svg:last-of-type{flex-grow:0;flex-shrink:100}.elementor-widget-divider--element-align-right .elementor-divider-separator:after{content:none}.elementor-widget-divider--element-align-right .elementor-divider__element{margin-right:0}.elementor-widget-divider--element-align-start .elementor-divider .elementor-divider-separator>.elementor-divider__svg:first-of-type{flex-grow:0;flex-shrink:100}.elementor-widget-divider--element-align-start .elementor-divider-separator:before{content:none}.elementor-widget-divider--element-align-start .elementor-divider__element{margin-inline-start:0}.elementor-widget-divider--element-align-end .elementor-divider .elementor-divider-separator>.elementor-divider__svg:last-of-type{flex-grow:0;flex-shrink:100}.elementor-widget-divider--element-align-end .elementor-divider-separator:after{content:none}.elementor-widget-divider--element-align-end .elementor-divider__element{margin-inline-end:0}.elementor-widget-divider:not(.elementor-widget-divider--view-line_text):not(.elementor-widget-divider--view-line_icon) .elementor-divider-separator{border-block-start:var(--divider-border-width) var(--divider-border-style) var(--divider-color)}.elementor-widget-divider--separator-type-pattern{--divider-border-style:none}.elementor-widget-divider--separator-type-pattern.elementor-widget-divider--view-line .elementor-divider-separator,.elementor-widget-divider--separator-type-pattern:not(.elementor-widget-divider--view-line) .elementor-divider-separator:after,.elementor-widget-divider--separator-type-pattern:not(.elementor-widget-divider--view-line) .elementor-divider-separator:before,.elementor-widget-divider--separator-type-pattern:not([class*=elementor-widget-divider--view]) .elementor-divider-separator{width:100%;min-height:var(--divider-pattern-height);-webkit-mask-size:var(--divider-pattern-size) 100%;mask-size:var(--divider-pattern-size) 100%;-webkit-mask-repeat:var(--divider-pattern-repeat);mask-repeat:var(--divider-pattern-repeat);background-color:var(--divider-color);-webkit-mask-image:var(--divider-pattern-url);mask-image:var(--divider-pattern-url)}.elementor-widget-divider--no-spacing{--divider-pattern-size:auto}.elementor-widget-divider--bg-round{--divider-pattern-repeat:round}.rtl .elementor-widget-divider .elementor-divider__text{direction:rtl}.e-con-inner>.elementor-widget-divider,.e-con>.elementor-widget-divider{width:var(--container-widget-width,100%);--flex-grow:var(--container-widget-flex-grow)}<\/style>\t\t<div class=\"elementor-divider\">\n\t\t\t<span class=\"elementor-divider-separator\">\n\t\t\t\t\t\t<\/span>\n\t\t<\/div>\n\t\t\t\t<\/div>\n\t\t\t\t<\/div>\n\t\t\t\t\t<\/div>\n\t\t<\/div>\n\t\t\t\t<div class=\"elementor-column elementor-col-50 elementor-inner-column elementor-element elementor-element-3e956899\" data-id=\"3e956899\" data-element_type=\"column\">\n\t\t\t<div class=\"elementor-widget-wrap elementor-element-populated\">\n\t\t\t\t\t\t<div class=\"elementor-element elementor-element-5614d041 elementor-widget elementor-widget-heading\" data-id=\"5614d041\" data-element_type=\"widget\" data-widget_type=\"heading.default\">\n\t\t\t\t<div class=\"elementor-widget-container\">\n\t\t\t<h2 class=\"elementor-heading-title elementor-size-default\">Cargos a terceros<\/h2>\t\t<\/div>\n\t\t\t\t<\/div>\n\t\t\t\t\t<\/div>\n\t\t<\/div>\n\t\t\t\t\t<\/div>\n\t\t<\/section>\n\t\t\t\t<div class=\"elementor-element elementor-element-395b7374 elementor-widget elementor-widget-heading\" data-id=\"395b7374\" data-element_type=\"widget\" data-widget_type=\"heading.default\">\n\t\t\t\t<div class=\"elementor-widget-container\">\n\t\t\t<h2 class=\"elementor-heading-title elementor-size-default\">El Servicio<\/h2>\t\t<\/div>\n\t\t\t\t<\/div>\n\t\t\t\t<div class=\"elementor-element elementor-element-64f4fa35 elementor-widget__width-initial elementor-widget elementor-widget-text-editor\" data-id=\"64f4fa35\" data-element_type=\"widget\" data-widget_type=\"text-editor.default\">\n\t\t\t\t<div class=\"elementor-widget-container\">\n\t\t\t<style>\/*! elementor - v3.23.0 - 15-07-2024 *\/\n.elementor-widget-text-editor.elementor-drop-cap-view-stacked .elementor-drop-cap{background-color:#69727d;color:#fff}.elementor-widget-text-editor.elementor-drop-cap-view-framed .elementor-drop-cap{color:#69727d;border:3px solid;background-color:transparent}.elementor-widget-text-editor:not(.elementor-drop-cap-view-default) .elementor-drop-cap{margin-top:8px}.elementor-widget-text-editor:not(.elementor-drop-cap-view-default) .elementor-drop-cap-letter{width:1em;height:1em}.elementor-widget-text-editor .elementor-drop-cap{float:left;text-align:center;line-height:1;font-size:50px}.elementor-widget-text-editor .elementor-drop-cap-letter{display:inline-block}<\/style>\t\t\t\t<p>Desde el servicio de Cargos a Terceros del \u00c1rea de Salud de Llerena-Zafra se tramitan los expedientes necesarios para cumplir con lo dispuesto en el art\u00edculo 83 de la Ley 14\/1986, de 25 de abril, General de Sanidad.<\/p><p><em>\u201cLos ingresos procedentes de la asistencia sanitaria en los supuestos de seguros obligatorios especiales y en todos aquellos supuestos, asegurados o no, en que aparezca un tercero obligado al pago, tendr\u00e1n la condici\u00f3n de ingresos propios del Servicio de Salud correspondiente. Los gastos inherentes a la prestaci\u00f3n de tales servicios no se financiar\u00e1n con los ingresos de la Seguridad Social. En ning\u00fan caso estos ingresos podr\u00e1n revenir en aquellos que intervinieron en la atenci\u00f3n a estos pacientes. A estos efectos, las Administraciones P\u00fablicas que hubieran atendido sanitariamente a los usuarios en tales supuestos tendr\u00e1n derecho a reclamar del tercero responsable el coste de los servicios prestados\u201d.<\/em><\/p><p>Son susceptibles de facturaci\u00f3n seg\u00fan la normativa vigente entre otros:<\/p><ul><li>Accidentes laborales<\/li><li>Accidentes de tr\u00e1fico<\/li><li>Asegurados y beneficiarios de Mutualidades ( Muface, Mugeju, Isfas) que han optado a recibir asistencia sanitaria por una aseguradora privada.<\/li><li>Asegurados de empresas colaboradoras en la asistencia sanitaria del sistema de Seguridad Social.<\/li><li>Las entidades aseguradoras, por sus asegurados o beneficiarios, de los siguientes seguros obligatorios: Deportistas, cazadores, viajeros\u2026<\/li><li>Seguro escolar<\/li><li>Asistencia a ciudadanos extranjeros.<\/li><\/ul><p><a href=\"http:\/\/doe.juntaex.es\/eli\/es-ex\/d\/2018\/02\/14\/20\/dof\/spa\/pdf\" target=\"_blank\" rel=\"noopener\">Enlace a legislaci\u00f3n vigente<\/a><\/p><p>Si usted ha sido atendido en nuestras dependencias sanitarias deber\u00e1 facilitarnos la siguiente documentaci\u00f3n en estos casos:<\/p><ul><li>Accidente laboral: documento de aceptaci\u00f3n de los cargos por parte de la mutua o cuestionario de accidente de trabajo sellado por la mutua.<\/li><li>Accidente de tr\u00e1fico: P\u00f3liza del veh\u00edculo y cuestionario de accidente de tr\u00e1fico.<\/li><li>Si pertenece a compa\u00f1\u00eda privada, autorizaci\u00f3n de dicha compa\u00f1\u00eda.<\/li><\/ul><p>\u00a0<\/p><p>Puede descargarse el cuestionario que necesite y remit\u00edrnoslo una vez cumplimentado al email indicado.<\/p><p><a href=\"https:\/\/saludextremadura.ses.es\/areasaludllerena-zafra\/wp-content\/uploads\/2024\/05\/cuestionario-accidente-de-trafico.pdf\" target=\"_blank\" rel=\"noopener\">Cuestionario de accidente de Tr\u00e1fico<\/a><\/p><p><a href=\"https:\/\/saludextremadura.ses.es\/areasaludllerena-zafra\/wp-content\/uploads\/2024\/05\/cuestionario-accidente-de-trabajoMUTUA.pdf\" target=\"_blank\" rel=\"noopener\">Cuestionario de Accidentes de Trabajo<\/a><br \/>(cumplimentar por la mutua de trabajo)<\/p>\t\t\t\t\t\t<\/div>\n\t\t\t\t<\/div>\n\t\t\t\t\t<\/div>\n\t\t<\/div>\n\t\t\t\t\t<\/div>\n\t\t<\/section>\n\t\t\t\t<section class=\"elementor-section elementor-top-section elementor-element elementor-element-563761f8 elementor-section-stretched elementor-section-boxed elementor-section-height-default elementor-section-height-default wpr-particle-no wpr-jarallax-no wpr-parallax-no wpr-sticky-section-no\" data-id=\"563761f8\" data-element_type=\"section\" data-settings=\"{&quot;background_background&quot;:&quot;classic&quot;,&quot;stretch_section&quot;:&quot;section-stretched&quot;}\">\n\t\t\t\t\t\t\t<div class=\"elementor-background-overlay\"><\/div>\n\t\t\t\t\t\t\t<div class=\"elementor-container elementor-column-gap-default\">\n\t\t\t\t\t<div class=\"elementor-column elementor-col-50 elementor-top-column elementor-element elementor-element-1500fde8 elementor-hidden-tablet elementor-hidden-mobile\" data-id=\"1500fde8\" data-element_type=\"column\">\n\t\t\t<div class=\"elementor-widget-wrap\">\n\t\t\t\t\t\t\t<\/div>\n\t\t<\/div>\n\t\t\t\t<div class=\"elementor-column elementor-col-50 elementor-top-column elementor-element elementor-element-35cfd62b\" data-id=\"35cfd62b\" data-element_type=\"column\">\n\t\t\t<div class=\"elementor-widget-wrap elementor-element-populated\">\n\t\t\t\t\t\t<section class=\"elementor-section elementor-inner-section elementor-element elementor-element-165822fd elementor-section-boxed elementor-section-height-default elementor-section-height-default wpr-particle-no wpr-jarallax-no wpr-parallax-no wpr-sticky-section-no\" data-id=\"165822fd\" data-element_type=\"section\">\n\t\t\t\t\t\t<div class=\"elementor-container elementor-column-gap-no\">\n\t\t\t\t\t<div class=\"elementor-column elementor-col-50 elementor-inner-column elementor-element elementor-element-419c2dcd\" data-id=\"419c2dcd\" data-element_type=\"column\">\n\t\t\t<div class=\"elementor-widget-wrap elementor-element-populated\">\n\t\t\t\t\t\t<div class=\"elementor-element elementor-element-5f406080 elementor-widget-divider--view-line elementor-widget elementor-widget-divider\" data-id=\"5f406080\" data-element_type=\"widget\" data-widget_type=\"divider.default\">\n\t\t\t\t<div class=\"elementor-widget-container\">\n\t\t\t\t\t<div class=\"elementor-divider\">\n\t\t\t<span class=\"elementor-divider-separator\">\n\t\t\t\t\t\t<\/span>\n\t\t<\/div>\n\t\t\t\t<\/div>\n\t\t\t\t<\/div>\n\t\t\t\t\t<\/div>\n\t\t<\/div>\n\t\t\t\t<div class=\"elementor-column elementor-col-50 elementor-inner-column elementor-element elementor-element-233db616\" data-id=\"233db616\" data-element_type=\"column\">\n\t\t\t<div class=\"elementor-widget-wrap elementor-element-populated\">\n\t\t\t\t\t\t<div class=\"elementor-element elementor-element-5c62f76f elementor-widget elementor-widget-heading\" data-id=\"5c62f76f\" data-element_type=\"widget\" data-widget_type=\"heading.default\">\n\t\t\t\t<div class=\"elementor-widget-container\">\n\t\t\t<h2 class=\"elementor-heading-title elementor-size-default\">Cargos a terceros<\/h2>\t\t<\/div>\n\t\t\t\t<\/div>\n\t\t\t\t\t<\/div>\n\t\t<\/div>\n\t\t\t\t\t<\/div>\n\t\t<\/section>\n\t\t\t\t<div class=\"elementor-element elementor-element-33436797 elementor-widget elementor-widget-heading\" data-id=\"33436797\" data-element_type=\"widget\" data-widget_type=\"heading.default\">\n\t\t\t\t<div class=\"elementor-widget-container\">\n\t\t\t<h2 class=\"elementor-heading-title elementor-size-default\">Contacto<\/h2>\t\t<\/div>\n\t\t\t\t<\/div>\n\t\t\t\t<div class=\"elementor-element elementor-element-f75ce0e elementor-widget elementor-widget-text-editor\" data-id=\"f75ce0e\" data-element_type=\"widget\" data-widget_type=\"text-editor.default\">\n\t\t\t\t<div class=\"elementor-widget-container\">\n\t\t\t\t\t\t\t<p>Hospital de Llerena:<\/p><p>Tfno: 924-877089. Ext. 47089<\/p><p>Hospital de Zafra:<\/p><p>Tfno: 924029170. Ext.40170<\/p><p>Mail: <strong><a href=\"mailto:cargos.areadellerena@salud-juntaex.es\">cargos.areadellerena@salud-juntaex.es<\/a><\/strong><\/p>\t\t\t\t\t\t<\/div>\n\t\t\t\t<\/div>\n\t\t\t\t\t<\/div>\n\t\t<\/div>\n\t\t\t\t\t<\/div>\n\t\t<\/section>\n\t\t\t\t<\/div>\n\t\t","protected":false},"excerpt":{"rendered":"<p>Gesti\u00f3n Econ\u00f3mica Cargos a terceros Empecemos Cargos a terceros El Servicio Desde el servicio de Cargos a Terceros del \u00c1rea de Salud de Llerena-Zafra se tramitan los expedientes necesarios para cumplir con lo dispuesto en el art\u00edculo 83 de la Ley 14\/1986, de 25 de abril, General de Sanidad. \u201cLos ingresos procedentes de la asistencia sanitaria en los supuestos de seguros obligatorios especiales y en todos aquellos supuestos, asegurados o no, en que aparezca un tercero obligado al pago, tendr\u00e1n la condici\u00f3n de ingresos propios del Servicio de Salud correspondiente. Los gastos inherentes a la prestaci\u00f3n de tales servicios no se financiar\u00e1n con los ingresos de la Seguridad Social. En ning\u00fan caso estos ingresos podr\u00e1n revenir en aquellos que intervinieron en la atenci\u00f3n a estos pacientes. A estos efectos, las Administraciones P\u00fablicas que hubieran atendido sanitariamente a los usuarios en tales supuestos tendr\u00e1n derecho a reclamar del tercero responsable el coste de los servicios prestados\u201d. Son susceptibles de facturaci\u00f3n seg\u00fan la normativa vigente entre otros: Accidentes laborales Accidentes de tr\u00e1fico Asegurados y beneficiarios de Mutualidades ( Muface, Mugeju, Isfas) que han optado a recibir asistencia sanitaria por una aseguradora privada. Asegurados de empresas colaboradoras en la asistencia sanitaria del sistema de Seguridad Social. Las entidades aseguradoras, por sus asegurados o beneficiarios, de los siguientes seguros obligatorios: Deportistas, cazadores, viajeros\u2026 Seguro escolar Asistencia a ciudadanos extranjeros. Enlace a legislaci\u00f3n vigente Si usted ha sido atendido en nuestras dependencias sanitarias deber\u00e1 facilitarnos la siguiente documentaci\u00f3n en estos casos: Accidente laboral: documento de aceptaci\u00f3n de los cargos por parte de la mutua o cuestionario de accidente de trabajo sellado por la mutua. Accidente de tr\u00e1fico: P\u00f3liza del veh\u00edculo y cuestionario de accidente de tr\u00e1fico. Si pertenece a compa\u00f1\u00eda privada, autorizaci\u00f3n de dicha compa\u00f1\u00eda. \u00a0 Puede descargarse el cuestionario que necesite y remit\u00edrnoslo una vez cumplimentado al email indicado. Cuestionario de accidente de Tr\u00e1fico Cuestionario de Accidentes de Trabajo(cumplimentar por la mutua de trabajo) Cargos a terceros Contacto Hospital de Llerena: Tfno: 924-877089. Ext. 47089 Hospital de Zafra: Tfno: 924029170. Ext.40170 Mail: cargos.areadellerena@salud-juntaex.es<\/p>\n","protected":false},"author":1,"featured_media":0,"parent":0,"menu_order":0,"comment_status":"closed","ping_status":"closed","template":"","meta":{"footnotes":""},"class_list":["post-2376","page","type-page","status-publish","hentry"],"_links":{"self":[{"href":"https:\/\/saludextremadura.ses.es\/areasaludllerena-zafra\/wp-json\/wp\/v2\/pages\/2376"}],"collection":[{"href":"https:\/\/saludextremadura.ses.es\/areasaludllerena-zafra\/wp-json\/wp\/v2\/pages"}],"about":[{"href":"https:\/\/saludextremadura.ses.es\/areasaludllerena-zafra\/wp-json\/wp\/v2\/types\/page"}],"author":[{"embeddable":true,"href":"https:\/\/saludextremadura.ses.es\/areasaludllerena-zafra\/wp-json\/wp\/v2\/users\/1"}],"replies":[{"embeddable":true,"href":"https:\/\/saludextremadura.ses.es\/areasaludllerena-zafra\/wp-json\/wp\/v2\/comments?post=2376"}],"version-history":[{"count":25,"href":"https:\/\/saludextremadura.ses.es\/areasaludllerena-zafra\/wp-json\/wp\/v2\/pages\/2376\/revisions"}],"predecessor-version":[{"id":4210,"href":"https:\/\/saludextremadura.ses.es\/areasaludllerena-zafra\/wp-json\/wp\/v2\/pages\/2376\/revisions\/4210"}],"wp:attachment":[{"href":"https:\/\/saludextremadura.ses.es\/areasaludllerena-zafra\/wp-json\/wp\/v2\/media?parent=2376"}],"curies":[{"name":"wp","href":"https:\/\/api.w.org\/{rel}","templated":true}]}}