{"id":2177,"date":"2024-05-29T12:05:01","date_gmt":"2024-05-29T10:05:01","guid":{"rendered":"https:\/\/saludextremadura.ses.es\/areasaludllerena-zafra\/?page_id=2177"},"modified":"2024-07-22T11:05:33","modified_gmt":"2024-07-22T09:05:33","slug":"directorio-de-salud-publica","status":"publish","type":"page","link":"https:\/\/saludextremadura.ses.es\/areasaludllerena-zafra\/directorio-de-salud-publica\/","title":{"rendered":"Directorio de Salud P\u00fablica"},"content":{"rendered":"\t\t<div data-elementor-type=\"wp-page\" data-elementor-id=\"2177\" class=\"elementor elementor-2177\">\n\t\t\t\t<div class=\"elementor-element elementor-element-66e7e6b3 e-flex e-con-boxed wpr-particle-no wpr-jarallax-no wpr-parallax-no wpr-sticky-section-no e-con e-parent\" data-id=\"66e7e6b3\" data-element_type=\"container\" id=\"directorio\">\n\t\t\t\t\t<div class=\"e-con-inner\">\n\t\t<div class=\"elementor-element elementor-element-3aa19236 e-flex e-con-boxed wpr-particle-no wpr-jarallax-no wpr-parallax-no wpr-sticky-section-no e-con e-child\" data-id=\"3aa19236\" data-element_type=\"container\" data-settings=\"{&quot;background_background&quot;:&quot;gradient&quot;}\">\n\t\t\t\t\t<div class=\"e-con-inner\">\n\t\t\t\t<div class=\"elementor-element elementor-element-14a99e8b elementor-widget elementor-widget-heading\" data-id=\"14a99e8b\" data-element_type=\"widget\" data-widget_type=\"heading.default\">\n\t\t\t\t<div class=\"elementor-widget-container\">\n\t\t\t<style>\/*! elementor - v3.23.0 - 15-07-2024 *\/\n.elementor-heading-title{padding:0;margin:0;line-height:1}.elementor-widget-heading .elementor-heading-title[class*=elementor-size-]>a{color:inherit;font-size:inherit;line-height:inherit}.elementor-widget-heading .elementor-heading-title.elementor-size-small{font-size:15px}.elementor-widget-heading .elementor-heading-title.elementor-size-medium{font-size:19px}.elementor-widget-heading .elementor-heading-title.elementor-size-large{font-size:29px}.elementor-widget-heading .elementor-heading-title.elementor-size-xl{font-size:39px}.elementor-widget-heading .elementor-heading-title.elementor-size-xxl{font-size:59px}<\/style><h2 class=\"elementor-heading-title elementor-size-default\">Salud P\u00fablica<\/h2>\t\t<\/div>\n\t\t\t\t<\/div>\n\t\t\t\t<div class=\"elementor-element elementor-element-22dbde7f elementor-widget elementor-widget-heading\" data-id=\"22dbde7f\" data-element_type=\"widget\" data-widget_type=\"heading.default\">\n\t\t\t\t<div class=\"elementor-widget-container\">\n\t\t\t<h2 class=\"elementor-heading-title elementor-size-default\">Directorio de salud p\u00fablica <\/h2>\t\t<\/div>\n\t\t\t\t<\/div>\n\t\t<div class=\"elementor-element elementor-element-3c3a440e e-flex e-con-boxed wpr-particle-no wpr-jarallax-no wpr-parallax-no wpr-sticky-section-no elementor-invisible e-con e-child\" data-id=\"3c3a440e\" data-element_type=\"container\" data-settings=\"{&quot;animation&quot;:&quot;fadeInDown&quot;}\">\n\t\t\t\t\t<div class=\"e-con-inner\">\n\t\t<div class=\"elementor-element elementor-element-7c651915 e-flex e-con-boxed wpr-particle-no wpr-jarallax-no wpr-parallax-no wpr-sticky-section-no e-con e-child\" data-id=\"7c651915\" data-element_type=\"container\">\n\t\t\t\t\t<div class=\"e-con-inner\">\n\t\t\t\t<div class=\"elementor-element elementor-element-45cd8668 elementor-position-top elementor-widget elementor-widget-image-box\" data-id=\"45cd8668\" data-element_type=\"widget\" data-widget_type=\"image-box.default\">\n\t\t\t\t<div class=\"elementor-widget-container\">\n\t\t\t<style>.elementor-widget-image-box .elementor-image-box-content{width:100%}@media (min-width:768px){.elementor-widget-image-box.elementor-position-left .elementor-image-box-wrapper,.elementor-widget-image-box.elementor-position-right .elementor-image-box-wrapper{display:flex}.elementor-widget-image-box.elementor-position-right .elementor-image-box-wrapper{text-align:end;flex-direction:row-reverse}.elementor-widget-image-box.elementor-position-left .elementor-image-box-wrapper{text-align:start;flex-direction:row}.elementor-widget-image-box.elementor-position-top .elementor-image-box-img{margin:auto}.elementor-widget-image-box.elementor-vertical-align-top .elementor-image-box-wrapper{align-items:flex-start}.elementor-widget-image-box.elementor-vertical-align-middle .elementor-image-box-wrapper{align-items:center}.elementor-widget-image-box.elementor-vertical-align-bottom .elementor-image-box-wrapper{align-items:flex-end}}@media (max-width:767px){.elementor-widget-image-box .elementor-image-box-img{margin-left:auto!important;margin-right:auto!important;margin-bottom:15px}}.elementor-widget-image-box .elementor-image-box-img{display:inline-block}.elementor-widget-image-box .elementor-image-box-title a{color:inherit}.elementor-widget-image-box .elementor-image-box-wrapper{text-align:center}.elementor-widget-image-box .elementor-image-box-description{margin:0}<\/style><div class=\"elementor-image-box-wrapper\"><figure class=\"elementor-image-box-img\"><img fetchpriority=\"high\" decoding=\"async\" width=\"290\" height=\"290\" src=\"https:\/\/saludextremadura.ses.es\/areasaludllerena-zafra\/wp-content\/uploads\/2024\/05\/rayos-1.png\" class=\"attachment-full size-full wp-image-2254\" alt=\"\" srcset=\"https:\/\/saludextremadura.ses.es\/areasaludllerena-zafra\/wp-content\/uploads\/2024\/05\/rayos-1.png 290w, https:\/\/saludextremadura.ses.es\/areasaludllerena-zafra\/wp-content\/uploads\/2024\/05\/rayos-1-150x150.png 150w\" sizes=\"(max-width: 290px) 100vw, 290px\" \/><\/figure><div class=\"elementor-image-box-content\"><h3 class=\"elementor-image-box-title\">Directora de Salud<\/h3><p class=\"elementor-image-box-description\">Macarena Uriol Batuecas<\/br>macarena.uriol@salud-juntaex.es<\/br> 924029195<\/p><\/div><\/div>\t\t<\/div>\n\t\t\t\t<\/div>\n\t\t\t\t\t<\/div>\n\t\t\t\t<\/div>\n\t\t<div class=\"elementor-element elementor-element-7930db7e e-flex e-con-boxed wpr-particle-no wpr-jarallax-no wpr-parallax-no wpr-sticky-section-no e-con e-child\" data-id=\"7930db7e\" data-element_type=\"container\">\n\t\t\t\t\t<div class=\"e-con-inner\">\n\t\t\t\t<div class=\"elementor-element elementor-element-5af4465c elementor-position-top elementor-widget elementor-widget-image-box\" data-id=\"5af4465c\" data-element_type=\"widget\" data-widget_type=\"image-box.default\">\n\t\t\t\t<div class=\"elementor-widget-container\">\n\t\t\t<div class=\"elementor-image-box-wrapper\"><figure class=\"elementor-image-box-img\"><img decoding=\"async\" width=\"290\" height=\"290\" src=\"https:\/\/saludextremadura.ses.es\/areasaludllerena-zafra\/wp-content\/uploads\/2024\/05\/Icon-5-1.png\" class=\"attachment-full size-full wp-image-2209\" alt=\"\" srcset=\"https:\/\/saludextremadura.ses.es\/areasaludllerena-zafra\/wp-content\/uploads\/2024\/05\/Icon-5-1.png 290w, https:\/\/saludextremadura.ses.es\/areasaludllerena-zafra\/wp-content\/uploads\/2024\/05\/Icon-5-1-150x150.png 150w\" sizes=\"(max-width: 290px) 100vw, 290px\" \/><\/figure><div class=\"elementor-image-box-content\"><h3 class=\"elementor-image-box-title\">Veterinario de Salud P\u00fablica<\/h3><p class=\"elementor-image-box-description\">Rafael \u00c1lvarez Pulido<\/br>rafael.alvarez@salud-juntaex.es<\/br>924029291<\/p><\/div><\/div>\t\t<\/div>\n\t\t\t\t<\/div>\n\t\t\t\t\t<\/div>\n\t\t\t\t<\/div>\n\t\t<div class=\"elementor-element elementor-element-120fd24 e-flex e-con-boxed wpr-particle-no wpr-jarallax-no wpr-parallax-no wpr-sticky-section-no e-con e-child\" data-id=\"120fd24\" data-element_type=\"container\">\n\t\t\t\t\t<div class=\"e-con-inner\">\n\t\t\t\t<div class=\"elementor-element elementor-element-7aae303 elementor-position-top elementor-widget elementor-widget-image-box\" data-id=\"7aae303\" data-element_type=\"widget\" data-widget_type=\"image-box.default\">\n\t\t\t\t<div class=\"elementor-widget-container\">\n\t\t\t<div class=\"elementor-image-box-wrapper\"><figure class=\"elementor-image-box-img\"><img decoding=\"async\" width=\"113\" height=\"113\" src=\"https:\/\/saludextremadura.ses.es\/areasaludllerena-zafra\/wp-content\/uploads\/2024\/05\/labo-1.png\" class=\"attachment-full size-full wp-image-2242\" alt=\"\" \/><\/figure><div class=\"elementor-image-box-content\"><h3 class=\"elementor-image-box-title\">Responsable de vacunas<\/h3><p class=\"elementor-image-box-description\">Sonia Becerra Becerra<\/br>sonia.becerra@salud-juntaex.es<\/br>924877000<\/p><\/div><\/div>\t\t<\/div>\n\t\t\t\t<\/div>\n\t\t\t\t\t<\/div>\n\t\t\t\t<\/div>\n\t\t\t\t\t<\/div>\n\t\t\t\t<\/div>\n\t\t<div class=\"elementor-element elementor-element-56517bf e-flex e-con-boxed wpr-particle-no wpr-jarallax-no wpr-parallax-no wpr-sticky-section-no elementor-invisible e-con e-child\" data-id=\"56517bf\" data-element_type=\"container\" data-settings=\"{&quot;animation&quot;:&quot;fadeInUp&quot;}\">\n\t\t\t\t\t<div class=\"e-con-inner\">\n\t\t<div class=\"elementor-element elementor-element-4334da9 e-flex e-con-boxed wpr-particle-no wpr-jarallax-no wpr-parallax-no wpr-sticky-section-no e-con e-child\" data-id=\"4334da9\" data-element_type=\"container\">\n\t\t\t\t\t<div class=\"e-con-inner\">\n\t\t\t\t<div class=\"elementor-element elementor-element-f74205c elementor-position-top elementor-widget elementor-widget-image-box\" data-id=\"f74205c\" data-element_type=\"widget\" data-widget_type=\"image-box.default\">\n\t\t\t\t<div class=\"elementor-widget-container\">\n\t\t\t<div class=\"elementor-image-box-wrapper\"><figure class=\"elementor-image-box-img\"><img loading=\"lazy\" decoding=\"async\" width=\"113\" height=\"113\" src=\"https:\/\/saludextremadura.ses.es\/areasaludllerena-zafra\/wp-content\/uploads\/2024\/05\/Super-1.png\" class=\"attachment-full size-full wp-image-2246\" alt=\"\" \/><\/figure><div class=\"elementor-image-box-content\"><h3 class=\"elementor-image-box-title\">Farmac\u00e9utica de Salud P\u00fablica<\/h3><p class=\"elementor-image-box-description\">Matilde Garc\u00eda \u00c1lvarez<\/br>matilde.garcia@salud-juntaex.es<\/br> 924029290<\/p><\/div><\/div>\t\t<\/div>\n\t\t\t\t<\/div>\n\t\t\t\t\t<\/div>\n\t\t\t\t<\/div>\n\t\t<div class=\"elementor-element elementor-element-598781d e-flex e-con-boxed wpr-particle-no wpr-jarallax-no wpr-parallax-no wpr-sticky-section-no e-con e-child\" data-id=\"598781d\" data-element_type=\"container\">\n\t\t\t\t\t<div class=\"e-con-inner\">\n\t\t\t\t<div class=\"elementor-element elementor-element-20ca131 elementor-position-top elementor-widget elementor-widget-image-box\" data-id=\"20ca131\" data-element_type=\"widget\" data-widget_type=\"image-box.default\">\n\t\t\t\t<div class=\"elementor-widget-container\">\n\t\t\t<div class=\"elementor-image-box-wrapper\"><figure class=\"elementor-image-box-img\"><img loading=\"lazy\" decoding=\"async\" width=\"113\" height=\"113\" src=\"https:\/\/saludextremadura.ses.es\/areasaludllerena-zafra\/wp-content\/uploads\/2024\/05\/conext-1.png\" class=\"attachment-full size-full wp-image-2252\" alt=\"\" \/><\/figure><div class=\"elementor-image-box-content\"><h3 class=\"elementor-image-box-title\">Administrativo<\/h3><p class=\"elementor-image-box-description\">\u00c1ngel Antonio Su\u00e1rez Morillo<\/br>angelantonio.suarez@salud-juntaex.es<\/br>924029195<\/p><\/div><\/div>\t\t<\/div>\n\t\t\t\t<\/div>\n\t\t\t\t\t<\/div>\n\t\t\t\t<\/div>\n\t\t<div class=\"elementor-element elementor-element-b314470 e-flex e-con-boxed wpr-particle-no wpr-jarallax-no wpr-parallax-no wpr-sticky-section-no e-con e-child\" data-id=\"b314470\" data-element_type=\"container\">\n\t\t\t\t\t<div class=\"e-con-inner\">\n\t\t\t\t<div class=\"elementor-element elementor-element-405d80d elementor-position-top elementor-widget elementor-widget-image-box\" data-id=\"405d80d\" data-element_type=\"widget\" data-widget_type=\"image-box.default\">\n\t\t\t\t<div class=\"elementor-widget-container\">\n\t\t\t<div class=\"elementor-image-box-wrapper\"><figure class=\"elementor-image-box-img\"><img decoding=\"async\" width=\"290\" height=\"290\" src=\"https:\/\/saludextremadura.ses.es\/areasaludllerena-zafra\/wp-content\/uploads\/2024\/05\/Icon-5-1.png\" class=\"attachment-full size-full wp-image-2209\" alt=\"\" srcset=\"https:\/\/saludextremadura.ses.es\/areasaludllerena-zafra\/wp-content\/uploads\/2024\/05\/Icon-5-1.png 290w, https:\/\/saludextremadura.ses.es\/areasaludllerena-zafra\/wp-content\/uploads\/2024\/05\/Icon-5-1-150x150.png 150w\" sizes=\"(max-width: 290px) 100vw, 290px\" \/><\/figure><div class=\"elementor-image-box-content\"><h3 class=\"elementor-image-box-title\">Veterinaria de Salud P\u00fablica<\/h3><p class=\"elementor-image-box-description\">Alicia Fern\u00e1ndez Garc\u00eda \u2013 Gil<\/br>alicia.fernandez@salud-juntaex.es<\/br>924029215<\/p><\/div><\/div>\t\t<\/div>\n\t\t\t\t<\/div>\n\t\t\t\t\t<\/div>\n\t\t\t\t<\/div>\n\t\t\t\t\t<\/div>\n\t\t\t\t<\/div>\n\t\t<div class=\"elementor-element elementor-element-fde4cdf e-flex e-con-boxed wpr-particle-no wpr-jarallax-no wpr-parallax-no wpr-sticky-section-no elementor-invisible e-con e-child\" data-id=\"fde4cdf\" data-element_type=\"container\" data-settings=\"{&quot;animation&quot;:&quot;fadeInUp&quot;}\">\n\t\t\t\t\t<div class=\"e-con-inner\">\n\t\t<div class=\"elementor-element elementor-element-56efde8 e-flex e-con-boxed wpr-particle-no wpr-jarallax-no wpr-parallax-no wpr-sticky-section-no e-con e-child\" data-id=\"56efde8\" data-element_type=\"container\">\n\t\t\t\t\t<div class=\"e-con-inner\">\n\t\t\t\t<div class=\"elementor-element elementor-element-4b0dce1 elementor-position-top elementor-widget elementor-widget-image-box\" data-id=\"4b0dce1\" data-element_type=\"widget\" data-widget_type=\"image-box.default\">\n\t\t\t\t<div class=\"elementor-widget-container\">\n\t\t\t<div class=\"elementor-image-box-wrapper\"><figure class=\"elementor-image-box-img\"><img loading=\"lazy\" decoding=\"async\" width=\"113\" height=\"113\" src=\"https:\/\/saludextremadura.ses.es\/areasaludllerena-zafra\/wp-content\/uploads\/2024\/05\/Super-2-1.png\" class=\"attachment-full size-full wp-image-2251\" alt=\"\" \/><\/figure><div class=\"elementor-image-box-content\"><h3 class=\"elementor-image-box-title\">T\u00e9cnico de Salud y Coordinador de Calidad y Seguridad del Paciente<\/h3><p class=\"elementor-image-box-description\">Jos\u00e9 Manuel Ruso Benavente<\/br>josemanuel.ruso@salud-juntaex.es<\/br>924029292<\/p><\/div><\/div>\t\t<\/div>\n\t\t\t\t<\/div>\n\t\t\t\t\t<\/div>\n\t\t\t\t<\/div>\n\t\t\t\t\t<\/div>\n\t\t\t\t<\/div>\n\t\t\t\t\t<\/div>\n\t\t\t\t<\/div>\n\t\t\t\t\t<\/div>\n\t\t\t\t<\/div>\n\t\t\t\t<\/div>\n\t\t","protected":false},"excerpt":{"rendered":"<p>Salud P\u00fablica Directorio de salud p\u00fablica Directora de Salud Macarena Uriol Batuecasmacarena.uriol@salud-juntaex.es 924029195 Veterinario de Salud P\u00fablica Rafael \u00c1lvarez Pulidorafael.alvarez@salud-juntaex.es924029291 Responsable de vacunas Sonia Becerra Becerrasonia.becerra@salud-juntaex.es924877000 Farmac\u00e9utica de Salud P\u00fablica Matilde Garc\u00eda \u00c1lvarezmatilde.garcia@salud-juntaex.es 924029290 Administrativo \u00c1ngel Antonio Su\u00e1rez Morilloangelantonio.suarez@salud-juntaex.es924029195 Veterinaria de Salud P\u00fablica Alicia Fern\u00e1ndez Garc\u00eda \u2013 Gilalicia.fernandez@salud-juntaex.es924029215 T\u00e9cnico de Salud y Coordinador de Calidad y Seguridad del Paciente Jos\u00e9 Manuel Ruso Benaventejosemanuel.ruso@salud-juntaex.es924029292<\/p>\n","protected":false},"author":1,"featured_media":0,"parent":0,"menu_order":0,"comment_status":"closed","ping_status":"closed","template":"","meta":{"footnotes":""},"class_list":["post-2177","page","type-page","status-publish","hentry"],"_links":{"self":[{"href":"https:\/\/saludextremadura.ses.es\/areasaludllerena-zafra\/wp-json\/wp\/v2\/pages\/2177"}],"collection":[{"href":"https:\/\/saludextremadura.ses.es\/areasaludllerena-zafra\/wp-json\/wp\/v2\/pages"}],"about":[{"href":"https:\/\/saludextremadura.ses.es\/areasaludllerena-zafra\/wp-json\/wp\/v2\/types\/page"}],"author":[{"embeddable":true,"href":"https:\/\/saludextremadura.ses.es\/areasaludllerena-zafra\/wp-json\/wp\/v2\/users\/1"}],"replies":[{"embeddable":true,"href":"https:\/\/saludextremadura.ses.es\/areasaludllerena-zafra\/wp-json\/wp\/v2\/comments?post=2177"}],"version-history":[{"count":83,"href":"https:\/\/saludextremadura.ses.es\/areasaludllerena-zafra\/wp-json\/wp\/v2\/pages\/2177\/revisions"}],"predecessor-version":[{"id":4081,"href":"https:\/\/saludextremadura.ses.es\/areasaludllerena-zafra\/wp-json\/wp\/v2\/pages\/2177\/revisions\/4081"}],"wp:attachment":[{"href":"https:\/\/saludextremadura.ses.es\/areasaludllerena-zafra\/wp-json\/wp\/v2\/media?parent=2177"}],"curies":[{"name":"wp","href":"https:\/\/api.w.org\/{rel}","templated":true}]}}