{"id":795,"date":"2022-06-30T12:45:10","date_gmt":"2022-06-30T10:45:10","guid":{"rendered":"https:\/\/saludextremadura.ses.es\/areasaluddonbenito\/?page_id=795"},"modified":"2022-08-18T10:38:53","modified_gmt":"2022-08-18T08:38:53","slug":"policia-sanitaria-mortuoria","status":"publish","type":"page","link":"https:\/\/saludextremadura.ses.es\/areasaluddonbenito\/saludpublica\/salud-medioambiental\/policia-sanitaria-mortuoria\/","title":{"rendered":"Polic\u00eda Sanitaria Mortuoria"},"content":{"rendered":"<h2 class=\"titulo-pagina wp-block-post-title\">Polic\u00eda Sanitaria Mortuoria<\/h2>\n\n\n<hr class=\"wp-block-separator has-alpha-channel-opacity linea-titulo\"\/>\n\n\n\n<p>Realizamos las siguientes actividades:<\/p>\n\n\n\n<ul><li>Asesoramiento a Ayuntamientos y Entidades privadas en tramitaci\u00f3n de expedientes a D.G. Salud P\u00fablica para obtenci\u00f3n de Autorizaci\u00f3n de Construcci\u00f3n y\/o modificaci\u00f3n de Cementerios, nichos, columbarios, tanatorios y salas velatorio.<\/li><li>Asesoramiento a Ayuntamientos y Entidades privadas en tramitaci\u00f3n de expedientes a D.G. Salud P\u00fablica para obtenci\u00f3n de Autorizaci\u00f3n de Funcionamiento de Cementerios, nichos, columbarios, tanatorios y salas velatorio. Realizamos inspecci\u00f3n \u201cin situ\u201d a petici\u00f3n de la D. G. Salud P\u00fablica como parte del procedimiento.<\/li><li>Autorizaci\u00f3n de traslados de cad\u00e1veres y restos cadav\u00e9ricos mediante modelo anexo II \u00f3 anexo III previa solicitud con modelo anexo I del Decreto 161\/2002.<\/li><li>Autorizaci\u00f3n de exhumaci\u00f3n mediante modelo anexo IV del Decreto 161\/2002.<\/li><\/ul>\n\n\n\n<h3 class=\"has-black-color has-text-color\"><strong>LEGISLACION:<\/strong><\/h3>\n\n\n<div style=\"display:flex\" class=\"enlacearchivos\">\n    <img decoding=\"async\" src=\"https:\/\/saludextremadura.ses.es\/areasaluddonbenito\/wp-content\/themes\/temaAreaSalud\/img\/Vector (14).svg\" alt=\"\">\n    <a class=\"\" title=\"\" href=\"https:\/\/saludextremadura.ses.es\/areasaluddonbenito\/download\/1613\/?tmstv=1776677691\" rel=\"nofollow\">\n        DECRETO 161\/2002, de 19 de noviembre, por el que se aprueba el Reglamento de Polic\u00eda Sanitaria Mortuoria    <\/a>\n    <div class=\"filetype-icon filetype-pdf \"><\/div>\n<\/div>\n\n<div style=\"display:flex\" class=\"enlacearchivos\">\n    <img decoding=\"async\" src=\"https:\/\/saludextremadura.ses.es\/areasaluddonbenito\/wp-content\/themes\/temaAreaSalud\/img\/Vector (14).svg\" alt=\"\">\n    <a class=\"\" title=\"\" href=\"https:\/\/saludextremadura.ses.es\/areasaluddonbenito\/download\/1615\/?tmstv=1776677691\" rel=\"nofollow\">\n        ORDEN de 23 de marzo de 2006 por la que se regulan distintos procedimientos de autorizaci\u00f3n en Polic\u00eda Sanitaria Mortuoria.    <\/a>\n    <div class=\"filetype-icon filetype-pdf \"><\/div>\n<\/div>","protected":false},"excerpt":{"rendered":"<p>Realizamos las siguientes actividades: Asesoramiento a Ayuntamientos y Entidades privadas en tramitaci\u00f3n de expedientes a D.G. Salud P\u00fablica para obtenci\u00f3n de Autorizaci\u00f3n de Construcci\u00f3n y\/o modificaci\u00f3n de Cementerios, nichos, columbarios, tanatorios y salas velatorio. Asesoramiento a Ayuntamientos y Entidades privadas en tramitaci\u00f3n de expedientes a D.G. Salud P\u00fablica para obtenci\u00f3n de Autorizaci\u00f3n de Funcionamiento de [&hellip;]<\/p>\n","protected":false},"author":1,"featured_media":0,"parent":687,"menu_order":0,"comment_status":"closed","ping_status":"closed","template":"page-template\/page-no-slider.php","meta":{"_eb_attr":"","inline_featured_image":false},"_links":{"self":[{"href":"https:\/\/saludextremadura.ses.es\/areasaluddonbenito\/wp-json\/wp\/v2\/pages\/795"}],"collection":[{"href":"https:\/\/saludextremadura.ses.es\/areasaluddonbenito\/wp-json\/wp\/v2\/pages"}],"about":[{"href":"https:\/\/saludextremadura.ses.es\/areasaluddonbenito\/wp-json\/wp\/v2\/types\/page"}],"author":[{"embeddable":true,"href":"https:\/\/saludextremadura.ses.es\/areasaluddonbenito\/wp-json\/wp\/v2\/users\/1"}],"replies":[{"embeddable":true,"href":"https:\/\/saludextremadura.ses.es\/areasaluddonbenito\/wp-json\/wp\/v2\/comments?post=795"}],"version-history":[{"count":6,"href":"https:\/\/saludextremadura.ses.es\/areasaluddonbenito\/wp-json\/wp\/v2\/pages\/795\/revisions"}],"predecessor-version":[{"id":1618,"href":"https:\/\/saludextremadura.ses.es\/areasaluddonbenito\/wp-json\/wp\/v2\/pages\/795\/revisions\/1618"}],"up":[{"embeddable":true,"href":"https:\/\/saludextremadura.ses.es\/areasaluddonbenito\/wp-json\/wp\/v2\/pages\/687"}],"wp:attachment":[{"href":"https:\/\/saludextremadura.ses.es\/areasaluddonbenito\/wp-json\/wp\/v2\/media?parent=795"}],"curies":[{"name":"wp","href":"https:\/\/api.w.org\/{rel}","templated":true}]}}