{"id":789,"date":"2022-06-30T12:44:25","date_gmt":"2022-06-30T10:44:25","guid":{"rendered":"https:\/\/saludextremadura.ses.es\/areasaluddonbenito\/?page_id=789"},"modified":"2022-10-06T08:38:27","modified_gmt":"2022-10-06T06:38:27","slug":"establecimientos-no-sanitarios","status":"publish","type":"page","link":"https:\/\/saludextremadura.ses.es\/areasaluddonbenito\/saludpublica\/salud-medioambiental\/establecimientos-no-sanitarios\/","title":{"rendered":"Establecimientos no sanitarios"},"content":{"rendered":"\n<h3>Establecimientos destinados a la pr\u00e1ctica del tatuaje, micropigmentaci\u00f3n, piercing u otras t\u00e9cnicas similares.<\/h3>\n\n\n\n<h3>&nbsp;<\/h3>\n\n\n\n<p>El objeto es vigilar y controlar los establecimientos no en los que de forma permanente o temporal se realizan actividades de decoraci\u00f3n corporal, con la finalidad de proteger la salud, tanto de los usuarios como de los trabajadores.<\/p>\n\n\n\n<p><strong><em><u>Legislaci\u00f3n<\/u>.<\/em><\/strong><\/p>\n\n\n<div style=\"display:flex\" class=\"enlacearchivos\">\n    <img decoding=\"async\" src=\"https:\/\/saludextremadura.ses.es\/areasaluddonbenito\/wp-content\/themes\/temaAreaSalud\/img\/Vector (14).svg\" alt=\"\">\n    <a class=\"\" title=\"\" href=\"https:\/\/saludextremadura.ses.es\/areasaluddonbenito\/download\/1566\/?tmstv=1777671737\" rel=\"nofollow\">\n        El DECRETO 181\/2004, de 30 de noviembre, regula los establecimientos no sanitarios destinados a la pr\u00e1ctica del tatuaje, micropigmentaci\u00f3n, piercing u otras t\u00e9cnicas similares.    <\/a>\n    <div class=\"filetype-icon filetype-pdf \"><\/div>\n<\/div>\n\n\n<p>Todo establecimiento que realice pr\u00e1cticas de decoraci\u00f3n corporal debe inscribirse en <a href=\"https:\/\/ciudadano.gobex.es\/documents\/10842\/434777\/3633+Solicitud-3633c.pdf\/05c1d022-c37e-4372-b2ce-fade2a6da0d1\">&nbsp;el Registro Oficial de Establecimientos de T\u00e9cnicas de Decoraci\u00f3n Corporal <\/a><strong><u>y necesita tener formaci\u00f3n <\/u><\/strong>higi\u00e9nico-sanitaria, que constar\u00e1n de un m\u00ednimo de&nbsp; 30 horas de duraci\u00f3n y que incluir\u00e1n un porcentaje m\u00ednimo del 10% de sesiones pr\u00e1cticas del total de horas lectivas, quedando exentos de la misma aquellos Titulados Sanitarios Superiores o Medios, o T\u00e9cnicos Superiores en Est\u00e9tica<\/p>\n\n\n\n<p><strong><u>Formularios<\/u><\/strong>:<\/p>\n\n\n<div style=\"display:flex\" class=\"enlacearchivos\">\n    <img decoding=\"async\" src=\"https:\/\/saludextremadura.ses.es\/areasaluddonbenito\/wp-content\/themes\/temaAreaSalud\/img\/Vector (14).svg\" alt=\"\">\n    <a class=\"\" title=\"\" href=\"https:\/\/saludextremadura.ses.es\/areasaluddonbenito\/download\/1569\/?tmstv=1777671737\" rel=\"nofollow\">\n        Solicitud Inscripci\u00f3n en el Registro Oficial de Establecimientos de T\u00e9cnicas de Decoraci\u00f3n Corporal    <\/a>\n    <div class=\"filetype-icon filetype-pdf \"><\/div>\n<\/div>\n\n<div style=\"display:flex\" class=\"enlacearchivos\">\n    <img decoding=\"async\" src=\"https:\/\/saludextremadura.ses.es\/areasaluddonbenito\/wp-content\/themes\/temaAreaSalud\/img\/Vector (14).svg\" alt=\"\">\n    <a class=\"\" title=\"\" href=\"https:\/\/saludextremadura.ses.es\/areasaluddonbenito\/download\/1572\/?tmstv=1777671737\" rel=\"nofollow\">\n        Empresas homologadas para la formaci\u00f3n higi\u00e9nico-sanitaria de los aplicadores de t\u00e9cnicas de decoraci\u00f3n corporal.    <\/a>\n    <div class=\"filetype-icon filetype-pdf \"><\/div>\n<\/div>\n\n<div style=\"display:flex\" class=\"enlacearchivos\">\n    <img decoding=\"async\" src=\"https:\/\/saludextremadura.ses.es\/areasaluddonbenito\/wp-content\/themes\/temaAreaSalud\/img\/Vector (14).svg\" alt=\"\">\n    <a class=\"\" title=\"\" href=\"https:\/\/saludextremadura.ses.es\/areasaluddonbenito\/download\/1575\/?tmstv=1777671737\" rel=\"nofollow\">\n        Productos homologados    <\/a>\n    <div class=\"filetype-icon filetype-pdf \"><\/div>\n<\/div>\n\n\n<p>En el \u00c1rea est\u00e1n controlados y vigilados los establecimientos siguientes:<\/p>\n\n\n\n<p>Relaci\u00f3n de establecimientos con aparatos de tatuaje<\/p>\n\n\n\n<h2>Enlaces de inter\u00e9s:<\/h2>\n\n\n<div class=\"enlace-externo-item \">\n    <img decoding=\"async\" src=\"https:\/\/saludextremadura.ses.es\/areasaluddonbenito\/wp-content\/themes\/temaAreaSalud\/img\/Vector (14).svg\" alt=\"\">\n    <a href=\"https:\/\/ciudadano.gobex.es\/buscador-de-tramites\/-\/tramite\/ficha\/3633\" target=\"_blank\">https:\/\/ciudadano.gobex.es\/buscador-de-tramites\/-\/tramite\/ficha\/3633<\/a>\n<\/div>\n\n\n<h2>Establecimientos&nbsp; de bronceado<\/h2>\n\n\n\n<p>Todo&nbsp; establecimiento en los que se manipulen aparatos de bronceado mediante radiaciones ultravioletas deber\u00e1 estar inscrito en el Registro Oficial de Centros de Bronceado.<\/p>\n\n\n<div style=\"display:flex\" class=\"enlacearchivos\">\n    <img decoding=\"async\" src=\"https:\/\/saludextremadura.ses.es\/areasaluddonbenito\/wp-content\/themes\/temaAreaSalud\/img\/Vector (14).svg\" alt=\"\">\n    <a class=\"\" title=\"\" href=\"https:\/\/saludextremadura.ses.es\/areasaluddonbenito\/download\/1579\/?tmstv=1777671737\" rel=\"nofollow\">\n        Solicitud Inscripci\u00f3n en el Registro Oficial de Centros de Bronceado    <\/a>\n    <div class=\"filetype-icon filetype-pdf \"><\/div>\n<\/div>\n\n\n<p>Si no se est\u00e1 en posesi\u00f3n del T\u00edtulo de&nbsp; t\u00e9cnico sanitario superior o medio, o del de Titulado Superior en Est\u00e9tica, es necesario presentar el certificado de formaci\u00f3n higi\u00e9nico sanitario para manipuladores de aparatos de bronceado, de las personas que manejen estos aparatos.<\/p>\n\n\n\n<p>Empresas homologadas para la formaci\u00f3n<\/p>\n\n\n\n<p>Todos los aparatos de bronceado mediante radiaciones ultravioletas necesitan una revisi\u00f3n anual por empresas homologadas.<\/p>\n\n\n\n<p>Empresas homologadas para la revisi\u00f3n de los aparatos de bronceado.<\/p>\n\n\n\n<p>Esto se puede comprobar en cada aparato de bronceado viendo un adhesivo tipo este:<\/p>\n\n\n\n<p><strong><em><u>Legislaci\u00f3n<\/u><\/em><\/strong><\/p>\n\n\n<div style=\"display:flex\" class=\"enlacearchivos\">\n    <img decoding=\"async\" src=\"https:\/\/saludextremadura.ses.es\/areasaluddonbenito\/wp-content\/themes\/temaAreaSalud\/img\/Vector (14).svg\" alt=\"\">\n    <a class=\"\" title=\"\" href=\"https:\/\/saludextremadura.ses.es\/areasaluddonbenito\/download\/1583\/?tmstv=1777671737\" rel=\"nofollow\">\n        RD 1002\/2002de 27 de septiembre, por el que se regula la venta y utilizaci\u00f3n de aparatos de bronceado mediante radiaciones ultravioletas.    <\/a>\n    <div class=\"filetype-icon filetype-pdf \"><\/div>\n<\/div>\n\n<div style=\"display:flex\" class=\"enlacearchivos\">\n    <img decoding=\"async\" src=\"https:\/\/saludextremadura.ses.es\/areasaluddonbenito\/wp-content\/themes\/temaAreaSalud\/img\/Vector (14).svg\" alt=\"\">\n    <a class=\"\" title=\"\" href=\"https:\/\/saludextremadura.ses.es\/areasaluddonbenito\/download\/1586\/?tmstv=1777671737\" rel=\"nofollow\">\n        ORDEN de 30 de abril de 2004, por la que se regulan las normas relativas a la formaci\u00f3n de los manipuladores de los aparatos de bronceado mediante radiaciones ultravioletas, al procedimiento de autorizaci\u00f3n de empresas y entidades de formaci\u00f3n, y registro de centros de bronceado    <\/a>\n    <div class=\"filetype-icon filetype-pdf \"><\/div>\n<\/div>\n\n<div style=\"display:flex\" class=\"enlacearchivos\">\n    <img decoding=\"async\" src=\"https:\/\/saludextremadura.ses.es\/areasaluddonbenito\/wp-content\/themes\/temaAreaSalud\/img\/Vector (14).svg\" alt=\"\">\n    <a class=\"\" title=\"\" href=\"https:\/\/saludextremadura.ses.es\/areasaluddonbenito\/download\/1589\/?tmstv=1777671737\" rel=\"nofollow\">\n        ORDEN de 15 de mayo de 2014 por la que se crea la ficha personalizada de seguimiento de los usuarios de bronceado mediante radiaciones ultravioletas, y se regula la formaci\u00f3n continuada del personal que manipule los aparatos de bronceado mediante radiaciones ultravioletas en la Comunidad Aut\u00f3noma de Extremadura    <\/a>\n    <div class=\"filetype-icon filetype-pdf \"><\/div>\n<\/div>","protected":false},"excerpt":{"rendered":"<p>Establecimientos destinados a la pr\u00e1ctica del tatuaje, micropigmentaci\u00f3n, piercing u otras t\u00e9cnicas similares. &nbsp; El objeto es vigilar y controlar los establecimientos no en los que de forma permanente o temporal se realizan actividades de decoraci\u00f3n corporal, con la finalidad de proteger la salud, tanto de los usuarios como de los trabajadores. Legislaci\u00f3n. Todo establecimiento [&hellip;]<\/p>\n","protected":false},"author":1,"featured_media":0,"parent":687,"menu_order":0,"comment_status":"closed","ping_status":"closed","template":"page-template\/page-no-slider.php","meta":{"_eb_attr":"","inline_featured_image":false},"_links":{"self":[{"href":"https:\/\/saludextremadura.ses.es\/areasaluddonbenito\/wp-json\/wp\/v2\/pages\/789"}],"collection":[{"href":"https:\/\/saludextremadura.ses.es\/areasaluddonbenito\/wp-json\/wp\/v2\/pages"}],"about":[{"href":"https:\/\/saludextremadura.ses.es\/areasaluddonbenito\/wp-json\/wp\/v2\/types\/page"}],"author":[{"embeddable":true,"href":"https:\/\/saludextremadura.ses.es\/areasaluddonbenito\/wp-json\/wp\/v2\/users\/1"}],"replies":[{"embeddable":true,"href":"https:\/\/saludextremadura.ses.es\/areasaluddonbenito\/wp-json\/wp\/v2\/comments?post=789"}],"version-history":[{"count":4,"href":"https:\/\/saludextremadura.ses.es\/areasaluddonbenito\/wp-json\/wp\/v2\/pages\/789\/revisions"}],"predecessor-version":[{"id":2382,"href":"https:\/\/saludextremadura.ses.es\/areasaluddonbenito\/wp-json\/wp\/v2\/pages\/789\/revisions\/2382"}],"up":[{"embeddable":true,"href":"https:\/\/saludextremadura.ses.es\/areasaluddonbenito\/wp-json\/wp\/v2\/pages\/687"}],"wp:attachment":[{"href":"https:\/\/saludextremadura.ses.es\/areasaluddonbenito\/wp-json\/wp\/v2\/media?parent=789"}],"curies":[{"name":"wp","href":"https:\/\/api.w.org\/{rel}","templated":true}]}}