{"id":787,"date":"2022-06-30T12:44:12","date_gmt":"2022-06-30T10:44:12","guid":{"rendered":"https:\/\/saludextremadura.ses.es\/areasaluddonbenito\/?page_id=787"},"modified":"2022-08-18T10:04:34","modified_gmt":"2022-08-18T08:04:34","slug":"control-de-legionelosis","status":"publish","type":"page","link":"https:\/\/saludextremadura.ses.es\/areasaluddonbenito\/saludpublica\/salud-medioambiental\/control-de-legionelosis\/","title":{"rendered":"Control de Legionelosis"},"content":{"rendered":"\n<p>La legionelosis es una enfermedad bacteriana de origen ambiental, que puede estar asociada a varios tipos de instalaciones que utilizan agua en su funcionamiento. Para su prevenci\u00f3n es fundamental el control de la aplicaci\u00f3n de medidas de prevenci\u00f3n sanitaria, como es el mantenimiento higi\u00e9nico-sanitario de dichas instalaciones, que garantice la ausencia de la bacteria.<\/p>\n\n\n\n<p>Las instalaciones susceptibles de transmitir legionella pueden ser de alto riesgo y de bajo riesgo.<\/p>\n\n\n\n<h2>La notificaci\u00f3n de las instalaciones con alto riesgo de transmisi\u00f3n de legionelosis se puede hacer a trav\u00e9s:<\/h2>\n\n\n\n<p>-Sede electr\u00f3nica <a href=\"https:\/\/sede.gobex.es\/SEDE\/\">https:\/\/sede.gobex.es\/SEDE\/<\/a><\/p>\n\n\n<div style=\"display:flex\" class=\"enlacearchivos\">\n    <img decoding=\"async\" src=\"https:\/\/saludextremadura.ses.es\/areasaluddonbenito\/wp-content\/themes\/temaAreaSalud\/img\/Vector (14).svg\" alt=\"\">\n    <a class=\"\" title=\"\" href=\"https:\/\/saludextremadura.ses.es\/areasaluddonbenito\/download\/1548\/?tmstv=1777671767\" rel=\"nofollow\">\n        Formulario notificaci\u00f3n instalaciones de riesgo de dispersi\u00f3n de Legionella.    <\/a>\n    <div class=\"filetype-icon filetype-pdf \"><\/div>\n<\/div>\n\n\n<p>Todas las entidades formadoras que en el \u00e1mbito de la Comunidad Aut\u00f3noma pretendan desarrollar e impartir los cursos dirigidos al personal dedicado a las operaciones de mantenimiento higi\u00e9nico-sanitario, entendiendo como tal el control higi\u00e9nico-sanitario y las operaciones de mantenimiento y tratamiento de las instalaciones de riesgo de legionelosis objeto del art\u00edculo 2 del Real Decreto 865\/2003, de 4 de julio.<\/p>\n\n\n\n<p>Dichas entidades ser\u00e1n inscritas de oficio en el Registro de Entidades de Formaci\u00f3n autorizadas para desarrollar y\/o impartir cursos de formaci\u00f3n del personal que realiza las operaciones de mantenimiento higi\u00e9nico-sanitario de las instalaciones de riesgo de legionelosis, una vez haya sido autorizada la realizaci\u00f3n del curso.<\/p>\n\n\n\n<p>Enlace de inter\u00e9s:<\/p>\n\n\n<div class=\"enlace-externo-item \">\n    <img decoding=\"async\" src=\"https:\/\/saludextremadura.ses.es\/areasaluddonbenito\/wp-content\/themes\/temaAreaSalud\/img\/Vector (14).svg\" alt=\"\">\n    <a href=\"https:\/\/ciudadano.gobex.es\/buscador-de-tramites\/-\/tramite\/ficha\/5355\" target=\"_blank\">https:\/\/ciudadano.gobex.es\/buscador-de-tramites\/-\/tramite\/ficha\/5355<\/a>\n<\/div>\n\n\n<h2>Legislaci\u00f3n<\/h2>\n\n\n<div style=\"display:flex\" class=\"enlacearchivos\">\n    <img decoding=\"async\" src=\"https:\/\/saludextremadura.ses.es\/areasaluddonbenito\/wp-content\/themes\/temaAreaSalud\/img\/Vector (14).svg\" alt=\"\">\n    <a class=\"\" title=\"\" href=\"https:\/\/saludextremadura.ses.es\/areasaluddonbenito\/download\/1551\/?tmstv=1777671767\" rel=\"nofollow\">\n        Real Decreto 865\/2003, de 4 de julio, por el que se establecen los criterios higi\u00e9nico-sanitarios para la prevenci\u00f3n y control de la legionelosis.    <\/a>\n    <div class=\"filetype-icon filetype-pdf \"><\/div>\n<\/div>\n\n<div style=\"display:flex\" class=\"enlacearchivos\">\n    <img decoding=\"async\" src=\"https:\/\/saludextremadura.ses.es\/areasaluddonbenito\/wp-content\/themes\/temaAreaSalud\/img\/Vector (14).svg\" alt=\"\">\n    <a class=\"\" title=\"\" href=\"https:\/\/saludextremadura.ses.es\/areasaluddonbenito\/download\/1556\/?tmstv=1777671767\" rel=\"nofollow\">\n        Orden de 1 de diciembre de 2017 por la que se regula la notificaci\u00f3n de ciertas instalaciones de riesgo de dispersi\u00f3n de legionella y el censo de instalaciones de riesgo de dispersi\u00f3n de legionella. (DOE de 15 de diciembre de 2017)    <\/a>\n    <div class=\"filetype-icon filetype-pdf \"><\/div>\n<\/div>\n\n\n<h2>Enlaces de inter\u00e9s<\/h2>\n\n\n\n<p>Legionelosis:<\/p>\n\n\n\n<figure class=\"wp-block-embed\"><div class=\"wp-block-embed__wrapper\">\nhttps:\/\/www.sanidad.gob.es\/ciudadanos\/saludAmbLaboral\/agenBiologicos\/legionelosis.htm\n<\/div><\/figure>\n\n\n<div class=\"enlace-externo-item \">\n    <img decoding=\"async\" src=\"https:\/\/saludextremadura.ses.es\/areasaluddonbenito\/wp-content\/themes\/temaAreaSalud\/img\/Vector (14).svg\" alt=\"\">\n    <a href=\"https:\/\/www.sanidad.gob.es\/ciudadanos\/saludAmbLaboral\/agenBiologicos\/legionelosis.htm\" target=\"_blank\">https:\/\/www.sanidad.gob.es\/ciudadanos\/saludAmbLaboral\/agenBiologicos\/legionelosis.htm<\/a>\n<\/div>\n\n\n<p>Gu\u00eda t\u00e9cnica para la Prevenci\u00f3n y Control de la Legionelosis en instalaciones.<\/p>\n\n\n<div class=\"enlace-externo-item \">\n    <img decoding=\"async\" src=\"https:\/\/saludextremadura.ses.es\/areasaluddonbenito\/wp-content\/themes\/temaAreaSalud\/img\/Vector (14).svg\" alt=\"\">\n    <a href=\"https:\/\/www.mscbs.gob.es\/ciudadanos\/saludAmbLaboral\/agenBiologicos\/guia.htm\" target=\"_blank\">https:\/\/www.mscbs.gob.es\/ciudadanos\/saludAmbLaboral\/agenBiologicos\/guia.htm<\/a>\n<\/div>\n\n<div style=\"display:flex\" class=\"enlacearchivos\">\n    <img decoding=\"async\" src=\"https:\/\/saludextremadura.ses.es\/areasaluddonbenito\/wp-content\/themes\/temaAreaSalud\/img\/Vector (14).svg\" alt=\"\">\n    <a class=\"\" title=\"\" href=\"https:\/\/saludextremadura.ses.es\/areasaluddonbenito\/download\/1559\/?tmstv=1777671767\" rel=\"nofollow\">\n        Programa de los cursos para el mantenimiento higi\u00e9nico-sanitario de instalaciones de riesgo frente a Legionella    <\/a>\n    <div class=\"filetype-icon filetype-pdf \"><\/div>\n<\/div>","protected":false},"excerpt":{"rendered":"<p>La legionelosis es una enfermedad bacteriana de origen ambiental, que puede estar asociada a varios tipos de instalaciones que utilizan agua en su funcionamiento. Para su prevenci\u00f3n es fundamental el control de la aplicaci\u00f3n de medidas de prevenci\u00f3n sanitaria, como es el mantenimiento higi\u00e9nico-sanitario de dichas instalaciones, que garantice la ausencia de la bacteria. Las [&hellip;]<\/p>\n","protected":false},"author":1,"featured_media":0,"parent":687,"menu_order":0,"comment_status":"closed","ping_status":"closed","template":"page-template\/page-no-slider.php","meta":{"_eb_attr":"","inline_featured_image":false},"_links":{"self":[{"href":"https:\/\/saludextremadura.ses.es\/areasaluddonbenito\/wp-json\/wp\/v2\/pages\/787"}],"collection":[{"href":"https:\/\/saludextremadura.ses.es\/areasaluddonbenito\/wp-json\/wp\/v2\/pages"}],"about":[{"href":"https:\/\/saludextremadura.ses.es\/areasaluddonbenito\/wp-json\/wp\/v2\/types\/page"}],"author":[{"embeddable":true,"href":"https:\/\/saludextremadura.ses.es\/areasaluddonbenito\/wp-json\/wp\/v2\/users\/1"}],"replies":[{"embeddable":true,"href":"https:\/\/saludextremadura.ses.es\/areasaluddonbenito\/wp-json\/wp\/v2\/comments?post=787"}],"version-history":[{"count":5,"href":"https:\/\/saludextremadura.ses.es\/areasaluddonbenito\/wp-json\/wp\/v2\/pages\/787\/revisions"}],"predecessor-version":[{"id":1564,"href":"https:\/\/saludextremadura.ses.es\/areasaluddonbenito\/wp-json\/wp\/v2\/pages\/787\/revisions\/1564"}],"up":[{"embeddable":true,"href":"https:\/\/saludextremadura.ses.es\/areasaluddonbenito\/wp-json\/wp\/v2\/pages\/687"}],"wp:attachment":[{"href":"https:\/\/saludextremadura.ses.es\/areasaluddonbenito\/wp-json\/wp\/v2\/media?parent=787"}],"curies":[{"name":"wp","href":"https:\/\/api.w.org\/{rel}","templated":true}]}}