{"id":783,"date":"2022-06-30T12:43:42","date_gmt":"2022-06-30T10:43:42","guid":{"rendered":"https:\/\/saludextremadura.ses.es\/areasaluddonbenito\/?page_id=783"},"modified":"2022-08-18T09:07:17","modified_gmt":"2022-08-18T07:07:17","slug":"piscinas","status":"publish","type":"page","link":"https:\/\/saludextremadura.ses.es\/areasaluddonbenito\/saludpublica\/salud-medioambiental\/piscinas\/","title":{"rendered":"Piscinas"},"content":{"rendered":"<h2 class=\"wp-block-post-title\">Piscinas<\/h2>\n\n\n<hr class=\"wp-block-separator has-alpha-channel-opacity linea-titulo\"\/>\n\n\n\n<p>El uso de las piscinas entra\u00f1a un potencial riesgo sanitario, bien sea porque sus instalaciones no re\u00fanen las condiciones adecuadas o porque la calidad del&nbsp; agua de las piscinas no sea \u00f3ptima, pudiendo ser veh\u00edculo de transmisi\u00f3n de microorganismos, y por tanto, una fuente de contaminaci\u00f3n de enfermedades de transmisi\u00f3n h\u00eddrica: otitis, sinusitis, conjuntivitis, eczemas, gastroenteritis y otras.<\/p>\n\n\n\n<p>Ante cualquier reforma de una piscina o construcci\u00f3n de una piscina los&nbsp; Ayuntamientos deber\u00e1n efectuar comunicaci\u00f3n a la Direcci\u00f3n de Salud del \u00c1rea Sanitaria correspondiente, a fin de que \u00e9sta informe sobre los aspectos de su competencia, de acuerdo con lo dispuesto en el art\u00edculo 181, apartado 3, y art\u00edculo 184, apartado 4, de la Ley del Suelo y Ordenaci\u00f3n Territorial de la Comunidad Aut\u00f3noma de Extremadura. Se acompa\u00f1ara una memoria t\u00e9cnico-sanitaria en la que se recojan los datos t\u00e9cnicos de cada vaso y del sistema de depuraci\u00f3n del agua, incluido un plano global de todas las instalaciones, as\u00ed como el aforo de usuarios y ba\u00f1istas que el responsable de la piscina vaya a fijar para su funcionamiento<br><br><\/p>\n\n\n\n<h2>Legislaci\u00f3n<\/h2>\n\n\n<div style=\"display:flex\" class=\"enlacearchivos\">\n    <img decoding=\"async\" src=\"https:\/\/saludextremadura.ses.es\/areasaluddonbenito\/wp-content\/themes\/temaAreaSalud\/img\/Vector (14).svg\" alt=\"\">\n    <a class=\"\" title=\"\" href=\"https:\/\/saludextremadura.ses.es\/areasaluddonbenito\/download\/1513\/?tmstv=1776000879\" rel=\"nofollow\">\n        Real Decreto 742\/2013, de 27 de septiembre, por el que se establecen los criterios t\u00e9cnico-sanitarios de las piscinas (B.O.E. N\u00ba 244, DE 11-10-13)    <\/a>\n    <div class=\"filetype-icon filetype-pdf \"><\/div>\n<\/div>\n\n<div style=\"display:flex\" class=\"enlacearchivos\">\n    <img decoding=\"async\" src=\"https:\/\/saludextremadura.ses.es\/areasaluddonbenito\/wp-content\/themes\/temaAreaSalud\/img\/Vector (14).svg\" alt=\"\">\n    <a class=\"\" title=\"\" href=\"https:\/\/saludextremadura.ses.es\/areasaluddonbenito\/download\/1516\/?tmstv=1776000879\" rel=\"nofollow\">\n        Decreto 102\/2012, de 8 de junio, por el que se regulan las condiciones t\u00e9cnico-sanitarias de las piscinas de uso colectivo de la Comunidad Aut\u00f3noma de Extremadura (D.O.E. n\u00ba 112, de 12-06-2012)    <\/a>\n    <div class=\"filetype-icon filetype-pdf \"><\/div>\n<\/div>\n\n<div style=\"display:flex\" class=\"enlacearchivos\">\n    <img decoding=\"async\" src=\"https:\/\/saludextremadura.ses.es\/areasaluddonbenito\/wp-content\/themes\/temaAreaSalud\/img\/Vector (14).svg\" alt=\"\">\n    <a class=\"\" title=\"\" href=\"https:\/\/saludextremadura.ses.es\/areasaluddonbenito\/download\/1519\/?tmstv=1776000879\" rel=\"nofollow\">\n        DECRETO 254\/2015, de 31 de julio, por el que se modifica el Decreto 102\/2012, de 8 de junio, por el que se regulan las condiciones t\u00e9cnicosanitarias de las piscinas de uso colectivo de la Comunidad Aut\u00f3noma de Extremadura    <\/a>\n    <div class=\"filetype-icon filetype-pdf \"><\/div>\n<\/div>\n\n<div style=\"display:flex\" class=\"enlacearchivos\">\n    <img decoding=\"async\" src=\"https:\/\/saludextremadura.ses.es\/areasaluddonbenito\/wp-content\/themes\/temaAreaSalud\/img\/Vector (14).svg\" alt=\"\">\n    <a class=\"\" title=\"\" href=\"https:\/\/saludextremadura.ses.es\/areasaluddonbenito\/download\/1522\/?tmstv=1776000879\" rel=\"nofollow\">\n        RESOLUCI\u00d3N de 16 de junio de 2014, del Consejero, por la que se da publicidad a la Instrucci\u00f3n n.\u00ba 1\/2014, de 9 de junio, de la Direcci\u00f3n General de Salud P\u00fablica, encaminada a aclarar determinados aspectos relativos a la aplicaci\u00f3n de la normativa vigente en materia de piscinas de la Comunidad Aut\u00f3noma de Extremadura (D.O.E. N\u00ba 127, DE 03-07-14)    <\/a>\n    <div class=\"filetype-icon filetype-pdf \"><\/div>\n<\/div>\n\n\n<p><br><\/p>\n\n\n\n<h2>Formularios de solicitud<\/h2>\n\n\n<div style=\"display:flex\" class=\"enlacearchivos\">\n    <img decoding=\"async\" src=\"https:\/\/saludextremadura.ses.es\/areasaluddonbenito\/wp-content\/themes\/temaAreaSalud\/img\/Vector (14).svg\" alt=\"\">\n    <a class=\"\" title=\"\" href=\"https:\/\/saludextremadura.ses.es\/areasaluddonbenito\/download\/1506\/?tmstv=1776000879\" rel=\"nofollow\">\n        Solicitud de registro de piscinas de uso colectivo    <\/a>\n    <div class=\"filetype-icon filetype-pdf \"><\/div>\n<\/div>\n\n<div style=\"display:flex\" class=\"enlacearchivos\">\n    <img decoding=\"async\" src=\"https:\/\/saludextremadura.ses.es\/areasaluddonbenito\/wp-content\/themes\/temaAreaSalud\/img\/Vector (14).svg\" alt=\"\">\n    <a class=\"\" title=\"\" href=\"https:\/\/saludextremadura.ses.es\/areasaluddonbenito\/download\/1497\/?tmstv=1776000879\" rel=\"nofollow\">\n        Criterios de calidad del agua    <\/a>\n    <div class=\"filetype-icon filetype-pdf \"><\/div>\n<\/div>\n\n\n<p><br><\/p>\n\n\n\n<h2>Enlaces de inter\u00e9s<\/h2>\n\n\n<div class=\"enlace-externo-item \">\n    <img decoding=\"async\" src=\"https:\/\/saludextremadura.ses.es\/areasaluddonbenito\/wp-content\/themes\/temaAreaSalud\/img\/Vector (14).svg\" alt=\"\">\n    <a href=\"https:\/\/ciudadano.gobex.es\/buscador-de-tramites\/-\/tramite\/ficha\/aid_4237663.- \" target=\"_blank\">https:\/\/ciudadano.gobex.es\/buscador-de-tramites\/-\/tramite\/ficha\/aid_4237663.- <\/a>\n<\/div>\n\n<div class=\"enlace-externo-item \">\n    <img decoding=\"async\" src=\"https:\/\/saludextremadura.ses.es\/areasaluddonbenito\/wp-content\/themes\/temaAreaSalud\/img\/Vector (14).svg\" alt=\"\">\n    <a href=\"https:\/\/www.mscbs.gob.es\/profesionales\/saludPublica\/saludAmbLaboral\/calidadAguas\/piscinas\/home.htm\" target=\"_blank\">https:\/\/www.mscbs.gob.es\/profesionales\/saludPublica\/saludAmbLaboral\/calidadAguas\/piscinas\/home.htm<\/a>\n<\/div>","protected":false},"excerpt":{"rendered":"<p>El uso de las piscinas entra\u00f1a un potencial riesgo sanitario, bien sea porque sus instalaciones no re\u00fanen las condiciones adecuadas o porque la calidad del&nbsp; agua de las piscinas no sea \u00f3ptima, pudiendo ser veh\u00edculo de transmisi\u00f3n de microorganismos, y por tanto, una fuente de contaminaci\u00f3n de enfermedades de transmisi\u00f3n h\u00eddrica: otitis, sinusitis, conjuntivitis, eczemas, [&hellip;]<\/p>\n","protected":false},"author":1,"featured_media":0,"parent":687,"menu_order":0,"comment_status":"closed","ping_status":"closed","template":"page-template\/page-no-slider.php","meta":{"_eb_attr":"","inline_featured_image":false},"_links":{"self":[{"href":"https:\/\/saludextremadura.ses.es\/areasaluddonbenito\/wp-json\/wp\/v2\/pages\/783"}],"collection":[{"href":"https:\/\/saludextremadura.ses.es\/areasaluddonbenito\/wp-json\/wp\/v2\/pages"}],"about":[{"href":"https:\/\/saludextremadura.ses.es\/areasaluddonbenito\/wp-json\/wp\/v2\/types\/page"}],"author":[{"embeddable":true,"href":"https:\/\/saludextremadura.ses.es\/areasaluddonbenito\/wp-json\/wp\/v2\/users\/1"}],"replies":[{"embeddable":true,"href":"https:\/\/saludextremadura.ses.es\/areasaluddonbenito\/wp-json\/wp\/v2\/comments?post=783"}],"version-history":[{"count":13,"href":"https:\/\/saludextremadura.ses.es\/areasaluddonbenito\/wp-json\/wp\/v2\/pages\/783\/revisions"}],"predecessor-version":[{"id":1526,"href":"https:\/\/saludextremadura.ses.es\/areasaluddonbenito\/wp-json\/wp\/v2\/pages\/783\/revisions\/1526"}],"up":[{"embeddable":true,"href":"https:\/\/saludextremadura.ses.es\/areasaluddonbenito\/wp-json\/wp\/v2\/pages\/687"}],"wp:attachment":[{"href":"https:\/\/saludextremadura.ses.es\/areasaluddonbenito\/wp-json\/wp\/v2\/media?parent=783"}],"curies":[{"name":"wp","href":"https:\/\/api.w.org\/{rel}","templated":true}]}}