{"id":699,"date":"2022-06-30T09:32:11","date_gmt":"2022-06-30T07:32:11","guid":{"rendered":"https:\/\/saludextremadura.ses.es\/areasaluddonbenito\/?page_id=699"},"modified":"2022-10-19T12:44:27","modified_gmt":"2022-10-19T10:44:27","slug":"sp-hospitalaria","status":"publish","type":"page","link":"https:\/\/saludextremadura.ses.es\/areasaluddonbenito\/saludpublica\/sp-hospitalaria\/","title":{"rendered":"Centros, Establecimientos Y Servicios Sanitarios"},"content":{"rendered":"<h2 class=\"titulo-pagina wp-block-post-title\">Centros, Establecimientos Y Servicios Sanitarios<\/h2>\n\n\n<hr class=\"wp-block-separator has-alpha-channel-opacity linea-titulo\"\/>\n\n\n\n<p>Los procedimientos de autorizaci\u00f3n administrativa de centros, establecimientos y servicios sanitarios (CESS) est\u00e1n regulados por <strong>DECRETO 2\/2022, de 12 de enero, sobre autorizaci\u00f3n administrativa y requisitos m\u00ednimos de personal, de infraestructura, equipamiento y actividad de centros, establecimientos y servicios sanitarios de la Comunidad Aut\u00f3noma de Extremadura<\/strong>.<\/p>\n\n\n\n<p>Cuando se quiere abrir un CESS hemos de solicitar <strong>AUTORIZACI\u00d3N ADMINISTRATIVA DE INSTALACI\u00d3N<\/strong> a Direcci\u00f3n General de Planificaci\u00f3n, Formaci\u00f3n y Calidad Sanitarias y Sociosanitaria de la Vicepresidencia Segunda y Consejer\u00eda de Sanidad y Servicios Sociales mediante <strong><u>anexo I<\/u><\/strong> del Decreto 2\/2022 junto con documentaci\u00f3n que mismo anexo relaciona en cualquier registro oficial de la Junta de Extremadura.<\/p>\n\n\n\n<p>Cuando ya se obtiene la Autorizaci\u00f3n Administrativa de Instalaci\u00f3n se ha de solicitar <strong>AUTORIZACI\u00d3N ADMINISTRATIVA DE FUNCIONAMIENTO<\/strong> al mismo organismo mediante <strong><u>anexo II<\/u><\/strong> del Decreto 2\/2022 junto con documentaci\u00f3n que mismo anexo relaciona marcando en apartado tipo autorizaci\u00f3n del anexo citado la casilla de \u201cFuncionamiento\u201d. Durante este proceso se pondr\u00e1n en contacto con solicitante para realizar una visita de inspecci\u00f3n al establecimiento.<\/p>\n\n\n\n<p>Una vez autorizado la instalaci\u00f3n y el funcionamiento del CESS si realizamos <strong>modificaciones en estructura o de instalaciones<\/strong>, <strong>modificaciones en oferta asistencial<\/strong>, <strong>modificaciones en titularidad<\/strong> o <strong>cierre (CESS con internamiento)<\/strong> hemos de solicitarlo mediante <strong><u>anexo II<\/u><\/strong> del Decreto 2\/2022 junto con documentaci\u00f3n que mismo anexo relaciona marcando en apartado tipo autorizaci\u00f3n del anexo citado la casilla que proceda. Los <strong>cierre de actividad de CESS sin internamiento<\/strong> hemos de comunicarlo con <strong><u>anexo V<\/u><\/strong> del Decreto 2\/2022.<\/p>\n\n\n\n<p>La <em><u><strong>Autorizaci\u00f3n Administrativa de Instalaci\u00f3n<\/strong><\/u><\/em> es para siempre. La <em><u><strong>Autorizaci\u00f3n Administrativa de Funcionamiento<\/strong><\/u><\/em> <strong>caduca a los 10 a\u00f1os<\/strong>, y al menos TRES MESES ANTES de vencimiento hay que solicitar su renovaci\u00f3n seg\u00fan corresponda:<\/p>\n\n\n\n<ul><li>Si se trata de un tipo de CESS incluido en anexo VI del Decreto 2\/2022 se solicita mediante <strong><u>anexo II<\/u><\/strong> del Decreto 2\/2022 junto con documentaci\u00f3n que mismo anexo relaciona marcando en apartado tipo autorizaci\u00f3n del anexo citado la casilla de \u201cRenovaci\u00f3n (centros contemplados en el anexo VI\u201d. Durante este proceso se pondr\u00e1n en contacto con solicitante para realizar una visita de inspecci\u00f3n al establecimiento.<\/li><\/ul>\n\n\n\n<ul><li>Si se trata de un tipo de CESS incluido en anexo VII del Decreto 2\/2022 se solicita mediante <strong><u>anexo III<\/u><\/strong> del Decreto 2\/2022. Se trata de una \u201cDeclaraci\u00f3n Responsable\u201d que se siguen cumpliendo requisitos exigidos. No se realizar\u00e1 visita de inspecci\u00f3n durante el proceso.<\/li><\/ul>\n\n\n\n<ul><li><strong><u>Si no hemos solicitado renovaci\u00f3n antes de caducidad de la misma<\/u><\/strong> hemos de solicitar nueva <strong>AUTORIZACI\u00d3N ADMINISTRATIVA DE FUNCIONAMIENTO<\/strong> al mismo organismo mediante <strong><u>anexo II<\/u><\/strong>&nbsp; del Decreto 2\/2022 junto con documentaci\u00f3n que mismo anexo relaciona. Durante este proceso se pondr\u00e1n en contacto con solicitante para realizar una visita de inspecci\u00f3n al establecimiento.<\/li><\/ul>\n\n\n\n<p><strong>Hay CESS que adem\u00e1s<\/strong> de cumplir con requerimientos de Decreto 2\/2022 <strong>deben cumplir legislaci\u00f3n espec\u00edfica para ese tipo de establecimiento o servicio :<\/strong> Cl\u00ednicas dentales, Cl\u00ednicas podolog\u00eda, Cl\u00ednicas fisioterapia, Odontoprot\u00e9sico, Audiopr\u00f3tesis, \u00d3pticas, &#8230;<\/p>\n","protected":false},"excerpt":{"rendered":"<p>Los procedimientos de autorizaci\u00f3n administrativa de centros, establecimientos y servicios sanitarios (CESS) est\u00e1n regulados por DECRETO 2\/2022, de 12 de enero, sobre autorizaci\u00f3n administrativa y requisitos m\u00ednimos de personal, de infraestructura, equipamiento y actividad de centros, establecimientos y servicios sanitarios de la Comunidad Aut\u00f3noma de Extremadura. Cuando se quiere abrir un CESS hemos de solicitar [&hellip;]<\/p>\n","protected":false},"author":1,"featured_media":0,"parent":325,"menu_order":0,"comment_status":"closed","ping_status":"closed","template":"page-template\/page-no-slider.php","meta":{"_eb_attr":"","inline_featured_image":false},"_links":{"self":[{"href":"https:\/\/saludextremadura.ses.es\/areasaluddonbenito\/wp-json\/wp\/v2\/pages\/699"}],"collection":[{"href":"https:\/\/saludextremadura.ses.es\/areasaluddonbenito\/wp-json\/wp\/v2\/pages"}],"about":[{"href":"https:\/\/saludextremadura.ses.es\/areasaluddonbenito\/wp-json\/wp\/v2\/types\/page"}],"author":[{"embeddable":true,"href":"https:\/\/saludextremadura.ses.es\/areasaluddonbenito\/wp-json\/wp\/v2\/users\/1"}],"replies":[{"embeddable":true,"href":"https:\/\/saludextremadura.ses.es\/areasaluddonbenito\/wp-json\/wp\/v2\/comments?post=699"}],"version-history":[{"count":3,"href":"https:\/\/saludextremadura.ses.es\/areasaluddonbenito\/wp-json\/wp\/v2\/pages\/699\/revisions"}],"predecessor-version":[{"id":2670,"href":"https:\/\/saludextremadura.ses.es\/areasaluddonbenito\/wp-json\/wp\/v2\/pages\/699\/revisions\/2670"}],"up":[{"embeddable":true,"href":"https:\/\/saludextremadura.ses.es\/areasaluddonbenito\/wp-json\/wp\/v2\/pages\/325"}],"wp:attachment":[{"href":"https:\/\/saludextremadura.ses.es\/areasaluddonbenito\/wp-json\/wp\/v2\/media?parent=699"}],"curies":[{"name":"wp","href":"https:\/\/api.w.org\/{rel}","templated":true}]}}