{"id":697,"date":"2022-06-30T09:31:52","date_gmt":"2022-06-30T07:31:52","guid":{"rendered":"https:\/\/saludextremadura.ses.es\/areasaluddonbenito\/?page_id=697"},"modified":"2022-09-14T09:05:58","modified_gmt":"2022-09-14T07:05:58","slug":"seguridad-en-el-paciente","status":"publish","type":"page","link":"https:\/\/saludextremadura.ses.es\/areasaluddonbenito\/saludpublica\/seguridad-en-el-paciente\/","title":{"rendered":"Seguridad en el Paciente"},"content":{"rendered":"<h2 class=\"titulo-pagina wp-block-post-title\">Seguridad en el Paciente<\/h2>\n\n\n<hr class=\"wp-block-separator has-alpha-channel-opacity linea-titulo\"\/>\n\n\n<nav class=\"is-content-justification-center is-layout-flex wp-container-2 is-responsive items-justified-center menuSaludPublica wp-block-navigation\" aria-label=\"Men\u00fa Seguridad en el Paciente\"><button aria-haspopup=\"true\" aria-label=\"Abrir el men\u00fa\" class=\"wp-block-navigation__responsive-container-open \" data-micromodal-trigger=\"modal-1\"><svg width=\"24\" height=\"24\" xmlns=\"http:\/\/www.w3.org\/2000\/svg\" viewBox=\"0 0 24 24\" aria-hidden=\"true\" focusable=\"false\"><rect x=\"4\" y=\"7.5\" width=\"16\" height=\"1.5\" \/><rect x=\"4\" y=\"15\" width=\"16\" height=\"1.5\" \/><\/svg><\/button>\n\t\t\t<div class=\"wp-block-navigation__responsive-container  \" style=\"\" id=\"modal-1\">\n\t\t\t\t<div class=\"wp-block-navigation__responsive-close\" tabindex=\"-1\" data-micromodal-close>\n\t\t\t\t\t<div class=\"wp-block-navigation__responsive-dialog\" aria-label=\"Men\u00fa\">\n\t\t\t\t\t\t\t<button aria-label=\"Cerrar el men\u00fa\" data-micromodal-close class=\"wp-block-navigation__responsive-container-close\"><svg xmlns=\"http:\/\/www.w3.org\/2000\/svg\" viewBox=\"0 0 24 24\" width=\"24\" height=\"24\" aria-hidden=\"true\" focusable=\"false\"><path d=\"M13 11.8l6.1-6.3-1-1-6.1 6.2-6.1-6.2-1 1 6.1 6.3-6.5 6.7 1 1 6.5-6.6 6.5 6.6 1-1z\"><\/path><\/svg><\/button>\n\t\t\t\t\t\t<div class=\"wp-block-navigation__responsive-container-content\" id=\"modal-1-content\">\n\t\t\t\t\t\t\t<ul class=\"wp-block-navigation__container\"><li class=\" wp-block-navigation-item wp-block-navigation-link\"><a class=\"wp-block-navigation-item__content\"  href=\"https:\/\/saludextremadura.ses.es\/areasaluddonbenito\/saludpublica\/seguridad-en-el-paciente\/practicas-seguras\/\"><span class=\"wp-block-navigation-item__label\"><img decoding=\"async\" width=\"64\" height=\"45\" src=\"https:\/\/saludextremadura.ses.es\/areasaluddonbenito\/wp-content\/uploads\/2022\/09\/practicas-seguras.svg\" class=\"menu-image menu-image-title-below\" alt=\"\" loading=\"lazy\" \/><span class=\"menu-image-title-below menu-image-title\">Practicas Seguras<\/span><\/span><\/a><\/li><li class=\" wp-block-navigation-item wp-block-navigation-link\"><a class=\"wp-block-navigation-item__content\"  href=\"https:\/\/saludextremadura.ses.es\/areasaluddonbenito\/saludpublica\/seguridad-en-el-paciente\/seguridad-del-paciente-critico-proyectos-zero\/\"><span class=\"wp-block-navigation-item__label\"><img decoding=\"async\" width=\"64\" height=\"50\" src=\"https:\/\/saludextremadura.ses.es\/areasaluddonbenito\/wp-content\/uploads\/2022\/09\/paciente-critico.svg\" class=\"menu-image menu-image-title-below\" alt=\"\" loading=\"lazy\" \/><span class=\"menu-image-title-below menu-image-title\">Seguridad del Paciente Critico (Proyectos Zero)<\/span><\/span><\/a><\/li><li class=\" wp-block-navigation-item wp-block-navigation-link\"><a class=\"wp-block-navigation-item__content\"  href=\"https:\/\/saludextremadura.ses.es\/areasaluddonbenito\/saludpublica\/seguridad-en-el-paciente\/otros-proyectos-zero-flebitis-zero\/\"><span class=\"wp-block-navigation-item__label\"><img decoding=\"async\" width=\"46\" height=\"64\" src=\"https:\/\/saludextremadura.ses.es\/areasaluddonbenito\/wp-content\/uploads\/2022\/09\/flebitis.svg\" class=\"menu-image menu-image-title-below\" alt=\"\" loading=\"lazy\" \/><span class=\"menu-image-title-below menu-image-title\">Otros Proyectos Zero. Flebitis Zero<\/span><\/span><\/a><\/li><li class=\" wp-block-navigation-item wp-block-navigation-link\"><a class=\"wp-block-navigation-item__content\"  href=\"https:\/\/saludextremadura.ses.es\/areasaluddonbenito\/saludpublica\/seguridad-en-el-paciente\/seguridad-en-el-bloque-quirugico\/\"><span class=\"wp-block-navigation-item__label\"><img decoding=\"async\" width=\"32\" height=\"64\" src=\"https:\/\/saludextremadura.ses.es\/areasaluddonbenito\/wp-content\/uploads\/2022\/09\/seguridad-quirurgica.svg\" class=\"menu-image menu-image-title-below\" alt=\"\" loading=\"lazy\" \/><span class=\"menu-image-title-below menu-image-title\">Seguridad en el bloque Quir\u00fargico<\/span><\/span><\/a><\/li><li class=\" wp-block-navigation-item wp-block-navigation-link\"><a class=\"wp-block-navigation-item__content\"  href=\"https:\/\/saludextremadura.ses.es\/areasaluddonbenito\/saludpublica\/seguridad-en-el-paciente\/gestion-del-riesgo\/\"><span class=\"wp-block-navigation-item__label\"><img decoding=\"async\" width=\"40\" height=\"64\" src=\"https:\/\/saludextremadura.ses.es\/areasaluddonbenito\/wp-content\/uploads\/2022\/09\/gestion-riesgo.svg\" class=\"menu-image menu-image-title-below\" alt=\"\" loading=\"lazy\" \/><span class=\"menu-image-title-below menu-image-title\">Gesti\u00f3n del Riesgo<\/span><\/span><\/a><\/li><li class=\" wp-block-navigation-item wp-block-navigation-link\"><a class=\"wp-block-navigation-item__content\"  href=\"https:\/\/saludextremadura.ses.es\/areasaluddonbenito\/saludpublica\/seguridad-en-el-paciente\/seguridad-del-paciente-en-centros-residenciales\/\"><span class=\"wp-block-navigation-item__label\"><img decoding=\"async\" width=\"64\" height=\"64\" src=\"https:\/\/saludextremadura.ses.es\/areasaluddonbenito\/wp-content\/uploads\/2022\/09\/centros-residenciales.svg\" class=\"menu-image menu-image-title-below\" alt=\"\" loading=\"lazy\" \/><span class=\"menu-image-title-below menu-image-title\">Seguridad del paciente en Centros Residenciales<\/span><\/span><\/a><\/li><\/ul>\n\t\t\t\t\t\t<\/div>\n\t\t\t\t\t<\/div>\n\t\t\t\t<\/div>\n\t\t\t<\/div><\/nav>\n\n\n<p>La Seguridad del Paciente es un componente clave de la calidad asistencial, siendo de las m\u00e1s valoradas tanto por los ciudadanos, que desean sentirse seguros y confiados en los cuidados sanitarios recibidos como por los profesionales y gestores de los servicios sanitarios, que desean ofrecer una asistencia sanitaria segura, efectiva y eficiente.<\/p>\n\n\n\n<p>Los efectos no deseados secundarios en la atenci\u00f3n sanitaria representan una causa de elevada morbilidad y mortalidad en todos los sistemas sanitarios desarrollados. La raz\u00f3n fundamental es la creciente complejidad del manejo de los pacientes, en el que interact\u00faan factores organizativos, factores personales de los profesionales y factores relacionados con la enfermedad.<br>&nbsp;La seguridad del paciente ha sido definida, en sentido estricto, como la ausencia de accidentes, lesiones o complicaciones evitables, producidos como consecuencia de la atenci\u00f3n a la salud recibida.<\/p>\n\n\n\n<p>La seguridad del paciente es una prioridad sanitaria mundial, a nivel global, la OMS en 2004 puso en marcha de la Alianza Mundial para la Seguridad del Paciente, mediante el establecimiento de los Retos Mundiales por la Seguridad del Paciente. Para cada uno de estos Retos se ha identificado una carga para la seguridad del paciente que plantea un riesgo importante y significativo. Los retos son hasta la fecha los siguientes:<\/p>\n\n\n\n<ol type=\"1\"><li>Una atenci\u00f3n limpia es una atenci\u00f3n m\u00e1s segura (2005), cuyo objetivo es reducir las infecciones relacionadas con la atenci\u00f3n sanitaria haciendo hincapi\u00e9 principalmente en la mejora de la higiene de las manos.<\/li><li>&nbsp;La cirug\u00eda segura salva vidas (2008), cuyo fin es reducir los riesgos asociados a la cirug\u00eda.<\/li><li>Medicaci\u00f3n sin da\u00f1o (2017), cuyo prop\u00f3sito es reducir en un 50% los da\u00f1os graves evitables relacionados con los medicamentos en un periodo de cinco a\u00f1os a nivel mundial.<\/li><\/ol>\n\n\n\n<figure class=\"wp-block-embed\"><div class=\"wp-block-embed__wrapper\">\nhttps:\/\/www.who.int\/es\/news-room\/fact-sheets\/detail\/patient-safety\n<\/div><\/figure>\n\n\n\n<p>Tambi\u00e9n en 2019, la Asamblea de la Salud adopt\u00f3 una resoluci\u00f3n sobre la seguridad del paciente que respalda el establecimiento del D\u00eda Mundial de la Seguridad del Paciente, que los Estados Miembros celebrar\u00e1n anualmente el 17 de septiembre.<\/p>\n\n\n\n<p>En Espa\u00f1a, el Ministerio de Sanidad, impulsa y promueve la Estrategia de Seguridad del Paciente del Sistema Nacional de Salud (SNS), en colaboraci\u00f3n con las Comunidades Aut\u00f3nomas, que integra las aportaciones de los profesionales sanitarios y de los pacientes a trav\u00e9s de sus organizaciones. Los objetivos se orientan a promover y mejorar la cultura de la seguridad en las organizaciones sanitarias; incorporar la gesti\u00f3n del riesgo sanitario; formar a los profesionales y a los pacientes en aspectos b\u00e1sicos de seguridad del paciente; implementar pr\u00e1cticas seguras e implicar a pacientes y ciudadanos.<\/p>\n\n\n\n<figure class=\"wp-block-embed\"><div class=\"wp-block-embed__wrapper\">\nhttps:\/\/seguridaddelpaciente.es\/es\/\n<\/div><\/figure>\n\n\n\n<p>A nivel del Servicio Extreme\u00f1o de Salud, en 2019 se public\u00f3 el Plan estrat\u00e9gico de Seguridad del Paciente de Extremadura (2019-2021) cuya misi\u00f3n es la&nbsp; consolidar una estrategia que represente el compromiso institucional de mejorar la seguridad a pacientes, minimizando los riesgos asociados a la asistencia sanitaria para evitar da\u00f1os a pacientes.<\/p>\n\n\n\n<p>* Plan estrat\u00e9gico de Seguridad del Paciente de Extremadura (2019-2021)<\/p>\n","protected":false},"excerpt":{"rendered":"<p>La Seguridad del Paciente es un componente clave de la calidad asistencial, siendo de las m\u00e1s valoradas tanto por los ciudadanos, que desean sentirse seguros y confiados en los cuidados sanitarios recibidos como por los profesionales y gestores de los servicios sanitarios, que desean ofrecer una asistencia sanitaria segura, efectiva y eficiente. Los efectos no [&hellip;]<\/p>\n","protected":false},"author":1,"featured_media":0,"parent":325,"menu_order":0,"comment_status":"closed","ping_status":"closed","template":"page-template\/page-no-slider.php","meta":{"_eb_attr":"","inline_featured_image":false},"_links":{"self":[{"href":"https:\/\/saludextremadura.ses.es\/areasaluddonbenito\/wp-json\/wp\/v2\/pages\/697"}],"collection":[{"href":"https:\/\/saludextremadura.ses.es\/areasaluddonbenito\/wp-json\/wp\/v2\/pages"}],"about":[{"href":"https:\/\/saludextremadura.ses.es\/areasaluddonbenito\/wp-json\/wp\/v2\/types\/page"}],"author":[{"embeddable":true,"href":"https:\/\/saludextremadura.ses.es\/areasaluddonbenito\/wp-json\/wp\/v2\/users\/1"}],"replies":[{"embeddable":true,"href":"https:\/\/saludextremadura.ses.es\/areasaluddonbenito\/wp-json\/wp\/v2\/comments?post=697"}],"version-history":[{"count":4,"href":"https:\/\/saludextremadura.ses.es\/areasaluddonbenito\/wp-json\/wp\/v2\/pages\/697\/revisions"}],"predecessor-version":[{"id":1844,"href":"https:\/\/saludextremadura.ses.es\/areasaluddonbenito\/wp-json\/wp\/v2\/pages\/697\/revisions\/1844"}],"up":[{"embeddable":true,"href":"https:\/\/saludextremadura.ses.es\/areasaluddonbenito\/wp-json\/wp\/v2\/pages\/325"}],"wp:attachment":[{"href":"https:\/\/saludextremadura.ses.es\/areasaluddonbenito\/wp-json\/wp\/v2\/media?parent=697"}],"curies":[{"name":"wp","href":"https:\/\/api.w.org\/{rel}","templated":true}]}}