{"id":685,"date":"2022-06-30T09:29:57","date_gmt":"2022-06-30T07:29:57","guid":{"rendered":"https:\/\/saludextremadura.ses.es\/areasaluddonbenito\/?page_id=685"},"modified":"2023-11-23T11:58:14","modified_gmt":"2023-11-23T10:58:14","slug":"organigrama","status":"publish","type":"page","link":"https:\/\/saludextremadura.ses.es\/areasaluddonbenito\/saludpublica\/organigrama\/","title":{"rendered":"Organigrama"},"content":{"rendered":"<h2 class=\"wp-block-post-title\">Organigrama<\/h2>\n\n\n<hr class=\"wp-block-separator has-alpha-channel-opacity linea-titulo\" \/>\n\n\n\n<figure class=\"wp-block-table is-style-stripes\"><table class=\"has-fixed-layout\"><thead><tr><th><\/th><th><\/th><th>Tel\u00e9fono<\/th><th>Email<\/th><\/tr><\/thead><tbody><tr><td><strong>Director de Salud P\u00fablica.<\/strong><\/td><td>Manuel Del Pozo Mari\u00f1o.<\/td><td>924382849<\/td><td>mauel.delpozo@salud-juntaex.es<\/td><\/tr><tr><td><strong>Coordinador de Salud P\u00fablica.<\/strong><\/td><td>Eugenio Antonio Flores Valhondo.<\/td><td>924382850<\/td><td>eugenio.flores@salud-juntaex.es<\/td><\/tr><tr><td><strong>Farmac\u00e9utica de Salud P\u00fablica.<\/strong><\/td><td>Elena Bravo Mart\u00edn. &nbsp;<\/td><td>924382876<\/td><td>elena.bravo@salud-juntaex.es<\/td><\/tr><tr><td><strong>T\u00e9cnico de Salud P\u00fablica.<\/strong><\/td><td>Francisco Rub\u00e9n Maestre Rodr\u00edguez.<\/td><td>924382839<\/td><td>franciscor.maestre@salud-juntaex.es<\/td><\/tr><tr><td><strong>Enfermero de Salud P\u00fablica.<\/strong><\/td><td>Antonio Joaqu\u00edn Af\u00e1n Ruiz.<\/td><td>924382853<\/td><td>antonio.afan@salud-juntaex.es<\/td><\/tr><tr><td><strong>Coordinadora de Seguridad del Paciente.<\/strong><\/td><td><strong><em>&nbsp;<\/em><\/strong><\/td><td><strong><em>&nbsp;<\/em><\/strong><\/td><td><strong><em>&nbsp;<\/em><\/strong><\/td><\/tr><tr><td><strong>Auxiliares&nbsp; administrativos.<\/strong><\/td><td>M\u00aa Jos\u00e9 Miranda S\u00e1nchez-Porro.<br>Amelia G\u00f3mez Calder\u00f3n.<br>M Bel\u00e9n Peralvo Gal\u00e1n.<\/td><td>924382806<br>924382804<br>924382805<\/td><td>mariajose.miranda@salud-juntaex.ex<br>amelia.gomez@salud-juntaex.es<br>maria.peralvo@salud-juntaex.es<\/td><\/tr><tr><td><strong>Farmac\u00e9utica de Gerencia.<\/strong><\/td><td>Aurelia Mar\u00eda Garc\u00eda Mart\u00ednez.<\/td><td>924382854<\/td><td>aureliamaria.garcia@salud-juntaex.es<\/td><\/tr><\/tbody><\/table><\/figure>\n\n\n\n<p><\/p>\n\n\n<div class=\"wp-block-image\">\n<figure class=\"aligncenter size-full\"><img decoding=\"async\" loading=\"lazy\" width=\"567\" height=\"318\" src=\"https:\/\/saludextremadura.ses.es\/areasaluddonbenito\/wp-content\/uploads\/2022\/10\/Sin-titulo.jpg\" alt=\"\" class=\"wp-image-2374\" \/><\/figure><\/div>\n\n<div class=\"wp-block-image\">\n<figure class=\"aligncenter size-full\"><img decoding=\"async\" loading=\"lazy\" width=\"934\" height=\"540\" src=\"https:\/\/saludextremadura.ses.es\/areasaluddonbenito\/wp-content\/uploads\/2022\/07\/image004-1.png\" alt=\"\" class=\"wp-image-1024\" \/><\/figure><\/div>","protected":false},"excerpt":{"rendered":"<p>Tel\u00e9fono Email Director de Salud P\u00fablica. Manuel Del Pozo Mari\u00f1o. 924382849 mauel.delpozo@salud-juntaex.es Coordinador de Salud P\u00fablica. Eugenio Antonio Flores Valhondo. 924382850 eugenio.flores@salud-juntaex.es Farmac\u00e9utica de Salud P\u00fablica. Elena Bravo Mart\u00edn. &nbsp; 924382876 elena.bravo@salud-juntaex.es T\u00e9cnico de Salud P\u00fablica. Francisco Rub\u00e9n Maestre Rodr\u00edguez. 924382839 franciscor.maestre@salud-juntaex.es Enfermero de Salud P\u00fablica. Antonio Joaqu\u00edn Af\u00e1n Ruiz. 924382853 antonio.afan@salud-juntaex.es Coordinadora de Seguridad [&hellip;]<\/p>\n","protected":false},"author":1,"featured_media":0,"parent":325,"menu_order":0,"comment_status":"closed","ping_status":"closed","template":"page-template\/page-no-slider.php","meta":{"_eb_attr":"","inline_featured_image":false},"_links":{"self":[{"href":"https:\/\/saludextremadura.ses.es\/areasaluddonbenito\/wp-json\/wp\/v2\/pages\/685"}],"collection":[{"href":"https:\/\/saludextremadura.ses.es\/areasaluddonbenito\/wp-json\/wp\/v2\/pages"}],"about":[{"href":"https:\/\/saludextremadura.ses.es\/areasaluddonbenito\/wp-json\/wp\/v2\/types\/page"}],"author":[{"embeddable":true,"href":"https:\/\/saludextremadura.ses.es\/areasaluddonbenito\/wp-json\/wp\/v2\/users\/1"}],"replies":[{"embeddable":true,"href":"https:\/\/saludextremadura.ses.es\/areasaluddonbenito\/wp-json\/wp\/v2\/comments?post=685"}],"version-history":[{"count":19,"href":"https:\/\/saludextremadura.ses.es\/areasaluddonbenito\/wp-json\/wp\/v2\/pages\/685\/revisions"}],"predecessor-version":[{"id":3394,"href":"https:\/\/saludextremadura.ses.es\/areasaluddonbenito\/wp-json\/wp\/v2\/pages\/685\/revisions\/3394"}],"up":[{"embeddable":true,"href":"https:\/\/saludextremadura.ses.es\/areasaluddonbenito\/wp-json\/wp\/v2\/pages\/325"}],"wp:attachment":[{"href":"https:\/\/saludextremadura.ses.es\/areasaluddonbenito\/wp-json\/wp\/v2\/media?parent=685"}],"curies":[{"name":"wp","href":"https:\/\/api.w.org\/{rel}","templated":true}]}}