{"id":586,"date":"2022-06-29T11:38:22","date_gmt":"2022-06-29T09:38:22","guid":{"rendered":"https:\/\/saludextremadura.ses.es\/areasaluddonbenito\/?page_id=586"},"modified":"2025-08-26T10:07:54","modified_gmt":"2025-08-26T08:07:54","slug":"zalamea-de-la-serena","status":"publish","type":"page","link":"https:\/\/saludextremadura.ses.es\/areasaluddonbenito\/atencion-primaria\/zalamea-de-la-serena\/","title":{"rendered":"Zalamea de la Serena"},"content":{"rendered":"<nav class=\"is-content-justification-center is-layout-flex wp-container-2 is-responsive items-justified-center menu-atencion-primaria wp-block-navigation\" aria-label=\"Men\u00fa Atenci\u00f3n Primaria\"><button aria-haspopup=\"true\" aria-label=\"Abrir el men\u00fa\" class=\"wp-block-navigation__responsive-container-open \" data-micromodal-trigger=\"modal-1\"><svg width=\"24\" height=\"24\" xmlns=\"http:\/\/www.w3.org\/2000\/svg\" viewBox=\"0 0 24 24\" aria-hidden=\"true\" focusable=\"false\"><rect x=\"4\" y=\"7.5\" width=\"16\" height=\"1.5\" \/><rect x=\"4\" y=\"15\" width=\"16\" height=\"1.5\" \/><\/svg><\/button>\n\t\t\t<div class=\"wp-block-navigation__responsive-container  \" style=\"\" id=\"modal-1\">\n\t\t\t\t<div class=\"wp-block-navigation__responsive-close\" tabindex=\"-1\" data-micromodal-close>\n\t\t\t\t\t<div class=\"wp-block-navigation__responsive-dialog\" aria-label=\"Men\u00fa\">\n\t\t\t\t\t\t\t<button aria-label=\"Cerrar el men\u00fa\" data-micromodal-close class=\"wp-block-navigation__responsive-container-close\"><svg xmlns=\"http:\/\/www.w3.org\/2000\/svg\" viewBox=\"0 0 24 24\" width=\"24\" height=\"24\" aria-hidden=\"true\" focusable=\"false\"><path d=\"M13 11.8l6.1-6.3-1-1-6.1 6.2-6.1-6.2-1 1 6.1 6.3-6.5 6.7 1 1 6.5-6.6 6.5 6.6 1-1z\"><\/path><\/svg><\/button>\n\t\t\t\t\t\t<div class=\"wp-block-navigation__responsive-container-content\" id=\"modal-1-content\">\n\t\t\t\t\t\t\t<ul class=\"wp-block-navigation__container\"><li class=\" wp-block-navigation-item wp-block-navigation-link\"><a class=\"wp-block-navigation-item__content\"  href=\"https:\/\/saludextremadura.ses.es\/areasaluddonbenito\/cabeza-de-buey\/\"><span class=\"wp-block-navigation-item__label\">Cabeza de Buey<\/span><\/a><\/li><li class=\" wp-block-navigation-item wp-block-navigation-link\"><a class=\"wp-block-navigation-item__content\"  href=\"https:\/\/saludextremadura.ses.es\/areasaluddonbenito\/campanario\/\"><span class=\"wp-block-navigation-item__label\">Campanario<\/span><\/a><\/li><li class=\" wp-block-navigation-item wp-block-navigation-link\"><a class=\"wp-block-navigation-item__content\"  href=\"https:\/\/saludextremadura.ses.es\/areasaluddonbenito\/castuera\/\"><span class=\"wp-block-navigation-item__label\">Castuera<\/span><\/a><\/li><li class=\" wp-block-navigation-item wp-block-navigation-link\"><a class=\"wp-block-navigation-item__content\"  href=\"https:\/\/saludextremadura.ses.es\/areasaluddonbenito\/don-benito-este\/\"><span class=\"wp-block-navigation-item__label\">Don Benito Este<\/span><\/a><\/li><li class=\" wp-block-navigation-item wp-block-navigation-link\"><a class=\"wp-block-navigation-item__content\"  href=\"https:\/\/saludextremadura.ses.es\/areasaluddonbenito\/don-benito-oeste\/\"><span class=\"wp-block-navigation-item__label\">Don Benito Oeste<\/span><\/a><\/li><li class=\" wp-block-navigation-item wp-block-navigation-link\"><a class=\"wp-block-navigation-item__content\"  href=\"https:\/\/saludextremadura.ses.es\/areasaluddonbenito\/herrera-del-duque\/\"><span class=\"wp-block-navigation-item__label\">Herrera del Duque<\/span><\/a><\/li><li class=\" wp-block-navigation-item wp-block-navigation-link\"><a class=\"wp-block-navigation-item__content\"  href=\"https:\/\/saludextremadura.ses.es\/areasaluddonbenito\/navalvillar-de-pela\/\"><span class=\"wp-block-navigation-item__label\">Navalvillar de Pela<\/span><\/a><\/li><li class=\" wp-block-navigation-item wp-block-navigation-link\"><a class=\"wp-block-navigation-item__content\"  href=\"https:\/\/saludextremadura.ses.es\/areasaluddonbenito\/orellana\/\"><span class=\"wp-block-navigation-item__label\">Orellana<\/span><\/a><\/li><li class=\" wp-block-navigation-item wp-block-navigation-link\"><a class=\"wp-block-navigation-item__content\"  href=\"https:\/\/saludextremadura.ses.es\/areasaluddonbenito\/santa-amalia\/\"><span class=\"wp-block-navigation-item__label\">Santa Amalia<\/span><\/a><\/li><li class=\" wp-block-navigation-item wp-block-navigation-link\"><a class=\"wp-block-navigation-item__content\"  href=\"https:\/\/saludextremadura.ses.es\/areasaluddonbenito\/siruela\/\"><span class=\"wp-block-navigation-item__label\">Siruela<\/span><\/a><\/li><li class=\" wp-block-navigation-item wp-block-navigation-link\"><a class=\"wp-block-navigation-item__content\"  href=\"https:\/\/saludextremadura.ses.es\/areasaluddonbenito\/talarrubias\/\"><span class=\"wp-block-navigation-item__label\">Talarrubias<\/span><\/a><\/li><li class=\" wp-block-navigation-item wp-block-navigation-link\"><a class=\"wp-block-navigation-item__content\"  href=\"https:\/\/saludextremadura.ses.es\/areasaluddonbenito\/villanueva-norte\/\"><span class=\"wp-block-navigation-item__label\">Villanueva Norte<\/span><\/a><\/li><li class=\" wp-block-navigation-item wp-block-navigation-link\"><a class=\"wp-block-navigation-item__content\"  href=\"https:\/\/saludextremadura.ses.es\/areasaluddonbenito\/villanueva-sur\/\"><span class=\"wp-block-navigation-item__label\">Villanueva Sur<\/span><\/a><\/li><li class=\" wp-block-navigation-item wp-block-navigation-link\"><a class=\"wp-block-navigation-item__content\"  href=\"https:\/\/saludextremadura.ses.es\/areasaluddonbenito\/zalamea-de-la-serena\/\"><span class=\"wp-block-navigation-item__label\">Zalamea de la Serena<\/span><\/a><\/li><\/ul>\n\t\t\t\t\t\t<\/div>\n\t\t\t\t\t<\/div>\n\t\t\t\t<\/div>\n\t\t\t<\/div><\/nav>\n\n<h2 class=\"wp-block-post-title\">Zalamea de la Serena<\/h2>\n\n\n<hr class=\"wp-block-separator has-alpha-channel-opacity linea-atencion-primaria\" \/>\n\n\n\n<div class=\"is-layout-flex wp-container-6 wp-block-columns\">\n<div class=\"is-layout-flow wp-block-column\">\n<div class=\"is-layout-flow wp-block-group\"><div class=\"wp-block-group__inner-container\">\n<figure class=\"wp-block-table\"><table><tbody><tr><td><strong>Coordinador<\/strong><\/td><td>Antonia Romero G\u00f3mez<\/td><\/tr><tr><td><strong>Resp. Enfermer\u00eda<\/strong><\/td><td>M Jos\u00e9 Tejado Carmona<\/td><\/tr><tr><td><strong>Tel\u00e9fono Cita Previa<\/strong><\/td><td>924 78 05 01<\/td><\/tr><tr><td><strong>Tel\u00e9fono Urgencias<\/strong><\/td><td>924 78 05 01<\/td><\/tr><tr><td><strong>Direcci\u00f3n<\/strong><\/td><td>Avda. de Europa, 1<\/td><\/tr><tr><td><strong>Correo electr\u00f3nico<\/strong><\/td><td>zalamea.admon@salud-juntaex.es<\/td><\/tr><\/tbody><\/table><\/figure>\n<\/div><\/div>\n<\/div>\n\n\n\n<div class=\"is-layout-flow wp-block-column\"><div class=\"wp-block-image\">\n<figure class=\"aligncenter size-full\"><img decoding=\"async\" loading=\"lazy\" width=\"2000\" height=\"1495\" src=\"https:\/\/saludextremadura.ses.es\/areasaluddonbenito\/wp-content\/uploads\/2022\/07\/image003-7.png\" alt=\"\" class=\"wp-image-1346\" \/><\/figure><\/div><\/div>\n<\/div>\n\n\n\n<div class=\"is-layout-flex wp-container-8 wp-block-columns\">\n<div class=\"is-layout-flow wp-block-column\">\n<figure class=\"wp-block-table tabla-azul\"><table class=\"has-fixed-layout\"><thead><tr><th>CONSULTORIOS<\/th><th>TF. CITA PREVIA<\/th><th>TF. URGENCIAS<\/th><\/tr><\/thead><tbody><tr><td><strong>C. SALUD ZALAMEA DE LA SERENA<\/strong><\/td><td>924 780 501<\/td><td>924 780 630<\/td><\/tr><tr><td><strong>Consultorio Esparragosa de la Serena<\/strong><\/td><td>924 776 249<\/td><td>924 780 630<\/td><\/tr><tr><td><strong>Consultorio Higuera de la Serena<\/strong><\/td><td>924 771 504<\/td><td>924 780 630<\/td><\/tr><tr><td><strong>Consultorio Malpartida de la Serena<\/strong><\/td><td>924 280 527<\/td><td>924 780 630<\/td><\/tr><tr><td><strong>Consultorio Peraleda del Zaucejo<\/strong><\/td><td>924 280 472<\/td><td>924 780 630<\/td><\/tr><tr><td><strong>Consultorio de Valle de la Serena<\/strong><\/td><td>924 778 189<\/td><td>924 780 630<\/td><\/tr><\/tbody><\/table><\/figure>\n<\/div>\n<\/div>\n\n\n<div >\n                    <div class=\" plethoraplugins-accordion plethoraplugins-theme__minimal \"   >\n                        <div>\n                            \n<div id=\"mdicos\" class=\"pds-accordion__item pds-js-accordion-item pds-no-js\" data-initially-open=\"false\" data-click-to-close=\"true\" data-auto-close=\"true\" data-scroll=\"false\" data-scroll-offset=\"0\">\n                    <h3 id=\"at-mdicos\" class=\"pds-accordion__title pds-js-accordion-controller\" role=\"button\">M\u00e9dicos<span class=\"pds-accordion__icon\" role=\"presentation\" aria-hidden=\"true\"><svg xmlns=\"http:\/\/www.w3.org\/2000\/svg\" viewBox=\"0 0 12 7.4099998\" width=\".75rem\" height=\".75rem\"><path d=\"M12 1.41 10.59 0 6 4.58 1.41 0 0 1.41l6 6z\" fill=\"currentColor\"\/><\/svg><\/span><\/h3>\n                    <div id=\"ac-mdicos\" class=\"pds-accordion__content\">\n                        \n\n<div class=\"is-layout-constrained wp-block-group\"><div class=\"wp-block-group__inner-container\">\n<p><\/p>\n\n\n\n<figure class=\"wp-block-table is-style-stripes\"><table class=\"has-fixed-layout\"><thead><tr><th>M\u00c9DICOS<\/th><th>ATS-DUE<\/th><th>LOCALIDAD<\/th><th>POBLACI\u00d3N<\/th><\/tr><\/thead><tbody><tr><td>M\u00aa \u00c1ngeles Viera Rodr\u00edguez<\/td><td>Alicia S\u00e1nchez Villar<\/td><td>Esparragosa de la Serena<\/td><td><strong>938<\/strong><\/td><\/tr><tr><td>Rafael Mendoza Espejo<\/td><td>Jos\u00e9 D. Gil Pizarro\/Matilde Frutos Cuadrado<\/td><td>Higuera de la Serena<\/td><td><strong>917<\/strong><\/td><\/tr><tr><td>Baldomera I. Rojas Salas<\/td><td>\u00c1ngel Gallego Cerrato<\/td><td>Malpartida-San Crist\u00f3bal<\/td><td><strong>500<\/strong><\/td><\/tr><tr><td>Eva Villanueva Ledesma<\/td><td>Carmen Mac\u00edas Blanco<\/td><td>Peraleda del Zaucejo<\/td><td><strong>455<\/strong><\/td><\/tr><tr><td>Cecilia Olivares Tejeda<\/td><td>Guillermo G\u00f3mez Carmona<\/td><td>Valle de la Serena<\/td><td><strong>591<\/strong><\/td><\/tr><tr><td>M\u00aa Isabel S\u00e1nchez Palacios<\/td><td>M\u00aa \u00c1ngeles Pozo Cabanillas<\/td><td>Valle de la Serena<\/td><td><strong>554<\/strong><\/td><\/tr><tr><td>Antonia Romero G\u00f3mez<\/td><td>Petra Rodr\u00edguez Castro<\/td><td>Zalamea<\/td><td><strong>494<\/strong><\/td><\/tr><tr><td>Vacante<\/td><td>M\u00aa del Mar Moreno L\u00f3pez<\/td><td>Zalamea<\/td><td><strong>1134<\/strong><\/td><\/tr><tr><td>Leonor L\u00f3pez S\u00e1nchez<\/td><td>Joaqu\u00edn Bueno Parra<\/td><td>Zalamea<\/td><td><strong>833<\/strong><\/td><\/tr><tr><td>Mar\u00eda Ar\u00e9valo Romero<\/td><td>Joaqu\u00edn Bueno Parra<\/td><td>Zalamea<\/td><td><strong>715<\/strong><\/td><\/tr><tr><td>Pedro Cruces S\u00e1nchez (pediatra)<\/td><td>&nbsp;<\/td><td>Zalamea<\/td><td><strong>287<\/strong><\/td><\/tr><\/tbody><\/table><\/figure>\n\n\n\n<p><br><\/p>\n\n\n\n<div class=\"is-layout-flex wp-container-11 wp-block-columns\">\n<div class=\"is-layout-flow wp-block-column\">\n<h2 class=\"has-black-color has-text-color has-medium-font-size\"><strong>M\u00c9DICOS DE ATENCI\u00d3N CONTINUADA<\/strong><\/h2>\n\n\n\n<p>Santiago Murillo Rico <br>Antonio M\u00aa Florez Rodr\u00edguez<\/p>\n<\/div>\n\n\n\n<div class=\"is-layout-flow wp-block-column\">\n<h2 class=\"has-black-color has-text-color has-medium-font-size\"><strong>ENFERMEROS DE ATENCI\u00d3N CONTINUADA<\/strong><\/h2>\n\n\n\n<p>Laura Barquero Torres <br>M\u00aa Jos\u00e9 Tejeda Carmona <br>M\u00aa Jos\u00e9 Moti\u00f1o Paredes<\/p>\n<\/div>\n<\/div>\n<\/div><\/div>\n\n\n\n<p><\/p>\n\n\n                    <\/div>\n                <\/div>\n\n<div id=\"otros_servicios\" class=\"pds-accordion__item pds-js-accordion-item pds-no-js\" data-initially-open=\"false\" data-click-to-close=\"true\" data-auto-close=\"true\" data-scroll=\"false\" data-scroll-offset=\"0\">\n                    <h3 id=\"at-otros_servicios\" class=\"pds-accordion__title pds-js-accordion-controller\" role=\"button\">Otros Servicios<span class=\"pds-accordion__icon\" role=\"presentation\" aria-hidden=\"true\"><svg xmlns=\"http:\/\/www.w3.org\/2000\/svg\" viewBox=\"0 0 12 7.4099998\" width=\".75rem\" height=\".75rem\"><path d=\"M12 1.41 10.59 0 6 4.58 1.41 0 0 1.41l6 6z\" fill=\"currentColor\"\/><\/svg><\/span><\/h3>\n                    <div id=\"ac-otros_servicios\" class=\"pds-accordion__content\">\n                        \n\n<figure class=\"wp-block-table is-style-stripes\"><table class=\"has-fixed-layout\"><thead><tr><th><\/th><th><\/th><th><\/th><\/tr><\/thead><tbody><tr><td><strong>VETERINARIO<\/strong><\/td><td>Gaspar Morillo del Pozo<\/td><td>&nbsp;<\/td><\/tr><tr><td><strong>FARMAC\u00c9UTICA<\/strong><\/td><td>Rosa M\u00aa Garc\u00eda-Adame Soto<\/td><td>&nbsp;<\/td><\/tr><tr><td><strong>TRABAJADOR SOCIAL<\/strong><\/td><td>M\u00aa Antonia Florez Rivera<\/td><td>Martes y jueves<\/td><\/tr><tr><td><strong>ODONT\u00d3LOGO<\/strong><\/td><td>Laura Casado de la Cruz<\/td><td>Lunes y mi\u00e9rcoles<\/td><\/tr><tr><td><strong>HIGIENISTA DENTAL<\/strong><\/td><td>Javier Bermejo Tom\u00e9<\/td><td>&nbsp;<\/td><\/tr><tr><td><strong>MATRONA<\/strong><\/td><td>Lorena Pariente Barrante, martes y jueves<\/td><td>&nbsp;<\/td><\/tr><tr><td><strong>FISIOTERAPEUTA<\/strong><\/td><td>Piedraescrita Carmona Rodr\u00edguez<\/td><td>&nbsp;<\/td><\/tr><tr><td><strong>AUX. ADMINISTRATIVO<\/strong><\/td><td>Antonia Villar Villar y Raul Jord\u00e1n Araujo<\/td><td>&nbsp;<\/td><\/tr><tr><td><strong>AUX. ENFERMER\u00cdA<\/strong><\/td><td>Amparo Mart\u00ednez Ya\u00f1ez<\/td><td>&nbsp;<\/td><\/tr><tr><td><strong>CELADORES<\/strong><\/td><td>Narciso C\u00e1ceres C\u00e1ceres, Ventura Garc\u00eda Garc\u00eda,<\/td><td>&nbsp;<\/td><\/tr><tr><td><strong>CONSULTORIOS<\/strong><\/td><td>Higuera de la Serena <br>Valle de la Serena <br>Malpartida de la Serena <br>Esparragosa de la Serena Peraleda del Zaucejo<\/td><td>924 77 15 04 <br>924 77 81 89 <br>924 28 05 27 <br>924 77 62 49 <br>924 28 04 72<\/td><\/tr><tr><td><strong>SALUD MENTAL<\/strong><\/td><td>Pertenece a la Unidad de Salud Mental de Vva. de la Serena<\/td><td>&nbsp;<\/td><\/tr><tr><td><strong>AYUNTAMIENTO<\/strong><\/td><td>Plaza Calder\u00f3n de la Barca, 1<\/td><td>924 78 00&nbsp; 32<\/td><\/tr><\/tbody><\/table><\/figure>\n\n\n\n<p><\/p>\n\n\n                    <\/div>\n                <\/div>\n\n<div id=\"responsables_de_reas_especficas\" class=\"pds-accordion__item pds-js-accordion-item pds-no-js\" data-initially-open=\"false\" data-click-to-close=\"true\" data-auto-close=\"true\" data-scroll=\"false\" data-scroll-offset=\"0\">\n                    <h3 id=\"at-responsables_de_reas_especficas\" class=\"pds-accordion__title pds-js-accordion-controller\" role=\"button\">Responsables de \u00c1reas espec\u00edficas<span class=\"pds-accordion__icon\" role=\"presentation\" aria-hidden=\"true\"><svg xmlns=\"http:\/\/www.w3.org\/2000\/svg\" viewBox=\"0 0 12 7.4099998\" width=\".75rem\" height=\".75rem\"><path d=\"M12 1.41 10.59 0 6 4.58 1.41 0 0 1.41l6 6z\" fill=\"currentColor\"\/><\/svg><\/span><\/h3>\n                    <div id=\"ac-responsables_de_reas_especficas\" class=\"pds-accordion__content\">\n                        \n\n<figure class=\"wp-block-table is-style-stripes\"><table class=\"has-fixed-layout\"><tbody><tr><td><strong>Formaci\u00f3n<\/strong><\/td><td>Cecilia Olivares Tejeda<\/td><\/tr><tr><td><strong>Salud Mental<\/strong><\/td><td>Baldomero I. Rojas Salas<\/td><\/tr><tr><td><strong>Digestivo<\/strong><\/td><td>M\u00aa Isabel S\u00e1nchez Palacios<\/td><\/tr><tr><td><strong>Gesti\u00f3n de residuos<\/strong><\/td><td>Amparo Mart\u00ednez Ya\u00f1ez<\/td><\/tr><tr><td><strong>Incapacidad Temporal<\/strong><\/td><td>Ricardo Alcalde Manonellas<\/td><\/tr><tr><td><strong>Formador en I.T.<\/strong><\/td><td>Mar\u00eda Ar\u00e9valo Romero<\/td><\/tr><tr><td><strong>Jara<\/strong><\/td><td>Ricardo Alcalde Manonellas<\/td><\/tr><tr><td><strong>Cartera de Servicios<\/strong><\/td><td>Rafael Mendoza Espejo<\/td><\/tr><tr><td><strong>Atenci\u00f3n Continuada<\/strong><\/td><td>Antonia Romero G\u00f3mez<\/td><\/tr><tr><td><strong>Biblioteca<\/strong><\/td><td>M\u00aa Antonia Florez Rivera<\/td><\/tr><tr><td><strong>Botiqu\u00edn<\/strong><\/td><td>Dami\u00e1n Gil Pizarro<\/td><\/tr><tr><td><strong>Calidad<\/strong><\/td><td>Rafael Mendoza Espejo<\/td><\/tr><tr><td><strong>Cirug\u00eda Menor<\/strong><\/td><td>Antonia Romero G\u00f3mez<\/td><\/tr><tr><td><strong>Educaci\u00f3n para la Salud<\/strong><\/td><td>Lorena Pariente Barrante<\/td><\/tr><tr><td><strong>Salud Escolar<\/strong><\/td><td>Pedro Cruces S\u00e1nchez<\/td><\/tr><tr><td><strong>Salud P\u00fablica<\/strong><\/td><td>Gaspar Morillo<\/td><\/tr><tr><td><strong>Comunicaci\u00f3n Interna<\/strong><\/td><td>Antonia Romero G\u00f3mez<\/td><\/tr><tr><td><strong>Ecograf\u00edas<\/strong><\/td><td>Baldomero I. Rojas Salas<\/td><\/tr><tr><td><strong>Vacunas<\/strong><\/td><td>Rosa Garc\u00eda<\/td><\/tr><tr><td><strong>Almac\u00e9n<\/strong><\/td><td>Amparo Mart\u00ednez Y\u00e1\u00f1ez<\/td><\/tr><tr><td><strong>Salud laboral<\/strong><\/td><td>Leonor L\u00f3pez<\/td><\/tr><tr><td><strong>TAO<\/strong><\/td><td>Antonia Romero G\u00f3mez<\/td><\/tr><tr><td><strong>PIDEX<\/strong><\/td><td>Petra Rodr\u00edguez Castro<\/td><\/tr><\/tbody><\/table><\/figure>\n\n\n\n<p><\/p>\n\n\n                    <\/div>\n                <\/div>\n\n                        <\/div>\n                    <\/div>\n            <\/div>\n\n\n<p><br><\/p>\n","protected":false},"excerpt":{"rendered":"<p>Coordinador Antonia Romero G\u00f3mez Resp. Enfermer\u00eda M Jos\u00e9 Tejado Carmona Tel\u00e9fono Cita Previa 924 78 05 01 Tel\u00e9fono Urgencias 924 78 05 01 Direcci\u00f3n Avda. de Europa, 1 Correo electr\u00f3nico zalamea.admon@salud-juntaex.es CONSULTORIOS TF. CITA PREVIA TF. URGENCIAS C. SALUD ZALAMEA DE LA SERENA 924 780 501 924 780 630 Consultorio Esparragosa de la Serena 924 [&hellip;]<\/p>\n","protected":false},"author":1,"featured_media":0,"parent":16,"menu_order":0,"comment_status":"closed","ping_status":"closed","template":"page-template\/page-no-slider.php","meta":{"_eb_attr":"","inline_featured_image":false},"_links":{"self":[{"href":"https:\/\/saludextremadura.ses.es\/areasaluddonbenito\/wp-json\/wp\/v2\/pages\/586"}],"collection":[{"href":"https:\/\/saludextremadura.ses.es\/areasaluddonbenito\/wp-json\/wp\/v2\/pages"}],"about":[{"href":"https:\/\/saludextremadura.ses.es\/areasaluddonbenito\/wp-json\/wp\/v2\/types\/page"}],"author":[{"embeddable":true,"href":"https:\/\/saludextremadura.ses.es\/areasaluddonbenito\/wp-json\/wp\/v2\/users\/1"}],"replies":[{"embeddable":true,"href":"https:\/\/saludextremadura.ses.es\/areasaluddonbenito\/wp-json\/wp\/v2\/comments?post=586"}],"version-history":[{"count":19,"href":"https:\/\/saludextremadura.ses.es\/areasaluddonbenito\/wp-json\/wp\/v2\/pages\/586\/revisions"}],"predecessor-version":[{"id":3583,"href":"https:\/\/saludextremadura.ses.es\/areasaluddonbenito\/wp-json\/wp\/v2\/pages\/586\/revisions\/3583"}],"up":[{"embeddable":true,"href":"https:\/\/saludextremadura.ses.es\/areasaluddonbenito\/wp-json\/wp\/v2\/pages\/16"}],"wp:attachment":[{"href":"https:\/\/saludextremadura.ses.es\/areasaluddonbenito\/wp-json\/wp\/v2\/media?parent=586"}],"curies":[{"name":"wp","href":"https:\/\/api.w.org\/{rel}","templated":true}]}}