{"id":578,"date":"2022-06-29T11:37:13","date_gmt":"2022-06-29T09:37:13","guid":{"rendered":"https:\/\/saludextremadura.ses.es\/areasaluddonbenito\/?page_id=578"},"modified":"2022-12-13T19:10:08","modified_gmt":"2022-12-13T18:10:08","slug":"siruela","status":"publish","type":"page","link":"https:\/\/saludextremadura.ses.es\/areasaluddonbenito\/atencion-primaria\/siruela\/","title":{"rendered":"Siruela"},"content":{"rendered":"<nav class=\"is-content-justification-center is-layout-flex wp-container-2 is-responsive items-justified-center menu-atencion-primaria wp-block-navigation\" aria-label=\"Men\u00fa Atenci\u00f3n Primaria\"><button aria-haspopup=\"true\" aria-label=\"Abrir el men\u00fa\" class=\"wp-block-navigation__responsive-container-open \" data-micromodal-trigger=\"modal-1\"><svg width=\"24\" height=\"24\" xmlns=\"http:\/\/www.w3.org\/2000\/svg\" viewBox=\"0 0 24 24\" aria-hidden=\"true\" focusable=\"false\"><rect x=\"4\" y=\"7.5\" width=\"16\" height=\"1.5\" \/><rect x=\"4\" y=\"15\" width=\"16\" height=\"1.5\" \/><\/svg><\/button>\n\t\t\t<div class=\"wp-block-navigation__responsive-container  \" style=\"\" id=\"modal-1\">\n\t\t\t\t<div class=\"wp-block-navigation__responsive-close\" tabindex=\"-1\" data-micromodal-close>\n\t\t\t\t\t<div class=\"wp-block-navigation__responsive-dialog\" aria-label=\"Men\u00fa\">\n\t\t\t\t\t\t\t<button aria-label=\"Cerrar el men\u00fa\" data-micromodal-close class=\"wp-block-navigation__responsive-container-close\"><svg xmlns=\"http:\/\/www.w3.org\/2000\/svg\" viewBox=\"0 0 24 24\" width=\"24\" height=\"24\" aria-hidden=\"true\" focusable=\"false\"><path d=\"M13 11.8l6.1-6.3-1-1-6.1 6.2-6.1-6.2-1 1 6.1 6.3-6.5 6.7 1 1 6.5-6.6 6.5 6.6 1-1z\"><\/path><\/svg><\/button>\n\t\t\t\t\t\t<div class=\"wp-block-navigation__responsive-container-content\" id=\"modal-1-content\">\n\t\t\t\t\t\t\t<ul class=\"wp-block-navigation__container\"><li class=\" wp-block-navigation-item wp-block-navigation-link\"><a class=\"wp-block-navigation-item__content\"  href=\"https:\/\/saludextremadura.ses.es\/areasaluddonbenito\/cabeza-de-buey\/\"><span class=\"wp-block-navigation-item__label\">Cabeza de Buey<\/span><\/a><\/li><li class=\" wp-block-navigation-item wp-block-navigation-link\"><a class=\"wp-block-navigation-item__content\"  href=\"https:\/\/saludextremadura.ses.es\/areasaluddonbenito\/campanario\/\"><span class=\"wp-block-navigation-item__label\">Campanario<\/span><\/a><\/li><li class=\" wp-block-navigation-item wp-block-navigation-link\"><a class=\"wp-block-navigation-item__content\"  href=\"https:\/\/saludextremadura.ses.es\/areasaluddonbenito\/castuera\/\"><span class=\"wp-block-navigation-item__label\">Castuera<\/span><\/a><\/li><li class=\" wp-block-navigation-item wp-block-navigation-link\"><a class=\"wp-block-navigation-item__content\"  href=\"https:\/\/saludextremadura.ses.es\/areasaluddonbenito\/don-benito-este\/\"><span class=\"wp-block-navigation-item__label\">Don Benito Este<\/span><\/a><\/li><li class=\" wp-block-navigation-item wp-block-navigation-link\"><a class=\"wp-block-navigation-item__content\"  href=\"https:\/\/saludextremadura.ses.es\/areasaluddonbenito\/don-benito-oeste\/\"><span class=\"wp-block-navigation-item__label\">Don Benito Oeste<\/span><\/a><\/li><li class=\" wp-block-navigation-item wp-block-navigation-link\"><a class=\"wp-block-navigation-item__content\"  href=\"https:\/\/saludextremadura.ses.es\/areasaluddonbenito\/herrera-del-duque\/\"><span class=\"wp-block-navigation-item__label\">Herrera del Duque<\/span><\/a><\/li><li class=\" wp-block-navigation-item wp-block-navigation-link\"><a class=\"wp-block-navigation-item__content\"  href=\"https:\/\/saludextremadura.ses.es\/areasaluddonbenito\/navalvillar-de-pela\/\"><span class=\"wp-block-navigation-item__label\">Navalvillar de Pela<\/span><\/a><\/li><li class=\" wp-block-navigation-item wp-block-navigation-link\"><a class=\"wp-block-navigation-item__content\"  href=\"https:\/\/saludextremadura.ses.es\/areasaluddonbenito\/orellana\/\"><span class=\"wp-block-navigation-item__label\">Orellana<\/span><\/a><\/li><li class=\" wp-block-navigation-item wp-block-navigation-link\"><a class=\"wp-block-navigation-item__content\"  href=\"https:\/\/saludextremadura.ses.es\/areasaluddonbenito\/santa-amalia\/\"><span class=\"wp-block-navigation-item__label\">Santa Amalia<\/span><\/a><\/li><li class=\" wp-block-navigation-item wp-block-navigation-link\"><a class=\"wp-block-navigation-item__content\"  href=\"https:\/\/saludextremadura.ses.es\/areasaluddonbenito\/siruela\/\"><span class=\"wp-block-navigation-item__label\">Siruela<\/span><\/a><\/li><li class=\" wp-block-navigation-item wp-block-navigation-link\"><a class=\"wp-block-navigation-item__content\"  href=\"https:\/\/saludextremadura.ses.es\/areasaluddonbenito\/talarrubias\/\"><span class=\"wp-block-navigation-item__label\">Talarrubias<\/span><\/a><\/li><li class=\" wp-block-navigation-item wp-block-navigation-link\"><a class=\"wp-block-navigation-item__content\"  href=\"https:\/\/saludextremadura.ses.es\/areasaluddonbenito\/villanueva-norte\/\"><span class=\"wp-block-navigation-item__label\">Villanueva Norte<\/span><\/a><\/li><li class=\" wp-block-navigation-item wp-block-navigation-link\"><a class=\"wp-block-navigation-item__content\"  href=\"https:\/\/saludextremadura.ses.es\/areasaluddonbenito\/villanueva-sur\/\"><span class=\"wp-block-navigation-item__label\">Villanueva Sur<\/span><\/a><\/li><li class=\" wp-block-navigation-item wp-block-navigation-link\"><a class=\"wp-block-navigation-item__content\"  href=\"https:\/\/saludextremadura.ses.es\/areasaluddonbenito\/zalamea-de-la-serena\/\"><span class=\"wp-block-navigation-item__label\">Zalamea de la Serena<\/span><\/a><\/li><\/ul>\n\t\t\t\t\t\t<\/div>\n\t\t\t\t\t<\/div>\n\t\t\t\t<\/div>\n\t\t\t<\/div><\/nav>\n\n<h2 class=\"wp-block-post-title\">Siruela<\/h2>\n\n\n<hr class=\"wp-block-separator has-alpha-channel-opacity linea-atencion-primaria\"\/>\n\n\n\n<div class=\"is-layout-flex wp-container-6 wp-block-columns\">\n<div class=\"is-layout-flow wp-block-column\">\n<div class=\"is-layout-flow wp-block-group\"><div class=\"wp-block-group__inner-container\">\n<figure class=\"wp-block-table\"><table><tbody><tr><td><strong>Coordinador<\/strong><\/td><td>Andr\u00e9s \u00c1ngel Blanco S\u00e1nchez<\/td><\/tr><tr><td><strong>Resp. Enfermer\u00eda<\/strong><\/td><td>Francisco Javier Serrano Rodr\u00edguez<\/td><\/tr><tr><td><strong>Tel\u00e9fono Cita Previa<\/strong><\/td><td>924 62 61 80<\/td><\/tr><tr><td><strong>Tel\u00e9fono Urgencias<\/strong><\/td><td>924 62 60 77<\/td><\/tr><tr><td><strong>Direcci\u00f3n<\/strong><\/td><td>C\/ Cruz Chiquita, s\/n<\/td><\/tr><tr><td><strong>Correo electr\u00f3nico<\/strong><\/td><td>siruela.admon@salud-juntaex.es<\/td><\/tr><\/tbody><\/table><\/figure>\n<\/div><\/div>\n<\/div>\n\n\n\n<div class=\"is-layout-flow wp-block-column\"><div class=\"wp-block-image\">\n<figure class=\"aligncenter size-full is-resized\"><img decoding=\"async\" loading=\"lazy\" src=\"https:\/\/saludextremadura.ses.es\/areasaluddonbenito\/wp-content\/uploads\/2022\/07\/image005-1.png\" alt=\"\" class=\"wp-image-1275\" width=\"500\" height=\"374\"\/><\/figure><\/div><\/div>\n<\/div>\n\n\n\n<div class=\"is-layout-flex wp-container-8 wp-block-columns\">\n<div class=\"is-layout-flow wp-block-column\">\n<figure class=\"wp-block-table tabla-azul\"><table class=\"has-fixed-layout\"><thead><tr><th>CONSULTORIOS<\/th><th>TF. CITA PREVIA<\/th><th>TF. URGENCIAS<\/th><\/tr><\/thead><tbody><tr><td><strong>C. SALUD SIRUELA<\/strong><\/td><td>924 626 180<\/td><td>924 626 077<\/td><\/tr><tr><td><strong>Consultorio Baterno<\/strong><\/td><td>924 633 154<\/td><td>925 626 077<\/td><\/tr><tr><td><strong>Consultorio Garbayuela<\/strong><\/td><td>924 280 409<\/td><td>926 626 077<\/td><\/tr><tr><td><strong>Consultorio Garlitos<\/strong><\/td><td>924 280 408<\/td><td>927 626 077<\/td><\/tr><tr><td><strong>Consultorio El Risco<\/strong><\/td><td>924 280 402<\/td><td>928 626 077<\/td><\/tr><tr><td><strong>Consultorio Sancti Spiritus<\/strong><\/td><td>924 280 489<\/td><td>929 626 077<\/td><\/tr><tr><td><strong>Consultorio Tamurejo<\/strong><\/td><td>924 633 031<\/td><td>930 626 077<\/td><\/tr><\/tbody><\/table><\/figure>\n<\/div>\n<\/div>\n\n\n\n<p><br><\/p>\n\n\n<div >\n                    <div class=\" plethoraplugins-accordion plethoraplugins-theme__minimal \"   >\n                        <div>\n                            \n<div id=\"mdicos\" class=\"pds-accordion__item pds-js-accordion-item pds-no-js\" data-initially-open=\"false\" data-click-to-close=\"true\" data-auto-close=\"true\" data-scroll=\"false\" data-scroll-offset=\"0\">\n                    <h3 id=\"at-mdicos\" class=\"pds-accordion__title pds-js-accordion-controller\" role=\"button\">M\u00e9dicos<span class=\"pds-accordion__icon\" role=\"presentation\" aria-hidden=\"true\"><svg xmlns=\"http:\/\/www.w3.org\/2000\/svg\" viewBox=\"0 0 12 7.4099998\" width=\".75rem\" height=\".75rem\"><path d=\"M12 1.41 10.59 0 6 4.58 1.41 0 0 1.41l6 6z\" fill=\"currentColor\"\/><\/svg><\/span><\/h3>\n                    <div id=\"ac-mdicos\" class=\"pds-accordion__content\">\n                        \n\n<p><\/p>\n\n\n\n<figure class=\"wp-block-table is-style-stripes\"><table class=\"has-fixed-layout\"><thead><tr><th>M\u00c9DICOS<\/th><th>ATS-DUE<\/th><th>LOCALIDAD<\/th><th>POBLACI\u00d3N<\/th><\/tr><\/thead><tbody><tr><td>Francisca Hern\u00e1ndez Suarez<\/td><td>M\u00aa Dolores Duarte Gonz\u00e1lez<\/td><td>Garbayuela<\/td><td><strong>437<\/strong><\/td><\/tr><tr><td>Ricardo Alcalde Manonellas<\/td><td>Fco. Javier Serrano Rodr\u00edguez<\/td><td>Garlitos<\/td><td><strong>464<\/strong><\/td><\/tr><tr><td>Pedro Moreno Nieto<\/td><td>Esther Castillo Gallardo<\/td><td>Sancti-Spiritus-El Risco<\/td><td><strong>267<\/strong><\/td><\/tr><tr><td>Ana Bel\u00e9n Tapia Raposo<\/td><td>M\u00aa Luisa S\u00e1nchez Almansa<\/td><td>Siruela<\/td><td><strong>768<\/strong><\/td><\/tr><tr><td>Beatriz Manzanares Vieco<\/td><td>Joaquina Cendrero \u00c1lvarez<\/td><td>Siruela<\/td><td><strong>797<\/strong><\/td><\/tr><tr><td>Jos\u00e9 Carlos Luque Luque<\/td><td>Andr\u00e9s \u00c1ngel Blanco S\u00e1nchez<\/td><td>Baterno-Tamurejo<\/td><td><strong>409<\/strong><\/td><\/tr><tr><td>M\u00aa Jes\u00fas Marco Bartolom\u00e9 (pediatra)<\/td><td>&nbsp;<\/td><td>Siruela<\/td><td><strong>228<\/strong><\/td><\/tr><\/tbody><\/table><\/figure>\n\n\n\n<p><br><\/p>\n\n\n\n<div class=\"is-layout-flex wp-container-11 wp-block-columns\">\n<div class=\"is-layout-flow wp-block-column\">\n<h2 class=\"has-black-color has-text-color has-medium-font-size\"><strong>M\u00c9DICOS DE ATENCI\u00d3N CONTINUADA<\/strong><\/h2>\n\n\n\n<p>Jos\u00e9 \u00c1ngel Romero Hurtado <br>Karla Selene Elizondo Ram\u00edrez<\/p>\n<\/div>\n\n\n\n<div class=\"is-layout-flow wp-block-column\">\n<h2 class=\"has-black-color has-text-color has-medium-font-size\"><strong>ENFERMEROS DE ATENCI\u00d3N CONTINUADA<\/strong><\/h2>\n\n\n\n<p>Antonio Ca\u00f1amero Blanco&nbsp; <br>Manuel Prior Garc\u00eda&nbsp;<\/p>\n<\/div>\n<\/div>\n\n\n\n<p><\/p>\n\n\n                    <\/div>\n                <\/div>\n\n<div id=\"otros_servicios\" class=\"pds-accordion__item pds-js-accordion-item pds-no-js\" data-initially-open=\"false\" data-click-to-close=\"true\" data-auto-close=\"true\" data-scroll=\"false\" data-scroll-offset=\"0\">\n                    <h3 id=\"at-otros_servicios\" class=\"pds-accordion__title pds-js-accordion-controller\" role=\"button\">Otros Servicios<span class=\"pds-accordion__icon\" role=\"presentation\" aria-hidden=\"true\"><svg xmlns=\"http:\/\/www.w3.org\/2000\/svg\" viewBox=\"0 0 12 7.4099998\" width=\".75rem\" height=\".75rem\"><path d=\"M12 1.41 10.59 0 6 4.58 1.41 0 0 1.41l6 6z\" fill=\"currentColor\"\/><\/svg><\/span><\/h3>\n                    <div id=\"ac-otros_servicios\" class=\"pds-accordion__content\">\n                        \n\n<figure class=\"wp-block-table is-style-stripes\"><table class=\"has-fixed-layout\"><thead><tr><th>SERVICIOS<\/th><th>RESPONSABLE<\/th><th>OBSERVACIONES<\/th><\/tr><\/thead><tbody><tr><td><strong>VETERINARIO<\/strong><\/td><td>Fco. Xavier Donoso Donoso<\/td><td>&nbsp;<\/td><\/tr><tr><td><strong>FARMAC\u00c9UTICA<\/strong><\/td><td>Leonor Morillo Alc\u00e1ntara<\/td><td>&nbsp;<\/td><\/tr><tr><td><strong>TRABAJADOR SOCIAL<\/strong><\/td><td>Agust\u00edn Muriel L\u00f3pez<\/td><td>&nbsp;<\/td><\/tr><tr><td><strong>ODONT\u00d3LOGO<\/strong><\/td><td>Juan Carlos Blanco Tejada<\/td><td>&nbsp;<\/td><\/tr><tr><td><strong>HIGIENISTA DENTAL<\/strong><\/td><td>Ana Isabel Ortiz Cidoncha<\/td><td>&nbsp;<\/td><\/tr><tr><td><strong>FISIOTERAPEUTA<\/strong><\/td><td>M\u00aa \u00c1ngeles Garc\u00eda Ruiz<\/td><td>&nbsp;<\/td><\/tr><tr><td><strong>AUX. ADMINISTRATIVO<\/strong><\/td><td>M\u00aa \u00c1ngeles Mu\u00f1oz Madrid y Francisca Simancas Caballero<\/td><td>&nbsp;<\/td><\/tr><tr><td><strong>AUX. ENFERMER\u00cdA<\/strong><\/td><td>M\u00aa Luisa Prior P\u00e9rez<\/td><td>&nbsp;<\/td><\/tr><tr><td><strong>CELADORES<\/strong><\/td><td>M\u00aa Dolores D\u00edez-Madro\u00f1ero Gonz\u00e1lez Juli\u00e1n Cerro Rubio<\/td><td>&nbsp;<\/td><\/tr><tr><td><strong>CONSULTORIOS<\/strong><\/td><td>Baterno <br>Garbayuela <br>Garlitos <br>El Risco <br>Sancti Spiritus <br>Tamurejo<\/td><td>924 63 31 54 <br>924 28 04 09 <br>924 28 04 08 <br>924 28 04 02 <br>924 28 04 89 <br>924 63 30 31<\/td><\/tr><tr><td><strong>AYUNTAMIENTO<\/strong><\/td><td>Plaza de Espa\u00f1a, 2<\/td><td>924 62 60 01<\/td><\/tr><tr><td><strong>SALUD MENTAL<\/strong><\/td><td>Pertenece a la Unidad de Salud Mental de Talarrubias<\/td><td>&nbsp;<\/td><\/tr><\/tbody><\/table><\/figure>\n\n\n\n<p><\/p>\n\n\n                    <\/div>\n                <\/div>\n\n<div id=\"responsables_de_reas_especficas\" class=\"pds-accordion__item pds-js-accordion-item pds-no-js\" data-initially-open=\"false\" data-click-to-close=\"true\" data-auto-close=\"true\" data-scroll=\"false\" data-scroll-offset=\"0\">\n                    <h3 id=\"at-responsables_de_reas_especficas\" class=\"pds-accordion__title pds-js-accordion-controller\" role=\"button\">Responsables de \u00c1reas espec\u00edficas<span class=\"pds-accordion__icon\" role=\"presentation\" aria-hidden=\"true\"><svg xmlns=\"http:\/\/www.w3.org\/2000\/svg\" viewBox=\"0 0 12 7.4099998\" width=\".75rem\" height=\".75rem\"><path d=\"M12 1.41 10.59 0 6 4.58 1.41 0 0 1.41l6 6z\" fill=\"currentColor\"\/><\/svg><\/span><\/h3>\n                    <div id=\"ac-responsables_de_reas_especficas\" class=\"pds-accordion__content\">\n                        \n\n<figure class=\"wp-block-table is-style-stripes\"><table class=\"has-fixed-layout\"><tbody><tr><td><strong>Formaci\u00f3n<\/strong><\/td><td>M\u00aa Luisa Aguilar Zazo<\/td><\/tr><tr><td><strong>Salud Mental<\/strong><\/td><td>Beatriz Manzanares Vieco<\/td><\/tr><tr><td><strong>Digestivo<\/strong><\/td><td>Jos\u00e9 Carlos Luque Luque<\/td><\/tr><tr><td><strong>Gesti\u00f3n de residuos<\/strong><\/td><td>M\u00aa Luisa Prior P\u00e9rez<\/td><\/tr><tr><td><strong>Incapacidad Temporal<\/strong><\/td><td>Jos\u00e9 Carlos Luque Luque<\/td><\/tr><tr><td><strong>Formador en I.T.<\/strong><\/td><td>Jos\u00e9 Carlos Luque Luque<\/td><\/tr><tr><td><strong>Jara<\/strong><\/td><td>Francisca Hern\u00e1ndez Su\u00e1rez<\/td><\/tr><tr><td><strong>Cartera de Servicios<\/strong><\/td><td>Francisca Hern\u00e1ndez Su\u00e1rez<\/td><\/tr><tr><td><strong>Atenci\u00f3n Continuada<\/strong><\/td><td>Antonio Ca\u00f1amero Blanco<\/td><\/tr><tr><td><strong>Biblioteca<\/strong><\/td><td>Joaquina Cendrero \u00c1lvarez<\/td><\/tr><tr><td><strong>Botiqu\u00edn<\/strong><\/td><td>Leonor Morillo Alc\u00e1ntara<\/td><\/tr><tr><td><strong>Calidad<\/strong><\/td><td>M\u00aa Esther Castillo Gallardo<\/td><\/tr><tr><td><strong>Cirug\u00eda Menor<\/strong><\/td><td>Beatriz Manzanares Vieco<\/td><\/tr><tr><td><strong>Educaci\u00f3n para la Salud<\/strong><\/td><td>Andr\u00e9s \u00c1ngel Blanco S\u00e1nchez<\/td><\/tr><tr><td><strong>Salud Escolar<\/strong><\/td><td>M\u00aa Jes\u00fas Marco Bartolom\u00e9<\/td><\/tr><tr><td><strong>Salud P\u00fablica<\/strong><\/td><td>Fco. Xavier Donoso Donoso<\/td><\/tr><tr><td><strong>Comunicaci\u00f3n Interna<\/strong><\/td><td>Dolores Duarte Gonz\u00e1lez<\/td><\/tr><tr><td><strong>Ecograf\u00edas<\/strong><\/td><td>Beatriz Manzanares Vieco<\/td><\/tr><tr><td><strong>Vacunas<\/strong><\/td><td>Leonor Morillo Alc\u00e1ntara<\/td><\/tr><tr><td><strong>Almac\u00e9n<\/strong><\/td><td>M\u00aa Luisa Prior P\u00e9rez<\/td><\/tr><tr><td><strong>Salud laboral<\/strong><\/td><td>Pedro Moreno Nieto<\/td><\/tr><tr><td><strong>TAO<\/strong><\/td><td>Javier Serrano Rodr\u00edguez<\/td><\/tr><tr><td><strong>PIDEX<\/strong><\/td><td>M\u00aa Luisa S\u00e1nchez Almansa<\/td><\/tr><tr><td><strong>Telemedicina<\/strong><\/td><td>Ana Bel\u00e9n Tapia Raposo<\/td><\/tr><tr><td><strong>Uso racional del medicamento<\/strong><\/td><td>Beatriz Manzanares Vieco<\/td><\/tr><tr><td><strong>Sanidad y Salud del Centro<\/strong><\/td><td>M\u00aa \u00c1ngeles Garc\u00eda Ru\u00edz<\/td><\/tr><tr><td><strong>Alimentaci\u00f3n y diabetes<\/strong><\/td><td>M\u00aa Dolores Duarte Gonz\u00e1lez<\/td><\/tr><\/tbody><\/table><\/figure>\n\n\n\n<p><\/p>\n\n\n                    <\/div>\n                <\/div>\n\n                        <\/div>\n                    <\/div>\n            <\/div>","protected":false},"excerpt":{"rendered":"<p>Coordinador Andr\u00e9s \u00c1ngel Blanco S\u00e1nchez Resp. Enfermer\u00eda Francisco Javier Serrano Rodr\u00edguez Tel\u00e9fono Cita Previa 924 62 61 80 Tel\u00e9fono Urgencias 924 62 60 77 Direcci\u00f3n C\/ Cruz Chiquita, s\/n Correo electr\u00f3nico siruela.admon@salud-juntaex.es CONSULTORIOS TF. CITA PREVIA TF. URGENCIAS C. SALUD SIRUELA 924 626 180 924 626 077 Consultorio Baterno 924 633 154 925 626 077 [&hellip;]<\/p>\n","protected":false},"author":1,"featured_media":0,"parent":16,"menu_order":0,"comment_status":"closed","ping_status":"closed","template":"page-template\/page-no-slider.php","meta":{"_eb_attr":"","inline_featured_image":false},"_links":{"self":[{"href":"https:\/\/saludextremadura.ses.es\/areasaluddonbenito\/wp-json\/wp\/v2\/pages\/578"}],"collection":[{"href":"https:\/\/saludextremadura.ses.es\/areasaluddonbenito\/wp-json\/wp\/v2\/pages"}],"about":[{"href":"https:\/\/saludextremadura.ses.es\/areasaluddonbenito\/wp-json\/wp\/v2\/types\/page"}],"author":[{"embeddable":true,"href":"https:\/\/saludextremadura.ses.es\/areasaluddonbenito\/wp-json\/wp\/v2\/users\/1"}],"replies":[{"embeddable":true,"href":"https:\/\/saludextremadura.ses.es\/areasaluddonbenito\/wp-json\/wp\/v2\/comments?post=578"}],"version-history":[{"count":22,"href":"https:\/\/saludextremadura.ses.es\/areasaluddonbenito\/wp-json\/wp\/v2\/pages\/578\/revisions"}],"predecessor-version":[{"id":2982,"href":"https:\/\/saludextremadura.ses.es\/areasaluddonbenito\/wp-json\/wp\/v2\/pages\/578\/revisions\/2982"}],"up":[{"embeddable":true,"href":"https:\/\/saludextremadura.ses.es\/areasaluddonbenito\/wp-json\/wp\/v2\/pages\/16"}],"wp:attachment":[{"href":"https:\/\/saludextremadura.ses.es\/areasaluddonbenito\/wp-json\/wp\/v2\/media?parent=578"}],"curies":[{"name":"wp","href":"https:\/\/api.w.org\/{rel}","templated":true}]}}