{"id":576,"date":"2022-06-29T11:37:00","date_gmt":"2022-06-29T09:37:00","guid":{"rendered":"https:\/\/saludextremadura.ses.es\/areasaluddonbenito\/?page_id=576"},"modified":"2025-08-26T10:06:08","modified_gmt":"2025-08-26T08:06:08","slug":"santa-amalia","status":"publish","type":"page","link":"https:\/\/saludextremadura.ses.es\/areasaluddonbenito\/atencion-primaria\/santa-amalia\/","title":{"rendered":"Santa Amalia"},"content":{"rendered":"<nav class=\"is-content-justification-center is-layout-flex wp-container-2 is-responsive items-justified-center menu-atencion-primaria wp-block-navigation\" aria-label=\"Men\u00fa Atenci\u00f3n Primaria\"><button aria-haspopup=\"true\" aria-label=\"Abrir el men\u00fa\" class=\"wp-block-navigation__responsive-container-open \" data-micromodal-trigger=\"modal-1\"><svg width=\"24\" height=\"24\" xmlns=\"http:\/\/www.w3.org\/2000\/svg\" viewBox=\"0 0 24 24\" aria-hidden=\"true\" focusable=\"false\"><rect x=\"4\" y=\"7.5\" width=\"16\" height=\"1.5\" \/><rect x=\"4\" y=\"15\" width=\"16\" height=\"1.5\" \/><\/svg><\/button>\n\t\t\t<div class=\"wp-block-navigation__responsive-container  \" style=\"\" id=\"modal-1\">\n\t\t\t\t<div class=\"wp-block-navigation__responsive-close\" tabindex=\"-1\" data-micromodal-close>\n\t\t\t\t\t<div class=\"wp-block-navigation__responsive-dialog\" aria-label=\"Men\u00fa\">\n\t\t\t\t\t\t\t<button aria-label=\"Cerrar el men\u00fa\" data-micromodal-close class=\"wp-block-navigation__responsive-container-close\"><svg xmlns=\"http:\/\/www.w3.org\/2000\/svg\" viewBox=\"0 0 24 24\" width=\"24\" height=\"24\" aria-hidden=\"true\" focusable=\"false\"><path d=\"M13 11.8l6.1-6.3-1-1-6.1 6.2-6.1-6.2-1 1 6.1 6.3-6.5 6.7 1 1 6.5-6.6 6.5 6.6 1-1z\"><\/path><\/svg><\/button>\n\t\t\t\t\t\t<div class=\"wp-block-navigation__responsive-container-content\" id=\"modal-1-content\">\n\t\t\t\t\t\t\t<ul class=\"wp-block-navigation__container\"><li class=\" wp-block-navigation-item wp-block-navigation-link\"><a class=\"wp-block-navigation-item__content\"  href=\"https:\/\/saludextremadura.ses.es\/areasaluddonbenito\/cabeza-de-buey\/\"><span class=\"wp-block-navigation-item__label\">Cabeza de Buey<\/span><\/a><\/li><li class=\" wp-block-navigation-item wp-block-navigation-link\"><a class=\"wp-block-navigation-item__content\"  href=\"https:\/\/saludextremadura.ses.es\/areasaluddonbenito\/campanario\/\"><span class=\"wp-block-navigation-item__label\">Campanario<\/span><\/a><\/li><li class=\" wp-block-navigation-item wp-block-navigation-link\"><a class=\"wp-block-navigation-item__content\"  href=\"https:\/\/saludextremadura.ses.es\/areasaluddonbenito\/castuera\/\"><span class=\"wp-block-navigation-item__label\">Castuera<\/span><\/a><\/li><li class=\" wp-block-navigation-item wp-block-navigation-link\"><a class=\"wp-block-navigation-item__content\"  href=\"https:\/\/saludextremadura.ses.es\/areasaluddonbenito\/don-benito-este\/\"><span class=\"wp-block-navigation-item__label\">Don Benito Este<\/span><\/a><\/li><li class=\" wp-block-navigation-item wp-block-navigation-link\"><a class=\"wp-block-navigation-item__content\"  href=\"https:\/\/saludextremadura.ses.es\/areasaluddonbenito\/don-benito-oeste\/\"><span class=\"wp-block-navigation-item__label\">Don Benito Oeste<\/span><\/a><\/li><li class=\" wp-block-navigation-item wp-block-navigation-link\"><a class=\"wp-block-navigation-item__content\"  href=\"https:\/\/saludextremadura.ses.es\/areasaluddonbenito\/herrera-del-duque\/\"><span class=\"wp-block-navigation-item__label\">Herrera del Duque<\/span><\/a><\/li><li class=\" wp-block-navigation-item wp-block-navigation-link\"><a class=\"wp-block-navigation-item__content\"  href=\"https:\/\/saludextremadura.ses.es\/areasaluddonbenito\/navalvillar-de-pela\/\"><span class=\"wp-block-navigation-item__label\">Navalvillar de Pela<\/span><\/a><\/li><li class=\" wp-block-navigation-item wp-block-navigation-link\"><a class=\"wp-block-navigation-item__content\"  href=\"https:\/\/saludextremadura.ses.es\/areasaluddonbenito\/orellana\/\"><span class=\"wp-block-navigation-item__label\">Orellana<\/span><\/a><\/li><li class=\" wp-block-navigation-item wp-block-navigation-link\"><a class=\"wp-block-navigation-item__content\"  href=\"https:\/\/saludextremadura.ses.es\/areasaluddonbenito\/santa-amalia\/\"><span class=\"wp-block-navigation-item__label\">Santa Amalia<\/span><\/a><\/li><li class=\" wp-block-navigation-item wp-block-navigation-link\"><a class=\"wp-block-navigation-item__content\"  href=\"https:\/\/saludextremadura.ses.es\/areasaluddonbenito\/siruela\/\"><span class=\"wp-block-navigation-item__label\">Siruela<\/span><\/a><\/li><li class=\" wp-block-navigation-item wp-block-navigation-link\"><a class=\"wp-block-navigation-item__content\"  href=\"https:\/\/saludextremadura.ses.es\/areasaluddonbenito\/talarrubias\/\"><span class=\"wp-block-navigation-item__label\">Talarrubias<\/span><\/a><\/li><li class=\" wp-block-navigation-item wp-block-navigation-link\"><a class=\"wp-block-navigation-item__content\"  href=\"https:\/\/saludextremadura.ses.es\/areasaluddonbenito\/villanueva-norte\/\"><span class=\"wp-block-navigation-item__label\">Villanueva Norte<\/span><\/a><\/li><li class=\" wp-block-navigation-item wp-block-navigation-link\"><a class=\"wp-block-navigation-item__content\"  href=\"https:\/\/saludextremadura.ses.es\/areasaluddonbenito\/villanueva-sur\/\"><span class=\"wp-block-navigation-item__label\">Villanueva Sur<\/span><\/a><\/li><li class=\" wp-block-navigation-item wp-block-navigation-link\"><a class=\"wp-block-navigation-item__content\"  href=\"https:\/\/saludextremadura.ses.es\/areasaluddonbenito\/zalamea-de-la-serena\/\"><span class=\"wp-block-navigation-item__label\">Zalamea de la Serena<\/span><\/a><\/li><\/ul>\n\t\t\t\t\t\t<\/div>\n\t\t\t\t\t<\/div>\n\t\t\t\t<\/div>\n\t\t\t<\/div><\/nav>\n\n<h2 class=\"wp-block-post-title\">Santa Amalia<\/h2>\n\n\n<hr class=\"wp-block-separator has-alpha-channel-opacity linea-atencion-primaria\" \/>\n\n\n\n<div class=\"is-layout-flex wp-container-6 wp-block-columns\">\n<div class=\"is-layout-flow wp-block-column\">\n<div class=\"is-layout-flow wp-block-group\"><div class=\"wp-block-group__inner-container\">\n<figure class=\"wp-block-table\"><table><tbody><tr><td><strong>Coordinador<\/strong><\/td><td>Pedro Jes\u00fas Lacalle Chanivet<\/td><\/tr><tr><td><strong>Resp. Enfermer\u00eda<\/strong><\/td><td>Avelina Menacho Labrador<\/td><\/tr><tr><td><strong>Tel\u00e9fono Cita Previa<\/strong><\/td><td>924 83 03 18<\/td><\/tr><tr><td><strong>Tel\u00e9fono Urgencias<\/strong><\/td><td>924 83 02 97<\/td><\/tr><tr><td><strong>Direcci\u00f3n<\/strong><\/td><td>C\/ Hern\u00e1n Cortes s\/n 06410<\/td><\/tr><tr><td><strong>Correo electr\u00f3nico<\/strong><\/td><td>santaamalia.admon@salud-juntaex.es<\/td><\/tr><\/tbody><\/table><\/figure>\n<\/div><\/div>\n<\/div>\n\n\n\n<div class=\"is-layout-flow wp-block-column\"><div class=\"wp-block-image\">\n<figure class=\"aligncenter size-full is-resized\"><img decoding=\"async\" loading=\"lazy\" src=\"https:\/\/saludextremadura.ses.es\/areasaluddonbenito\/wp-content\/uploads\/2022\/07\/image005.png\" alt=\"\" class=\"wp-image-1263\" width=\"493\" height=\"370\" \/><\/figure><\/div><\/div>\n<\/div>\n\n\n\n<div class=\"is-layout-flex wp-container-8 wp-block-columns\">\n<div class=\"is-layout-flow wp-block-column\">\n<figure class=\"wp-block-table tabla-azul\"><table class=\"has-fixed-layout\"><thead><tr><th>CONSULTORIOS<\/th><th>TF. CITA PREVIA<\/th><th>TF. URGENCIAS<\/th><\/tr><\/thead><tbody><tr><td><strong>C. SALUD SANTA AMALIA<\/strong><\/td><td>924 830 318 \/ 900 100 737<\/td><td>924 830 297<\/td><\/tr><tr><td><strong>Consultorio Conquista del Guadiana<\/strong><\/td><td>900 100 737<\/td><td>924 830 297<\/td><\/tr><tr><td><strong>Consultorio Hern\u00e1n Cort\u00e9s<\/strong><\/td><td>900 100 737<\/td><td>924 830 297<\/td><\/tr><tr><td><strong>Consultorio Ruecas<\/strong><\/td><td>900 100 737<\/td><td>924 830 297<\/td><\/tr><tr><td><strong>Consultorio Torrefresneda<\/strong><\/td><td>900 100 737<\/td><td>924 830 297<\/td><\/tr><tr><td><strong>Consultorio Valdehornillos<\/strong><\/td><td>900 100 737<\/td><td>924 830 297<\/td><\/tr><tr><td><strong>Consultorio Vivares<\/strong><\/td><td>900 100 737<\/td><td>924 830 297<\/td><\/tr><\/tbody><\/table><\/figure>\n<\/div>\n<\/div>\n\n\n\n<p><br><\/p>\n\n\n<div >\n                    <div class=\" plethoraplugins-accordion plethoraplugins-theme__minimal \"   >\n                        <div>\n                            \n<div id=\"mdicos\" class=\"pds-accordion__item pds-js-accordion-item pds-no-js\" data-initially-open=\"false\" data-click-to-close=\"true\" data-auto-close=\"true\" data-scroll=\"false\" data-scroll-offset=\"0\">\n                    <h3 id=\"at-mdicos\" class=\"pds-accordion__title pds-js-accordion-controller\" role=\"button\">M\u00e9dicos<span class=\"pds-accordion__icon\" role=\"presentation\" aria-hidden=\"true\"><svg xmlns=\"http:\/\/www.w3.org\/2000\/svg\" viewBox=\"0 0 12 7.4099998\" width=\".75rem\" height=\".75rem\"><path d=\"M12 1.41 10.59 0 6 4.58 1.41 0 0 1.41l6 6z\" fill=\"currentColor\"\/><\/svg><\/span><\/h3>\n                    <div id=\"ac-mdicos\" class=\"pds-accordion__content\">\n                        \n\n<p><\/p>\n\n\n\n<figure class=\"wp-block-table is-style-stripes\"><table class=\"has-fixed-layout\"><thead><tr><th>M\u00c9DICOS<\/th><th>ATS-DUE<\/th><th>LOCALIDAD<\/th><th>POBLACI\u00d3N<\/th><\/tr><\/thead><tbody><tr><td>Ismael \u00c1ngel Barbero Garc\u00eda<\/td><td>Jos\u00e9 Lu\u00eds Lorido Paniagua<\/td><td>Santa Amalia-Conquista<\/td><td><strong>1091<\/strong><\/td><\/tr><tr><td>M\u00aa Cruz Jim\u00e9nez Garc\u00eda<\/td><td>Antonia Garc\u00eda \u00c1lvarez<\/td><td>Hern\u00e1n Cort\u00e9s-Ruecas<\/td><td><strong>1151<\/strong><\/td><\/tr><tr><td>Francisco Parralejo Cano<\/td><td>Eusebio Porro S\u00e1nchez<\/td><td>Santa Amalia<\/td><td><strong>893<\/strong><\/td><\/tr><tr><td>Francisca Galindo Tobal<\/td><td>Pedro Lacalle Chanivet<\/td><td>Santa Amalia<\/td><td><strong>811<\/strong><\/td><\/tr><tr><td>Fco. Javier Rodr\u00edguez Salguero<\/td><td>Andr\u00e9s Manuel Melara Robledo<\/td><td>Valdehornillos-Torrefresneda<\/td><td><strong>910<\/strong><\/td><\/tr><tr><td>Antonia M\u00aa de Dios G\u00f3mez<\/td><td>M\u00aa Teresa Murillo Mar\u00edn<\/td><td>Hern\u00e1n Cort\u00e9s-Vivares<\/td><td><strong>911<\/strong><\/td><\/tr><tr><td>Adolfo Arias Senso<\/td><td>Avelina Menacho Labrador<\/td><td>Santa Amalia<\/td><td><strong>879<\/strong><\/td><\/tr><tr><td>Ambrosia Tena Raya (pediatra)<\/td><td>M\u00aa Carmen Fern\u00e1ndez Cerrato<\/td><td>Santa Amalia<\/td><td><strong>715<\/strong><\/td><\/tr><\/tbody><\/table><\/figure>\n\n\n\n<p><br><\/p>\n\n\n\n<div class=\"is-layout-flex wp-container-11 wp-block-columns\">\n<div class=\"is-layout-flow wp-block-column\">\n<h2 class=\"has-black-color has-text-color has-medium-font-size\"><strong>M\u00c9DICOS DE ATENCI\u00d3N CONTINUADA<\/strong><\/h2>\n\n\n\n<p>Eltayib Mohamed Al Daw <br>Rosa Jessica G\u00f3mez Garc\u00eda<\/p>\n<\/div>\n\n\n\n<div class=\"is-layout-flow wp-block-column\">\n<h2 class=\"has-black-color has-text-color has-medium-font-size\"><strong>ENFERMEROS DE ATENCI\u00d3N CONTINUADA<\/strong><\/h2>\n\n\n\n<p>Elisa M\u00aa Gallardo S\u00e1nchez <br>Ana Bel\u00e9n Bl\u00e1zquez Moreno<\/p>\n<\/div>\n<\/div>\n\n\n\n<p><\/p>\n\n\n                    <\/div>\n                <\/div>\n\n<div id=\"otros_servicios\" class=\"pds-accordion__item pds-js-accordion-item pds-no-js\" data-initially-open=\"false\" data-click-to-close=\"true\" data-auto-close=\"true\" data-scroll=\"false\" data-scroll-offset=\"0\">\n                    <h3 id=\"at-otros_servicios\" class=\"pds-accordion__title pds-js-accordion-controller\" role=\"button\">Otros Servicios<span class=\"pds-accordion__icon\" role=\"presentation\" aria-hidden=\"true\"><svg xmlns=\"http:\/\/www.w3.org\/2000\/svg\" viewBox=\"0 0 12 7.4099998\" width=\".75rem\" height=\".75rem\"><path d=\"M12 1.41 10.59 0 6 4.58 1.41 0 0 1.41l6 6z\" fill=\"currentColor\"\/><\/svg><\/span><\/h3>\n                    <div id=\"ac-otros_servicios\" class=\"pds-accordion__content\">\n                        \n\n<figure class=\"wp-block-table is-style-stripes\"><table class=\"has-fixed-layout\"><thead><tr><th>SERVICIOS<\/th><th>RESPONSABLE<\/th><th>OBSERVACIONES<\/th><\/tr><\/thead><tbody><tr><td><strong>VETERINARIO<\/strong><\/td><td>Ricardo A. Mata Ayuso<\/td><td>&nbsp;<\/td><\/tr><tr><td><strong>FARMAC\u00c9UTICA<\/strong><\/td><td>In\u00e9s Guisado Palmer\u00edn<\/td><td>&nbsp;<\/td><\/tr><tr><td><strong>TRABAJADOR SOCIAL<\/strong><\/td><td>Antonio Blanco Monterdez<\/td><td>Martes y jueves<\/td><\/tr><tr><td><strong>SALUD BUCODENTAL<\/strong><\/td><td>Unidad Salud Bucodental Talarrubias<\/td><td>lunes (y los viernes alternos)<\/td><\/tr><tr><td><strong>MATRONA<\/strong><\/td><td>M\u00aa Petra Mart\u00edn-Romo Capilla<\/td><td>&nbsp;<\/td><\/tr><tr><td><strong>FISIOTERAPEUTA<\/strong><\/td><td>Raquel Franco Garc\u00eda<\/td><td>&nbsp;<\/td><\/tr><tr><td><strong>AUX. ADMINISTRATIVO<\/strong><\/td><td>Eduardo Manuel Leal P\u00e9rez y Remedios Estrella Pavo<\/td><td>&nbsp;<\/td><\/tr><tr><td><strong>AUX. ENFERMER\u00cdA<\/strong><\/td><td>Josefa Jaramillo Exp\u00f3sito<\/td><td>&nbsp;<\/td><\/tr><tr><td><strong>CELADOR<\/strong><\/td><td>M\u00aa Esther G\u00f3mez Valad\u00e9s Aranda y Juan Manuel Mancera M\u00e9ndez<\/td><td>&nbsp;<\/td><\/tr><tr><td><strong>CONSULTORIOS<\/strong><\/td><td>Torrefresneda <br>Conquista <br>Hern\u00e1n Cort\u00e9s <br>Ruecas <br>Valdehornillos <br>Vivares<\/td><td>924 28 12 05 <br>924 28 06 13 <br>924 28 06 50 <br>924 28 06 37 <br>924 28 06 11 <br>924 28 06 41<\/td><\/tr><tr><td><strong>AYUNTAMIENTO: Fax 924 830452<\/strong><\/td><td>Plaza de Espa\u00f1a, 1<\/td><td>924 83 00 11 Fax 924 83 04 52<\/td><\/tr><tr><td><strong>SALUD MENTAL<\/strong><\/td><td>Pertenece a la Unidad de Salud Mental de Don Benito<\/td><td>&nbsp;<\/td><\/tr><\/tbody><\/table><\/figure>\n\n\n\n<p><\/p>\n\n\n                    <\/div>\n                <\/div>\n\n<div id=\"responsables_de_reas_especficas\" class=\"pds-accordion__item pds-js-accordion-item pds-no-js\" data-initially-open=\"false\" data-click-to-close=\"true\" data-auto-close=\"true\" data-scroll=\"false\" data-scroll-offset=\"0\">\n                    <h3 id=\"at-responsables_de_reas_especficas\" class=\"pds-accordion__title pds-js-accordion-controller\" role=\"button\">Responsables de \u00c1reas espec\u00edficas<span class=\"pds-accordion__icon\" role=\"presentation\" aria-hidden=\"true\"><svg xmlns=\"http:\/\/www.w3.org\/2000\/svg\" viewBox=\"0 0 12 7.4099998\" width=\".75rem\" height=\".75rem\"><path d=\"M12 1.41 10.59 0 6 4.58 1.41 0 0 1.41l6 6z\" fill=\"currentColor\"\/><\/svg><\/span><\/h3>\n                    <div id=\"ac-responsables_de_reas_especficas\" class=\"pds-accordion__content\">\n                        \n\n<figure class=\"wp-block-table is-style-stripes\"><table class=\"has-fixed-layout\"><thead><tr><th><\/th><th><\/th><\/tr><\/thead><tbody><tr><td><strong>Formaci\u00f3n<\/strong><\/td><td>Raquel Franco Garc\u00eda<\/td><\/tr><tr><td><strong>Salud Mental<\/strong><\/td><td>M\u00aa Cruz Jim\u00e9nez Rodr\u00edguez<\/td><\/tr><tr><td><strong>Digestivo<\/strong><\/td><td>Eltayib Mohamed AlDaw<\/td><\/tr><tr><td><strong>Gesti\u00f3n de residuos<\/strong><\/td><td>In\u00e9s Guisado Palmer\u00edn<\/td><\/tr><tr><td><strong>Incapacidad Temporal<\/strong><\/td><td>Francisca Galindo Tobal<\/td><\/tr><tr><td><strong>Formador en I.T.<\/strong><\/td><td>Francisca Galindo Tobal<\/td><\/tr><tr><td><strong>Jara<\/strong><\/td><td>Francisco Parralejo Cano<\/td><\/tr><tr><td><strong>Cartera de Servicios<\/strong><\/td><td>Pedro Jes\u00fas Lacalle Chanivet<\/td><\/tr><tr><td><strong>Atenci\u00f3n Continuada<\/strong><\/td><td>Adolfo Arias Senso<\/td><\/tr><tr><td><strong>Biblioteca<\/strong><\/td><td>M\u00aa Carmen Fern\u00e1ndez Cerrato<\/td><\/tr><tr><td><strong>Botiqu\u00edn<\/strong><\/td><td>In\u00e9s Guisado Palmer\u00edn<\/td><\/tr><tr><td><strong>Calidad<\/strong><\/td><td>M\u00aa Carmen Fern\u00e1ndez Cerrato<\/td><\/tr><tr><td><strong>Cirug\u00eda Menor<\/strong><\/td><td>Jos\u00e9 Lu\u00eds Lorido Paniagua<\/td><\/tr><tr><td><strong>Educaci\u00f3n para la Salud<\/strong><\/td><td>M\u00aa Teresa Murillo Mart\u00edn<\/td><\/tr><tr><td><strong>Salud Escolar<\/strong><\/td><td>Andr\u00e9s Melara Robledo<\/td><\/tr><tr><td><strong>Salud P\u00fablica<\/strong><\/td><td>Ricardo A. Mata Ayuso<\/td><\/tr><tr><td><strong>Comunicaci\u00f3n Interna<\/strong><\/td><td>Remedios Estrella Pavo<\/td><\/tr><tr><td><strong>Ecograf\u00edas<\/strong><\/td><td>&nbsp;<\/td><\/tr><tr><td><strong>Vacunas<\/strong><\/td><td>In\u00e9s Guisado Palmer\u00edn y M\u00aa Carmen Fern\u00e1ndez Cerrato<\/td><\/tr><tr><td><strong>Almac\u00e9n<\/strong><\/td><td>Josefa Jaramillo Exp\u00f3sito<\/td><\/tr><tr><td><strong>Salud laboral<\/strong><\/td><td>Pedro J. Lacalle Chanivet<\/td><\/tr><tr><td><strong>Atenci\u00f3n Directa<\/strong><\/td><td>Jos\u00e9 Lu\u00eds Lorido Paniagua<\/td><\/tr><tr><td><strong>C\u00edvitas<\/strong><\/td><td>Eduardo Manuel Leal P\u00e9rez<\/td><\/tr><tr><td><strong>Comunicaci\u00f3n Sociosanitaria<\/strong><\/td><td>Avelina Menacho Labrador<\/td><\/tr><tr><td><strong>TAO<\/strong><\/td><td>Eusebio Porro S\u00e1nchez<\/td><\/tr><tr><td><strong>PIDEX<\/strong><\/td><td>Antonio Blanco Monterdez<\/td><\/tr><tr><td><strong>ENDOCRINO<\/strong><\/td><td>Antonia M\u00aa de Dios G\u00f3mez<\/td><\/tr><\/tbody><\/table><\/figure>\n\n\n\n<p><\/p>\n\n\n                    <\/div>\n                <\/div>\n\n                        <\/div>\n                    <\/div>\n            <\/div>","protected":false},"excerpt":{"rendered":"<p>Coordinador Pedro Jes\u00fas Lacalle Chanivet Resp. Enfermer\u00eda Avelina Menacho Labrador Tel\u00e9fono Cita Previa 924 83 03 18 Tel\u00e9fono Urgencias 924 83 02 97 Direcci\u00f3n C\/ Hern\u00e1n Cortes s\/n 06410 Correo electr\u00f3nico santaamalia.admon@salud-juntaex.es CONSULTORIOS TF. CITA PREVIA TF. URGENCIAS C. SALUD SANTA AMALIA 924 830 318 \/ 900 100 737 924 830 297 Consultorio Conquista del [&hellip;]<\/p>\n","protected":false},"author":1,"featured_media":0,"parent":16,"menu_order":0,"comment_status":"closed","ping_status":"closed","template":"page-template\/page-no-slider.php","meta":{"_eb_attr":"","inline_featured_image":false},"_links":{"self":[{"href":"https:\/\/saludextremadura.ses.es\/areasaluddonbenito\/wp-json\/wp\/v2\/pages\/576"}],"collection":[{"href":"https:\/\/saludextremadura.ses.es\/areasaluddonbenito\/wp-json\/wp\/v2\/pages"}],"about":[{"href":"https:\/\/saludextremadura.ses.es\/areasaluddonbenito\/wp-json\/wp\/v2\/types\/page"}],"author":[{"embeddable":true,"href":"https:\/\/saludextremadura.ses.es\/areasaluddonbenito\/wp-json\/wp\/v2\/users\/1"}],"replies":[{"embeddable":true,"href":"https:\/\/saludextremadura.ses.es\/areasaluddonbenito\/wp-json\/wp\/v2\/comments?post=576"}],"version-history":[{"count":16,"href":"https:\/\/saludextremadura.ses.es\/areasaluddonbenito\/wp-json\/wp\/v2\/pages\/576\/revisions"}],"predecessor-version":[{"id":3581,"href":"https:\/\/saludextremadura.ses.es\/areasaluddonbenito\/wp-json\/wp\/v2\/pages\/576\/revisions\/3581"}],"up":[{"embeddable":true,"href":"https:\/\/saludextremadura.ses.es\/areasaluddonbenito\/wp-json\/wp\/v2\/pages\/16"}],"wp:attachment":[{"href":"https:\/\/saludextremadura.ses.es\/areasaluddonbenito\/wp-json\/wp\/v2\/media?parent=576"}],"curies":[{"name":"wp","href":"https:\/\/api.w.org\/{rel}","templated":true}]}}