{"id":574,"date":"2022-06-29T11:36:49","date_gmt":"2022-06-29T09:36:49","guid":{"rendered":"https:\/\/saludextremadura.ses.es\/areasaluddonbenito\/?page_id=574"},"modified":"2025-08-26T10:04:40","modified_gmt":"2025-08-26T08:04:40","slug":"orellana","status":"publish","type":"page","link":"https:\/\/saludextremadura.ses.es\/areasaluddonbenito\/atencion-primaria\/orellana\/","title":{"rendered":"Orellana"},"content":{"rendered":"<nav class=\"is-content-justification-center is-layout-flex wp-container-2 is-responsive items-justified-center menu-atencion-primaria wp-block-navigation\" aria-label=\"Men\u00fa Atenci\u00f3n Primaria\"><button aria-haspopup=\"true\" aria-label=\"Abrir el men\u00fa\" class=\"wp-block-navigation__responsive-container-open \" data-micromodal-trigger=\"modal-1\"><svg width=\"24\" height=\"24\" xmlns=\"http:\/\/www.w3.org\/2000\/svg\" viewBox=\"0 0 24 24\" aria-hidden=\"true\" focusable=\"false\"><rect x=\"4\" y=\"7.5\" width=\"16\" height=\"1.5\" \/><rect x=\"4\" y=\"15\" width=\"16\" height=\"1.5\" \/><\/svg><\/button>\n\t\t\t<div class=\"wp-block-navigation__responsive-container  \" style=\"\" id=\"modal-1\">\n\t\t\t\t<div class=\"wp-block-navigation__responsive-close\" tabindex=\"-1\" data-micromodal-close>\n\t\t\t\t\t<div class=\"wp-block-navigation__responsive-dialog\" aria-label=\"Men\u00fa\">\n\t\t\t\t\t\t\t<button aria-label=\"Cerrar el men\u00fa\" data-micromodal-close class=\"wp-block-navigation__responsive-container-close\"><svg xmlns=\"http:\/\/www.w3.org\/2000\/svg\" viewBox=\"0 0 24 24\" width=\"24\" height=\"24\" aria-hidden=\"true\" focusable=\"false\"><path d=\"M13 11.8l6.1-6.3-1-1-6.1 6.2-6.1-6.2-1 1 6.1 6.3-6.5 6.7 1 1 6.5-6.6 6.5 6.6 1-1z\"><\/path><\/svg><\/button>\n\t\t\t\t\t\t<div class=\"wp-block-navigation__responsive-container-content\" id=\"modal-1-content\">\n\t\t\t\t\t\t\t<ul class=\"wp-block-navigation__container\"><li class=\" wp-block-navigation-item wp-block-navigation-link\"><a class=\"wp-block-navigation-item__content\"  href=\"https:\/\/saludextremadura.ses.es\/areasaluddonbenito\/cabeza-de-buey\/\"><span class=\"wp-block-navigation-item__label\">Cabeza de Buey<\/span><\/a><\/li><li class=\" wp-block-navigation-item wp-block-navigation-link\"><a class=\"wp-block-navigation-item__content\"  href=\"https:\/\/saludextremadura.ses.es\/areasaluddonbenito\/campanario\/\"><span class=\"wp-block-navigation-item__label\">Campanario<\/span><\/a><\/li><li class=\" wp-block-navigation-item wp-block-navigation-link\"><a class=\"wp-block-navigation-item__content\"  href=\"https:\/\/saludextremadura.ses.es\/areasaluddonbenito\/castuera\/\"><span class=\"wp-block-navigation-item__label\">Castuera<\/span><\/a><\/li><li class=\" wp-block-navigation-item wp-block-navigation-link\"><a class=\"wp-block-navigation-item__content\"  href=\"https:\/\/saludextremadura.ses.es\/areasaluddonbenito\/don-benito-este\/\"><span class=\"wp-block-navigation-item__label\">Don Benito Este<\/span><\/a><\/li><li class=\" wp-block-navigation-item wp-block-navigation-link\"><a class=\"wp-block-navigation-item__content\"  href=\"https:\/\/saludextremadura.ses.es\/areasaluddonbenito\/don-benito-oeste\/\"><span class=\"wp-block-navigation-item__label\">Don Benito Oeste<\/span><\/a><\/li><li class=\" wp-block-navigation-item wp-block-navigation-link\"><a class=\"wp-block-navigation-item__content\"  href=\"https:\/\/saludextremadura.ses.es\/areasaluddonbenito\/herrera-del-duque\/\"><span class=\"wp-block-navigation-item__label\">Herrera del Duque<\/span><\/a><\/li><li class=\" wp-block-navigation-item wp-block-navigation-link\"><a class=\"wp-block-navigation-item__content\"  href=\"https:\/\/saludextremadura.ses.es\/areasaluddonbenito\/navalvillar-de-pela\/\"><span class=\"wp-block-navigation-item__label\">Navalvillar de Pela<\/span><\/a><\/li><li class=\" wp-block-navigation-item wp-block-navigation-link\"><a class=\"wp-block-navigation-item__content\"  href=\"https:\/\/saludextremadura.ses.es\/areasaluddonbenito\/orellana\/\"><span class=\"wp-block-navigation-item__label\">Orellana<\/span><\/a><\/li><li class=\" wp-block-navigation-item wp-block-navigation-link\"><a class=\"wp-block-navigation-item__content\"  href=\"https:\/\/saludextremadura.ses.es\/areasaluddonbenito\/santa-amalia\/\"><span class=\"wp-block-navigation-item__label\">Santa Amalia<\/span><\/a><\/li><li class=\" wp-block-navigation-item wp-block-navigation-link\"><a class=\"wp-block-navigation-item__content\"  href=\"https:\/\/saludextremadura.ses.es\/areasaluddonbenito\/siruela\/\"><span class=\"wp-block-navigation-item__label\">Siruela<\/span><\/a><\/li><li class=\" wp-block-navigation-item wp-block-navigation-link\"><a class=\"wp-block-navigation-item__content\"  href=\"https:\/\/saludextremadura.ses.es\/areasaluddonbenito\/talarrubias\/\"><span class=\"wp-block-navigation-item__label\">Talarrubias<\/span><\/a><\/li><li class=\" wp-block-navigation-item wp-block-navigation-link\"><a class=\"wp-block-navigation-item__content\"  href=\"https:\/\/saludextremadura.ses.es\/areasaluddonbenito\/villanueva-norte\/\"><span class=\"wp-block-navigation-item__label\">Villanueva Norte<\/span><\/a><\/li><li class=\" wp-block-navigation-item wp-block-navigation-link\"><a class=\"wp-block-navigation-item__content\"  href=\"https:\/\/saludextremadura.ses.es\/areasaluddonbenito\/villanueva-sur\/\"><span class=\"wp-block-navigation-item__label\">Villanueva Sur<\/span><\/a><\/li><li class=\" wp-block-navigation-item wp-block-navigation-link\"><a class=\"wp-block-navigation-item__content\"  href=\"https:\/\/saludextremadura.ses.es\/areasaluddonbenito\/zalamea-de-la-serena\/\"><span class=\"wp-block-navigation-item__label\">Zalamea de la Serena<\/span><\/a><\/li><\/ul>\n\t\t\t\t\t\t<\/div>\n\t\t\t\t\t<\/div>\n\t\t\t\t<\/div>\n\t\t\t<\/div><\/nav>\n\n<h2 class=\"wp-block-post-title\">Orellana<\/h2>\n\n\n<hr class=\"wp-block-separator has-alpha-channel-opacity linea-atencion-primaria\" \/>\n\n\n\n<div class=\"is-layout-flex wp-container-6 wp-block-columns\">\n<div class=\"is-layout-flow wp-block-column\">\n<div class=\"is-layout-flow wp-block-group\"><div class=\"wp-block-group__inner-container\">\n<figure class=\"wp-block-table\"><table><tbody><tr><td><strong>Coordinador<\/strong><\/td><td>Francisco Jos\u00e9 Estrada Fern\u00e1ndez<\/td><\/tr><tr><td><strong>Resp. Enfermer\u00eda<\/strong><\/td><td>\u00c1ngel N\u00fa\u00f1ez N\u00fa\u00f1ez<\/td><\/tr><tr><td><strong>Tel\u00e9fono Cita Previa<\/strong><\/td><td>924 86 67 70<\/td><\/tr><tr><td><strong>Tel\u00e9fono Urgencias<\/strong><\/td><td>924 86 69 04<\/td><\/tr><tr><td><strong>Direcci\u00f3n<\/strong><\/td><td>Plaza de San Sebasti\u00e1n, s\/n\u00ba<\/td><\/tr><tr><td><strong>Correo electr\u00f3nico<\/strong><\/td><td>orellanalavieja.admon@salud-juntaex.es<\/td><\/tr><\/tbody><\/table><\/figure>\n<\/div><\/div>\n<\/div>\n\n\n\n<div class=\"is-layout-flow wp-block-column\"><div class=\"wp-block-image\">\n<figure class=\"aligncenter size-full\"><img decoding=\"async\" loading=\"lazy\" width=\"2000\" height=\"900\" src=\"https:\/\/saludextremadura.ses.es\/areasaluddonbenito\/wp-content\/uploads\/2022\/07\/image003-4.png\" alt=\"\" class=\"wp-image-1251\" \/><\/figure><\/div><\/div>\n<\/div>\n\n\n\n<div class=\"is-layout-flex wp-container-8 wp-block-columns\">\n<div class=\"is-layout-flow wp-block-column\">\n<figure class=\"wp-block-table tabla-azul\"><table class=\"has-fixed-layout\"><thead><tr><th>CONSULTORIOS<\/th><th>TF. CITA PREVIA<\/th><th>TF. URGENCIAS<\/th><\/tr><\/thead><tbody><tr><td><strong>C. SALUD ORELLANA LA VIEJA<\/strong><\/td><td>924 866 770<\/td><td>924 866 904<\/td><\/tr><tr><td><strong>Consultorio Acedera<\/strong><\/td><td>924 866 770<\/td><td>924 866 904<\/td><\/tr><tr><td><strong>Consultorio Garg\u00e1ligas<\/strong><\/td><td>924 866 770<\/td><td>924 866 904<\/td><\/tr><tr><td><strong>Consultorio Los Guadalperales<\/strong><\/td><td>924 866 770<\/td><td>924 866 904<\/td><\/tr><tr><td><strong>Consultorio Orellana la Sierra<\/strong><\/td><td>924 866 770<\/td><td>924 866 904<\/td><\/tr><\/tbody><\/table><\/figure>\n<\/div>\n<\/div>\n\n\n<div >\n                    <div class=\" plethoraplugins-accordion plethoraplugins-theme__minimal \"   >\n                        <div>\n                            \n<div id=\"mdicos\" class=\"pds-accordion__item pds-js-accordion-item pds-no-js\" data-initially-open=\"false\" data-click-to-close=\"true\" data-auto-close=\"true\" data-scroll=\"false\" data-scroll-offset=\"0\">\n                    <h3 id=\"at-mdicos\" class=\"pds-accordion__title pds-js-accordion-controller\" role=\"button\">M\u00e9dicos<span class=\"pds-accordion__icon\" role=\"presentation\" aria-hidden=\"true\"><svg xmlns=\"http:\/\/www.w3.org\/2000\/svg\" viewBox=\"0 0 12 7.4099998\" width=\".75rem\" height=\".75rem\"><path d=\"M12 1.41 10.59 0 6 4.58 1.41 0 0 1.41l6 6z\" fill=\"currentColor\"\/><\/svg><\/span><\/h3>\n                    <div id=\"ac-mdicos\" class=\"pds-accordion__content\">\n                        \n\n<p><\/p>\n\n\n\n<figure class=\"wp-block-table is-style-stripes\"><table class=\"has-fixed-layout\"><thead><tr><th>M\u00c9DICOS<\/th><th>ATS-DUE<\/th><th>LOCALIDAD<\/th><th>POBLACI\u00d3N<\/th><\/tr><\/thead><tbody><tr><td>Eduardo Cano Hern\u00e1ndez<\/td><td>Fco. Jos\u00e9 Estrada Fern\u00e1ndez<\/td><td>Orellana de la Sierra-Acedera<\/td><td><strong>315<\/strong><\/td><\/tr><tr><td>Rosa Gemma Menaya Mac\u00edas<\/td><td>Catalina Sierra Crucera<\/td><td>Orellana la Vieja<\/td><td><strong>1184<\/strong><\/td><\/tr><tr><td>Julia S\u00e1nchez Agudo<\/td><td>\u00c1ngel N\u00fa\u00f1ez N\u00fa\u00f1ez<\/td><td>Orellana la Vieja<\/td><td><strong>1107<\/strong><\/td><\/tr><tr><td>Marta Guerrero Cabanillas<\/td><td>Concepci\u00f3n Villacorta \/ Mar\u00eda Mo\u00f1ino<\/td><td>Garg\u00e1ligas &#8211; Guadalperales<\/td><td><strong>1044<\/strong><\/td><\/tr><tr><td>Tom\u00e1s Jim\u00e9nez Lu\u00eds (pediatra)<\/td><td>\u00c1ngel N\u00fa\u00f1ez \/ Catalina Sierra<\/td><td>Orellana la Vieja (compartido con N Pela)<\/td><td><strong>345<\/strong><\/td><\/tr><\/tbody><\/table><\/figure>\n\n\n\n<p><br><\/p>\n\n\n\n<div class=\"is-layout-flex wp-container-11 wp-block-columns\">\n<div class=\"is-layout-flow wp-block-column\">\n<h2 class=\"has-black-color has-text-color has-medium-font-size\"><strong>M\u00c9DICOS DE ATENCI\u00d3N CONTINUADA<\/strong><\/h2>\n\n\n\n<p>Esther Gallego Velarde <br>Germ\u00e1n Le\u00f3n Vallejo <br>Isabel Valls Mart\u00ednez<\/p>\n<\/div>\n\n\n\n<div class=\"is-layout-flow wp-block-column\">\n<h2 class=\"has-black-color has-text-color has-medium-font-size\"><strong>ENFERMEROS DE ATENCI\u00d3N CONTINUADA<\/strong><\/h2>\n\n\n\n<p>Jacinta Carrasco Calder\u00f3n <br>Juana Calder\u00f3n Mej\u00edas<\/p>\n<\/div>\n<\/div>\n\n\n\n<p><\/p>\n\n\n                    <\/div>\n                <\/div>\n\n<div id=\"otros_servicios\" class=\"pds-accordion__item pds-js-accordion-item pds-no-js\" data-initially-open=\"false\" data-click-to-close=\"true\" data-auto-close=\"true\" data-scroll=\"false\" data-scroll-offset=\"0\">\n                    <h3 id=\"at-otros_servicios\" class=\"pds-accordion__title pds-js-accordion-controller\" role=\"button\">Otros Servicios<span class=\"pds-accordion__icon\" role=\"presentation\" aria-hidden=\"true\"><svg xmlns=\"http:\/\/www.w3.org\/2000\/svg\" viewBox=\"0 0 12 7.4099998\" width=\".75rem\" height=\".75rem\"><path d=\"M12 1.41 10.59 0 6 4.58 1.41 0 0 1.41l6 6z\" fill=\"currentColor\"\/><\/svg><\/span><\/h3>\n                    <div id=\"ac-otros_servicios\" class=\"pds-accordion__content\">\n                        \n\n<figure class=\"wp-block-table is-style-stripes\"><table class=\"has-fixed-layout\"><thead><tr><th>SERVICIOS<\/th><th>RESPONSABLE<\/th><th>OBSERVACIONES<\/th><\/tr><\/thead><tbody><tr><td><strong>VETERINARIO<\/strong><\/td><td>Ricardo Grueso L\u00f3pez<\/td><td>&nbsp;<\/td><\/tr><tr><td><strong>FARMAC\u00c9UTICA<\/strong><\/td><td>Sonia G\u00e1lvez Ma\u00edquez&nbsp; (s\u00f3lo viene martes y viernes)<\/td><td>&nbsp;<\/td><\/tr><tr><td><strong>TRABAJADOR SOCIAL<\/strong><\/td><td>Nieves Garc\u00eda Mart\u00edn<\/td><td>Lunes<\/td><\/tr><tr><td><strong>ODONT\u00d3LOGO<\/strong><\/td><td>Julia P\u00e9rez Barquero<\/td><td>Viernes<\/td><\/tr><tr><td><strong>HIGIENISTA DENTAL<\/strong><\/td><td>Esther M\u00aa Cavacasillas Garc\u00eda<\/td><td>Viernes<\/td><\/tr><tr><td><strong>MATRONA<\/strong><\/td><td>Silvia Visitaci\u00f3n Campos Barrado<\/td><td>Mi\u00e9rcoles<\/td><\/tr><tr><td><strong>FISIOTERAPEUTA<\/strong><\/td><td>Mar\u00eda Pilar Mu\u00f1oz-Torrero Serrano<\/td><td>&nbsp;<\/td><\/tr><tr><td><strong>AUX. ADMINISTRATIVO<\/strong><\/td><td>Amalia Torres Murillo<\/td><td>&nbsp;<\/td><\/tr><tr><td><strong>AUX. ENFERMER\u00cdA<\/strong><\/td><td>Ana M\u00aa D\u00edaz Pozo<\/td><td>&nbsp;<\/td><\/tr><tr><td><strong>CONSULTORIOS<\/strong><\/td><td>Orellana de la Sierra<\/td><td>924 28 06 29<\/td><\/tr><tr><td>Acedera<\/td><td>924 28 06 02<\/td><td>&nbsp;<\/td><\/tr><tr><td>Garg\u00e1ligas<\/td><td>924 28 06 45&nbsp;<\/td><td>&nbsp;<\/td><\/tr><tr><td>Guadalperales<\/td><td>924 28 06 55&nbsp;<\/td><td>&nbsp;<\/td><\/tr><tr><td><strong>AYUNTAMIENTO<\/strong><\/td><td>Plaza de San Sebasti\u00e1n, s\/n\u00ba<\/td><td>924 86 78 01<\/td><\/tr><tr><td><strong>SALUD MENTAL<\/strong><\/td><td>Pertenece a la Unidad de Salud Mental de Talarrubias<\/td><td>&nbsp;<\/td><\/tr><tr><td><strong>CEDEX<\/strong><\/td><td>M\u00e9dico: Manuel Barrag\u00e1n Rodr\u00edguez, los martes<\/td><td>&nbsp;<\/td><\/tr><\/tbody><\/table><\/figure>\n\n\n\n<p><\/p>\n\n\n                    <\/div>\n                <\/div>\n\n<div id=\"responsables_de_reas_especficas\" class=\"pds-accordion__item pds-js-accordion-item pds-no-js\" data-initially-open=\"false\" data-click-to-close=\"true\" data-auto-close=\"true\" data-scroll=\"false\" data-scroll-offset=\"0\">\n                    <h3 id=\"at-responsables_de_reas_especficas\" class=\"pds-accordion__title pds-js-accordion-controller\" role=\"button\">Responsables de \u00c1reas espec\u00edficas<span class=\"pds-accordion__icon\" role=\"presentation\" aria-hidden=\"true\"><svg xmlns=\"http:\/\/www.w3.org\/2000\/svg\" viewBox=\"0 0 12 7.4099998\" width=\".75rem\" height=\".75rem\"><path d=\"M12 1.41 10.59 0 6 4.58 1.41 0 0 1.41l6 6z\" fill=\"currentColor\"\/><\/svg><\/span><\/h3>\n                    <div id=\"ac-responsables_de_reas_especficas\" class=\"pds-accordion__content\">\n                        \n\n<figure class=\"wp-block-table is-style-stripes\"><table class=\"has-fixed-layout\"><thead><tr><th><\/th><th><\/th><\/tr><\/thead><tbody><tr><td><strong>Formaci\u00f3n<\/strong><\/td><td>Marta Guerrero Cabanillas<\/td><\/tr><tr><td><strong>Salud Mental<\/strong><\/td><td>Concepci\u00f3n Villacorta Calvo<\/td><\/tr><tr><td><strong>Digestivo<\/strong><\/td><td>Julia S\u00e1nchez Agudo<\/td><\/tr><tr><td><strong>Gesti\u00f3n de residuos<\/strong><\/td><td>Ana M\u00aa D\u00edaz Pozo<\/td><\/tr><tr><td><strong>Incapacidad Temporal<\/strong><\/td><td>Eduardo Cano Hern\u00e1ndez<\/td><\/tr><tr><td><strong>Cartera de Servicios<\/strong><\/td><td>Catalina Sierra Crucera<\/td><\/tr><tr><td><strong>Atenci\u00f3n Continuada<\/strong><\/td><td>Manuel Garc\u00eda \u00c1lvarez<\/td><\/tr><tr><td><strong>Biblioteca<\/strong><\/td><td>Julia S\u00e1nchez Agudo<\/td><\/tr><tr><td><strong>Botiqu\u00edn \/Gases medicinales<\/strong><\/td><td>Sonia G\u00e1lvez Ma\u00edquez<\/td><\/tr><tr><td><strong>Calidad<\/strong><\/td><td>Concepci\u00f3n Villacorta Calvo<\/td><\/tr><tr><td><strong>Cirug\u00eda Menor<\/strong><\/td><td>Francisco Estrada Fern\u00e1ndez<\/td><\/tr><tr><td><strong>Educaci\u00f3n para la Salud<\/strong><\/td><td>Sonia G\u00e1lvez Ma\u00edquez<\/td><\/tr><tr><td><strong>Salud Escolar<\/strong><\/td><td>Tom\u00e1s Jim\u00e9nez Lu\u00eds<\/td><\/tr><tr><td><strong>Salud P\u00fablica<\/strong><\/td><td>Manuel Garc\u00eda \u00c1lvarez<\/td><\/tr><tr><td><strong>Comunicaci\u00f3n Sociosanitaria<\/strong><\/td><td>Sonia G\u00e1lvez Ma\u00edquez<\/td><\/tr><tr><td><strong>Participaci\u00f3n Ciudadana<\/strong><\/td><\/tr><tr><td><strong>Civitas<\/strong><\/td><td>Amalia Torres Murillo<\/td><\/tr><tr><td><strong>Comunicaci\u00f3n Interna<\/strong><\/td><td>Amalia Torres Murillo<\/td><\/tr><tr><td><strong>Atenci\u00f3n Directa<\/strong><\/td><td>Julia S\u00e1nchez Agudo<\/td><\/tr><tr><td><strong>Vacunas<\/strong><\/td><td>Sonia G\u00e1lvez Ma\u00edquez y \u00c1ngel N\u00fa\u00f1ez N\u00fa\u00f1ez<\/td><\/tr><tr><td><strong>Almac\u00e9n<\/strong><\/td><td>Francisco Estrada Fern\u00e1ndez<\/td><\/tr><tr><td><strong>Salud laboral<\/strong><\/td><td>Manuel Garc\u00eda \u00c1lvarez<\/td><\/tr><tr><td><strong>TAO<\/strong><\/td><td>Mar\u00eda Mo\u00f1ino Jim\u00e9nez<\/td><\/tr><tr><td><strong>PIDEX<\/strong><\/td><td>Concepci\u00f3n Villacorta Calvo<\/td><\/tr><tr><td><strong>Administrativo<\/strong><\/td><td>Amalia Torres Murillo<\/td><\/tr><tr><td><strong>JARA<\/strong><\/td><td>Mar\u00eda Mo\u00f1ino Jim\u00e9nez<\/td><\/tr><tr><td><strong>Ecograf\u00edas<\/strong><\/td><td>Eduardo Cano Hern\u00e1ndez<\/td><\/tr><tr><td><strong>Endocrinolog\u00eda<\/strong><\/td><td>Julia S\u00e1nchez Agudo<\/td><\/tr><tr><td><strong>Traumatolog\u00eda<\/strong><\/td><td>Julia S\u00e1nchez Agudo<\/td><\/tr><tr><td><strong>Ciudades Saludables<\/strong><\/td><td>\u00c1ngel N\u00fa\u00f1ez N\u00fa\u00f1ez<\/td><\/tr><tr><td><strong>Uso Racional del Medicamento<\/strong><\/td><td>Sonia G\u00e1lvez Ma\u00edquez<\/td><\/tr><tr><td><strong>Grupo de Trabajo Reglamento R\u00e9gimen Interno<\/strong><\/td><td>Manuel Garc\u00eda \u00c1lvarez<\/td><\/tr><tr><td><strong>Infiltraciones<\/strong><\/td><td>Marta Guerrero Cabanillas<\/td><\/tr><tr><td><strong>Espirometr\u00edas<\/strong><\/td><td>Concepci\u00f3n Villacorta Calvo<\/td><\/tr><\/tbody><\/table><\/figure>\n\n\n\n<p><\/p>\n\n\n                    <\/div>\n                <\/div>\n\n                        <\/div>\n                    <\/div>\n            <\/div>","protected":false},"excerpt":{"rendered":"<p>Coordinador Francisco Jos\u00e9 Estrada Fern\u00e1ndez Resp. Enfermer\u00eda \u00c1ngel N\u00fa\u00f1ez N\u00fa\u00f1ez Tel\u00e9fono Cita Previa 924 86 67 70 Tel\u00e9fono Urgencias 924 86 69 04 Direcci\u00f3n Plaza de San Sebasti\u00e1n, s\/n\u00ba Correo electr\u00f3nico orellanalavieja.admon@salud-juntaex.es CONSULTORIOS TF. CITA PREVIA TF. URGENCIAS C. SALUD ORELLANA LA VIEJA 924 866 770 924 866 904 Consultorio Acedera 924 866 770 924 [&hellip;]<\/p>\n","protected":false},"author":1,"featured_media":0,"parent":16,"menu_order":0,"comment_status":"closed","ping_status":"closed","template":"page-template\/page-no-slider.php","meta":{"_eb_attr":"","inline_featured_image":false},"_links":{"self":[{"href":"https:\/\/saludextremadura.ses.es\/areasaluddonbenito\/wp-json\/wp\/v2\/pages\/574"}],"collection":[{"href":"https:\/\/saludextremadura.ses.es\/areasaluddonbenito\/wp-json\/wp\/v2\/pages"}],"about":[{"href":"https:\/\/saludextremadura.ses.es\/areasaluddonbenito\/wp-json\/wp\/v2\/types\/page"}],"author":[{"embeddable":true,"href":"https:\/\/saludextremadura.ses.es\/areasaluddonbenito\/wp-json\/wp\/v2\/users\/1"}],"replies":[{"embeddable":true,"href":"https:\/\/saludextremadura.ses.es\/areasaluddonbenito\/wp-json\/wp\/v2\/comments?post=574"}],"version-history":[{"count":18,"href":"https:\/\/saludextremadura.ses.es\/areasaluddonbenito\/wp-json\/wp\/v2\/pages\/574\/revisions"}],"predecessor-version":[{"id":3580,"href":"https:\/\/saludextremadura.ses.es\/areasaluddonbenito\/wp-json\/wp\/v2\/pages\/574\/revisions\/3580"}],"up":[{"embeddable":true,"href":"https:\/\/saludextremadura.ses.es\/areasaluddonbenito\/wp-json\/wp\/v2\/pages\/16"}],"wp:attachment":[{"href":"https:\/\/saludextremadura.ses.es\/areasaluddonbenito\/wp-json\/wp\/v2\/media?parent=574"}],"curies":[{"name":"wp","href":"https:\/\/api.w.org\/{rel}","templated":true}]}}