{"id":564,"date":"2022-06-29T11:14:21","date_gmt":"2022-06-29T09:14:21","guid":{"rendered":"https:\/\/saludextremadura.ses.es\/areasaluddonbenito\/?page_id=564"},"modified":"2025-08-26T10:00:41","modified_gmt":"2025-08-26T08:00:41","slug":"don-benito-oeste","status":"publish","type":"page","link":"https:\/\/saludextremadura.ses.es\/areasaluddonbenito\/atencion-primaria\/don-benito-oeste\/","title":{"rendered":"Don Benito Oeste"},"content":{"rendered":"<nav class=\"is-content-justification-center is-layout-flex wp-container-2 is-responsive items-justified-center menu-atencion-primaria wp-block-navigation\" aria-label=\"Men\u00fa Atenci\u00f3n Primaria\"><button aria-haspopup=\"true\" aria-label=\"Abrir el men\u00fa\" class=\"wp-block-navigation__responsive-container-open \" data-micromodal-trigger=\"modal-1\"><svg width=\"24\" height=\"24\" xmlns=\"http:\/\/www.w3.org\/2000\/svg\" viewBox=\"0 0 24 24\" aria-hidden=\"true\" focusable=\"false\"><rect x=\"4\" y=\"7.5\" width=\"16\" height=\"1.5\" \/><rect x=\"4\" y=\"15\" width=\"16\" height=\"1.5\" \/><\/svg><\/button>\n\t\t\t<div class=\"wp-block-navigation__responsive-container  \" style=\"\" id=\"modal-1\">\n\t\t\t\t<div class=\"wp-block-navigation__responsive-close\" tabindex=\"-1\" data-micromodal-close>\n\t\t\t\t\t<div class=\"wp-block-navigation__responsive-dialog\" aria-label=\"Men\u00fa\">\n\t\t\t\t\t\t\t<button aria-label=\"Cerrar el men\u00fa\" data-micromodal-close class=\"wp-block-navigation__responsive-container-close\"><svg xmlns=\"http:\/\/www.w3.org\/2000\/svg\" viewBox=\"0 0 24 24\" width=\"24\" height=\"24\" aria-hidden=\"true\" focusable=\"false\"><path d=\"M13 11.8l6.1-6.3-1-1-6.1 6.2-6.1-6.2-1 1 6.1 6.3-6.5 6.7 1 1 6.5-6.6 6.5 6.6 1-1z\"><\/path><\/svg><\/button>\n\t\t\t\t\t\t<div class=\"wp-block-navigation__responsive-container-content\" id=\"modal-1-content\">\n\t\t\t\t\t\t\t<ul class=\"wp-block-navigation__container\"><li class=\" wp-block-navigation-item wp-block-navigation-link\"><a class=\"wp-block-navigation-item__content\"  href=\"https:\/\/saludextremadura.ses.es\/areasaluddonbenito\/cabeza-de-buey\/\"><span class=\"wp-block-navigation-item__label\">Cabeza de Buey<\/span><\/a><\/li><li class=\" wp-block-navigation-item wp-block-navigation-link\"><a class=\"wp-block-navigation-item__content\"  href=\"https:\/\/saludextremadura.ses.es\/areasaluddonbenito\/campanario\/\"><span class=\"wp-block-navigation-item__label\">Campanario<\/span><\/a><\/li><li class=\" wp-block-navigation-item wp-block-navigation-link\"><a class=\"wp-block-navigation-item__content\"  href=\"https:\/\/saludextremadura.ses.es\/areasaluddonbenito\/castuera\/\"><span class=\"wp-block-navigation-item__label\">Castuera<\/span><\/a><\/li><li class=\" wp-block-navigation-item wp-block-navigation-link\"><a class=\"wp-block-navigation-item__content\"  href=\"https:\/\/saludextremadura.ses.es\/areasaluddonbenito\/don-benito-este\/\"><span class=\"wp-block-navigation-item__label\">Don Benito Este<\/span><\/a><\/li><li class=\" wp-block-navigation-item wp-block-navigation-link\"><a class=\"wp-block-navigation-item__content\"  href=\"https:\/\/saludextremadura.ses.es\/areasaluddonbenito\/don-benito-oeste\/\"><span class=\"wp-block-navigation-item__label\">Don Benito Oeste<\/span><\/a><\/li><li class=\" wp-block-navigation-item wp-block-navigation-link\"><a class=\"wp-block-navigation-item__content\"  href=\"https:\/\/saludextremadura.ses.es\/areasaluddonbenito\/herrera-del-duque\/\"><span class=\"wp-block-navigation-item__label\">Herrera del Duque<\/span><\/a><\/li><li class=\" wp-block-navigation-item wp-block-navigation-link\"><a class=\"wp-block-navigation-item__content\"  href=\"https:\/\/saludextremadura.ses.es\/areasaluddonbenito\/navalvillar-de-pela\/\"><span class=\"wp-block-navigation-item__label\">Navalvillar de Pela<\/span><\/a><\/li><li class=\" wp-block-navigation-item wp-block-navigation-link\"><a class=\"wp-block-navigation-item__content\"  href=\"https:\/\/saludextremadura.ses.es\/areasaluddonbenito\/orellana\/\"><span class=\"wp-block-navigation-item__label\">Orellana<\/span><\/a><\/li><li class=\" wp-block-navigation-item wp-block-navigation-link\"><a class=\"wp-block-navigation-item__content\"  href=\"https:\/\/saludextremadura.ses.es\/areasaluddonbenito\/santa-amalia\/\"><span class=\"wp-block-navigation-item__label\">Santa Amalia<\/span><\/a><\/li><li class=\" wp-block-navigation-item wp-block-navigation-link\"><a class=\"wp-block-navigation-item__content\"  href=\"https:\/\/saludextremadura.ses.es\/areasaluddonbenito\/siruela\/\"><span class=\"wp-block-navigation-item__label\">Siruela<\/span><\/a><\/li><li class=\" wp-block-navigation-item wp-block-navigation-link\"><a class=\"wp-block-navigation-item__content\"  href=\"https:\/\/saludextremadura.ses.es\/areasaluddonbenito\/talarrubias\/\"><span class=\"wp-block-navigation-item__label\">Talarrubias<\/span><\/a><\/li><li class=\" wp-block-navigation-item wp-block-navigation-link\"><a class=\"wp-block-navigation-item__content\"  href=\"https:\/\/saludextremadura.ses.es\/areasaluddonbenito\/villanueva-norte\/\"><span class=\"wp-block-navigation-item__label\">Villanueva Norte<\/span><\/a><\/li><li class=\" wp-block-navigation-item wp-block-navigation-link\"><a class=\"wp-block-navigation-item__content\"  href=\"https:\/\/saludextremadura.ses.es\/areasaluddonbenito\/villanueva-sur\/\"><span class=\"wp-block-navigation-item__label\">Villanueva Sur<\/span><\/a><\/li><li class=\" wp-block-navigation-item wp-block-navigation-link\"><a class=\"wp-block-navigation-item__content\"  href=\"https:\/\/saludextremadura.ses.es\/areasaluddonbenito\/zalamea-de-la-serena\/\"><span class=\"wp-block-navigation-item__label\">Zalamea de la Serena<\/span><\/a><\/li><\/ul>\n\t\t\t\t\t\t<\/div>\n\t\t\t\t\t<\/div>\n\t\t\t\t<\/div>\n\t\t\t<\/div><\/nav>\n\n<h2 class=\"wp-block-post-title\">Don Benito Oeste<\/h2>\n\n\n<hr class=\"wp-block-separator has-alpha-channel-opacity linea-atencion-primaria\" \/>\n\n\n\n<div class=\"is-layout-flex wp-container-6 wp-block-columns\">\n<div class=\"is-layout-flow wp-block-column\">\n<div class=\"is-layout-flow wp-block-group\"><div class=\"wp-block-group__inner-container\">\n<figure class=\"wp-block-table\"><table><tbody><tr><td><strong>Coordinador<\/strong><\/td><td>Rosa Dafne Lacambra Blasco<\/td><\/tr><tr><td><strong>Resp. Enfermer\u00eda<\/strong><\/td><td>Jos\u00e9 Antonio Gonz\u00e1lez Tamayo<\/td><\/tr><tr><td><strong>Tel\u00e9fono Cita Previa<\/strong><\/td><td>924 829 650<\/td><\/tr><tr><td><strong>Tel\u00e9fono Urgencias<\/strong><\/td><td>924 812 426<\/td><\/tr><tr><td><strong>Direcci\u00f3n<\/strong><\/td><td>Avda. del Pilar s\/n<\/td><\/tr><tr><td><strong>Correo electr\u00f3nico<\/strong><\/td><td>donbenitooeste.admon@salud-juntaex.es<\/td><\/tr><\/tbody><\/table><\/figure>\n<\/div><\/div>\n<\/div>\n\n\n\n<div class=\"is-layout-flow wp-block-column\"><div class=\"wp-block-image\">\n<figure class=\"aligncenter size-full is-resized\"><img decoding=\"async\" loading=\"lazy\" src=\"https:\/\/saludextremadura.ses.es\/areasaluddonbenito\/wp-content\/uploads\/2022\/07\/image003-1.png\" alt=\"\" class=\"wp-image-1186\" width=\"339\" height=\"483\" \/><\/figure><\/div><\/div>\n<\/div>\n\n\n\n<div class=\"is-layout-flex wp-container-8 wp-block-columns\">\n<div class=\"is-layout-flow wp-block-column\">\n<figure class=\"wp-block-table aligncenter tabla-azul\"><table class=\"has-fixed-layout\"><thead><tr><th class=\"has-text-align-left\" data-align=\"left\">CONSULTORIOS<\/th><th class=\"has-text-align-left\" data-align=\"left\">TF. CITA PREVIA<\/th><th class=\"has-text-align-left\" data-align=\"left\">TF. URGENCIAS<\/th><\/tr><\/thead><tbody><tr><td class=\"has-text-align-left\" data-align=\"left\">C. SALUD DON BENITO OESTE<\/td><td class=\"has-text-align-left\" data-align=\"left\">924 829 650<\/td><td class=\"has-text-align-left\" data-align=\"left\">924 812 426<\/td><\/tr><tr><td class=\"has-text-align-left\" data-align=\"left\">Consultorio de Medell\u00edn<\/td><td class=\"has-text-align-left\" data-align=\"left\">924 822 606<\/td><td class=\"has-text-align-left\" data-align=\"left\">924 812 426<\/td><\/tr><tr><td class=\"has-text-align-left\" data-align=\"left\">Consultorio de Mengabril<\/td><td class=\"has-text-align-left\" data-align=\"left\">LOS PACIENTES SE APUNTAN EN EL TABL\u00d3N O ANTE CUALQUIER URG.LLAMAN A MEDELL\u00cdN<\/td><td class=\"has-text-align-left\" data-align=\"left\">924 812 426<\/td><\/tr><tr><td class=\"has-text-align-left\" data-align=\"left\">Consultorio de Yelbes<\/td><td class=\"has-text-align-left\" data-align=\"left\">LOS PACIENTES SE APUNTAN EN EL TABL\u00d3N O ANTE CUALQUIER URG.LLAMAN A MEDELL\u00cdN<\/td><td class=\"has-text-align-left\" data-align=\"left\">924 812 426<\/td><\/tr><\/tbody><\/table><\/figure>\n<\/div>\n<\/div>\n\n\n<div >\n                    <div class=\" plethoraplugins-accordion plethoraplugins-theme__minimal \"   >\n                        <div>\n                            \n<div id=\"mdicos\" class=\"pds-accordion__item pds-js-accordion-item pds-no-js\" data-initially-open=\"false\" data-click-to-close=\"true\" data-auto-close=\"true\" data-scroll=\"false\" data-scroll-offset=\"0\">\n                    <h3 id=\"at-mdicos\" class=\"pds-accordion__title pds-js-accordion-controller\" role=\"button\">M\u00e9dicos<span class=\"pds-accordion__icon\" role=\"presentation\" aria-hidden=\"true\"><svg xmlns=\"http:\/\/www.w3.org\/2000\/svg\" viewBox=\"0 0 12 7.4099998\" width=\".75rem\" height=\".75rem\"><path d=\"M12 1.41 10.59 0 6 4.58 1.41 0 0 1.41l6 6z\" fill=\"currentColor\"\/><\/svg><\/span><\/h3>\n                    <div id=\"ac-mdicos\" class=\"pds-accordion__content\">\n                        \n\n<p><\/p>\n\n\n\n<figure class=\"wp-block-table is-style-stripes\"><table class=\"has-fixed-layout\"><thead><tr><th>M\u00c9DICOS<\/th><th>ATS-DUE<\/th><th>LOCALIDAD<\/th><th>POBLACI\u00d3N<\/th><\/tr><\/thead><tbody><tr><td>In\u00e9s Ruiz Casado<\/td><td>M\u00aa Luciana L\u00f3pez Recuero<\/td><td>Don Benito<\/td><td>1419<\/td><\/tr><tr><td>Manuel Tejero Mas<\/td><td>Raquel Gonz\u00e1lez Manrique<\/td><td>Don Benito<\/td><td>1499<\/td><\/tr><tr><td>Pedro Garc\u00eda Ramos<\/td><td>Carolina Parra Fern\u00e1ndez<\/td><td>Don Benito<\/td><td>1560<\/td><\/tr><tr><td>Juliana Cabrera G\u00f3mez<\/td><td>M\u00aa Perfecta Balsera Romero<\/td><td>Don Benito<\/td><td>1473<\/td><\/tr><tr><td>Trinidad Arg\u00fc\u00edn Maya<\/td><td>Eustaquio Bernardino Sierra<\/td><td>Don Benito<\/td><td>1567<\/td><\/tr><tr><td>Rosa Lacambra Blasco<\/td><td>Rosario Paredes G\u00f3mez<\/td><td>Don Benito<\/td><td>1582<\/td><\/tr><tr><td>Jos\u00e9 A. R\u00edos Rivera<\/td><td>Teresa Garc\u00eda Ramos<\/td><td>Don Benito<\/td><td>1650<\/td><\/tr><tr><td>Jos\u00e9 A. de la Pe\u00f1a Ruiz<\/td><td>Carmen Garc\u00eda Casado<\/td><td>Don Benito<\/td><td>1498<\/td><\/tr><tr><td>Filomena Gonz\u00e1lez Parejo<\/td><td>Alfonso Ram\u00f3n Mart\u00ednez Amigo<\/td><td>Don Benito<\/td><td>1667<\/td><\/tr><tr><td>Miguel \u00c1ngel Pozo Miranda<\/td><td>Francisca Calle S\u00e1nchez<\/td><td>Medell\u00edn-Yelbes<\/td><td>1113<\/td><\/tr><tr><td>Pedro Escudero Sereno<\/td><td>Ana M\u00aa Pizarro Hidalgo<\/td><td>Medell\u00edn-Mengabril<\/td><td>1075<\/td><\/tr><tr><td>Rub\u00e9n Gonz\u00e1lez Cervera<\/td><td>Teresa S\u00e1nchez Robles<\/td><td>Don Benito<\/td><td>1445<\/td><\/tr><tr><td>M\u00aa Isabel Santos Ruiz<\/td><td>Ana M\u00aa Rodr\u00edguez Ramos<\/td><td>Don Benito<\/td><td>1143<\/td><\/tr><\/tbody><\/table><\/figure>\n\n\n\n<p><br><\/p>\n\n\n\n<div class=\"is-layout-flex wp-container-11 wp-block-columns\">\n<div class=\"is-layout-flow wp-block-column\">\n<h2 class=\"has-black-color has-text-color has-medium-font-size\"><strong>M\u00c9DICOS DE ATENCI\u00d3N CONTINUADA<\/strong><\/h2>\n\n\n\n<p>Fernando Dur\u00e1n Lapie<br>Elvira Isabel Cuellar Espitia<\/p>\n<\/div>\n\n\n\n<div class=\"is-layout-flow wp-block-column\">\n<h2 class=\"has-black-color has-text-color has-medium-font-size\"><strong>ENFERMEROS DE ATENCI\u00d3N CONTINUADA<\/strong><\/h2>\n\n\n\n<p>Antonia Romero Cristiano<br>Carmelo Sendarrubias Garc\u00eda<\/p>\n<\/div>\n<\/div>\n\n\n\n<p><\/p>\n\n\n                    <\/div>\n                <\/div>\n\n<div id=\"otros_servicios\" class=\"pds-accordion__item pds-js-accordion-item pds-no-js\" data-initially-open=\"false\" data-click-to-close=\"true\" data-auto-close=\"true\" data-scroll=\"false\" data-scroll-offset=\"0\">\n                    <h3 id=\"at-otros_servicios\" class=\"pds-accordion__title pds-js-accordion-controller\" role=\"button\">Otros Servicios<span class=\"pds-accordion__icon\" role=\"presentation\" aria-hidden=\"true\"><svg xmlns=\"http:\/\/www.w3.org\/2000\/svg\" viewBox=\"0 0 12 7.4099998\" width=\".75rem\" height=\".75rem\"><path d=\"M12 1.41 10.59 0 6 4.58 1.41 0 0 1.41l6 6z\" fill=\"currentColor\"\/><\/svg><\/span><\/h3>\n                    <div id=\"ac-otros_servicios\" class=\"pds-accordion__content\">\n                        \n\n<figure class=\"wp-block-table is-style-stripes\"><table class=\"has-fixed-layout\"><thead><tr><th>SERVICIOS<\/th><th>RESPONSABLE<\/th><th>OBSERVACIONES<\/th><\/tr><\/thead><tbody><tr><td><strong>VETERINARIO<\/strong><\/td><td>Pedro M\u00aa Mancha Gonz\u00e1lez <br>Jos\u00e9 Montero Alc\u00e1ntara<\/td><td>&nbsp;<\/td><\/tr><tr><td><strong>FARMAC\u00c9UTICO<\/strong><\/td><td>Javier Parre\u00f1o Manchado<\/td><td>&nbsp;<\/td><\/tr><tr><td><strong>TRABAJADOR SOCIAL<\/strong><\/td><td>Justa Tinoco Amador<\/td><td>&nbsp;<\/td><\/tr><tr><td><strong>MATRONA<\/strong><\/td><td>Inmaculada L\u00f3pez Rubio<\/td><td>&nbsp;<\/td><\/tr><tr><td><strong>AUX. ADTIVO.<\/strong><\/td><td>\u00c1ngel S\u00e1nchez Balsera <br>Juan Espinosa Espinosa <br>M\u00aa Laura Sosa Lucio <br>M\u00aa \u00c1ngeles S\u00e1nchez-Pajares Barros<\/td><td>&nbsp;<\/td><\/tr><tr><td><strong>AUX. ENFERMER\u00cdA<\/strong><\/td><td>M\u00aa Carmen Reluz Ciudad (Leticia Barrag\u00e1n Mu\u00f1oz)<\/td><td>&nbsp;<\/td><\/tr><tr><td><strong>CELADORES<\/strong><\/td><td>Dionisio L\u00f3pez Cano Blanco <br>Julia Betri\u00e1n Andr\u00e9s<\/td><td>&nbsp;<\/td><\/tr><tr><td><strong>AYUNTAMIENTO<\/strong><\/td><td>Plaza de Espa\u00f1a, 1<\/td><td>924 81 15 34<\/td><\/tr><tr><td><strong>CEDEX<\/strong><\/td><td>M\u00e9dico: M\u00e9dico: Geraldo de la Cruz <br>M\u00e9dico: Manuel Barrag\u00e1n Rodr\u00edguez <br>ATS: Silvia Gal\u00e1n Cant\u00f3n <br>Trab. Social: Laura Mart\u00edn Hern\u00e1ndez <br>Psic\u00f3loga: Presentaci\u00f3n Olivero Rodr\u00edguez <br>Aux. Adtivo: Mar\u00eda Carrasco M\u00e9ndez<\/td><td>&nbsp;<\/td><\/tr><tr><td><strong>SALUD MENTAL<\/strong><\/td><td>Psiquiatras: Alberto G\u00e1llego Cuevas <br>Psic\u00f3logo: Antonio Prieto Atanasio <br>Enfermera: Carmen Poderoso Bueno <br>Trab. Soc.: Inmaculada Barrantes Lorite <br>Aux. Adtivo: Francisca S\u00e1nchez-Collado Gallego<\/td><td>&nbsp;<\/td><\/tr><tr><td><strong>SALUD MENTAL INFANTO JUVENIL<\/strong><\/td><td>Psiquiatra: Antonio Leal Micharet <br>Psic\u00f3logo: Francisco Alonso Naranjo&nbsp; (M\u00aa \u00c1ngeles Mart\u00ednez Anguita) <br>Enfermera: Mercedes Nicolau<\/td><td>&nbsp;<\/td><\/tr><\/tbody><\/table><\/figure>\n\n\n\n<p><\/p>\n\n\n                    <\/div>\n                <\/div>\n\n<div id=\"responsables_de_reas_especficas\" class=\"pds-accordion__item pds-js-accordion-item pds-no-js\" data-initially-open=\"false\" data-click-to-close=\"true\" data-auto-close=\"true\" data-scroll=\"false\" data-scroll-offset=\"0\">\n                    <h3 id=\"at-responsables_de_reas_especficas\" class=\"pds-accordion__title pds-js-accordion-controller\" role=\"button\">Responsables de \u00c1reas espec\u00edficas<span class=\"pds-accordion__icon\" role=\"presentation\" aria-hidden=\"true\"><svg xmlns=\"http:\/\/www.w3.org\/2000\/svg\" viewBox=\"0 0 12 7.4099998\" width=\".75rem\" height=\".75rem\"><path d=\"M12 1.41 10.59 0 6 4.58 1.41 0 0 1.41l6 6z\" fill=\"currentColor\"\/><\/svg><\/span><\/h3>\n                    <div id=\"ac-responsables_de_reas_especficas\" class=\"pds-accordion__content\">\n                        \n\n<figure class=\"wp-block-table is-style-stripes\"><table class=\"has-fixed-layout\"><tbody><tr><td><strong>Formaci\u00f3n Continuada<\/strong><\/td><td>Pedro Garc\u00eda Ramos<\/td><\/tr><tr><td><strong>Formaci\u00f3n&nbsp; Docente<\/strong><\/td><td>Juliana Cabrera G\u00f3mez<\/td><\/tr><tr><td><strong>Salud Mental<\/strong><\/td><td>Pedro Garc\u00eda Ramos<\/td><\/tr><tr><td><strong>Digestivo<\/strong><\/td><td>In\u00e9s Ruiz Casado<\/td><\/tr><tr><td><strong>Gesti\u00f3n de residuos<\/strong><\/td><td>M\u00aa Carmen Reluz Ciudad (Leticia Barrag\u00e1n Mu\u00f1oz)<\/td><\/tr><tr><td><strong>Incapacidad Temporal<\/strong><\/td><td>Trinidad Arg\u00fc\u00edn Maya<\/td><\/tr><tr><td><strong>Formador en I.T.<\/strong><\/td><td>Trinidad Arg\u00fc\u00edn Maya<\/td><\/tr><tr><td><strong>Jara<\/strong><\/td><td>Jos\u00e9 Antonio de la Pe\u00f1a Ruiz<\/td><\/tr><tr><td><strong>Cartera de Servicios<\/strong><\/td><td>Filomena Gonz\u00e1lez Parejo<\/td><\/tr><tr><td><strong>Atenci\u00f3n Continuada<\/strong><\/td><td>M\u00aa Luciana L\u00f3pez Recuero<\/td><\/tr><tr><td><strong>Biblioteca<\/strong><\/td><td>Justa Tinoco Amador<\/td><\/tr><tr><td><strong>Botiqu\u00edn<\/strong><\/td><td>Javier Parre\u00f1o Manchado<\/td><\/tr><tr><td><strong>Calidad<\/strong><\/td><td>M\u00aa Isabel Santos Ruiz<\/td><\/tr><tr><td><strong>Cirug\u00eda Menor<\/strong><\/td><td>Eustaquio Bernardino Sierra<\/td><\/tr><tr><td><strong>Educaci\u00f3n para la Salud<\/strong><\/td><td>Raquel Gonz\u00e1lez Manrique<\/td><\/tr><tr><td><strong>Salud Escolar<\/strong><\/td><td>Raquel Gonz\u00e1lez Manrique<\/td><\/tr><tr><td><strong>Salud P\u00fablica<\/strong><\/td><td>Pedro M\u00aa Mancha<\/td><\/tr><tr><td><strong>Comunicaci\u00f3n Interna<\/strong><\/td><td>\u00c1ngel S\u00e1nchez Balsera<\/td><\/tr><tr><td><strong>Ecograf\u00edas<\/strong><\/td><td>Inmaculada L\u00f3pez Rubio<\/td><\/tr><tr><td><strong>Vacunas<\/strong><\/td><td>Javier Parre\u00f1o Manchado<\/td><\/tr><tr><td><strong>Almac\u00e9n<\/strong><\/td><td>Jos\u00e9 Antonio Gonz\u00e1lez Tamayo<\/td><\/tr><tr><td><strong>Salud laboral<\/strong><\/td><td>M\u00aa Luciana L\u00f3pez Recuero<\/td><\/tr><tr><td><strong>TAO<\/strong><\/td><td>M\u00aa Luciana L\u00f3pez Recuero<\/td><\/tr><tr><td><strong>PIDEX<\/strong><\/td><td>M\u00aa Perfecta Balsera Romero<\/td><\/tr><\/tbody><\/table><\/figure>\n\n\n\n<p><\/p>\n\n\n                    <\/div>\n                <\/div>\n\n                        <\/div>\n                    <\/div>\n            <\/div>","protected":false},"excerpt":{"rendered":"<p>Coordinador Rosa Dafne Lacambra Blasco Resp. Enfermer\u00eda Jos\u00e9 Antonio Gonz\u00e1lez Tamayo Tel\u00e9fono Cita Previa 924 829 650 Tel\u00e9fono Urgencias 924 812 426 Direcci\u00f3n Avda. del Pilar s\/n Correo electr\u00f3nico donbenitooeste.admon@salud-juntaex.es CONSULTORIOS TF. CITA PREVIA TF. URGENCIAS C. SALUD DON BENITO OESTE 924 829 650 924 812 426 Consultorio de Medell\u00edn 924 822 606 924 812 [&hellip;]<\/p>\n","protected":false},"author":1,"featured_media":0,"parent":16,"menu_order":0,"comment_status":"closed","ping_status":"closed","template":"","meta":{"_eb_attr":"","inline_featured_image":false},"_links":{"self":[{"href":"https:\/\/saludextremadura.ses.es\/areasaluddonbenito\/wp-json\/wp\/v2\/pages\/564"}],"collection":[{"href":"https:\/\/saludextremadura.ses.es\/areasaluddonbenito\/wp-json\/wp\/v2\/pages"}],"about":[{"href":"https:\/\/saludextremadura.ses.es\/areasaluddonbenito\/wp-json\/wp\/v2\/types\/page"}],"author":[{"embeddable":true,"href":"https:\/\/saludextremadura.ses.es\/areasaluddonbenito\/wp-json\/wp\/v2\/users\/1"}],"replies":[{"embeddable":true,"href":"https:\/\/saludextremadura.ses.es\/areasaluddonbenito\/wp-json\/wp\/v2\/comments?post=564"}],"version-history":[{"count":22,"href":"https:\/\/saludextremadura.ses.es\/areasaluddonbenito\/wp-json\/wp\/v2\/pages\/564\/revisions"}],"predecessor-version":[{"id":3577,"href":"https:\/\/saludextremadura.ses.es\/areasaluddonbenito\/wp-json\/wp\/v2\/pages\/564\/revisions\/3577"}],"up":[{"embeddable":true,"href":"https:\/\/saludextremadura.ses.es\/areasaluddonbenito\/wp-json\/wp\/v2\/pages\/16"}],"wp:attachment":[{"href":"https:\/\/saludextremadura.ses.es\/areasaluddonbenito\/wp-json\/wp\/v2\/media?parent=564"}],"curies":[{"name":"wp","href":"https:\/\/api.w.org\/{rel}","templated":true}]}}