{"id":54,"date":"2022-06-10T06:41:56","date_gmt":"2022-06-10T06:41:56","guid":{"rendered":"https:\/\/saludextremadura.ses.es\/areasaluddonbenito\/?page_id=54"},"modified":"2022-12-12T18:51:46","modified_gmt":"2022-12-12T17:51:46","slug":"inicio","status":"publish","type":"page","link":"https:\/\/saludextremadura.ses.es\/areasaluddonbenito\/","title":{"rendered":"Inicio"},"content":{"rendered":"\n<div class=\"is-layout-flex wp-container-8 wp-block-columns\">\n<div class=\"is-layout-flow wp-block-column\" style=\"flex-basis:100%\">\n<div class=\"is-layout-flex wp-container-6 wp-block-columns are-vertically-aligned-center\">\n<div class=\"is-layout-flow wp-block-column is-vertically-aligned-center\" style=\"flex-basis:50%\">\n<div class=\"wp-block-slider-block-slider-block\"><div class=\"eb-parent-wrapper eb-parent-eb-slider-82hecm2 \"><div class=\"eb-slider-wrapper eb-slider-82hecm2\" data-settings=\"{&quot;arrows&quot;:true,&quot;adaptiveHeight&quot;:true,&quot;autoplay&quot;:false,&quot;autoplaySpeed&quot;:3000,&quot;dots&quot;:false,&quot;fade&quot;:false,&quot;infinite&quot;:true,&quot;pauseOnHover&quot;:false,&quot;slidesToShow&quot;:1,&quot;speed&quot;:500,&quot;initialSlide&quot;:0,&quot;vertical&quot;:false,&quot;responsive&quot;:[{&quot;breakpoint&quot;:1025,&quot;settings&quot;:{&quot;slidesToShow&quot;:1}},{&quot;breakpoint&quot;:767,&quot;settings&quot;:{&quot;slidesToShow&quot;:1}}]}\" data-images=\"[{&quot;url&quot;:&quot;https:\/\/saludextremadura.ses.es\/areasaluddonbenito\/wp-content\/uploads\/2022\/06\/image-3.svg&quot;,&quot;alt&quot;:&quot;Campa\u00f1a de vacunaci\u00f3n de la gripe&quot;,&quot;id&quot;:0,&quot;imageId&quot;:210,&quot;caption&quot;:&quot;Oto\u00f1o 2022&quot;,&quot;title&quot;:&quot;Campa\u00f1a de vacunaci\u00f3n de la gripe&quot;,&quot;subtitle&quot;:&quot;Oto\u00f1o 2022&quot;,&quot;showButton&quot;:true,&quot;buttonText&quot;:&quot;Ver m\u00e1s&quot;,&quot;buttonUrl&quot;:&quot;https:\/\/saludextremadura.ses.es\/areasaluddonbenito\/campana-de-vacunacion-de-la-gripe-otono-2022\/&quot;,&quot;openNewTab&quot;:false,&quot;isValidUrl&quot;:true}]\" data-slidercontenttype=\"content-1\" data-slidertype=\"content\" data-textalign=\"left\"><div class=\"content\"><div class=\"eb-slider-item content-1\"><img decoding=\"async\" class=\"eb-slider-image\" src=\"https:\/\/saludextremadura.ses.es\/areasaluddonbenito\/wp-content\/uploads\/2022\/06\/image-3.svg\"\/><div class=\"eb-slider-content align-left\"><h2 class=\"eb-slider-title\">Campa\u00f1a de vacunaci\u00f3n de la gripe<\/h2><p class=\"eb-slider-subtitle\">Oto\u00f1o 2022<\/p><a href=\"https:\/\/saludextremadura.ses.es\/areasaluddonbenito\/campana-de-vacunacion-de-la-gripe-otono-2022\/\" class=\"eb-slider-button\" target=\"_self\" rel=\"noopener\">Ver m\u00e1s<\/a><\/div><\/div><\/div><\/div><\/div><\/div>\n<\/div>\n\n\n\n<div class=\"is-layout-flow wp-block-column is-vertically-aligned-center\" style=\"flex-basis:50%\">\n<div class=\"is-layout-flex wp-container-4 wp-block-columns are-vertically-aligned-center\">\n<div class=\"is-layout-flow wp-block-column is-vertically-aligned-center\" style=\"flex-basis:50%\">\n<div class=\"tarjeta-con-boton-item \">\n    <img decoding=\"async\" src=\"https:\/\/saludextremadura.ses.es\/areasaluddonbenito\/wp-content\/uploads\/2022\/09\/hospital-1.svg\" alt=\"icono de un hospital\" \/>\n    <p class=\"encabezado\">Centros de atenci\u00f3n primaria<\/p>\n    <hr>\n    <p class=\"contenido\">Consulta el horario de atenci\u00f3n, contacto y localizaci\u00f3n de nuestros centros sanitarios.<\/p>\n    <a href=\"https:\/\/saludextremadura.ses.es\/areasaluddonbenito\/atencion-primaria\/\">\n        <button class=\"buttonVerInfo\">\n            <div>\n                <p>Ver informaci\u00f3n<\/p>\n                <img decoding=\"async\" src=\"https:\/\/saludextremadura.ses.es\/areasaluddonbenito\/wp-content\/themes\/temaAreaSalud\/img\/flechaIzquierda.svg\" alt=\"\">\n        <\/button>\n    <\/a>\n<\/div><\/div>\n\n\n\n<div class=\"is-layout-flow wp-block-column is-vertically-aligned-center\" style=\"flex-basis:50%\">\n<div class=\"tarjeta-con-boton-item \">\n    <img decoding=\"async\" src=\"https:\/\/saludextremadura.ses.es\/areasaluddonbenito\/wp-content\/uploads\/2022\/06\/bl-882-stethoscope-cardiologist-disease-doctor-health-medical-tool.1-1.svg\" alt=\"icono de un estetoscopio\" \/>\n    <p class=\"encabezado\">Puntos de atenci\u00f3n hospitalaria<\/p>\n    <hr>\n    <p class=\"contenido\">Conoce nuestros horarios y nuestros centros donde se presta Atenci\u00f3n Hospitalaria.<\/p>\n    <a href=\"https:\/\/saludextremadura.ses.es\/areasaluddonbenito\/atencionhospitalaria\/\">\n        <button class=\"buttonVerInfo\">\n            <div>\n                <p>Ver informaci\u00f3n<\/p>\n                <img decoding=\"async\" src=\"https:\/\/saludextremadura.ses.es\/areasaluddonbenito\/wp-content\/themes\/temaAreaSalud\/img\/flechaIzquierda.svg\" alt=\"\">\n        <\/button>\n    <\/a>\n<\/div><\/div>\n<\/div>\n<\/div>\n<\/div>\n<\/div>\n<\/div>\n\n\n<div class=\"fondo-azul\">\n    <h1 class=\"encabezado\">Noticias<\/h1>\n    <div>\n                        <p class=\"titulo-noticia\"><a href=\"https:\/\/saludextremadura.ses.es\/areasaluddonbenito\/jornadas-puertas-abiertas-futuros-residentes-area-de-salud-don-benito-vva-de-la-serena\/\" title=\"\">JORNADAS PUERTAS ABIERTAS FUTUROS RESIDENTES- \u00c1REA DE SALUD DON BENITO-VVA DE LA SERENA<\/a>\n                <\/p>\n                <p class=\"fecha-noticia\">\n                    17 de marzo de 2025                <\/p>\n                            <p class=\"titulo-noticia\"><a href=\"https:\/\/saludextremadura.ses.es\/areasaluddonbenito\/felicitacion-navidad-area-de-salud-don-benito-vva-de-la-serena\/\" title=\"\">FELICITACI\u00d3N NAVIDAD \u00c1REA DE SALUD DON BENITO-VVA DE LA SERENA<\/a>\n                <\/p>\n                <p class=\"fecha-noticia\">\n                    27 de diciembre de 2024                <\/p>\n                            <p class=\"titulo-noticia\"><a href=\"https:\/\/saludextremadura.ses.es\/areasaluddonbenito\/fiebre-del-nilo-del-nilo-occidental\/\" title=\"\">FIEBRE DEL NILO DEL NILO OCCIDENTAL<\/a>\n                <\/p>\n                <p class=\"fecha-noticia\">\n                    30 de agosto de 2024                <\/p>\n                                    <\/div>\n    <button class=\"boton-all-post\">\n        <a href=\"https:\/\/saludextremadura.ses.es\/areasaluddonbenito\/allpost\/\">Todas las Noticias<\/a>\n    <\/button>\n<\/div>\n\n\n<div class=\"is-layout-flow wp-block-group\"><div class=\"wp-block-group__inner-container\">\n<p><br><\/p>\n<\/div><\/div>\n\n\n\n<div class=\"is-layout-flex wp-container-12 wp-block-columns are-vertically-aligned-top\">\n<div class=\"is-layout-flow wp-block-column is-vertically-aligned-top\" style=\"flex-basis:50%\">\n<div class=\"tarjeta-con-fondo-degradado-item \" style='background: linear-gradient(94deg, #30CF3080 -6.54%, #2FCD3D80 -0.68%, #2ECB4A80 5.18%, #2DC95780 11.03%, #2CC76480 16.89%, #2BC57180 22.74%, #2AC37E80 28.6%, \n#29C18B80 34.45%, #29BF9880 40.31%, #28BCA480 46.17%, #27BAB180 52.02%, #26B8BE80 57.88%, #25B6CB80 63.73%, #24B4D880 69.59%, #23B2E580 75.45%, #22B0F280 81.3%, #21AEFF80 87.16%), \nurl(\"https:\/\/saludextremadura.ses.es\/areasaluddonbenito\/wp-content\/uploads\/2022\/06\/Rectangle-8.svg\"), no-repeat; background-size: cover;'>\n    <a href=\"https:\/\/saludextremadura.ses.es\/areasaluddonbenito\/atencion-primaria\/\">\n        <div class=\"contenido bottom\">\n            <img decoding=\"async\" src=\"https:\/\/saludextremadura.ses.es\/areasaluddonbenito\/wp-content\/uploads\/2022\/06\/bl-882-stethoscope-cardiologist-disease-doctor-health-medical-tool.1-1.svg\" alt=\"icono de un estetoscopio\" \/>\n            <p class=\"encabezado\">Nuestros Centros de Salud<\/p>\n            <hr>\n        <\/div>\n    <\/a>\n<\/div><\/div>\n\n\n\n<div class=\"is-layout-flow wp-block-column is-vertically-aligned-top\" style=\"flex-basis:50%\">\n<div class=\"tarjeta-con-fondo-degradado-item \" style='background: linear-gradient(94deg, #30CF3080 -6.54%, #2FCD3D80 -0.68%, #2ECB4A80 5.18%, #2DC95780 11.03%, #2CC76480 16.89%, #2BC57180 22.74%, #2AC37E80 28.6%, \n#29C18B80 34.45%, #29BF9880 40.31%, #28BCA480 46.17%, #27BAB180 52.02%, #26B8BE80 57.88%, #25B6CB80 63.73%, #24B4D880 69.59%, #23B2E580 75.45%, #22B0F280 81.3%, #21AEFF80 87.16%), \nurl(\"https:\/\/saludextremadura.ses.es\/areasaluddonbenito\/wp-content\/uploads\/2022\/06\/Rectangle-7.svg\"), no-repeat; background-size: cover;'>\n    <a href=\"https:\/\/saludextremadura.ses.es\/areasaluddonbenito\/atencionhospitalaria\/\">\n        <div class=\"contenido bottom\">\n            <img decoding=\"async\" src=\"https:\/\/saludextremadura.ses.es\/areasaluddonbenito\/wp-content\/uploads\/2022\/09\/hospital-1.svg\" alt=\"icono de un hospital\" \/>\n            <p class=\"encabezado\">Nuestros Hospitales<\/p>\n            <hr>\n        <\/div>\n    <\/a>\n<\/div><\/div>\n<\/div>\n\n\n\n<div class=\"is-layout-flex wp-container-18 wp-block-columns are-vertically-aligned-center\">\n<div class=\"is-layout-flow wp-block-column is-vertically-aligned-center\" style=\"flex-basis:33.33%\">\n<div class=\"imagen-atenuada-con-boton-item\">\n    <img decoding=\"async\" class=\"imagen\" src=\"https:\/\/saludextremadura.ses.es\/areasaluddonbenito\/wp-content\/uploads\/2022\/06\/image-5.svg\" alt=\"imagen del primer plano de una mujer con estetoscopio\" \/>\n    <div class=\"contenedor\">\n        <p class=\"encabezado\">FORMACI\u00d3N E INVESTIGACI\u00d3N<\/p>\n        <a class=\"absolute\" href=\"https:\/\/saludextremadura.ses.es\/areasaluddonbenito\/docencia-formacione-investigacion\/\">\n            <button class=\"buttonVerInfo\">\n                <div>\n                    <p>Acceder<\/p>\n                    <img decoding=\"async\" src=\"https:\/\/saludextremadura.ses.es\/areasaluddonbenito\/wp-content\/themes\/temaAreaSalud\/img\/flechaIzquierda.svg\" alt=\"\">\n                <\/div>\n            <\/button>\n        <\/a>\n    <\/div>\n<\/div><\/div>\n\n\n\n<div class=\"is-layout-flow wp-block-column is-vertically-aligned-center\" style=\"flex-basis:66.66%\">\n<div class=\"is-layout-flex wp-container-16 wp-block-columns\">\n<div class=\"is-layout-flow wp-block-column\">\n<a class=\"tarjeta-sin-boton-item \" href=\"https:\/\/saludextremadura.ses.es\/areasaluddonbenito\/docencia-formacione-investigacion\/unidad-de-investigacion\/\">\n    <div class=\"contenedor\">\n        <img decoding=\"async\" src=\"https:\/\/saludextremadura.ses.es\/areasaluddonbenito\/wp-content\/uploads\/2022\/06\/Rectangle-37.svg\" alt=\"imagen de un coraz\u00f3n\" \/>\n        <p class=\"titulo\">Docencia impartida y Unidad de Investigaci\u00f3n<\/p>\n        <hr>\n        <p class=\"contenido\">La comisi\u00f3n de docencia central tiene como misi\u00f3n: Adecuar permanentemente las competencias que se consideren necesarias.<\/p>\n    <\/div>\n<\/a><\/div>\n\n\n\n<div class=\"is-layout-flow wp-block-column\">\n<a class=\"tarjeta-sin-boton-item \" href=\"https:\/\/saludextremadura.ses.es\/areasaluddonbenito\/docencia-formacione-investigacion\/formacion-continuada\/\">\n    <div class=\"contenedor\">\n        <img decoding=\"async\" src=\"https:\/\/saludextremadura.ses.es\/areasaluddonbenito\/wp-content\/uploads\/2022\/06\/Rectangle-37-1.svg\" alt=\"imagen de profesionales en un pasillo\" \/>\n        <p class=\"titulo\">Formaci\u00f3n continuada y oferta de plazas<\/p>\n        <hr>\n        <p class=\"contenido\">La comisi\u00f3n de docencia central tiene como misi\u00f3n: Adecuar permanentemente las competencias que se consideren necesarias.<\/p>\n    <\/div>\n<\/a><\/div>\n<\/div>\n<\/div>\n<\/div>\n\n\n\n<p><\/p>\n","protected":false},"excerpt":{"rendered":"","protected":false},"author":1,"featured_media":0,"parent":0,"menu_order":0,"comment_status":"closed","ping_status":"closed","template":"","meta":{"_eb_attr":"Helvetica","inline_featured_image":false},"_links":{"self":[{"href":"https:\/\/saludextremadura.ses.es\/areasaluddonbenito\/wp-json\/wp\/v2\/pages\/54"}],"collection":[{"href":"https:\/\/saludextremadura.ses.es\/areasaluddonbenito\/wp-json\/wp\/v2\/pages"}],"about":[{"href":"https:\/\/saludextremadura.ses.es\/areasaluddonbenito\/wp-json\/wp\/v2\/types\/page"}],"author":[{"embeddable":true,"href":"https:\/\/saludextremadura.ses.es\/areasaluddonbenito\/wp-json\/wp\/v2\/users\/1"}],"replies":[{"embeddable":true,"href":"https:\/\/saludextremadura.ses.es\/areasaluddonbenito\/wp-json\/wp\/v2\/comments?post=54"}],"version-history":[{"count":192,"href":"https:\/\/saludextremadura.ses.es\/areasaluddonbenito\/wp-json\/wp\/v2\/pages\/54\/revisions"}],"predecessor-version":[{"id":2926,"href":"https:\/\/saludextremadura.ses.es\/areasaluddonbenito\/wp-json\/wp\/v2\/pages\/54\/revisions\/2926"}],"wp:attachment":[{"href":"https:\/\/saludextremadura.ses.es\/areasaluddonbenito\/wp-json\/wp\/v2\/media?parent=54"}],"curies":[{"name":"wp","href":"https:\/\/api.w.org\/{rel}","templated":true}]}}