{"id":520,"date":"2022-06-27T08:52:30","date_gmt":"2022-06-27T06:52:30","guid":{"rendered":"https:\/\/saludextremadura.ses.es\/areasaluddonbenito\/?page_id=520"},"modified":"2025-08-26T10:01:42","modified_gmt":"2025-08-26T08:01:42","slug":"herrera-del-duque","status":"publish","type":"page","link":"https:\/\/saludextremadura.ses.es\/areasaluddonbenito\/atencion-primaria\/herrera-del-duque\/","title":{"rendered":"Herrera del Duque"},"content":{"rendered":"<nav class=\"is-content-justification-center is-layout-flex wp-container-2 is-responsive items-justified-center menu-atencion-primaria wp-block-navigation\" aria-label=\"Men\u00fa Atenci\u00f3n Primaria\"><button aria-haspopup=\"true\" aria-label=\"Abrir el men\u00fa\" class=\"wp-block-navigation__responsive-container-open \" data-micromodal-trigger=\"modal-1\"><svg width=\"24\" height=\"24\" xmlns=\"http:\/\/www.w3.org\/2000\/svg\" viewBox=\"0 0 24 24\" aria-hidden=\"true\" focusable=\"false\"><rect x=\"4\" y=\"7.5\" width=\"16\" height=\"1.5\" \/><rect x=\"4\" y=\"15\" width=\"16\" height=\"1.5\" \/><\/svg><\/button>\n\t\t\t<div class=\"wp-block-navigation__responsive-container  \" style=\"\" id=\"modal-1\">\n\t\t\t\t<div class=\"wp-block-navigation__responsive-close\" tabindex=\"-1\" data-micromodal-close>\n\t\t\t\t\t<div class=\"wp-block-navigation__responsive-dialog\" aria-label=\"Men\u00fa\">\n\t\t\t\t\t\t\t<button aria-label=\"Cerrar el men\u00fa\" data-micromodal-close class=\"wp-block-navigation__responsive-container-close\"><svg xmlns=\"http:\/\/www.w3.org\/2000\/svg\" viewBox=\"0 0 24 24\" width=\"24\" height=\"24\" aria-hidden=\"true\" focusable=\"false\"><path d=\"M13 11.8l6.1-6.3-1-1-6.1 6.2-6.1-6.2-1 1 6.1 6.3-6.5 6.7 1 1 6.5-6.6 6.5 6.6 1-1z\"><\/path><\/svg><\/button>\n\t\t\t\t\t\t<div class=\"wp-block-navigation__responsive-container-content\" id=\"modal-1-content\">\n\t\t\t\t\t\t\t<ul class=\"wp-block-navigation__container\"><li class=\" wp-block-navigation-item wp-block-navigation-link\"><a class=\"wp-block-navigation-item__content\"  href=\"https:\/\/saludextremadura.ses.es\/areasaluddonbenito\/cabeza-de-buey\/\"><span class=\"wp-block-navigation-item__label\">Cabeza de Buey<\/span><\/a><\/li><li class=\" wp-block-navigation-item wp-block-navigation-link\"><a class=\"wp-block-navigation-item__content\"  href=\"https:\/\/saludextremadura.ses.es\/areasaluddonbenito\/campanario\/\"><span class=\"wp-block-navigation-item__label\">Campanario<\/span><\/a><\/li><li class=\" wp-block-navigation-item wp-block-navigation-link\"><a class=\"wp-block-navigation-item__content\"  href=\"https:\/\/saludextremadura.ses.es\/areasaluddonbenito\/castuera\/\"><span class=\"wp-block-navigation-item__label\">Castuera<\/span><\/a><\/li><li class=\" wp-block-navigation-item wp-block-navigation-link\"><a class=\"wp-block-navigation-item__content\"  href=\"https:\/\/saludextremadura.ses.es\/areasaluddonbenito\/don-benito-este\/\"><span class=\"wp-block-navigation-item__label\">Don Benito Este<\/span><\/a><\/li><li class=\" wp-block-navigation-item wp-block-navigation-link\"><a class=\"wp-block-navigation-item__content\"  href=\"https:\/\/saludextremadura.ses.es\/areasaluddonbenito\/don-benito-oeste\/\"><span class=\"wp-block-navigation-item__label\">Don Benito Oeste<\/span><\/a><\/li><li class=\" wp-block-navigation-item wp-block-navigation-link\"><a class=\"wp-block-navigation-item__content\"  href=\"https:\/\/saludextremadura.ses.es\/areasaluddonbenito\/herrera-del-duque\/\"><span class=\"wp-block-navigation-item__label\">Herrera del Duque<\/span><\/a><\/li><li class=\" wp-block-navigation-item wp-block-navigation-link\"><a class=\"wp-block-navigation-item__content\"  href=\"https:\/\/saludextremadura.ses.es\/areasaluddonbenito\/navalvillar-de-pela\/\"><span class=\"wp-block-navigation-item__label\">Navalvillar de Pela<\/span><\/a><\/li><li class=\" wp-block-navigation-item wp-block-navigation-link\"><a class=\"wp-block-navigation-item__content\"  href=\"https:\/\/saludextremadura.ses.es\/areasaluddonbenito\/orellana\/\"><span class=\"wp-block-navigation-item__label\">Orellana<\/span><\/a><\/li><li class=\" wp-block-navigation-item wp-block-navigation-link\"><a class=\"wp-block-navigation-item__content\"  href=\"https:\/\/saludextremadura.ses.es\/areasaluddonbenito\/santa-amalia\/\"><span class=\"wp-block-navigation-item__label\">Santa Amalia<\/span><\/a><\/li><li class=\" wp-block-navigation-item wp-block-navigation-link\"><a class=\"wp-block-navigation-item__content\"  href=\"https:\/\/saludextremadura.ses.es\/areasaluddonbenito\/siruela\/\"><span class=\"wp-block-navigation-item__label\">Siruela<\/span><\/a><\/li><li class=\" wp-block-navigation-item wp-block-navigation-link\"><a class=\"wp-block-navigation-item__content\"  href=\"https:\/\/saludextremadura.ses.es\/areasaluddonbenito\/talarrubias\/\"><span class=\"wp-block-navigation-item__label\">Talarrubias<\/span><\/a><\/li><li class=\" wp-block-navigation-item wp-block-navigation-link\"><a class=\"wp-block-navigation-item__content\"  href=\"https:\/\/saludextremadura.ses.es\/areasaluddonbenito\/villanueva-norte\/\"><span class=\"wp-block-navigation-item__label\">Villanueva Norte<\/span><\/a><\/li><li class=\" wp-block-navigation-item wp-block-navigation-link\"><a class=\"wp-block-navigation-item__content\"  href=\"https:\/\/saludextremadura.ses.es\/areasaluddonbenito\/villanueva-sur\/\"><span class=\"wp-block-navigation-item__label\">Villanueva Sur<\/span><\/a><\/li><li class=\" wp-block-navigation-item wp-block-navigation-link\"><a class=\"wp-block-navigation-item__content\"  href=\"https:\/\/saludextremadura.ses.es\/areasaluddonbenito\/zalamea-de-la-serena\/\"><span class=\"wp-block-navigation-item__label\">Zalamea de la Serena<\/span><\/a><\/li><\/ul>\n\t\t\t\t\t\t<\/div>\n\t\t\t\t\t<\/div>\n\t\t\t\t<\/div>\n\t\t\t<\/div><\/nav>\n\n<h2 class=\"wp-block-post-title\">Herrera del Duque<\/h2>\n\n\n<hr class=\"wp-block-separator has-alpha-channel-opacity linea-atencion-primaria\" \/>\n\n\n\n<div class=\"is-layout-flex wp-container-6 wp-block-columns\">\n<div class=\"is-layout-flow wp-block-column\">\n<div class=\"is-layout-flow wp-block-group\"><div class=\"wp-block-group__inner-container\">\n<figure class=\"wp-block-table\"><table><tbody><tr><td><strong>Coordinador<\/strong><\/td><td>Consolaci\u00f3n Babiano Babiano<\/td><\/tr><tr><td><strong>Resp. Enfermer\u00eda<\/strong><\/td><td>Miguel \u00c1ngel Rueda Rueda<\/td><\/tr><tr><td><strong>Tel\u00e9fono Cita Previa<\/strong><\/td><td>924 65 02 81<\/td><\/tr><tr><td><strong>Tel\u00e9fono Urgencias<\/strong><\/td><td>924 651 032<\/td><\/tr><tr><td><strong>Direcci\u00f3n<\/strong><\/td><td>Avda. Extremadura s\/n\u00ba<\/td><\/tr><tr><td><strong>Correo electr\u00f3nico<\/strong><\/td><td>herreradelduque.admon@salud-juntaex.es<\/td><\/tr><\/tbody><\/table><\/figure>\n<\/div><\/div>\n<\/div>\n\n\n\n<div class=\"is-layout-flow wp-block-column\"><div class=\"wp-block-image\">\n<figure class=\"aligncenter size-full\"><img decoding=\"async\" loading=\"lazy\" width=\"2000\" height=\"922\" src=\"https:\/\/saludextremadura.ses.es\/areasaluddonbenito\/wp-content\/uploads\/2022\/07\/image003-2.png\" alt=\"\" class=\"wp-image-1210\" \/><\/figure><\/div><\/div>\n<\/div>\n\n\n\n<div class=\"is-layout-flex wp-container-8 wp-block-columns\">\n<div class=\"is-layout-flow wp-block-column\">\n<figure class=\"wp-block-table tabla-azul\"><table class=\"has-fixed-layout\"><thead><tr><th>CONSULTORIOS<\/th><th>TF. CITA PREVIA<\/th><th>TF. URGENCIAS<\/th><\/tr><\/thead><tbody><tr><td><strong>C. SALUD HERRERA DEL DUQUE<\/strong><\/td><td>924 650 281<\/td><td>924 651 032<\/td><\/tr><tr><td><strong>Consultorio Bohonal<\/strong><\/td><td>&nbsp;<\/td><td>924 658 061<\/td><\/tr><tr><td><strong>Consultorio Castilblanco<\/strong><\/td><td>924 654 367<\/td><td>924 654 367<\/td><\/tr><tr><td><strong>Consultorio Fuenlabrada de los Montes<\/strong><\/td><td>924 656 204<\/td><td>924 280 454<\/td><\/tr><tr><td><strong>Consultorio Helechosa de los Montes<\/strong><\/td><td>924 658 061<\/td><td>924 658 061<\/td><\/tr><tr><td><strong>Consultorio de Peloche<\/strong><\/td><td>&nbsp;<\/td><td>924 651 032<\/td><\/tr><tr><td><strong>Consultorio de Valdecaballeros<\/strong><\/td><td>900 100 737<\/td><td>924 280 459<\/td><\/tr><tr><td><strong>Consultorio de Villarta de los Montes<\/strong><\/td><td>924 280 475<\/td><td>&nbsp;<\/td><\/tr><\/tbody><\/table><\/figure>\n<\/div>\n<\/div>\n\n\n<div >\n                    <div class=\" plethoraplugins-accordion plethoraplugins-theme__minimal \"   >\n                        <div>\n                            \n<div id=\"mdicos\" class=\"pds-accordion__item pds-js-accordion-item pds-no-js\" data-initially-open=\"false\" data-click-to-close=\"true\" data-auto-close=\"true\" data-scroll=\"false\" data-scroll-offset=\"0\">\n                    <h3 id=\"at-mdicos\" class=\"pds-accordion__title pds-js-accordion-controller\" role=\"button\">M\u00e9dicos<span class=\"pds-accordion__icon\" role=\"presentation\" aria-hidden=\"true\"><svg xmlns=\"http:\/\/www.w3.org\/2000\/svg\" viewBox=\"0 0 12 7.4099998\" width=\".75rem\" height=\".75rem\"><path d=\"M12 1.41 10.59 0 6 4.58 1.41 0 0 1.41l6 6z\" fill=\"currentColor\"\/><\/svg><\/span><\/h3>\n                    <div id=\"ac-mdicos\" class=\"pds-accordion__content\">\n                        \n\n<p><\/p>\n\n\n\n<figure class=\"wp-block-table is-style-stripes\"><table class=\"has-fixed-layout\"><thead><tr><th>M\u00c9DICOS<\/th><th>ATS-DUE<\/th><th>LOCALIDAD<\/th><th>POBLACI\u00d3N<\/th><\/tr><\/thead><tbody><tr><td>Amalia Sierra S\u00e1nchez<\/td><td>M\u00aa \u00c1ngeles Merino Bermejo<\/td><td>Castilblanco<\/td><td><strong>296<\/strong><\/td><\/tr><tr><td>Rosario Mart\u00edn Mart\u00edn<\/td><td>Antonia M\u00aa Ayuso G\u00f3mez<\/td><td>Castilblanco<\/td><td><strong>529<\/strong><\/td><\/tr><tr><td>Montserrat Gil P\u00e9rez<\/td><td>M\u00aa Carmen Amores Manj\u00f3n<\/td><td>Fuenlabrada<\/td><td><strong>748<\/strong><\/td><\/tr><tr><td>Juli\u00e1n Fern\u00e1ndez Navarro<\/td><td>M\u00aa Jes\u00fas Muriel V\u00e1zquez<\/td><td>Helechosa-Bohonal<\/td><td><strong>484<\/strong><\/td><\/tr><tr><td>Juan Vindel Fern\u00e1ndez<\/td><td>Rafael Miguel Bordons Ru\u00edz<\/td><td>Herrera-Peloche<\/td><td><strong>1396<\/strong><\/td><\/tr><tr><td>Victoria L\u00f3pez Bl\u00e1zquez<\/td><td>Consolaci\u00f3n Serrano Garc\u00eda<\/td><td>Herrera<\/td><td><strong>1556<\/strong><\/td><\/tr><tr><td>Manuel Toro Rosa<\/td><td>Andrea Serrano Pe\u00f1as<\/td><td>Valdecaballeros<\/td><td><strong>934<\/strong><\/td><\/tr><tr><td>&nbsp;<\/td><td>Mar\u00eda In\u00e9s Risco P\u00e9rez<\/td><td>Villarta de los Montes<\/td><td><strong>350<\/strong><\/td><\/tr><tr><td>Sergio Gonz\u00e1lez Blanco<\/td><td>Miguel \u00c1ngel Rueda Rueda<\/td><td>Fuenlabrada<\/td><td><strong>808<\/strong><\/td><\/tr><tr><td>M\u00aa Carmen Cebri\u00e1n Bl\u00e1zquez (pediatr\u00eda)<\/td><td>Mercedes Cebri\u00e1n Bl\u00e1zquez<\/td><td>Herrera del Duque<\/td><td><strong>496<\/strong><\/td><\/tr><\/tbody><\/table><\/figure>\n\n\n\n<p><br><\/p>\n\n\n\n<div class=\"is-layout-flex wp-container-11 wp-block-columns\">\n<div class=\"is-layout-flow wp-block-column\">\n<h2 class=\"has-black-color has-text-color has-medium-font-size\"><strong>M\u00c9DICOS DE ATENCI\u00d3N CONTINUADA<\/strong><\/h2>\n\n\n\n<p>M\u00aa Jos\u00e9 Moreno Frades <br>Mohamed Lamine Omari <br>Nataly Yasm\u00edn Palma Tumbaco <br>Moises A. Pino Vela <br>Jes\u00fas S\u00e1nchez Cam\u00fa\u00f1ez <br>Abderrahmane Yeslem El Mokhtar<\/p>\n<\/div>\n\n\n\n<div class=\"is-layout-flow wp-block-column\">\n<h2 class=\"has-black-color has-text-color has-medium-font-size\"><strong>ENFERMEROS DE ATENCI\u00d3N CONTINUADA<\/strong><\/h2>\n\n\n\n<p>Francisca Andrino Gull\u00f3n &nbsp; &nbsp; <br>M\u00aa Rosa Femia Marcos &nbsp; &nbsp; <br>Manuel Gentil Altamirano &nbsp; &nbsp; <br>M\u00aa Carmen Guill\u00e9n S\u00e1nchez <br>Oscar Lavado Moreno <br>M\u00aa Carmen Merch\u00e1n Camacho <br>Patricia Nieto Puerto &nbsp; &nbsp; <br>Irene Tamurejo Mart\u00edn &nbsp; &nbsp;<\/p>\n<\/div>\n<\/div>\n\n\n\n<p><\/p>\n\n\n                    <\/div>\n                <\/div>\n\n<div id=\"otros_servicios\" class=\"pds-accordion__item pds-js-accordion-item pds-no-js\" data-initially-open=\"false\" data-click-to-close=\"true\" data-auto-close=\"true\" data-scroll=\"false\" data-scroll-offset=\"0\">\n                    <h3 id=\"at-otros_servicios\" class=\"pds-accordion__title pds-js-accordion-controller\" role=\"button\">Otros Servicios<span class=\"pds-accordion__icon\" role=\"presentation\" aria-hidden=\"true\"><svg xmlns=\"http:\/\/www.w3.org\/2000\/svg\" viewBox=\"0 0 12 7.4099998\" width=\".75rem\" height=\".75rem\"><path d=\"M12 1.41 10.59 0 6 4.58 1.41 0 0 1.41l6 6z\" fill=\"currentColor\"\/><\/svg><\/span><\/h3>\n                    <div id=\"ac-otros_servicios\" class=\"pds-accordion__content\">\n                        \n\n<figure class=\"wp-block-table is-style-stripes\"><table class=\"has-fixed-layout\"><thead><tr><th>SERVICIOS<\/th><th>RESPONSABLE<\/th><th>OBSERVACIONES<\/th><\/tr><\/thead><tbody><tr><td><strong>VETERINARIO<\/strong><\/td><td>Jaime Serrano Pel\u00e1ez \u2013 Francisco Murillo D\u00e1vila<\/td><td>&nbsp;<\/td><\/tr><tr><td><strong>FARMAC\u00c9UTICO<\/strong><\/td><td>M\u00aa Consolaci\u00f3n Babiano Babiano<\/td><td>&nbsp;<\/td><\/tr><tr><td><strong>TRABAJADOR SOCIAL<\/strong><\/td><td>M\u00aa Mar Escudero Iglesias<\/td><td>&nbsp;<\/td><\/tr><tr><td><strong>ODONT\u00d3LOGO<\/strong><\/td><td>Juan Carlos Blanco Tejada<\/td><td>Martes y Viernes alternos<\/td><\/tr><tr><td><strong>HIGIENISTA DENTAL<\/strong><\/td><td>Ana Isabel Ort\u00edz<\/td><td>Martes y Viernes alternos<\/td><\/tr><tr><td><strong>FISIOTERAPEUTA<\/strong><\/td><td>Sonia P\u00e9rez Gonz\u00e1lez<\/td><td>&nbsp;<\/td><\/tr><tr><td><strong>TER<\/strong><\/td><td>Laura Tejada Puerto<\/td><td>&nbsp;<\/td><\/tr><tr><td><strong>AUX. ADMINISTRATIVO<\/strong><\/td><td>M\u00aa Victoria Rodr\u00edguez Rubio y Francisca Linares \u00c1lvarez<\/td><td>&nbsp;<\/td><\/tr><tr><td><strong>AUX. ENFERMER\u00cdA<\/strong><\/td><td>Irene Asensio S\u00e1nchez<\/td><td>&nbsp;<\/td><\/tr><tr><td><strong>CELADOR<\/strong><\/td><td>Ricardo Pe\u00f1a Rubio e&nbsp; Isidro Rivas Rubio<\/td><td>&nbsp;<\/td><\/tr><tr><td><strong>CONSULTORIOS<\/strong><\/td><td>Bohonal: 80340 (C.L. Helechosa); Castilblanco: 924 65 43 67; Fuenlabrada: 924 65 62 04; Helechosa: 924 65 80 61; Villarta: 924 64 17 05; Valdecaballeros: 924 64 32 09; Peloche: 80180<\/td><td>&nbsp;<\/td><\/tr><tr><td><strong>AYUNTAMIENTO<\/strong><\/td><td>Plaza de la Concordia, s\/n\u00ba<\/td><td>&nbsp;<\/td><\/tr><tr><td><strong>COPF<\/strong><\/td><td>Vienen del COPF de Talarrubias los martes<\/td><td>&nbsp;<\/td><\/tr><tr><td><strong>SALUD MENTAL<\/strong><\/td><td>Pertenecen a la Unidad de Salud Mental de Talarrubias<\/td><td>&nbsp;<\/td><\/tr><tr><td><strong>UME<\/strong><\/td><td>M\u00e9dico: Fernando V\u00e1zquez Fuentes <br>M\u00e9dico: Jos\u00e9 Antonio Mej\u00edas Clavel (Coordinador) <br>M\u00e9dico: Jos\u00e9 Bancalero de los Reyes <br>M\u00e9dico: Juan Carlos \u00c1lvarez <br>M\u00e9dico: Luis Albarranz Garc\u00eda <br>Enfermero: M\u00aa Jos\u00e9 Monjo Calder\u00f3n <br>Enfermero: M\u00aa Adela Gonz\u00e1lez Rodr\u00edguez <br>Enfermero: M\u00aa Pilar Manchado Lozano <br>Enfermero: M\u00aa Jos\u00e9 S\u00e1nchez S\u00e1nchez <br>Enfermero: Laura Rasero \u00c1lvarez<\/td><td>&nbsp;<\/td><\/tr><tr><td><strong>CEDEX<\/strong><\/td><td>Pertenecen al CEDEX de Don Benito. Van los jueves<\/td><td>&nbsp;<\/td><\/tr><tr><td><strong>TELEMEDICINA<\/strong><\/td><td>Unidad de Telemedicina funcionando<\/td><td>&nbsp;<\/td><\/tr><\/tbody><\/table><\/figure>\n\n\n\n<p><\/p>\n\n\n                    <\/div>\n                <\/div>\n\n<div id=\"responsables_de_reas_especficas\" class=\"pds-accordion__item pds-js-accordion-item pds-no-js\" data-initially-open=\"false\" data-click-to-close=\"true\" data-auto-close=\"true\" data-scroll=\"false\" data-scroll-offset=\"0\">\n                    <h3 id=\"at-responsables_de_reas_especficas\" class=\"pds-accordion__title pds-js-accordion-controller\" role=\"button\">Responsables de \u00c1reas espec\u00edficas<span class=\"pds-accordion__icon\" role=\"presentation\" aria-hidden=\"true\"><svg xmlns=\"http:\/\/www.w3.org\/2000\/svg\" viewBox=\"0 0 12 7.4099998\" width=\".75rem\" height=\".75rem\"><path d=\"M12 1.41 10.59 0 6 4.58 1.41 0 0 1.41l6 6z\" fill=\"currentColor\"\/><\/svg><\/span><\/h3>\n                    <div id=\"ac-responsables_de_reas_especficas\" class=\"pds-accordion__content\">\n                        \n\n<figure class=\"wp-block-table is-style-stripes\"><table class=\"has-fixed-layout\"><tbody><tr><td><strong>Formaci\u00f3n<\/strong><\/td><td>Consolaci\u00f3n Babiano Babiano<\/td><\/tr><tr><td><strong>Salud Mental<\/strong><\/td><td>M\u00aa Victoria L\u00f3pez Bl\u00e1zquez<\/td><\/tr><tr><td><strong>Digestivo<\/strong><\/td><td>Montserrat Gil P\u00e9rez<\/td><\/tr><tr><td><strong>Gesti\u00f3n de residuos<\/strong><\/td><td>Irene Asensio S\u00e1nchez<\/td><\/tr><tr><td><strong>Incapacidad Temporal<\/strong><\/td><td>Juan Vindel Fern\u00e1ndez<\/td><\/tr><tr><td><strong>Formador en I.T.<\/strong><\/td><td>Sergio Gonz\u00e1lez Blanco<\/td><\/tr><tr><td><strong>Jara<\/strong><\/td><td>Juan Vindel Fern\u00e1ndez<\/td><\/tr><tr><td><strong>Cartera de Servicios<\/strong><\/td><td>Montserrat Gil P\u00e9rez<\/td><\/tr><tr><td><strong>Atenci\u00f3n Continuada<\/strong><\/td><td>Juli\u00e1n Fern\u00e1ndez Navarro<\/td><\/tr><tr><td><strong>Biblioteca<\/strong><\/td><td>Ricardo Pe\u00f1a<\/td><\/tr><tr><td><strong>Botiqu\u00edn<\/strong><\/td><td>Rafael Miguel Bordons Ruiz<\/td><\/tr><tr><td><strong>Calidad<\/strong><\/td><td>Consolaci\u00f3n Babiano<\/td><\/tr><tr><td><strong>Cirug\u00eda Menor<\/strong><\/td><td>Consolaci\u00f3n Serrano Garc\u00eda<\/td><\/tr><tr><td><strong>Educaci\u00f3n para la Salud<\/strong><\/td><td>Miguel \u00c1ngel Rueda Rueda y Consolaci\u00f3n Babiano Babiano<\/td><\/tr><tr><td><strong>Salud Escolar<\/strong><\/td><td>M\u00aa Carmen Cebri\u00e1n Bl\u00e1zquez<\/td><\/tr><tr><td><strong>Salud P\u00fablica<\/strong><\/td><td>Jaime Serrano Pel\u00e1ez \/ Francisco Murillo D\u00e1vila<\/td><\/tr><tr><td><strong>Comunicaci\u00f3n Interna<\/strong><\/td><td>Juan Vindel Fern\u00e1ndez<\/td><\/tr><tr><td><strong>Ecograf\u00edas<\/strong><\/td><td>Juan Vindel Fern\u00e1ndez<\/td><\/tr><tr><td><strong>Vacunas<\/strong><\/td><td>M\u00aa Carmen Cebri\u00e1n Bl\u00e1zquez<\/td><\/tr><tr><td><strong>Almac\u00e9n<\/strong><\/td><td>Irene Asensio S\u00e1nchez<\/td><\/tr><tr><td><strong>Salud laboral<\/strong><\/td><td>Juan Vindel Fern\u00e1ndez<\/td><\/tr><tr><td><strong>TAO<\/strong><\/td><td>Consolaci\u00f3n Serrano Garc\u00eda<\/td><\/tr><tr><td><strong>PIDEX<\/strong><\/td><td>M\u00aa del Mar Escudero Iglesias<\/td><\/tr><tr><td><strong>TELEMEDICINA<\/strong><\/td><td>Consolaci\u00f3n Serrano Garc\u00eda<\/td><\/tr><\/tbody><\/table><\/figure>\n\n\n\n<p><\/p>\n\n\n                    <\/div>\n                <\/div>\n\n                        <\/div>\n                    <\/div>\n            <\/div>","protected":false},"excerpt":{"rendered":"<p>Coordinador Consolaci\u00f3n Babiano Babiano Resp. Enfermer\u00eda Miguel \u00c1ngel Rueda Rueda Tel\u00e9fono Cita Previa 924 65 02 81 Tel\u00e9fono Urgencias 924 651 032 Direcci\u00f3n Avda. Extremadura s\/n\u00ba Correo electr\u00f3nico herreradelduque.admon@salud-juntaex.es CONSULTORIOS TF. CITA PREVIA TF. URGENCIAS C. SALUD HERRERA DEL DUQUE 924 650 281 924 651 032 Consultorio Bohonal &nbsp; 924 658 061 Consultorio Castilblanco 924 [&hellip;]<\/p>\n","protected":false},"author":1,"featured_media":0,"parent":16,"menu_order":0,"comment_status":"closed","ping_status":"closed","template":"page-template\/page-no-slider.php","meta":{"_eb_attr":"","inline_featured_image":false},"_links":{"self":[{"href":"https:\/\/saludextremadura.ses.es\/areasaluddonbenito\/wp-json\/wp\/v2\/pages\/520"}],"collection":[{"href":"https:\/\/saludextremadura.ses.es\/areasaluddonbenito\/wp-json\/wp\/v2\/pages"}],"about":[{"href":"https:\/\/saludextremadura.ses.es\/areasaluddonbenito\/wp-json\/wp\/v2\/types\/page"}],"author":[{"embeddable":true,"href":"https:\/\/saludextremadura.ses.es\/areasaluddonbenito\/wp-json\/wp\/v2\/users\/1"}],"replies":[{"embeddable":true,"href":"https:\/\/saludextremadura.ses.es\/areasaluddonbenito\/wp-json\/wp\/v2\/comments?post=520"}],"version-history":[{"count":19,"href":"https:\/\/saludextremadura.ses.es\/areasaluddonbenito\/wp-json\/wp\/v2\/pages\/520\/revisions"}],"predecessor-version":[{"id":3578,"href":"https:\/\/saludextremadura.ses.es\/areasaluddonbenito\/wp-json\/wp\/v2\/pages\/520\/revisions\/3578"}],"up":[{"embeddable":true,"href":"https:\/\/saludextremadura.ses.es\/areasaluddonbenito\/wp-json\/wp\/v2\/pages\/16"}],"wp:attachment":[{"href":"https:\/\/saludextremadura.ses.es\/areasaluddonbenito\/wp-json\/wp\/v2\/media?parent=520"}],"curies":[{"name":"wp","href":"https:\/\/api.w.org\/{rel}","templated":true}]}}