{"id":518,"date":"2022-06-27T08:51:06","date_gmt":"2022-06-27T06:51:06","guid":{"rendered":"https:\/\/saludextremadura.ses.es\/areasaluddonbenito\/?page_id=518"},"modified":"2025-08-26T09:59:01","modified_gmt":"2025-08-26T07:59:01","slug":"don-benito-este","status":"publish","type":"page","link":"https:\/\/saludextremadura.ses.es\/areasaluddonbenito\/atencion-primaria\/don-benito-este\/","title":{"rendered":"Don Benito Este"},"content":{"rendered":"<nav class=\"is-content-justification-center is-layout-flex wp-container-2 is-responsive items-justified-center menu-atencion-primaria wp-block-navigation\" aria-label=\"Men\u00fa Atenci\u00f3n Primaria\"><button aria-haspopup=\"true\" aria-label=\"Abrir el men\u00fa\" class=\"wp-block-navigation__responsive-container-open \" data-micromodal-trigger=\"modal-1\"><svg width=\"24\" height=\"24\" xmlns=\"http:\/\/www.w3.org\/2000\/svg\" viewBox=\"0 0 24 24\" aria-hidden=\"true\" focusable=\"false\"><rect x=\"4\" y=\"7.5\" width=\"16\" height=\"1.5\" \/><rect x=\"4\" y=\"15\" width=\"16\" height=\"1.5\" \/><\/svg><\/button>\n\t\t\t<div class=\"wp-block-navigation__responsive-container  \" style=\"\" id=\"modal-1\">\n\t\t\t\t<div class=\"wp-block-navigation__responsive-close\" tabindex=\"-1\" data-micromodal-close>\n\t\t\t\t\t<div class=\"wp-block-navigation__responsive-dialog\" aria-label=\"Men\u00fa\">\n\t\t\t\t\t\t\t<button aria-label=\"Cerrar el men\u00fa\" data-micromodal-close class=\"wp-block-navigation__responsive-container-close\"><svg xmlns=\"http:\/\/www.w3.org\/2000\/svg\" viewBox=\"0 0 24 24\" width=\"24\" height=\"24\" aria-hidden=\"true\" focusable=\"false\"><path d=\"M13 11.8l6.1-6.3-1-1-6.1 6.2-6.1-6.2-1 1 6.1 6.3-6.5 6.7 1 1 6.5-6.6 6.5 6.6 1-1z\"><\/path><\/svg><\/button>\n\t\t\t\t\t\t<div class=\"wp-block-navigation__responsive-container-content\" id=\"modal-1-content\">\n\t\t\t\t\t\t\t<ul class=\"wp-block-navigation__container\"><li class=\" wp-block-navigation-item wp-block-navigation-link\"><a class=\"wp-block-navigation-item__content\"  href=\"https:\/\/saludextremadura.ses.es\/areasaluddonbenito\/cabeza-de-buey\/\"><span class=\"wp-block-navigation-item__label\">Cabeza de Buey<\/span><\/a><\/li><li class=\" wp-block-navigation-item wp-block-navigation-link\"><a class=\"wp-block-navigation-item__content\"  href=\"https:\/\/saludextremadura.ses.es\/areasaluddonbenito\/campanario\/\"><span class=\"wp-block-navigation-item__label\">Campanario<\/span><\/a><\/li><li class=\" wp-block-navigation-item wp-block-navigation-link\"><a class=\"wp-block-navigation-item__content\"  href=\"https:\/\/saludextremadura.ses.es\/areasaluddonbenito\/castuera\/\"><span class=\"wp-block-navigation-item__label\">Castuera<\/span><\/a><\/li><li class=\" wp-block-navigation-item wp-block-navigation-link\"><a class=\"wp-block-navigation-item__content\"  href=\"https:\/\/saludextremadura.ses.es\/areasaluddonbenito\/don-benito-este\/\"><span class=\"wp-block-navigation-item__label\">Don Benito Este<\/span><\/a><\/li><li class=\" wp-block-navigation-item wp-block-navigation-link\"><a class=\"wp-block-navigation-item__content\"  href=\"https:\/\/saludextremadura.ses.es\/areasaluddonbenito\/don-benito-oeste\/\"><span class=\"wp-block-navigation-item__label\">Don Benito Oeste<\/span><\/a><\/li><li class=\" wp-block-navigation-item wp-block-navigation-link\"><a class=\"wp-block-navigation-item__content\"  href=\"https:\/\/saludextremadura.ses.es\/areasaluddonbenito\/herrera-del-duque\/\"><span class=\"wp-block-navigation-item__label\">Herrera del Duque<\/span><\/a><\/li><li class=\" wp-block-navigation-item wp-block-navigation-link\"><a class=\"wp-block-navigation-item__content\"  href=\"https:\/\/saludextremadura.ses.es\/areasaluddonbenito\/navalvillar-de-pela\/\"><span class=\"wp-block-navigation-item__label\">Navalvillar de Pela<\/span><\/a><\/li><li class=\" wp-block-navigation-item wp-block-navigation-link\"><a class=\"wp-block-navigation-item__content\"  href=\"https:\/\/saludextremadura.ses.es\/areasaluddonbenito\/orellana\/\"><span class=\"wp-block-navigation-item__label\">Orellana<\/span><\/a><\/li><li class=\" wp-block-navigation-item wp-block-navigation-link\"><a class=\"wp-block-navigation-item__content\"  href=\"https:\/\/saludextremadura.ses.es\/areasaluddonbenito\/santa-amalia\/\"><span class=\"wp-block-navigation-item__label\">Santa Amalia<\/span><\/a><\/li><li class=\" wp-block-navigation-item wp-block-navigation-link\"><a class=\"wp-block-navigation-item__content\"  href=\"https:\/\/saludextremadura.ses.es\/areasaluddonbenito\/siruela\/\"><span class=\"wp-block-navigation-item__label\">Siruela<\/span><\/a><\/li><li class=\" wp-block-navigation-item wp-block-navigation-link\"><a class=\"wp-block-navigation-item__content\"  href=\"https:\/\/saludextremadura.ses.es\/areasaluddonbenito\/talarrubias\/\"><span class=\"wp-block-navigation-item__label\">Talarrubias<\/span><\/a><\/li><li class=\" wp-block-navigation-item wp-block-navigation-link\"><a class=\"wp-block-navigation-item__content\"  href=\"https:\/\/saludextremadura.ses.es\/areasaluddonbenito\/villanueva-norte\/\"><span class=\"wp-block-navigation-item__label\">Villanueva Norte<\/span><\/a><\/li><li class=\" wp-block-navigation-item wp-block-navigation-link\"><a class=\"wp-block-navigation-item__content\"  href=\"https:\/\/saludextremadura.ses.es\/areasaluddonbenito\/villanueva-sur\/\"><span class=\"wp-block-navigation-item__label\">Villanueva Sur<\/span><\/a><\/li><li class=\" wp-block-navigation-item wp-block-navigation-link\"><a class=\"wp-block-navigation-item__content\"  href=\"https:\/\/saludextremadura.ses.es\/areasaluddonbenito\/zalamea-de-la-serena\/\"><span class=\"wp-block-navigation-item__label\">Zalamea de la Serena<\/span><\/a><\/li><\/ul>\n\t\t\t\t\t\t<\/div>\n\t\t\t\t\t<\/div>\n\t\t\t\t<\/div>\n\t\t\t<\/div><\/nav>\n\n<h2 class=\"wp-block-post-title\">Don Benito Este<\/h2>\n\n\n<hr class=\"wp-block-separator has-alpha-channel-opacity linea-atencion-primaria\" \/>\n\n\n\n<div class=\"is-layout-flex wp-container-6 wp-block-columns\">\n<div class=\"is-layout-flow wp-block-column\">\n<div class=\"is-layout-flow wp-block-group\"><div class=\"wp-block-group__inner-container\">\n<figure class=\"wp-block-table\"><table><tbody><tr><td><strong>Coordinador<\/strong><\/td><td>Manuel Vicente Collado S\u00e1nchez<\/td><\/tr><tr><td><strong>Resp. Enfermer\u00eda<\/strong><\/td><td>M\u00aa Josefa Teomiro Calleja<\/td><\/tr><tr><td><strong>Tel\u00e9fono Cita Previa<\/strong><\/td><td>924 812 410<\/td><\/tr><tr><td><strong>Tel\u00e9fono Urgencias<\/strong><\/td><td>924 812 426<\/td><\/tr><tr><td><strong>Direcci\u00f3n<\/strong><\/td><td>Avda. de C\u00f3rdoba, 222 06400<\/td><\/tr><tr><td><strong>Correo electr\u00f3nico<\/strong><\/td><td>donbenitoeste.admon@salud-juntaex.es<\/td><\/tr><\/tbody><\/table><\/figure>\n<\/div><\/div>\n<\/div>\n\n\n\n<div class=\"is-layout-flow wp-block-column\"><div class=\"wp-block-image\">\n<figure class=\"aligncenter size-full is-resized\"><img decoding=\"async\" loading=\"lazy\" src=\"https:\/\/saludextremadura.ses.es\/areasaluddonbenito\/wp-content\/uploads\/2022\/07\/image004-3.png\" alt=\"\" class=\"wp-image-1158\" width=\"407\" height=\"463\" \/><\/figure><\/div><\/div>\n<\/div>\n\n\n\n<div class=\"is-layout-flex wp-container-8 wp-block-columns\">\n<div class=\"is-layout-flow wp-block-column\">\n<figure class=\"wp-block-table tabla-azul\"><table class=\"has-fixed-layout\"><thead><tr><th>CONSULTORIOS<\/th><th>TF. CITA PREVIA<\/th><th>TF. URGENCIAS<\/th><\/tr><\/thead><tbody><tr><td>Avda. de C\u00f3rdoba, 222 06400<\/td><td>924 812 410<\/td><td>924 812 426<\/td><\/tr><\/tbody><\/table><\/figure>\n<\/div>\n<\/div>\n\n\n<div >\n                    <div class=\" plethoraplugins-accordion plethoraplugins-theme__minimal \"   >\n                        <div>\n                            \n<div id=\"mdicos\" class=\"pds-accordion__item pds-js-accordion-item pds-no-js\" data-initially-open=\"false\" data-click-to-close=\"true\" data-auto-close=\"true\" data-scroll=\"false\" data-scroll-offset=\"0\">\n                    <h3 id=\"at-mdicos\" class=\"pds-accordion__title pds-js-accordion-controller\" role=\"button\">M\u00e9dicos<span class=\"pds-accordion__icon\" role=\"presentation\" aria-hidden=\"true\"><svg xmlns=\"http:\/\/www.w3.org\/2000\/svg\" viewBox=\"0 0 12 7.4099998\" width=\".75rem\" height=\".75rem\"><path d=\"M12 1.41 10.59 0 6 4.58 1.41 0 0 1.41l6 6z\" fill=\"currentColor\"\/><\/svg><\/span><\/h3>\n                    <div id=\"ac-mdicos\" class=\"pds-accordion__content\">\n                        \n\n<p><\/p>\n\n\n\n<figure class=\"wp-block-table is-style-stripes\"><table class=\"has-fixed-layout\"><thead><tr><th>M\u00c9DICOS<\/th><th>ATS-DUE<\/th><th>LOCALIDAD<\/th><th>POBLACI\u00d3N 2022<\/th><\/tr><\/thead><tbody><tr><td><strong>Ana Bel\u00e9n Pozo S\u00e1nchez<\/strong><\/td><td>Laura Ba\u00f1os Regalado<\/td><td>Don Benito<\/td><td><strong>1432<\/strong><\/td><\/tr><tr><td><strong>\u00c1ngel Granero Gallardo<\/strong><\/td><td>Miguel A. Velasco Bernardo<\/td><td>Don Benito<\/td><td><strong>1390<\/strong><\/td><\/tr><tr><td><strong>Juan P\u00e9rez de Villar Mera<\/strong><\/td><td>M\u00aa Josefa Teomiro Calleja<\/td><td>Don Benito<\/td><td><strong>1439<\/strong><\/td><\/tr><tr><td><strong>Adela N\u00fa\u00f1ez Garc\u00eda<\/strong><\/td><td>Iv\u00e1n Hern\u00e1ndez Gonz\u00e1lez<\/td><td>Don Benito<\/td><td><strong>1406<\/strong><\/td><\/tr><tr><td><strong>Manuel Vicente Collado S\u00e1nchez<\/strong><\/td><td>Santiago L\u00f3pez Nieto<\/td><td>Don Benito<\/td><td><strong>1391<\/strong><\/td><\/tr><tr><td><strong>Carmen P. Fern\u00e1ndez Delgado<\/strong><\/td><td>Fermina Nieto de Tena Garc\u00eda<\/td><td>Don Benito<\/td><td><strong>1345<\/strong><\/td><\/tr><tr><td><strong>Antonio Herrador Ruiz Calero<\/strong><\/td><td>Ver\u00f3nica Diestro Vilaplana<\/td><td>Don Benito<\/td><td><strong>1394<\/strong><\/td><\/tr><tr><td><strong>Santiago Casta\u00f1o Carrami\u00f1ana<\/strong><\/td><td>Jes\u00fas Pedro L\u00f3pez Fern\u00e1ndez<\/td><td>Don Benito<\/td><td><strong>1429<\/strong><\/td><\/tr><tr><td><strong>Alicia Llorens Mar\u00edn<\/strong><\/td><td>Soledad Rico Delgado<\/td><td>Don Benito<\/td><td><strong>1421<\/strong><\/td><\/tr><tr><td><strong>M\u00aa Teresa Gonz\u00e1lez Palacios<\/strong><\/td><td>Estefan\u00eda Parejo Gonz\u00e1lez<\/td><td>Don Benito<\/td><td><strong>1387<\/strong><\/td><\/tr><tr><td><strong>Nuria Gonz\u00e1lez Salguero<\/strong><\/td><td>Jos\u00e9 Crespo S\u00e1nchez<\/td><td>Don Benito<\/td><td><strong>1383<\/strong><\/td><\/tr><tr><td><strong>Jes\u00fas Pelegrino Callejas<\/strong><\/td><td>Jos\u00e9 Crespo S\u00e1nchez<\/td><td>Don Benito<\/td><td><strong>1198<\/strong><\/td><\/tr><\/tbody><\/table><\/figure>\n\n\n\n<p><br><\/p>\n\n\n\n<div class=\"is-layout-flex wp-container-11 wp-block-columns\">\n<div class=\"is-layout-flow wp-block-column\">\n<h2 class=\"has-black-color has-text-color has-medium-font-size\"><strong>M\u00c9DICOS DE ATENCI\u00d3N CONTINUADA<\/strong><\/h2>\n\n\n\n<p>M\u00aa Jes\u00fas Soto S\u00e1nchez<\/p>\n\n\n\n<p>Andrea Paulete Salcedo Caicedo<\/p>\n\n\n\n<p>\u00c1ngel Gabriel Ferrer Centeno&nbsp;&nbsp;&nbsp;<\/p>\n<\/div>\n\n\n\n<div class=\"is-layout-flow wp-block-column\">\n<h2 class=\"has-black-color has-text-color has-medium-font-size\"><strong>ENFERMEROS DE ATENCI\u00d3N CONTINUADA<\/strong><\/h2>\n\n\n\n<p>M\u00aa Dolores L\u00f3pez M\u00e9ndez <\/p>\n\n\n\n<p>M\u00aa Carmen Morcillo Dorado<\/p>\n<\/div>\n<\/div>\n\n\n\n<p><\/p>\n\n\n                    <\/div>\n                <\/div>\n\n<div id=\"otros_servicios\" class=\"pds-accordion__item pds-js-accordion-item pds-no-js\" data-initially-open=\"false\" data-click-to-close=\"true\" data-auto-close=\"true\" data-scroll=\"false\" data-scroll-offset=\"0\">\n                    <h3 id=\"at-otros_servicios\" class=\"pds-accordion__title pds-js-accordion-controller\" role=\"button\">Otros Servicios<span class=\"pds-accordion__icon\" role=\"presentation\" aria-hidden=\"true\"><svg xmlns=\"http:\/\/www.w3.org\/2000\/svg\" viewBox=\"0 0 12 7.4099998\" width=\".75rem\" height=\".75rem\"><path d=\"M12 1.41 10.59 0 6 4.58 1.41 0 0 1.41l6 6z\" fill=\"currentColor\"\/><\/svg><\/span><\/h3>\n                    <div id=\"ac-otros_servicios\" class=\"pds-accordion__content\">\n                        \n\n<figure class=\"wp-block-table is-style-stripes\"><table class=\"has-fixed-layout\"><thead><tr><th>SERVICIOS<\/th><th>RESPONSABLE<\/th><th>OBSERVACIONES<\/th><\/tr><\/thead><tbody><tr><td><strong>VETERINARIO<\/strong><\/td><td>Raquel Villaverde Bienvenido y Manuel del Pozo Mari\u00f1o<\/td><td>&nbsp;<\/td><\/tr><tr><td><strong>FARMAC\u00c1UTICO<\/strong><\/td><td>M\u00aa Vicenta Gallego Custodio<\/td><td>&nbsp;<\/td><\/tr><tr><td><strong>TRABAJADOR SOCIAL<\/strong><\/td><td>Antonio Blanco Monterdez<\/td><td>&nbsp;<\/td><\/tr><tr><td><strong>MATRONA<\/strong><\/td><td>Elena Casado Blanco<\/td><td>&nbsp;<\/td><\/tr><tr><td><strong>ODONT\u00d3LOGO<\/strong><\/td><td>Guadalupe Bermejo Tom\u00e9<\/td><td>&nbsp;<\/td><\/tr><tr><td><strong>HIGIENISTA DENTAL<\/strong><\/td><td>Julia Ayuso Mora<\/td><td><\/td><\/tr><tr><td><strong>FISIOTERAPEUTA<\/strong><\/td><td>Guadalupe Bl\u00e1zquez Cerrato<br>Juan Miguel Guti\u00e9rrez Robles<\/td><td>&nbsp;<\/td><\/tr><tr><td><strong>AUX. ADMINISTRATIVO<\/strong><\/td><td>Pilar G\u00f3mez Cardenal<br>Mar Trejo G\u00f3mez-Valad\u00e9s<br>Manuela Gonz\u00e1lez Rejas<br>Obdulia Miranda Segovia<br>Montserrat D\u00edaz Vaca<\/td><td>&nbsp;<\/td><\/tr><tr><td><strong>AUX. ENFERMER\u00cdA<\/strong><\/td><td>Antonia S\u00e1nchez Garc\u00eda, Ana Casado Rayego, M\u00aa Teresa Fern\u00e1ndez Serrano y Carmen Tapia Gonz\u00e1lez<\/td><td>&nbsp;<\/td><\/tr><tr><td><strong>CELADORES<\/strong><\/td><td>Mario Diestro S\u00e1nchez, M\u00aa \u00c1ngeles Briones Puerto<\/td><td>&nbsp;<\/td><\/tr><tr><td><strong>CELADORES URGENCIAS<\/strong><\/td><td>M\u00aa Inmaculada Cano Mateos<br>M\u00aa \u00c1ngeles Gil Mera<br>M\u00aa Dolores S\u00e1nchez-Miranda <br>Morcillo <br>Ana Isabel Chac\u00f3n Calder\u00f3n<\/td><td>&nbsp;<\/td><\/tr><tr><td><strong>UNIDAD DEL DOLOR<\/strong><\/td><td><strong>M\u00e9dico<\/strong>: Carlos Rodr\u00edguez Paniagua <br><strong>Enfermera<\/strong>: Adoraci\u00f3n Gonz\u00e1lez Curado <br><strong>Aux. Admvo<\/strong>: Ver\u00f3nica Morcillo Velarde<\/td><td><\/td><\/tr><tr><td><strong>COPF<\/strong><\/td><td><strong>M\u00e9dico<\/strong>: Noelia Aparicio Mart\u00edn-Romo <br><strong>Enfermera<\/strong>: Teresa Mora Garc\u00eda <br><strong>Trab. Social<\/strong>: Isabel Pe\u00f1a Ben\u00edtez Cano <br><strong>Aux. Adtivo: <\/strong>Ver\u00f3nica Morcillo Velarde <br><strong>Aux. Enfermer\u00eda<\/strong>: Pilar G\u00f3mez Soto<\/td><td><\/td><\/tr><tr><td><strong>AYUNTAMIENTO<\/strong><\/td><td>Plaza de Espa\u00f1a, 1<\/td><td>924 81 15 34<\/td><\/tr><\/tbody><\/table><\/figure>\n\n\n\n<p><\/p>\n\n\n                    <\/div>\n                <\/div>\n\n<div id=\"responsables_de_reas_especficas\" class=\"pds-accordion__item pds-js-accordion-item pds-no-js\" data-initially-open=\"false\" data-click-to-close=\"true\" data-auto-close=\"true\" data-scroll=\"false\" data-scroll-offset=\"0\">\n                    <h3 id=\"at-responsables_de_reas_especficas\" class=\"pds-accordion__title pds-js-accordion-controller\" role=\"button\">Responsables de \u00c1reas espec\u00edficas<span class=\"pds-accordion__icon\" role=\"presentation\" aria-hidden=\"true\"><svg xmlns=\"http:\/\/www.w3.org\/2000\/svg\" viewBox=\"0 0 12 7.4099998\" width=\".75rem\" height=\".75rem\"><path d=\"M12 1.41 10.59 0 6 4.58 1.41 0 0 1.41l6 6z\" fill=\"currentColor\"\/><\/svg><\/span><\/h3>\n                    <div id=\"ac-responsables_de_reas_especficas\" class=\"pds-accordion__content\">\n                        \n\n<figure class=\"wp-block-table is-style-stripes\"><table class=\"has-fixed-layout\"><tbody><tr><td><strong>Formaci\u00f3n<\/strong><\/td><td>Alicia Llorens Mar\u00edn<\/td><\/tr><tr><td><strong>Salud Mental<\/strong><\/td><td>Juan P\u00e9rez de Villar Mera<\/td><\/tr><tr><td><strong>Digestivo<\/strong><\/td><td>Santiago Casta\u00f1o Carrami\u00f1ana<\/td><\/tr><tr><td><strong>Gesti\u00f3n de residuos<\/strong><\/td><td>Ana M\u00aa Casado Rayego<\/td><\/tr><tr><td><strong>Incapacidad Temporal<\/strong><\/td><td>Santiago Casta\u00f1o Carrami\u00f1ana<\/td><\/tr><tr><td><strong>Formador en I.T.<\/strong><\/td><td>Santiago Casta\u00f1o Carrami\u00f1ana<\/td><\/tr><tr><td><strong>Jara<\/strong><\/td><td>Iv\u00e1n Hern\u00e1ndez Gonz\u00e1lez<\/td><\/tr><tr><td><strong>Cartera de Servicios<\/strong><\/td><td>Iv\u00e1n Hern\u00e1ndez Gonz\u00e1lez<\/td><\/tr><tr><td><strong>Atenci\u00f3n Continuada<\/strong><\/td><td>M\u00aa Josefa Teomiro Calleja<\/td><\/tr><tr><td><strong>Biblioteca<\/strong><\/td><td>Ver\u00f3nica Diestro Villaplana<\/td><\/tr><tr><td><strong>Botiqu\u00edn<\/strong><\/td><td>Pilar G\u00f3mez Soto<\/td><\/tr><tr><td><strong>Calidad<\/strong><\/td><td>Miguel A. Velasco Bernardo<\/td><\/tr><tr><td><strong>Cirug\u00eda Menor<\/strong><\/td><td>Ana Pozo S\u00e1nchez<\/td><\/tr><tr><td><strong>Educaci\u00f3n para la Salud<\/strong><\/td><td>\u00c1ngel Granero Gallardo<\/td><\/tr><tr><td><strong>Salud Escolar<\/strong><\/td><td>Estrella Cantalapiedra Fern\u00e1ndez<\/td><\/tr><tr><td><strong>Salud P\u00fablica<\/strong><\/td><td>Manuel Vicente Collado S\u00e1nchez<\/td><\/tr><tr><td><strong>Comunicaci\u00f3n Interna<\/strong><\/td><td>M\u00aa del Mar Trejo G\u00f3mez-Valad\u00e9s<\/td><\/tr><tr><td><strong>Ecograf\u00edas<\/strong><\/td><td>\u00c1ngel Granero Gallardo<\/td><\/tr><tr><td><strong>Vacunas<\/strong><\/td><td>M\u00aa Vicenta Gallego Custodio<\/td><\/tr><tr><td><strong>Almac\u00e9n<\/strong><\/td><td>Ana M\u00aa Casado Rayego<\/td><\/tr><tr><td><strong>Salud laboral<\/strong><\/td><td>M\u00aa Josefa Teomiro Calleja<\/td><\/tr><tr><td><strong>TAO<\/strong><\/td><td>Ver\u00f3nica Diestro Vilaplana<\/td><\/tr><tr><td><strong>PIDEX \u2013 PADIEX<\/strong><\/td><td>Sheila Saavedra Garrido (PIDEX) y Guadalupe Bermejo Tom\u00e9 (PADIEX), Atenci\u00f3n Temprana<\/td><\/tr><tr><td><strong>MAPA<\/strong><\/td><td>Carolina Cerrato Rodr\u00edguez<\/td><\/tr><tr><td><strong>DIABETES INSTITUTO<\/strong><\/td><td>Carolina Cerrato Rodr\u00edguez<\/td><\/tr><tr><td><strong>TONOMETR\u00cdA<\/strong><\/td><td>\u00c1ngel Granero Gallardo<\/td><\/tr><\/tbody><\/table><\/figure>\n\n\n\n<p><\/p>\n\n\n                    <\/div>\n                <\/div>\n\n                        <\/div>\n                    <\/div>\n            <\/div>","protected":false},"excerpt":{"rendered":"<p>Coordinador Manuel Vicente Collado S\u00e1nchez Resp. Enfermer\u00eda M\u00aa Josefa Teomiro Calleja Tel\u00e9fono Cita Previa 924 812 410 Tel\u00e9fono Urgencias 924 812 426 Direcci\u00f3n Avda. de C\u00f3rdoba, 222 06400 Correo electr\u00f3nico donbenitoeste.admon@salud-juntaex.es CONSULTORIOS TF. CITA PREVIA TF. URGENCIAS Avda. de C\u00f3rdoba, 222 06400 924 812 410 924 812 426<\/p>\n","protected":false},"author":1,"featured_media":0,"parent":16,"menu_order":0,"comment_status":"closed","ping_status":"closed","template":"page-template\/page-no-slider.php","meta":{"_eb_attr":"","inline_featured_image":false},"_links":{"self":[{"href":"https:\/\/saludextremadura.ses.es\/areasaluddonbenito\/wp-json\/wp\/v2\/pages\/518"}],"collection":[{"href":"https:\/\/saludextremadura.ses.es\/areasaluddonbenito\/wp-json\/wp\/v2\/pages"}],"about":[{"href":"https:\/\/saludextremadura.ses.es\/areasaluddonbenito\/wp-json\/wp\/v2\/types\/page"}],"author":[{"embeddable":true,"href":"https:\/\/saludextremadura.ses.es\/areasaluddonbenito\/wp-json\/wp\/v2\/users\/1"}],"replies":[{"embeddable":true,"href":"https:\/\/saludextremadura.ses.es\/areasaluddonbenito\/wp-json\/wp\/v2\/comments?post=518"}],"version-history":[{"count":29,"href":"https:\/\/saludextremadura.ses.es\/areasaluddonbenito\/wp-json\/wp\/v2\/pages\/518\/revisions"}],"predecessor-version":[{"id":3576,"href":"https:\/\/saludextremadura.ses.es\/areasaluddonbenito\/wp-json\/wp\/v2\/pages\/518\/revisions\/3576"}],"up":[{"embeddable":true,"href":"https:\/\/saludextremadura.ses.es\/areasaluddonbenito\/wp-json\/wp\/v2\/pages\/16"}],"wp:attachment":[{"href":"https:\/\/saludextremadura.ses.es\/areasaluddonbenito\/wp-json\/wp\/v2\/media?parent=518"}],"curies":[{"name":"wp","href":"https:\/\/api.w.org\/{rel}","templated":true}]}}