{"id":516,"date":"2022-06-27T08:50:51","date_gmt":"2022-06-27T06:50:51","guid":{"rendered":"https:\/\/saludextremadura.ses.es\/areasaluddonbenito\/?page_id=516"},"modified":"2022-12-13T19:21:08","modified_gmt":"2022-12-13T18:21:08","slug":"castuera","status":"publish","type":"page","link":"https:\/\/saludextremadura.ses.es\/areasaluddonbenito\/atencion-primaria\/castuera\/","title":{"rendered":"Castuera"},"content":{"rendered":"<nav class=\"is-content-justification-center is-layout-flex wp-container-2 is-responsive items-justified-center menu-atencion-primaria wp-block-navigation\" aria-label=\"Men\u00fa Atenci\u00f3n Primaria\"><button aria-haspopup=\"true\" aria-label=\"Abrir el men\u00fa\" class=\"wp-block-navigation__responsive-container-open \" data-micromodal-trigger=\"modal-1\"><svg width=\"24\" height=\"24\" xmlns=\"http:\/\/www.w3.org\/2000\/svg\" viewBox=\"0 0 24 24\" aria-hidden=\"true\" focusable=\"false\"><rect x=\"4\" y=\"7.5\" width=\"16\" height=\"1.5\" \/><rect x=\"4\" y=\"15\" width=\"16\" height=\"1.5\" \/><\/svg><\/button>\n\t\t\t<div class=\"wp-block-navigation__responsive-container  \" style=\"\" id=\"modal-1\">\n\t\t\t\t<div class=\"wp-block-navigation__responsive-close\" tabindex=\"-1\" data-micromodal-close>\n\t\t\t\t\t<div class=\"wp-block-navigation__responsive-dialog\" aria-label=\"Men\u00fa\">\n\t\t\t\t\t\t\t<button aria-label=\"Cerrar el men\u00fa\" data-micromodal-close class=\"wp-block-navigation__responsive-container-close\"><svg xmlns=\"http:\/\/www.w3.org\/2000\/svg\" viewBox=\"0 0 24 24\" width=\"24\" height=\"24\" aria-hidden=\"true\" focusable=\"false\"><path d=\"M13 11.8l6.1-6.3-1-1-6.1 6.2-6.1-6.2-1 1 6.1 6.3-6.5 6.7 1 1 6.5-6.6 6.5 6.6 1-1z\"><\/path><\/svg><\/button>\n\t\t\t\t\t\t<div class=\"wp-block-navigation__responsive-container-content\" id=\"modal-1-content\">\n\t\t\t\t\t\t\t<ul class=\"wp-block-navigation__container\"><li class=\" wp-block-navigation-item wp-block-navigation-link\"><a class=\"wp-block-navigation-item__content\"  href=\"https:\/\/saludextremadura.ses.es\/areasaluddonbenito\/cabeza-de-buey\/\"><span class=\"wp-block-navigation-item__label\">Cabeza de Buey<\/span><\/a><\/li><li class=\" wp-block-navigation-item wp-block-navigation-link\"><a class=\"wp-block-navigation-item__content\"  href=\"https:\/\/saludextremadura.ses.es\/areasaluddonbenito\/campanario\/\"><span class=\"wp-block-navigation-item__label\">Campanario<\/span><\/a><\/li><li class=\" wp-block-navigation-item wp-block-navigation-link\"><a class=\"wp-block-navigation-item__content\"  href=\"https:\/\/saludextremadura.ses.es\/areasaluddonbenito\/castuera\/\"><span class=\"wp-block-navigation-item__label\">Castuera<\/span><\/a><\/li><li class=\" wp-block-navigation-item wp-block-navigation-link\"><a class=\"wp-block-navigation-item__content\"  href=\"https:\/\/saludextremadura.ses.es\/areasaluddonbenito\/don-benito-este\/\"><span class=\"wp-block-navigation-item__label\">Don Benito Este<\/span><\/a><\/li><li class=\" wp-block-navigation-item wp-block-navigation-link\"><a class=\"wp-block-navigation-item__content\"  href=\"https:\/\/saludextremadura.ses.es\/areasaluddonbenito\/don-benito-oeste\/\"><span class=\"wp-block-navigation-item__label\">Don Benito Oeste<\/span><\/a><\/li><li class=\" wp-block-navigation-item wp-block-navigation-link\"><a class=\"wp-block-navigation-item__content\"  href=\"https:\/\/saludextremadura.ses.es\/areasaluddonbenito\/herrera-del-duque\/\"><span class=\"wp-block-navigation-item__label\">Herrera del Duque<\/span><\/a><\/li><li class=\" wp-block-navigation-item wp-block-navigation-link\"><a class=\"wp-block-navigation-item__content\"  href=\"https:\/\/saludextremadura.ses.es\/areasaluddonbenito\/navalvillar-de-pela\/\"><span class=\"wp-block-navigation-item__label\">Navalvillar de Pela<\/span><\/a><\/li><li class=\" wp-block-navigation-item wp-block-navigation-link\"><a class=\"wp-block-navigation-item__content\"  href=\"https:\/\/saludextremadura.ses.es\/areasaluddonbenito\/orellana\/\"><span class=\"wp-block-navigation-item__label\">Orellana<\/span><\/a><\/li><li class=\" wp-block-navigation-item wp-block-navigation-link\"><a class=\"wp-block-navigation-item__content\"  href=\"https:\/\/saludextremadura.ses.es\/areasaluddonbenito\/santa-amalia\/\"><span class=\"wp-block-navigation-item__label\">Santa Amalia<\/span><\/a><\/li><li class=\" wp-block-navigation-item wp-block-navigation-link\"><a class=\"wp-block-navigation-item__content\"  href=\"https:\/\/saludextremadura.ses.es\/areasaluddonbenito\/siruela\/\"><span class=\"wp-block-navigation-item__label\">Siruela<\/span><\/a><\/li><li class=\" wp-block-navigation-item wp-block-navigation-link\"><a class=\"wp-block-navigation-item__content\"  href=\"https:\/\/saludextremadura.ses.es\/areasaluddonbenito\/talarrubias\/\"><span class=\"wp-block-navigation-item__label\">Talarrubias<\/span><\/a><\/li><li class=\" wp-block-navigation-item wp-block-navigation-link\"><a class=\"wp-block-navigation-item__content\"  href=\"https:\/\/saludextremadura.ses.es\/areasaluddonbenito\/villanueva-norte\/\"><span class=\"wp-block-navigation-item__label\">Villanueva Norte<\/span><\/a><\/li><li class=\" wp-block-navigation-item wp-block-navigation-link\"><a class=\"wp-block-navigation-item__content\"  href=\"https:\/\/saludextremadura.ses.es\/areasaluddonbenito\/villanueva-sur\/\"><span class=\"wp-block-navigation-item__label\">Villanueva Sur<\/span><\/a><\/li><li class=\" wp-block-navigation-item wp-block-navigation-link\"><a class=\"wp-block-navigation-item__content\"  href=\"https:\/\/saludextremadura.ses.es\/areasaluddonbenito\/zalamea-de-la-serena\/\"><span class=\"wp-block-navigation-item__label\">Zalamea de la Serena<\/span><\/a><\/li><\/ul>\n\t\t\t\t\t\t<\/div>\n\t\t\t\t\t<\/div>\n\t\t\t\t<\/div>\n\t\t\t<\/div><\/nav>\n\n<h2 class=\"wp-block-post-title\">Castuera<\/h2>\n\n\n<hr class=\"wp-block-separator has-alpha-channel-opacity linea-atencion-primaria\"\/>\n\n\n\n<div class=\"is-layout-flex wp-container-6 wp-block-columns\">\n<div class=\"is-layout-flow wp-block-column\">\n<div class=\"is-layout-flow wp-block-group\"><div class=\"wp-block-group__inner-container\">\n<figure class=\"wp-block-table\"><table><tbody><tr><td><strong>Coordinador<\/strong><\/td><td>Natividad Ar\u00e9valo Moreno-Vaquerizo<\/td><\/tr><tr><td><strong>Resp. Enfermer\u00eda<\/strong><\/td><td>Francisca Balsera Pe\u00f1a<\/td><\/tr><tr><td><strong>Tel\u00e9fono Cita Previa<\/strong><\/td><td>924 77 21 00<\/td><\/tr><tr><td><strong>Tel\u00e9fono Urgencias<\/strong><\/td><td>924 76 10 41<\/td><\/tr><tr><td><strong>Direcci\u00f3n<\/strong><\/td><td>Federico Garc\u00eda Lorca, s\/n 06420<\/td><\/tr><tr><td><strong>Correo electr\u00f3nico<\/strong><\/td><td>castuera.admon@salud-juntaex.es<\/td><\/tr><\/tbody><\/table><\/figure>\n<\/div><\/div>\n<\/div>\n\n\n\n<div class=\"is-layout-flow wp-block-column\"><div class=\"wp-block-image\">\n<figure class=\"aligncenter size-full is-resized\"><img decoding=\"async\" loading=\"lazy\" src=\"https:\/\/saludextremadura.ses.es\/areasaluddonbenito\/wp-content\/uploads\/2022\/07\/image004-2.png\" alt=\"\" class=\"wp-image-1111\" width=\"320\" height=\"320\"\/><\/figure><\/div><\/div>\n<\/div>\n\n\n\n<div class=\"is-layout-flex wp-container-8 wp-block-columns\">\n<div class=\"is-layout-flow wp-block-column\">\n<figure class=\"wp-block-table aligncenter tabla-azul\"><table class=\"has-fixed-layout\"><thead><tr><th>CONSULTORIOS<\/th><th>TF. CITA PREVIA<\/th><th>TF. URGENCIAS<\/th><\/tr><\/thead><tbody><tr><td><strong>C. SALUD CASTUERA<\/strong><\/td><td>924 772100<\/td><td>924 761041<\/td><\/tr><tr><td><strong>Consultorio Benquerencia de la Serena<\/strong><\/td><td>924 280519<\/td><td>924 761041<\/td><\/tr><tr><td><strong>Consultorio de Monterrubio de la Serena<\/strong><\/td><td>924 280440<\/td><td>924 635335<\/td><\/tr><tr><td><strong>Consultorio de Helechal<\/strong><\/td><td>924 280400<\/td><td>924 761041<\/td><\/tr><tr><td><strong>Consultorio de La Nava<\/strong><\/td><td>924 280411<\/td><td>925 761041<\/td><\/tr><tr><td><strong>Consultorio de Puerto Hurraco<\/strong><\/td><td>924 280502<\/td><td>926 761041<\/td><\/tr><\/tbody><\/table><\/figure>\n<\/div>\n<\/div>\n\n\n<div >\n                    <div class=\" plethoraplugins-accordion plethoraplugins-theme__minimal \"   >\n                        <div>\n                            \n<div id=\"mdicos\" class=\"pds-accordion__item pds-js-accordion-item pds-no-js\" data-initially-open=\"false\" data-click-to-close=\"true\" data-auto-close=\"true\" data-scroll=\"false\" data-scroll-offset=\"0\">\n                    <h3 id=\"at-mdicos\" class=\"pds-accordion__title pds-js-accordion-controller\" role=\"button\">M\u00e9dicos<span class=\"pds-accordion__icon\" role=\"presentation\" aria-hidden=\"true\"><svg xmlns=\"http:\/\/www.w3.org\/2000\/svg\" viewBox=\"0 0 12 7.4099998\" width=\".75rem\" height=\".75rem\"><path d=\"M12 1.41 10.59 0 6 4.58 1.41 0 0 1.41l6 6z\" fill=\"currentColor\"\/><\/svg><\/span><\/h3>\n                    <div id=\"ac-mdicos\" class=\"pds-accordion__content\">\n                        \n\n<p><\/p>\n\n\n\n<p><\/p>\n\n\n\n<figure class=\"wp-block-table is-style-stripes\"><table class=\"has-fixed-layout\"><thead><tr><th class=\"has-text-align-left\" data-align=\"left\">M\u00c9DICOS<\/th><th class=\"has-text-align-left\" data-align=\"left\"><strong>ATS-DUE<\/strong><\/th><th class=\"has-text-align-left\" data-align=\"left\">LOCALIDAD<\/th><th class=\"has-text-align-left\" data-align=\"left\">POBLACI\u00d3N<\/th><\/tr><\/thead><tbody><tr><td class=\"has-text-align-left\" data-align=\"left\">Fca. Esther Arroyo S\u00e1nchez<\/td><td class=\"has-text-align-left\" data-align=\"left\">Francisca Balsera Pe\u00f1a<\/td><td class=\"has-text-align-left\" data-align=\"left\">Castuera<\/td><td class=\"has-text-align-left\" data-align=\"left\"><strong>1320<\/strong><\/td><\/tr><tr><td class=\"has-text-align-left\" data-align=\"left\">Manuela Rasero Parra<\/td><td class=\"has-text-align-left\" data-align=\"left\">\u00c1ngel Casillas Grijota<\/td><td class=\"has-text-align-left\" data-align=\"left\">Castuera<\/td><td class=\"has-text-align-left\" data-align=\"left\"><strong>1032<\/strong><\/td><\/tr><tr><td class=\"has-text-align-left\" data-align=\"left\">Kevin Asdr\u00fabal Valladares Zavala<\/td><td class=\"has-text-align-left\" data-align=\"left\">Encarnaci\u00f3n Blanco P\u00e9rez<\/td><td class=\"has-text-align-left\" data-align=\"left\">Castuera<\/td><td class=\"has-text-align-left\" data-align=\"left\"><strong>1321<\/strong><\/td><\/tr><tr><td class=\"has-text-align-left\" data-align=\"left\">M\u00aa Jos\u00e9 Bl\u00e1zquez Ruiz<\/td><td class=\"has-text-align-left\" data-align=\"left\">M\u00aa Carmen Lujar Solanilla<\/td><td class=\"has-text-align-left\" data-align=\"left\">Helechal-La Nava<\/td><td class=\"has-text-align-left\" data-align=\"left\"><strong>425<\/strong><\/td><\/tr><tr><td class=\"has-text-align-left\" data-align=\"left\">M\u00aa Isabel Candelario Moreno<\/td><td class=\"has-text-align-left\" data-align=\"left\">Carmen Tena Barata<\/td><td class=\"has-text-align-left\" data-align=\"left\">Monterrubio<\/td><td class=\"has-text-align-left\" data-align=\"left\"><strong>958<\/strong><\/td><\/tr><tr><td class=\"has-text-align-left\" data-align=\"left\">Feliberto Gonz\u00e1lez Lu\u00eds<\/td><td class=\"has-text-align-left\" data-align=\"left\">Rosal\u00eda G\u00f3mez Romero<\/td><td class=\"has-text-align-left\" data-align=\"left\">Monterrubio<\/td><td class=\"has-text-align-left\" data-align=\"left\"><strong>1095<\/strong><\/td><\/tr><tr><td class=\"has-text-align-left\" data-align=\"left\">Francisca N\u00fa\u00f1ez Murillo<\/td><td class=\"has-text-align-left\" data-align=\"left\">M\u00aa Eugenia Balsera Pe\u00f1a<\/td><td class=\"has-text-align-left\" data-align=\"left\">Benquerencia-P.Hurraco<\/td><td class=\"has-text-align-left\" data-align=\"left\"><strong>365<\/strong><\/td><\/tr><tr><td class=\"has-text-align-left\" data-align=\"left\">Vacante<\/td><td class=\"has-text-align-left\" data-align=\"left\">Ana Garc\u00eda Garc\u00eda<\/td><td class=\"has-text-align-left\" data-align=\"left\">Castuera<\/td><td class=\"has-text-align-left\" data-align=\"left\"><strong>1168<\/strong><\/td><\/tr><tr><td class=\"has-text-align-left\" data-align=\"left\">Jos\u00e9 \u00c1ngel Herrera Grande (pediatra)<\/td><td class=\"has-text-align-left\" data-align=\"left\">Natividad Ar\u00e9valo Moreno-Vaquerizo<\/td><td class=\"has-text-align-left\" data-align=\"left\">Castuera<\/td><td class=\"has-text-align-left\" data-align=\"left\"><strong>621<\/strong><\/td><\/tr><\/tbody><\/table><\/figure>\n\n\n\n<p><br><\/p>\n\n\n\n<div class=\"is-layout-flex wp-container-11 wp-block-columns\">\n<div class=\"is-layout-flow wp-block-column\">\n<h2 class=\"has-black-color has-text-color has-medium-font-size\"><strong>M\u00c9DICOS DE ATENCI\u00d3N CONTINUADA<\/strong><\/h2>\n\n\n\n<p>Pilar Hidalgo R\u00edsquez <\/p>\n\n\n\n<p>Kevin Valladares Zabala <\/p>\n\n\n\n<p>Bel\u00e9n Mart\u00edn Caballero <\/p>\n\n\n\n<p>Milagros Velica Caballero P\u00e9rez<\/p>\n<\/div>\n\n\n\n<div class=\"is-layout-flow wp-block-column\">\n<h2 class=\"has-black-color has-text-color has-medium-font-size\"><strong>ENFERMEROS DE ATENCI\u00d3N CONTINUADA<\/strong><\/h2>\n\n\n\n<p>Mercedes B\u00fardalo Garc\u00eda&nbsp;&nbsp;&nbsp;&nbsp;&nbsp;&nbsp;&nbsp;&nbsp;&nbsp;&nbsp;&nbsp;&nbsp;&nbsp;&nbsp;&nbsp;&nbsp;&nbsp;&nbsp;&nbsp;&nbsp;&nbsp;&nbsp;&nbsp;&nbsp;&nbsp;&nbsp;&nbsp;&nbsp;&nbsp;&nbsp;&nbsp;&nbsp;&nbsp;&nbsp;&nbsp;&nbsp;&nbsp;&nbsp;&nbsp;&nbsp;&nbsp;&nbsp;&nbsp;<\/p>\n\n\n\n<p>Estrella Fern\u00e1ndez Rodr\u00edguez&nbsp;&nbsp;&nbsp;&nbsp;&nbsp;&nbsp;&nbsp;&nbsp;&nbsp;&nbsp;&nbsp;&nbsp;&nbsp;&nbsp;&nbsp;&nbsp;&nbsp;&nbsp;&nbsp;&nbsp;&nbsp;&nbsp;&nbsp;&nbsp;&nbsp;&nbsp;&nbsp;&nbsp;&nbsp;&nbsp;&nbsp;&nbsp;&nbsp;&nbsp;&nbsp;<\/p>\n\n\n\n<p>Pedro Garc\u00eda Rico&nbsp;&nbsp;&nbsp;&nbsp;&nbsp;&nbsp;&nbsp;&nbsp;&nbsp;&nbsp;&nbsp;&nbsp;&nbsp;&nbsp;&nbsp;&nbsp;&nbsp;&nbsp;&nbsp;&nbsp;&nbsp;&nbsp;&nbsp;&nbsp;&nbsp;&nbsp;&nbsp;&nbsp;&nbsp;&nbsp;&nbsp;&nbsp;&nbsp;&nbsp;&nbsp;&nbsp;&nbsp;&nbsp;&nbsp;&nbsp;&nbsp;&nbsp;&nbsp; <\/p>\n\n\n\n<p>Ana Bel\u00e9n Murillo Palomo<\/p>\n<\/div>\n<\/div>\n\n\n\n<p><\/p>\n\n\n                    <\/div>\n                <\/div>\n\n<div id=\"otros_servicios\" class=\"pds-accordion__item pds-js-accordion-item pds-no-js\" data-initially-open=\"false\" data-click-to-close=\"true\" data-auto-close=\"true\" data-scroll=\"false\" data-scroll-offset=\"0\">\n                    <h3 id=\"at-otros_servicios\" class=\"pds-accordion__title pds-js-accordion-controller\" role=\"button\">Otros Servicios<span class=\"pds-accordion__icon\" role=\"presentation\" aria-hidden=\"true\"><svg xmlns=\"http:\/\/www.w3.org\/2000\/svg\" viewBox=\"0 0 12 7.4099998\" width=\".75rem\" height=\".75rem\"><path d=\"M12 1.41 10.59 0 6 4.58 1.41 0 0 1.41l6 6z\" fill=\"currentColor\"\/><\/svg><\/span><\/h3>\n                    <div id=\"ac-otros_servicios\" class=\"pds-accordion__content\">\n                        \n\n<figure class=\"wp-block-table aligncenter is-style-stripes\"><table class=\"has-fixed-layout\"><thead><tr><th class=\"has-text-align-left\" data-align=\"left\">SERVICIOS<\/th><th>RESPONSABLES<\/th><th>OBSERVACIONES<\/th><\/tr><\/thead><tbody><tr><td class=\"has-text-align-left\" data-align=\"left\"><strong>VETERINARIOS<\/strong><\/td><td>Juan Manuel Morillo del Pozo<br>Carmen Contreras Bueno<br>Jos\u00e9 M\u00aa S\u00e1nchez Cabanillas<br>Francisco Gonz\u00e1lez Gabald\u00f3n<\/td><td>&nbsp;<\/td><\/tr><tr><td class=\"has-text-align-left\" data-align=\"left\"><strong>FARMAC\u00c9UTICOS<\/strong><\/td><td>Conrado Mart\u00edn Parra y Sonia G\u00e1lvez Ma\u00edquez<\/td><td>&nbsp;<\/td><\/tr><tr><td class=\"has-text-align-left\" data-align=\"left\"><strong>TRABAJADOR SOCIAL<\/strong><\/td><td>M.\u00aa Jos\u00e9 Ruiz Parejo<\/td><td>Lunes mi\u00e9rcoles y viernes<\/td><\/tr><tr><td class=\"has-text-align-left\" data-align=\"left\"><strong>ODONT\u00d3LOGO<\/strong><\/td><td>Laura Casado de la Cruz<\/td><td>Los viernes<\/td><\/tr><tr><td class=\"has-text-align-left\" data-align=\"left\"><strong>HIGIENISTA DENTAL<\/strong><\/td><td>Jos\u00e9 Javier Bermejo Tom\u00e9<\/td><td>&nbsp;<\/td><\/tr><tr><td class=\"has-text-align-left\" data-align=\"left\"><strong>MATRONA<\/strong><\/td><td>Lorena Pariente Barrantes<\/td><td>Lunes, mi\u00e9rcoles y viernes<\/td><\/tr><tr><td class=\"has-text-align-left\" data-align=\"left\"><strong>T.E.R.<\/strong><\/td><td>Benito Gallego Flores<\/td><td>martes y jueves<\/td><\/tr><tr><td class=\"has-text-align-left\" data-align=\"left\"><strong>FISIOTERAPEUTA<\/strong><\/td><td>Bego\u00f1a Brime Posada<\/td><td>Todos los d\u00edas<\/td><\/tr><tr><td class=\"has-text-align-left\" data-align=\"left\"><strong>AUX. ADMINISTRATIVOS<\/strong><\/td><td>Fco. Jos\u00e9 Paredes Dom\u00ednguez y Ricardo Manuel L\u00f3pez S\u00e1nchez<\/td><td>&nbsp;<\/td><\/tr><tr><td class=\"has-text-align-left\" data-align=\"left\"><strong>AUX. ENFERMER\u00cdA<\/strong><\/td><td>Carmen G\u00f3mez Rosa<\/td><td>&nbsp;<\/td><\/tr><tr><td class=\"has-text-align-left\" data-align=\"left\"><strong>CELADORES<\/strong><\/td><td>Gabriel P\u00e9rez Moreno y \u00c1ngel Bravo Rajado<\/td><td>&nbsp;<\/td><\/tr><tr><td class=\"has-text-align-left\" data-align=\"left\"><strong>CONSULTORIOS<\/strong><\/td><td>Benquerencia<br>Helechal\/La Nava<br>Monterrubio de la Serena<br>Puerto Hurraco<\/td><td>924 28 05 19<br>924 28 04 00 \/ 28 04 12<br>924 63 53 35<br>924 28 05 02<\/td><\/tr><tr><td class=\"has-text-align-left\" data-align=\"left\"><strong>AYUNTAMIENTO<\/strong><\/td><td>Plaza de Espa\u00f1a, 1<\/td><td>924 77 23 01<\/td><\/tr><tr><td class=\"has-text-align-left\" data-align=\"left\"><strong>CEDEX<\/strong><\/td><td><strong>UBICACI\u00d3N CENTRO DE SALUD<\/strong><br>M\u00e9dico: Ricardo Bueno Pozo<br>ATS: Enrique Gilarranz Peralta<br>Trab. Social: Sila S\u00e1nchez Tena<br>Psic\u00f3loga: Bernarda D\u00e1vila Mata<br>Aux.Adtivo: El\u00edas N\u00fa\u00f1ez Bazaga<\/td><td>924 76 00 00<\/td><\/tr><tr><td class=\"has-text-align-left\" data-align=\"left\"><strong>COPF<\/strong><\/td><td><strong>UBICACI\u00d3N CENTRO DE SALUD<\/strong><br>M\u00e9dico: Concepci\u00f3n Mart\u00edn Matito<br>ATS: Carmen Fern\u00e1ndez Becerra<br>Trab. Soc.: Manuel Calder\u00f3n Carrasco<br>Aux. Adtivo: Jes\u00fas Villar Ruiz<\/td><td>924 76 01 94<\/td><\/tr><tr><td class=\"has-text-align-left\" data-align=\"left\"><strong>SALUD MENTAL<\/strong><\/td><td>Pertenece a la Unidad de Salud Mental de Don Benito<\/td><td>&nbsp;<\/td><\/tr><tr><td class=\"has-text-align-left\" data-align=\"left\"><strong>TERAPEUTA OCUPACIONAL<\/strong><\/td><td>Bego\u00f1a Naharro Carmona<\/td><td>&nbsp;<\/td><\/tr><\/tbody><\/table><\/figure>\n\n\n\n<p><\/p>\n\n\n                    <\/div>\n                <\/div>\n\n<div id=\"responsables_de_reas_especficas\" class=\"pds-accordion__item pds-js-accordion-item pds-no-js\" data-initially-open=\"false\" data-click-to-close=\"true\" data-auto-close=\"true\" data-scroll=\"false\" data-scroll-offset=\"0\">\n                    <h3 id=\"at-responsables_de_reas_especficas\" class=\"pds-accordion__title pds-js-accordion-controller\" role=\"button\">Responsables de \u00c1reas espec\u00edficas<span class=\"pds-accordion__icon\" role=\"presentation\" aria-hidden=\"true\"><svg xmlns=\"http:\/\/www.w3.org\/2000\/svg\" viewBox=\"0 0 12 7.4099998\" width=\".75rem\" height=\".75rem\"><path d=\"M12 1.41 10.59 0 6 4.58 1.41 0 0 1.41l6 6z\" fill=\"currentColor\"\/><\/svg><\/span><\/h3>\n                    <div id=\"ac-responsables_de_reas_especficas\" class=\"pds-accordion__content\">\n                        \n\n<figure class=\"wp-block-table is-style-stripes\"><table class=\"has-fixed-layout\"><tbody><tr><td><strong>Formaci\u00f3n<\/strong><\/td><td>Manuela Rasero Parra<\/td><\/tr><tr><td><strong>Salud Mental<\/strong><\/td><td>Ana Garc\u00eda Garc\u00eda<\/td><\/tr><tr><td><strong>Digestivo<\/strong><\/td><td>Juan B. Mu\u00f1oz Ru\u00edz-Canela<\/td><\/tr><tr><td><strong>Gesti\u00f3n de residuos<\/strong><\/td><td>Carmen G\u00f3mez<\/td><\/tr><tr><td><strong>Incapacidad Temporal<\/strong><\/td><td>Manuela Rasero Parra<\/td><\/tr><tr><td><strong>Formador en I.T.<\/strong><\/td><td>Manuela Rasero Parra<\/td><\/tr><tr><td><strong>Jara<\/strong><\/td><td>Encarna Blanco \u00c1lvarez<\/td><\/tr><tr><td><strong>Cartera de Servicios<\/strong><\/td><td>Rosal\u00eda G\u00f3mez Romero<\/td><\/tr><tr><td><strong>Atenci\u00f3n Continuada<\/strong><\/td><td>Kevin Valladares Zabala<\/td><\/tr><tr><td><strong>Biblioteca<\/strong><\/td><td>M\u00aa Francisca Balsera Pe\u00f1a<\/td><\/tr><tr><td><strong>Botiqu\u00edn<\/strong><\/td><td>M\u00aa Francisca Balsera Pe\u00f1a<\/td><\/tr><tr><td>Carmen G\u00f3mez Rosa<\/td><\/tr><tr><td><strong>Calidad<\/strong><\/td><td>\u00c1ngel Casillas Grijota<\/td><\/tr><tr><td><strong>Cirug\u00eda Menor<\/strong><\/td><td>M\u00aa Carmen Tena Barata<\/td><\/tr><tr><td><strong>Educaci\u00f3n para la Salud<\/strong><\/td><td>Natividad Ar\u00e9valo Moreno &#8211; Vaquerizo<\/td><\/tr><tr><td><strong>Salud Escolar<\/strong><\/td><td>Natividad Ar\u00e9valo Moreno-Vaquerizo<\/td><\/tr><tr><td><strong>Salud P\u00fablica<\/strong><\/td><td>M\u00aa Jos\u00e9 Bl\u00e1zquez Ru\u00edz<\/td><\/tr><tr><td>Conrado Mart\u00ednParra<\/td><\/tr><tr><td><strong>Comunicaci\u00f3n Interna<\/strong><\/td><td>Fco. Jos\u00e9 Paredes Dom\u00ednguez<\/td><\/tr><tr><td><strong>Ecograf\u00edas<\/strong><\/td><td>M\u00aa Concepci\u00f3n Mart\u00edn Matito<\/td><\/tr><tr><td><strong>Vacunas<\/strong><\/td><td>Conrado Mart\u00edn Parra<\/td><\/tr><tr><td><strong>Almac\u00e9n<\/strong><\/td><td>Carmen G\u00f3mez<\/td><\/tr><tr><td><strong>Salud laboral<\/strong><\/td><td>\u00c1ngel Casillas Grijota<\/td><\/tr><tr><td><strong>TAO<\/strong><\/td><td>M\u00aa Francisca Balsera Pe\u00f1a<\/td><\/tr><tr><td><strong>PIDEX<\/strong><\/td><td>Casimiro Jos\u00e9 S\u00e1nchez Iglesias<\/td><\/tr><\/tbody><\/table><\/figure>\n\n\n\n<p><\/p>\n\n\n                    <\/div>\n                <\/div>\n\n                        <\/div>\n                    <\/div>\n            <\/div>","protected":false},"excerpt":{"rendered":"<p>Coordinador Natividad Ar\u00e9valo Moreno-Vaquerizo Resp. Enfermer\u00eda Francisca Balsera Pe\u00f1a Tel\u00e9fono Cita Previa 924 77 21 00 Tel\u00e9fono Urgencias 924 76 10 41 Direcci\u00f3n Federico Garc\u00eda Lorca, s\/n 06420 Correo electr\u00f3nico castuera.admon@salud-juntaex.es CONSULTORIOS TF. CITA PREVIA TF. URGENCIAS C. SALUD CASTUERA 924 772100 924 761041 Consultorio Benquerencia de la Serena 924 280519 924 761041 Consultorio de [&hellip;]<\/p>\n","protected":false},"author":1,"featured_media":0,"parent":16,"menu_order":0,"comment_status":"closed","ping_status":"closed","template":"page-template\/page-no-slider.php","meta":{"_eb_attr":"","inline_featured_image":false},"_links":{"self":[{"href":"https:\/\/saludextremadura.ses.es\/areasaluddonbenito\/wp-json\/wp\/v2\/pages\/516"}],"collection":[{"href":"https:\/\/saludextremadura.ses.es\/areasaluddonbenito\/wp-json\/wp\/v2\/pages"}],"about":[{"href":"https:\/\/saludextremadura.ses.es\/areasaluddonbenito\/wp-json\/wp\/v2\/types\/page"}],"author":[{"embeddable":true,"href":"https:\/\/saludextremadura.ses.es\/areasaluddonbenito\/wp-json\/wp\/v2\/users\/1"}],"replies":[{"embeddable":true,"href":"https:\/\/saludextremadura.ses.es\/areasaluddonbenito\/wp-json\/wp\/v2\/comments?post=516"}],"version-history":[{"count":43,"href":"https:\/\/saludextremadura.ses.es\/areasaluddonbenito\/wp-json\/wp\/v2\/pages\/516\/revisions"}],"predecessor-version":[{"id":2995,"href":"https:\/\/saludextremadura.ses.es\/areasaluddonbenito\/wp-json\/wp\/v2\/pages\/516\/revisions\/2995"}],"up":[{"embeddable":true,"href":"https:\/\/saludextremadura.ses.es\/areasaluddonbenito\/wp-json\/wp\/v2\/pages\/16"}],"wp:attachment":[{"href":"https:\/\/saludextremadura.ses.es\/areasaluddonbenito\/wp-json\/wp\/v2\/media?parent=516"}],"curies":[{"name":"wp","href":"https:\/\/api.w.org\/{rel}","templated":true}]}}