{"id":514,"date":"2022-06-27T08:50:37","date_gmt":"2022-06-27T06:50:37","guid":{"rendered":"https:\/\/saludextremadura.ses.es\/areasaluddonbenito\/?page_id=514"},"modified":"2022-12-13T19:22:28","modified_gmt":"2022-12-13T18:22:28","slug":"campanario","status":"publish","type":"page","link":"https:\/\/saludextremadura.ses.es\/areasaluddonbenito\/atencion-primaria\/campanario\/","title":{"rendered":"Campanario"},"content":{"rendered":"<nav class=\"is-content-justification-center is-layout-flex wp-container-2 is-responsive items-justified-center menu-atencion-primaria wp-block-navigation\" aria-label=\"Men\u00fa Atenci\u00f3n Primaria\"><button aria-haspopup=\"true\" aria-label=\"Abrir el men\u00fa\" class=\"wp-block-navigation__responsive-container-open \" data-micromodal-trigger=\"modal-1\"><svg width=\"24\" height=\"24\" xmlns=\"http:\/\/www.w3.org\/2000\/svg\" viewBox=\"0 0 24 24\" aria-hidden=\"true\" focusable=\"false\"><rect x=\"4\" y=\"7.5\" width=\"16\" height=\"1.5\" \/><rect x=\"4\" y=\"15\" width=\"16\" height=\"1.5\" \/><\/svg><\/button>\n\t\t\t<div class=\"wp-block-navigation__responsive-container  \" style=\"\" id=\"modal-1\">\n\t\t\t\t<div class=\"wp-block-navigation__responsive-close\" tabindex=\"-1\" data-micromodal-close>\n\t\t\t\t\t<div class=\"wp-block-navigation__responsive-dialog\" aria-label=\"Men\u00fa\">\n\t\t\t\t\t\t\t<button aria-label=\"Cerrar el men\u00fa\" data-micromodal-close class=\"wp-block-navigation__responsive-container-close\"><svg xmlns=\"http:\/\/www.w3.org\/2000\/svg\" viewBox=\"0 0 24 24\" width=\"24\" height=\"24\" aria-hidden=\"true\" focusable=\"false\"><path d=\"M13 11.8l6.1-6.3-1-1-6.1 6.2-6.1-6.2-1 1 6.1 6.3-6.5 6.7 1 1 6.5-6.6 6.5 6.6 1-1z\"><\/path><\/svg><\/button>\n\t\t\t\t\t\t<div class=\"wp-block-navigation__responsive-container-content\" id=\"modal-1-content\">\n\t\t\t\t\t\t\t<ul class=\"wp-block-navigation__container\"><li class=\" wp-block-navigation-item wp-block-navigation-link\"><a class=\"wp-block-navigation-item__content\"  href=\"https:\/\/saludextremadura.ses.es\/areasaluddonbenito\/cabeza-de-buey\/\"><span class=\"wp-block-navigation-item__label\">Cabeza de Buey<\/span><\/a><\/li><li class=\" wp-block-navigation-item wp-block-navigation-link\"><a class=\"wp-block-navigation-item__content\"  href=\"https:\/\/saludextremadura.ses.es\/areasaluddonbenito\/campanario\/\"><span class=\"wp-block-navigation-item__label\">Campanario<\/span><\/a><\/li><li class=\" wp-block-navigation-item wp-block-navigation-link\"><a class=\"wp-block-navigation-item__content\"  href=\"https:\/\/saludextremadura.ses.es\/areasaluddonbenito\/castuera\/\"><span class=\"wp-block-navigation-item__label\">Castuera<\/span><\/a><\/li><li class=\" wp-block-navigation-item wp-block-navigation-link\"><a class=\"wp-block-navigation-item__content\"  href=\"https:\/\/saludextremadura.ses.es\/areasaluddonbenito\/don-benito-este\/\"><span class=\"wp-block-navigation-item__label\">Don Benito Este<\/span><\/a><\/li><li class=\" wp-block-navigation-item wp-block-navigation-link\"><a class=\"wp-block-navigation-item__content\"  href=\"https:\/\/saludextremadura.ses.es\/areasaluddonbenito\/don-benito-oeste\/\"><span class=\"wp-block-navigation-item__label\">Don Benito Oeste<\/span><\/a><\/li><li class=\" wp-block-navigation-item wp-block-navigation-link\"><a class=\"wp-block-navigation-item__content\"  href=\"https:\/\/saludextremadura.ses.es\/areasaluddonbenito\/herrera-del-duque\/\"><span class=\"wp-block-navigation-item__label\">Herrera del Duque<\/span><\/a><\/li><li class=\" wp-block-navigation-item wp-block-navigation-link\"><a class=\"wp-block-navigation-item__content\"  href=\"https:\/\/saludextremadura.ses.es\/areasaluddonbenito\/navalvillar-de-pela\/\"><span class=\"wp-block-navigation-item__label\">Navalvillar de Pela<\/span><\/a><\/li><li class=\" wp-block-navigation-item wp-block-navigation-link\"><a class=\"wp-block-navigation-item__content\"  href=\"https:\/\/saludextremadura.ses.es\/areasaluddonbenito\/orellana\/\"><span class=\"wp-block-navigation-item__label\">Orellana<\/span><\/a><\/li><li class=\" wp-block-navigation-item wp-block-navigation-link\"><a class=\"wp-block-navigation-item__content\"  href=\"https:\/\/saludextremadura.ses.es\/areasaluddonbenito\/santa-amalia\/\"><span class=\"wp-block-navigation-item__label\">Santa Amalia<\/span><\/a><\/li><li class=\" wp-block-navigation-item wp-block-navigation-link\"><a class=\"wp-block-navigation-item__content\"  href=\"https:\/\/saludextremadura.ses.es\/areasaluddonbenito\/siruela\/\"><span class=\"wp-block-navigation-item__label\">Siruela<\/span><\/a><\/li><li class=\" wp-block-navigation-item wp-block-navigation-link\"><a class=\"wp-block-navigation-item__content\"  href=\"https:\/\/saludextremadura.ses.es\/areasaluddonbenito\/talarrubias\/\"><span class=\"wp-block-navigation-item__label\">Talarrubias<\/span><\/a><\/li><li class=\" wp-block-navigation-item wp-block-navigation-link\"><a class=\"wp-block-navigation-item__content\"  href=\"https:\/\/saludextremadura.ses.es\/areasaluddonbenito\/villanueva-norte\/\"><span class=\"wp-block-navigation-item__label\">Villanueva Norte<\/span><\/a><\/li><li class=\" wp-block-navigation-item wp-block-navigation-link\"><a class=\"wp-block-navigation-item__content\"  href=\"https:\/\/saludextremadura.ses.es\/areasaluddonbenito\/villanueva-sur\/\"><span class=\"wp-block-navigation-item__label\">Villanueva Sur<\/span><\/a><\/li><li class=\" wp-block-navigation-item wp-block-navigation-link\"><a class=\"wp-block-navigation-item__content\"  href=\"https:\/\/saludextremadura.ses.es\/areasaluddonbenito\/zalamea-de-la-serena\/\"><span class=\"wp-block-navigation-item__label\">Zalamea de la Serena<\/span><\/a><\/li><\/ul>\n\t\t\t\t\t\t<\/div>\n\t\t\t\t\t<\/div>\n\t\t\t\t<\/div>\n\t\t\t<\/div><\/nav>\n\n<h2 class=\"wp-block-post-title\">Campanario<\/h2>\n\n\n<hr class=\"wp-block-separator has-alpha-channel-opacity linea-atencion-primaria\"\/>\n\n\n\n<div class=\"is-layout-flex wp-container-6 wp-block-columns\">\n<div class=\"is-layout-flow wp-block-column\">\n<div class=\"is-layout-flow wp-block-group\"><div class=\"wp-block-group__inner-container\">\n<figure class=\"wp-block-table\"><table><tbody><tr><td><strong>Coordinador<\/strong><\/td><td>Antonio Alonso Hern\u00e1n Trenado<\/td><\/tr><tr><td><strong>Resp. Enfermer\u00eda<\/strong><\/td><td>Juan M\u00aa Mart\u00edn Gallardo<\/td><\/tr><tr><td><strong>Tel\u00e9fono Cita Previa<\/strong><\/td><td>924 85 15 46<\/td><\/tr><tr><td><strong>Tel\u00e9fono Urgencias<\/strong><\/td><td>924 83 12 50<\/td><\/tr><tr><td><strong>Direcci\u00f3n<\/strong><\/td><td>C\/ Espronceda 3 06460<\/td><\/tr><tr><td><strong>Correo electr\u00f3nico<\/strong><\/td><td>campanario.admon@salud-juntaex.es<\/td><\/tr><\/tbody><\/table><\/figure>\n<\/div><\/div>\n<\/div>\n\n\n\n<div class=\"is-layout-flow wp-block-column\"><div class=\"wp-block-image\">\n<figure class=\"aligncenter size-full is-resized\"><img decoding=\"async\" loading=\"lazy\" src=\"https:\/\/saludextremadura.ses.es\/areasaluddonbenito\/wp-content\/uploads\/2022\/07\/image004.png\" alt=\"\" class=\"wp-image-978\" width=\"480\" height=\"361\"\/><\/figure><\/div><\/div>\n<\/div>\n\n\n\n<div class=\"is-layout-flex wp-container-8 wp-block-columns\">\n<div class=\"is-layout-flow wp-block-column\">\n<figure class=\"wp-block-table tabla-azul\"><table class=\"has-fixed-layout\"><thead><tr><th class=\"has-text-align-left\" data-align=\"left\">CONSULTORIOS<\/th><th class=\"has-text-align-center\" data-align=\"center\">TF. CITA PREVIA<\/th><th class=\"has-text-align-center\" data-align=\"center\">TF. URGENCIAS<\/th><\/tr><\/thead><tbody><tr><td class=\"has-text-align-left\" data-align=\"left\">C. SALUD CAMPANARIO<\/td><td class=\"has-text-align-center\" data-align=\"center\">924 851 546<\/td><td class=\"has-text-align-center\" data-align=\"center\">924 831 250<\/td><\/tr><tr><td class=\"has-text-align-left\" data-align=\"left\">Consultorio Quintana de la Serena<\/td><td class=\"has-text-align-center\" data-align=\"center\">924 786 550<\/td><td class=\"has-text-align-center\" data-align=\"center\">924 777 826<\/td><\/tr><tr><td class=\"has-text-align-left\" data-align=\"left\">Consultorio La Guarda<\/td><td class=\"has-text-align-center\" data-align=\"center\">924 786 550<\/td><td class=\"has-text-align-center\" data-align=\"center\">924 777 826<\/td><\/tr><\/tbody><\/table><\/figure>\n<\/div>\n<\/div>\n\n\n<div >\n                    <div class=\" plethoraplugins-accordion plethoraplugins-theme__minimal \"   >\n                        <div>\n                            \n<div id=\"mdicos\" class=\"pds-accordion__item pds-js-accordion-item pds-no-js\" data-initially-open=\"false\" data-click-to-close=\"true\" data-auto-close=\"true\" data-scroll=\"false\" data-scroll-offset=\"0\">\n                    <h3 id=\"at-mdicos\" class=\"pds-accordion__title pds-js-accordion-controller\" role=\"button\">M\u00e9dicos<span class=\"pds-accordion__icon\" role=\"presentation\" aria-hidden=\"true\"><svg xmlns=\"http:\/\/www.w3.org\/2000\/svg\" viewBox=\"0 0 12 7.4099998\" width=\".75rem\" height=\".75rem\"><path d=\"M12 1.41 10.59 0 6 4.58 1.41 0 0 1.41l6 6z\" fill=\"currentColor\"\/><\/svg><\/span><\/h3>\n                    <div id=\"ac-mdicos\" class=\"pds-accordion__content\">\n                        \n\n<p><\/p>\n\n\n\n<figure class=\"wp-block-table is-style-stripes\"><table class=\"has-fixed-layout\"><thead><tr><th>M\u00c9DICOS<\/th><th>ATS-DUE<\/th><th>LOCALIDAD<\/th><th>POBLACI\u00d3N<\/th><\/tr><\/thead><tbody><tr><td>M\u00aa Jos\u00e9 G\u00f3mez Barquero<\/td><td>M\u00aa Carmen Garc\u00eda del R\u00edo<\/td><td>Campanario<\/td><td>1143<\/td><\/tr><tr><td>Pelayo \u00c1lvarez Gonz\u00e1lez<\/td><td>Diego Gonz\u00e1lez Fern\u00e1ndez<\/td><td>Campanario<\/td><td>923<\/td><\/tr><tr><td>Juan Domingo G\u00e1lvez S\u00e1nchez<\/td><td>Modesta Garc\u00eda Le\u00f3n<\/td><td>Quintana<\/td><td>1440<\/td><\/tr><tr><td>Javier Alejandro Carmona<\/td><td>Celedonia Pajuelo Cruces \u2013 Luc\u00eda S\u00e1nchez<\/td><td>Quintana<\/td><td>1175<\/td><\/tr><tr><td>Guadalupe Arias Cerrato<\/td><td>Juana Moreno Rivera<\/td><td>Campanario<\/td><td>1043<\/td><\/tr><tr><td>M\u00aa Rosario Dom\u00ednguez Mac\u00edas<\/td><td>Juan M\u00aa Mart\u00edn Gallardo<\/td><td>Campanario<\/td><td>854<\/td><\/tr><tr><td>Luis Garc\u00eda-Bobia Fern\u00e1ndez<\/td><td>Encarnaci\u00f3n D\u00e1vila Delgado<\/td><td>Quintana<\/td><td>1364<\/td><\/tr><tr><td>Jos\u00e9 Gerardo G\u00f3mez Mart\u00edn (pediatra)<\/td><td>Teresa Pajuelo Mangas<\/td><td>Campanario<\/td><td>948<\/td><\/tr><\/tbody><\/table><\/figure>\n\n\n\n<p><br><\/p>\n\n\n\n<div class=\"is-layout-flex wp-container-11 wp-block-columns\">\n<div class=\"is-layout-flow wp-block-column\">\n<h2 class=\"has-black-color has-text-color has-medium-font-size\"><strong>M\u00c9DICOS DE ATENCI\u00d3N CONTINUADA<\/strong><\/h2>\n\n\n\n<p>Feliberto Gonz\u00e1lez Lu\u00eds <br>Maizania Nuria Mateos <br>Melina Alies Fuentes<\/p>\n<\/div>\n\n\n\n<div class=\"is-layout-flow wp-block-column\">\n<h2 class=\"has-black-color has-text-color has-medium-font-size\"><strong>ENFERMEROS DE ATENCI\u00d3N CONTINUADA<\/strong><\/h2>\n\n\n\n<p>Marta Hern\u00e1ndez Pascual <br>Yolanda Garc\u00eda Gonz\u00e1lez <br>Feliciana Carmona <br>Carmona Encarnaci\u00f3n Balsera<\/p>\n<\/div>\n<\/div>\n\n\n\n<p><\/p>\n\n\n                    <\/div>\n                <\/div>\n\n<div id=\"otros_servicios\" class=\"pds-accordion__item pds-js-accordion-item pds-no-js\" data-initially-open=\"false\" data-click-to-close=\"true\" data-auto-close=\"true\" data-scroll=\"false\" data-scroll-offset=\"0\">\n                    <h3 id=\"at-otros_servicios\" class=\"pds-accordion__title pds-js-accordion-controller\" role=\"button\">Otros Servicios<span class=\"pds-accordion__icon\" role=\"presentation\" aria-hidden=\"true\"><svg xmlns=\"http:\/\/www.w3.org\/2000\/svg\" viewBox=\"0 0 12 7.4099998\" width=\".75rem\" height=\".75rem\"><path d=\"M12 1.41 10.59 0 6 4.58 1.41 0 0 1.41l6 6z\" fill=\"currentColor\"\/><\/svg><\/span><\/h3>\n                    <div id=\"ac-otros_servicios\" class=\"pds-accordion__content\">\n                        \n\n<figure class=\"wp-block-table is-style-stripes\"><table class=\"has-fixed-layout\"><thead><tr><th>SERVICIOS<\/th><th>RESPONSABLE<\/th><th>OBSERVACIONES<\/th><\/tr><\/thead><tbody><tr><td><strong>VETERINARIO<\/strong><\/td><td>Antonio A. Hern\u00e1n Trenado<\/td><td>&nbsp;<\/td><\/tr><tr><td><strong>FARMAC\u00c9UTICO<\/strong><\/td><td>Eva M\u00aa Lavado Parejo<\/td><td>&nbsp;<\/td><\/tr><tr><td><strong>TRABAJADOR SOCIAL<\/strong><\/td><td>M\u00aa Antonia Florez Rivera mi\u00e9rcoles y viernes<\/td><td>&nbsp;<\/td><\/tr><tr><td><strong>ODONT\u00d3LOGO<\/strong><\/td><td>Julia P\u00e9rez Barquero<\/td><td>Lunes y Martes<\/td><\/tr><tr><td><strong>HIGIENISTA DENTAL<\/strong><\/td><td>Esther Cavacasillas<\/td><td>&nbsp;<\/td><\/tr><tr><td><strong>MATRONA<\/strong><\/td><td>M\u00aa Petra Mart\u00edn-Romo Capilla:&nbsp; Mi\u00e9rcoles y viernes<\/td><td>&nbsp;<\/td><\/tr><tr><td><strong>FISIOTERAPEUTA<\/strong><\/td><td>Estefan\u00eda Elices Elena<\/td><td>Todos los d\u00edas de 11,30 a 15 h. en Campanario; de 8 a 11 en Quintana<\/td><\/tr><tr><td><strong>AUXILIARES ADMINISTRATIVOS<\/strong><\/td><td>Teresa Mart\u00edn Gallardo y Magdalena Trenado Gallardo<\/td><td>&nbsp;<\/td><\/tr><tr><td><strong>AUXILIAR ENFERMER\u00cdA<\/strong><\/td><td>M\u00aa Carmen Ca\u00f1as Solano \/ vacante (Aux. Fisio) y M\u00aa Jos\u00e9 Ocampo Ponce<\/td><td>&nbsp;<\/td><\/tr><tr><td><strong>CELADOR<\/strong><\/td><td>Rafael P\u00e9rez Fuentes y Francisco G\u00e1lvez D\u00edaz<\/td><td>&nbsp;<\/td><\/tr><tr><td><strong>CONSULTORIOS<\/strong><\/td><td>Quintana de la Serena<\/td><td>924 786 550 <br>924 777 826<\/td><\/tr><tr><td>&nbsp;<\/td><\/tr><tr><td><strong>AYUNTAMIENTO<\/strong><\/td><td>Plaza de Espa\u00f1a, 1<\/td><td>924 831127 <br>Fax 924 83 11 01<\/td><\/tr><tr><td><strong>SALUD MENTAL<\/strong><\/td><td>Depende de la Unidad de Salud Mental de Villanueva<\/td><td>&nbsp;<\/td><\/tr><\/tbody><\/table><\/figure>\n\n\n\n<p><\/p>\n\n\n                    <\/div>\n                <\/div>\n\n<div id=\"responsables_de_reas_especficas\" class=\"pds-accordion__item pds-js-accordion-item pds-no-js\" data-initially-open=\"false\" data-click-to-close=\"true\" data-auto-close=\"true\" data-scroll=\"false\" data-scroll-offset=\"0\">\n                    <h3 id=\"at-responsables_de_reas_especficas\" class=\"pds-accordion__title pds-js-accordion-controller\" role=\"button\">Responsables de \u00c1reas espec\u00edficas<span class=\"pds-accordion__icon\" role=\"presentation\" aria-hidden=\"true\"><svg xmlns=\"http:\/\/www.w3.org\/2000\/svg\" viewBox=\"0 0 12 7.4099998\" width=\".75rem\" height=\".75rem\"><path d=\"M12 1.41 10.59 0 6 4.58 1.41 0 0 1.41l6 6z\" fill=\"currentColor\"\/><\/svg><\/span><\/h3>\n                    <div id=\"ac-responsables_de_reas_especficas\" class=\"pds-accordion__content\">\n                        \n\n<figure class=\"wp-block-table is-style-stripes\"><table class=\"has-fixed-layout\"><tbody><tr><td><strong>Formaci\u00f3n<\/strong><\/td><td>Rosario Dom\u00ednguez Mac\u00edas<\/td><\/tr><tr><td><strong>Salud Mental<\/strong><\/td><td>M\u00aa Jos\u00e9 G\u00f3mez Barquero<\/td><\/tr><tr><td><strong>Digestivo<\/strong><\/td><td>Rosario Dom\u00ednguez Mac\u00edas<\/td><\/tr><tr><td><strong>Gesti\u00f3n de residuos<\/strong><\/td><td>M\u00aa Jos\u00e9 Ocampo Ponce<\/td><\/tr><tr><td><strong>Incapacidad Temporal<\/strong><\/td><td>M\u00aa Jos\u00e9 G\u00f3mez Barquero<\/td><\/tr><tr><td><strong>Formador en I.T.<\/strong><\/td><td>M\u00aa Jos\u00e9 G\u00f3mez Barquero<\/td><\/tr><tr><td><strong>Jara<\/strong><\/td><td>Rosario Dom\u00ednguez Mac\u00edas y Juan M\u00aa Mart\u00edn Gallardo<\/td><\/tr><tr><td><strong>Cartera de Servicios<\/strong><\/td><td>Antonio Hern\u00e1n Trenado<\/td><\/tr><tr><td><strong>Atenci\u00f3n Continuada<\/strong><\/td><td>Antonio Hern\u00e1n Trenado y Juan M\u00aa Mart\u00edn Gallardo<\/td><\/tr><tr><td><strong>Biblioteca<\/strong><\/td><td>Rosario Dom\u00ednguez Mac\u00edas<\/td><\/tr><tr><td><strong>Botiqu\u00edn<\/strong><\/td><td>Eva M\u00aa Lavado<\/td><\/tr><tr><td><strong>Calidad<\/strong><\/td><td>Antonio Hern\u00e1n Trenado y Juan M\u00aa Mart\u00edn Gallardo<\/td><\/tr><tr><td><strong>Cirug\u00eda Menor<\/strong><\/td><td>Juan M\u00aa Mart\u00edn Gallardo<\/td><\/tr><tr><td><strong>Educaci\u00f3n para la Salud<\/strong><\/td><td>M\u00aa Jos\u00e9 G\u00f3mez Barquero<\/td><\/tr><tr><td><strong>Salud Escolar<\/strong><\/td><td>M\u00aa Jos\u00e9 G\u00f3mez Barquero<\/td><\/tr><tr><td><strong>Salud P\u00fablica<\/strong><\/td><td>Antonio Hern\u00e1n Trenado<\/td><\/tr><tr><td><strong>Comunicaci\u00f3n Interna<\/strong><\/td><td>Magdalena Trenado Gallardo y Teresa Mart\u00edn Gallardo<\/td><\/tr><tr><td><strong>Ecograf\u00edas<\/strong><\/td><td>Rosario Dom\u00ednguez Mac\u00edas<\/td><\/tr><tr><td><strong>Vacunas<\/strong><\/td><td>Eva M\u00aa Lavado \/ Teresa Pajuelo Mangas<\/td><\/tr><tr><td><strong>Almac\u00e9n<\/strong><\/td><td>M\u00aa Jos\u00e9 Ocampo Ponce<\/td><\/tr><tr><td><strong>Salud laboral<\/strong><\/td><td>Antonio Hern\u00e1n Trenado \/ Lu\u00eds G\u00aa-Bobia Fern\u00e1ndez<\/td><\/tr><tr><td><strong>TAO<\/strong><\/td><td>Diego Gonz\u00e1lez Fern\u00e1ndez<\/td><\/tr><tr><td><strong>PIDEX<\/strong><\/td><td>M\u00aa Antonia Flores Rivera \/ M\u00aa Carmen G\u00aa del R\u00edo<\/td><\/tr><tr><td><strong>Atenci\u00f3n directa<\/strong><\/td><td>Coordinador del Centro<\/td><\/tr><tr><td><strong>Docencia e investigaci\u00f3n<\/strong><\/td><td>Rosario Dom\u00ednguez Mac\u00edas<\/td><\/tr><\/tbody><\/table><\/figure>\n\n\n\n<p><\/p>\n\n\n                    <\/div>\n                <\/div>\n\n                        <\/div>\n                    <\/div>\n            <\/div>","protected":false},"excerpt":{"rendered":"<p>Coordinador Antonio Alonso Hern\u00e1n Trenado Resp. Enfermer\u00eda Juan M\u00aa Mart\u00edn Gallardo Tel\u00e9fono Cita Previa 924 85 15 46 Tel\u00e9fono Urgencias 924 83 12 50 Direcci\u00f3n C\/ Espronceda 3 06460 Correo electr\u00f3nico campanario.admon@salud-juntaex.es CONSULTORIOS TF. CITA PREVIA TF. URGENCIAS C. SALUD CAMPANARIO 924 851 546 924 831 250 Consultorio Quintana de la Serena 924 786 550 [&hellip;]<\/p>\n","protected":false},"author":1,"featured_media":0,"parent":16,"menu_order":0,"comment_status":"closed","ping_status":"closed","template":"page-template\/page-no-slider.php","meta":{"_eb_attr":"","inline_featured_image":false},"_links":{"self":[{"href":"https:\/\/saludextremadura.ses.es\/areasaluddonbenito\/wp-json\/wp\/v2\/pages\/514"}],"collection":[{"href":"https:\/\/saludextremadura.ses.es\/areasaluddonbenito\/wp-json\/wp\/v2\/pages"}],"about":[{"href":"https:\/\/saludextremadura.ses.es\/areasaluddonbenito\/wp-json\/wp\/v2\/types\/page"}],"author":[{"embeddable":true,"href":"https:\/\/saludextremadura.ses.es\/areasaluddonbenito\/wp-json\/wp\/v2\/users\/1"}],"replies":[{"embeddable":true,"href":"https:\/\/saludextremadura.ses.es\/areasaluddonbenito\/wp-json\/wp\/v2\/comments?post=514"}],"version-history":[{"count":25,"href":"https:\/\/saludextremadura.ses.es\/areasaluddonbenito\/wp-json\/wp\/v2\/pages\/514\/revisions"}],"predecessor-version":[{"id":2997,"href":"https:\/\/saludextremadura.ses.es\/areasaluddonbenito\/wp-json\/wp\/v2\/pages\/514\/revisions\/2997"}],"up":[{"embeddable":true,"href":"https:\/\/saludextremadura.ses.es\/areasaluddonbenito\/wp-json\/wp\/v2\/pages\/16"}],"wp:attachment":[{"href":"https:\/\/saludextremadura.ses.es\/areasaluddonbenito\/wp-json\/wp\/v2\/media?parent=514"}],"curies":[{"name":"wp","href":"https:\/\/api.w.org\/{rel}","templated":true}]}}