{"id":503,"date":"2022-06-24T12:47:05","date_gmt":"2022-06-24T10:47:05","guid":{"rendered":"https:\/\/saludextremadura.ses.es\/areasaluddonbenito\/?page_id=503"},"modified":"2022-12-13T19:23:38","modified_gmt":"2022-12-13T18:23:38","slug":"cabeza-de-buey","status":"publish","type":"page","link":"https:\/\/saludextremadura.ses.es\/areasaluddonbenito\/atencion-primaria\/cabeza-de-buey\/","title":{"rendered":"Cabeza de Buey"},"content":{"rendered":"<nav class=\"is-content-justification-center is-layout-flex wp-container-2 is-responsive items-justified-center menu-atencion-primaria wp-block-navigation\" aria-label=\"Men\u00fa Atenci\u00f3n Primaria\"><button aria-haspopup=\"true\" aria-label=\"Abrir el men\u00fa\" class=\"wp-block-navigation__responsive-container-open \" data-micromodal-trigger=\"modal-1\"><svg width=\"24\" height=\"24\" xmlns=\"http:\/\/www.w3.org\/2000\/svg\" viewBox=\"0 0 24 24\" aria-hidden=\"true\" focusable=\"false\"><rect x=\"4\" y=\"7.5\" width=\"16\" height=\"1.5\" \/><rect x=\"4\" y=\"15\" width=\"16\" height=\"1.5\" \/><\/svg><\/button>\n\t\t\t<div class=\"wp-block-navigation__responsive-container  \" style=\"\" id=\"modal-1\">\n\t\t\t\t<div class=\"wp-block-navigation__responsive-close\" tabindex=\"-1\" data-micromodal-close>\n\t\t\t\t\t<div class=\"wp-block-navigation__responsive-dialog\" aria-label=\"Men\u00fa\">\n\t\t\t\t\t\t\t<button aria-label=\"Cerrar el men\u00fa\" data-micromodal-close class=\"wp-block-navigation__responsive-container-close\"><svg xmlns=\"http:\/\/www.w3.org\/2000\/svg\" viewBox=\"0 0 24 24\" width=\"24\" height=\"24\" aria-hidden=\"true\" focusable=\"false\"><path d=\"M13 11.8l6.1-6.3-1-1-6.1 6.2-6.1-6.2-1 1 6.1 6.3-6.5 6.7 1 1 6.5-6.6 6.5 6.6 1-1z\"><\/path><\/svg><\/button>\n\t\t\t\t\t\t<div class=\"wp-block-navigation__responsive-container-content\" id=\"modal-1-content\">\n\t\t\t\t\t\t\t<ul class=\"wp-block-navigation__container\"><li class=\" wp-block-navigation-item wp-block-navigation-link\"><a class=\"wp-block-navigation-item__content\"  href=\"https:\/\/saludextremadura.ses.es\/areasaluddonbenito\/cabeza-de-buey\/\"><span class=\"wp-block-navigation-item__label\">Cabeza de Buey<\/span><\/a><\/li><li class=\" wp-block-navigation-item wp-block-navigation-link\"><a class=\"wp-block-navigation-item__content\"  href=\"https:\/\/saludextremadura.ses.es\/areasaluddonbenito\/campanario\/\"><span class=\"wp-block-navigation-item__label\">Campanario<\/span><\/a><\/li><li class=\" wp-block-navigation-item wp-block-navigation-link\"><a class=\"wp-block-navigation-item__content\"  href=\"https:\/\/saludextremadura.ses.es\/areasaluddonbenito\/castuera\/\"><span class=\"wp-block-navigation-item__label\">Castuera<\/span><\/a><\/li><li class=\" wp-block-navigation-item wp-block-navigation-link\"><a class=\"wp-block-navigation-item__content\"  href=\"https:\/\/saludextremadura.ses.es\/areasaluddonbenito\/don-benito-este\/\"><span class=\"wp-block-navigation-item__label\">Don Benito Este<\/span><\/a><\/li><li class=\" wp-block-navigation-item wp-block-navigation-link\"><a class=\"wp-block-navigation-item__content\"  href=\"https:\/\/saludextremadura.ses.es\/areasaluddonbenito\/don-benito-oeste\/\"><span class=\"wp-block-navigation-item__label\">Don Benito Oeste<\/span><\/a><\/li><li class=\" wp-block-navigation-item wp-block-navigation-link\"><a class=\"wp-block-navigation-item__content\"  href=\"https:\/\/saludextremadura.ses.es\/areasaluddonbenito\/herrera-del-duque\/\"><span class=\"wp-block-navigation-item__label\">Herrera del Duque<\/span><\/a><\/li><li class=\" wp-block-navigation-item wp-block-navigation-link\"><a class=\"wp-block-navigation-item__content\"  href=\"https:\/\/saludextremadura.ses.es\/areasaluddonbenito\/navalvillar-de-pela\/\"><span class=\"wp-block-navigation-item__label\">Navalvillar de Pela<\/span><\/a><\/li><li class=\" wp-block-navigation-item wp-block-navigation-link\"><a class=\"wp-block-navigation-item__content\"  href=\"https:\/\/saludextremadura.ses.es\/areasaluddonbenito\/orellana\/\"><span class=\"wp-block-navigation-item__label\">Orellana<\/span><\/a><\/li><li class=\" wp-block-navigation-item wp-block-navigation-link\"><a class=\"wp-block-navigation-item__content\"  href=\"https:\/\/saludextremadura.ses.es\/areasaluddonbenito\/santa-amalia\/\"><span class=\"wp-block-navigation-item__label\">Santa Amalia<\/span><\/a><\/li><li class=\" wp-block-navigation-item wp-block-navigation-link\"><a class=\"wp-block-navigation-item__content\"  href=\"https:\/\/saludextremadura.ses.es\/areasaluddonbenito\/siruela\/\"><span class=\"wp-block-navigation-item__label\">Siruela<\/span><\/a><\/li><li class=\" wp-block-navigation-item wp-block-navigation-link\"><a class=\"wp-block-navigation-item__content\"  href=\"https:\/\/saludextremadura.ses.es\/areasaluddonbenito\/talarrubias\/\"><span class=\"wp-block-navigation-item__label\">Talarrubias<\/span><\/a><\/li><li class=\" wp-block-navigation-item wp-block-navigation-link\"><a class=\"wp-block-navigation-item__content\"  href=\"https:\/\/saludextremadura.ses.es\/areasaluddonbenito\/villanueva-norte\/\"><span class=\"wp-block-navigation-item__label\">Villanueva Norte<\/span><\/a><\/li><li class=\" wp-block-navigation-item wp-block-navigation-link\"><a class=\"wp-block-navigation-item__content\"  href=\"https:\/\/saludextremadura.ses.es\/areasaluddonbenito\/villanueva-sur\/\"><span class=\"wp-block-navigation-item__label\">Villanueva Sur<\/span><\/a><\/li><li class=\" wp-block-navigation-item wp-block-navigation-link\"><a class=\"wp-block-navigation-item__content\"  href=\"https:\/\/saludextremadura.ses.es\/areasaluddonbenito\/zalamea-de-la-serena\/\"><span class=\"wp-block-navigation-item__label\">Zalamea de la Serena<\/span><\/a><\/li><\/ul>\n\t\t\t\t\t\t<\/div>\n\t\t\t\t\t<\/div>\n\t\t\t\t<\/div>\n\t\t\t<\/div><\/nav>\n\n\n<p><\/p>\n\n\n<h2 class=\"titulo-pagina wp-block-post-title\">Cabeza de Buey<\/h2>\n\n\n<hr class=\"wp-block-separator has-alpha-channel-opacity linea-atencion-primaria\"\/>\n\n\n\n<div class=\"is-layout-flex wp-container-5 wp-block-columns\">\n<div class=\"is-layout-flow wp-block-column\">\n<figure class=\"wp-block-table\"><table><tbody><tr><td><strong>Coordinador<\/strong><\/td><td>Guadalupe Romero Tena<\/td><\/tr><tr><td><strong>Resp. Enfermer\u00eda<\/strong><\/td><td>M\u00aa Luisa Risco Mart\u00edn<\/td><\/tr><tr><td><strong>Tel\u00e9fono Cita Previa<\/strong><\/td><td>924 601 186<\/td><\/tr><tr><td><strong>Tel\u00e9fono Urgencias<\/strong><\/td><td>924 600 992<\/td><\/tr><tr><td><strong>Direcci\u00f3n<\/strong><\/td><td>Ntra. Sra. Bel\u00e9n s\/n 06600<\/td><\/tr><tr><td><strong>Correo electr\u00f3nico<\/strong><\/td><td>cabezadelbuey.admon@salud-juntaex.es<\/td><\/tr><\/tbody><\/table><\/figure>\n<\/div>\n\n\n\n<div class=\"is-layout-flow wp-block-column\"><div class=\"wp-block-image\">\n<figure class=\"aligncenter size-large\"><img decoding=\"async\" loading=\"lazy\" width=\"543\" height=\"329\" src=\"https:\/\/saludextremadura.ses.es\/areasaluddonbenito\/wp-content\/uploads\/2022\/06\/Rectangle-43.svg\" alt=\"\" class=\"wp-image-637\"\/><\/figure><\/div><\/div>\n<\/div>\n\n\n\n<div class=\"is-layout-flex wp-container-7 wp-block-columns\">\n<div class=\"is-layout-flow wp-block-column\">\n<figure class=\"wp-block-table tabla-azul\"><table class=\"has-fixed-layout\"><thead><tr><th class=\"has-text-align-left\" data-align=\"left\">CONSULTORIOS<\/th><th class=\"has-text-align-center\" data-align=\"center\">TF. CITA PREVIA<\/th><th class=\"has-text-align-center\" data-align=\"center\">TF. URGENCIAS<\/th><\/tr><\/thead><tbody><tr><td class=\"has-text-align-left\" data-align=\"left\">Almorch\u00f3n<\/td><td class=\"has-text-align-center\" data-align=\"center\">924 601 186<\/td><td class=\"has-text-align-center\" data-align=\"center\">924 600 992<\/td><\/tr><tr><td class=\"has-text-align-left\" data-align=\"left\">Capilla<\/td><td class=\"has-text-align-center\" data-align=\"center\">924 614 400<\/td><td class=\"has-text-align-center\" data-align=\"center\">924 600 992<\/td><\/tr><tr><td class=\"has-text-align-left\" data-align=\"left\">Pe\u00f1alsordo<\/td><td class=\"has-text-align-center\" data-align=\"center\">924 280 477<\/td><td class=\"has-text-align-center\" data-align=\"center\">924 600 992<\/td><\/tr><tr><td class=\"has-text-align-left\" data-align=\"left\">Zarza Capilla Nueva<\/td><td class=\"has-text-align-center\" data-align=\"center\">924 280 483<\/td><td class=\"has-text-align-center\" data-align=\"center\">924 600 992<\/td><\/tr><tr><td class=\"has-text-align-left\" data-align=\"left\">Zarza Capillar Vieja<\/td><td class=\"has-text-align-center\" data-align=\"center\">924 280 481<\/td><td class=\"has-text-align-center\" data-align=\"center\">924 600 992<\/td><\/tr><\/tbody><\/table><\/figure>\n<\/div>\n<\/div>\n\n\n<div >\n                    <div class=\" plethoraplugins-accordion plethoraplugins-theme__minimal \"   >\n                        <div>\n                            \n<div id=\"mdicos\" class=\"pds-accordion__item pds-js-accordion-item pds-no-js\" data-initially-open=\"false\" data-click-to-close=\"true\" data-auto-close=\"true\" data-scroll=\"false\" data-scroll-offset=\"0\">\n                    <h3 id=\"at-mdicos\" class=\"pds-accordion__title pds-js-accordion-controller\" role=\"button\">M\u00e9dicos<span class=\"pds-accordion__icon\" role=\"presentation\" aria-hidden=\"true\"><svg xmlns=\"http:\/\/www.w3.org\/2000\/svg\" viewBox=\"0 0 12 7.4099998\" width=\".75rem\" height=\".75rem\"><path d=\"M12 1.41 10.59 0 6 4.58 1.41 0 0 1.41l6 6z\" fill=\"currentColor\"\/><\/svg><\/span><\/h3>\n                    <div id=\"ac-mdicos\" class=\"pds-accordion__content\">\n                        \n\n<p><\/p>\n\n\n\n<figure class=\"wp-block-table is-style-stripes\"><table class=\"has-fixed-layout\"><thead><tr><th>M\u00c9DICOS<\/th><th>ATS-DUE<\/th><th>LOCALIDAD<\/th><th>POBLACI\u00d3N<\/th><\/tr><\/thead><tbody><tr><td>Silvia de la Villa Fern\u00e1ndez<\/td><td>Rosario S\u00e1nchez Izquierdo<\/td><td>Cabeza-Almorch\u00f3n<\/td><td>864<\/td><\/tr><tr><td>Felipe A. Rodr\u00edguez Valverde<\/td><td>Mariano Mart\u00edn D. Mart\u00edn Moyano<\/td><td>Cabeza del Buey<\/td><td>1277<\/td><\/tr><tr><td>Concepci\u00f3n Soto S\u00e1nchez&nbsp;<\/td><td>Mar\u00eda Luisa Risco Mart\u00edn<\/td><td>Cabeza del Buey<\/td><td>934<\/td><\/tr><tr><td>Elisa Ledesma Serrano<\/td><td>M\u00aa \u00c1ngeles Castro Calder\u00f3n<\/td><td>Cabeza del Buey<\/td><td>960<\/td><\/tr><tr><td>M\u00aa Jos\u00e9 Mateos Dom\u00ednguez<\/td><td>Isabel Zarcero Monterroso<\/td><td>Pe\u00f1alsordo-Capilla<\/td><td>485<\/td><\/tr><tr><td>Guadalupe Romero Tena<\/td><td>Josefa Fern\u00e1ndez Tena<\/td><td>Pe\u00f1alsordo-Capilla<\/td><td>489<\/td><\/tr><tr><td>M\u00aa Jos\u00e9 Rodr\u00edguez Gal\u00e1n<\/td><td>M\u00aa Carmen Delgado Anguas<\/td><td>Zarza Capilla<\/td><td>294<\/td><\/tr><tr><td>Isabel Moreno S\u00e1nchez (pediatra)<\/td><td>Luc\u00eda Vilaplana Arias<\/td><td>Cabeza del Buey<\/td><td>447<\/td><\/tr><\/tbody><\/table><\/figure>\n\n\n\n<p><br><\/p>\n\n\n\n<div class=\"is-layout-flex wp-container-10 wp-block-columns\">\n<div class=\"is-layout-flow wp-block-column\">\n<h2 class=\"has-black-color has-text-color has-medium-font-size\"><strong>M\u00c9DICOS DE ATENCI\u00d3N CONTINUADA<\/strong><\/h2>\n\n\n\n<p>Carmen G\u00f3mez G\u00e1mez<br>Manuel Iglesias Rodr\u00edguez<br>Enrique del Valle Hidalgo Wefer<\/p>\n<\/div>\n\n\n\n<div class=\"is-layout-flow wp-block-column\">\n<h2 class=\"has-black-color has-text-color has-medium-font-size\"><strong>ENFERMEROS DE ATENCI\u00d3N CONTINUADA<\/strong><\/h2>\n\n\n\n<p>Bel\u00e9n Purificaci\u00f3n Guerra Dom\u00ednguez<br>Guadalupe Rodr\u00edguez Liviano<br>Julia Garc\u00eda Gonz\u00e1lez<\/p>\n<\/div>\n<\/div>\n\n\n\n<p><\/p>\n\n\n                    <\/div>\n                <\/div>\n\n<div id=\"otros_servicios\" class=\"pds-accordion__item pds-js-accordion-item pds-no-js\" data-initially-open=\"false\" data-click-to-close=\"true\" data-auto-close=\"true\" data-scroll=\"false\" data-scroll-offset=\"0\">\n                    <h3 id=\"at-otros_servicios\" class=\"pds-accordion__title pds-js-accordion-controller\" role=\"button\">Otros Servicios<span class=\"pds-accordion__icon\" role=\"presentation\" aria-hidden=\"true\"><svg xmlns=\"http:\/\/www.w3.org\/2000\/svg\" viewBox=\"0 0 12 7.4099998\" width=\".75rem\" height=\".75rem\"><path d=\"M12 1.41 10.59 0 6 4.58 1.41 0 0 1.41l6 6z\" fill=\"currentColor\"\/><\/svg><\/span><\/h3>\n                    <div id=\"ac-otros_servicios\" class=\"pds-accordion__content\">\n                        \n\n<figure class=\"wp-block-table is-style-stripes\"><table class=\"has-fixed-layout\"><thead><tr><th>SERVICIOS<\/th><th>RESPONSABLE<\/th><th>OBSERVACIONES<\/th><\/tr><\/thead><tbody><tr><td><strong>VETERINARIO:<\/strong><\/td><td>Jos\u00e9 Lu\u00eds Mu\u00f1oz Jar\u00e1iz<\/td><td>&nbsp;<\/td><\/tr><tr><td><strong>FARMACEUTICO:<\/strong><\/td><td>Marta Moya Flores<\/td><td>&nbsp;<\/td><\/tr><tr><td><strong>TRABAJADOR SOCIAL:<\/strong><\/td><td>Mar\u00eda Jos\u00e9 Ruiz Parejo<\/td><td>Martes y jueves<\/td><\/tr><tr><td><strong>ODONTOLOGO:<\/strong><\/td><td>Laura Casado de la Cruz<\/td><td>Martes y jueves<\/td><\/tr><tr><td><strong>HIGIENISTA DNTAL:<\/strong><\/td><td>Jos\u00e9 Javier Bermejo Tom\u00e9<\/td><td>Martes y jueves<\/td><\/tr><tr><td><strong>T.E.R.<\/strong><\/td><td>Benito Gallego Flores<\/td><td>&nbsp;Lunes, mi\u00e9rcoles y viernes<\/td><\/tr><tr><td><strong>FISIOTERAPEUTA:<\/strong><\/td><td>Ana Isabel G\u00f3mez Fern\u00e1ndez<\/td><td>Todos los d\u00edas<\/td><\/tr><tr><td><strong>MATRONA:<\/strong><\/td><td>Silvia Visitaci\u00f3n Campos Barrado<\/td><td>Lunes y martes<\/td><\/tr><tr><td><strong>CONSULTORIOS:<\/strong><\/td><td>Almorch\u00f3n<br>Pe\u00f1alsordo <br>Zarza Capilla Nueva <br>Zarza Capilla Vieja <br>Capilla<\/td><td>no tiene <br>924 280477 <br>924 280483 M\u00f3vil 660 545157 924 280481 <br>924 614400<\/td><\/tr><tr><td><strong>AUXILIAR ADMINISTRATIVO:<\/strong><\/td><td>M\u00aa Jos\u00e9 Dom\u00ednguez Moreno y Eva M\u00aa Rodr\u00edguez Sol\u00eds<\/td><td>&nbsp;<\/td><\/tr><tr><td><strong>AUXILIAR ENFERMER\u00cdA:<\/strong><\/td><td>&nbsp;Montserrat Pizarro Moyano<\/td><td>&nbsp;<\/td><\/tr><tr><td><strong>CELADORES:<\/strong><\/td><td>Jacinto S\u00e1nchez D\u00edaz y Juli\u00e1n Moreno Velasco Simancas<\/td><td>&nbsp;<\/td><\/tr><tr><td><strong>AYUNTAMIENTO:<\/strong><\/td><td>Pza. de Espa\u00f1a, 1<\/td><td>924 600009<\/td><\/tr><tr><td><strong>COF:<\/strong><\/td><td>Cada dos semanas, mi\u00e9rcoles, personal del COF de Castuera<\/td><td>&nbsp;<\/td><\/tr><tr><td><strong>SALUD MENTAL:<\/strong><\/td><td>Depende de la Unidad de Salud Mental de Don Benito<\/td><td>&nbsp;<\/td><\/tr><tr><td><strong>U.M.E.R.<\/strong><\/td><td>M\u00e9dico: Luis Miguel Flores Gallego <br>M\u00e9dico: Jos\u00e9 Domingo Pantoja D\u00edaz <br>M\u00e9dico: Marta Gil Gallego <br>M\u00e9dico: Claudia Gij\u00f3n Garc\u00eda <br>M\u00e9dico: Jos\u00e9 Antonio Morales Gabardino <br>Enfermero: M\u00aa Cruz Mart\u00edn Melgarejo <br>Enfermero: M\u00aa \u00c1ngeles Gonz\u00e1lez Pizarro <br>Enfermero: Natalia Simancas S\u00e1nchez-Ar\u00e9valo <br>Enfermero: M\u00aa Antonia Valde\u00f3n Zapata <br>Enfermero: Cristina Bravo Garc\u00eda<\/td><td>&nbsp;<\/td><\/tr><tr><td><strong>CEDEX:<\/strong><\/td><td>Pertenecen al CEDEX de Castuera<\/td><td>&nbsp;<\/td><\/tr><tr><td><strong>TELEMEDICINA:<\/strong><\/td><td>Unidad de Telemedicina funcionando<\/td><td>&nbsp;<\/td><\/tr><\/tbody><\/table><\/figure>\n\n\n\n<p><\/p>\n\n\n                    <\/div>\n                <\/div>\n\n<div id=\"responsables_de_reas_especficas\" class=\"pds-accordion__item pds-js-accordion-item pds-no-js\" data-initially-open=\"false\" data-click-to-close=\"true\" data-auto-close=\"true\" data-scroll=\"false\" data-scroll-offset=\"0\">\n                    <h3 id=\"at-responsables_de_reas_especficas\" class=\"pds-accordion__title pds-js-accordion-controller\" role=\"button\">Responsables de \u00c1reas espec\u00edficas<span class=\"pds-accordion__icon\" role=\"presentation\" aria-hidden=\"true\"><svg xmlns=\"http:\/\/www.w3.org\/2000\/svg\" viewBox=\"0 0 12 7.4099998\" width=\".75rem\" height=\".75rem\"><path d=\"M12 1.41 10.59 0 6 4.58 1.41 0 0 1.41l6 6z\" fill=\"currentColor\"\/><\/svg><\/span><\/h3>\n                    <div id=\"ac-responsables_de_reas_especficas\" class=\"pds-accordion__content\">\n                        \n\n<figure class=\"wp-block-table is-style-stripes\"><table class=\"has-fixed-layout\"><tbody><tr><td><strong>Formaci\u00f3n<\/strong><\/td><td>M\u00aa Jos\u00e9 Mateos Dom\u00ednguez \/ Mariano Mart\u00edn Doimeadios Mart\u00edn Moyano<\/td><\/tr><tr><td><strong>Salud Mental<\/strong><\/td><td>Elisa Bel\u00e9n Ledesma Serrano<\/td><\/tr><tr><td><strong>Digestivo<\/strong><\/td><td>M\u00aa de la Concepci\u00f3n Soto S\u00e1nchez<\/td><\/tr><tr><td><strong>Gesti\u00f3n de residuos<\/strong><\/td><td>Marta Moya Flores<\/td><\/tr><tr><td><strong>Incapacidad Temporal<\/strong><\/td><td>Silvia de la Villa Fern\u00e1ndez<\/td><\/tr><tr><td><strong>Formador en I.T.<\/strong><\/td><td>Silvia de la Villa Fern\u00e1ndez<\/td><\/tr><tr><td><strong>Jara<\/strong><\/td><td>Mariano Mart\u00edn Doimeadios Mart\u00edn Moyano<\/td><\/tr><tr><td><strong>Cartera de Servicios<\/strong><\/td><td>M\u00aa Jos\u00e9 Mateos Dom\u00ednguez<\/td><\/tr><tr><td><strong>Atenci\u00f3n Continuada<\/strong><\/td><td>Guadalupe Romero Tena<\/td><\/tr><tr><td><strong>Biblioteca<\/strong><\/td><td>M\u00aa Luisa Risco Mart\u00edn<\/td><\/tr><tr><td><strong>Botiqu\u00edn<\/strong><\/td><td>Marta Moya Flores<\/td><\/tr><tr><td><strong>Calidad<\/strong><\/td><td>Elisa Bel\u00e9n Ledesma Serrano<\/td><\/tr><tr><td><strong>Cirug\u00eda Menor<\/strong><\/td><td>Concepci\u00f3n Soto S\u00e1nchez<\/td><\/tr><tr><td><strong>Educaci\u00f3n para la Salud<\/strong><\/td><td>Isabel Zarcero Monterroso y Guadalupe Romero Tena<\/td><\/tr><tr><td><strong>Salud Escolar<\/strong><\/td><td>Elisa Bel\u00e9n Ledesma Serrano<\/td><\/tr><tr><td><strong>Salud P\u00fablica<\/strong><\/td><td>Jos\u00e9 Lu\u00eds Mu\u00f1oz Jara\u00edz<\/td><\/tr><tr><td><strong>Comunicaci\u00f3n Interna<\/strong><\/td><td>M\u00aa Jos\u00e9 Dom\u00ednguez Moreno<\/td><\/tr><tr><td><strong>Ecograf\u00edas<\/strong><\/td><td>Felipe A. Rodr\u00edguez Valverde<\/td><\/tr><tr><td><strong>Vacunas<\/strong><\/td><td>Marta Moya Flores \/ Luc\u00eda Vilaplana Arias<\/td><\/tr><tr><td><strong>Almac\u00e9n<\/strong><\/td><td>Marta Moya Flores<\/td><\/tr><tr><td><strong>Salud laboral<\/strong><\/td><td>Guadalupe Romero Tena<\/td><\/tr><tr><td><strong>TAO<\/strong><\/td><td>Mariano Mart\u00edn Doimeadios Mart\u00edn Moyano<\/td><\/tr><tr><td><strong>PIDEX<\/strong><\/td><td>M\u00aa Jos\u00e9 Rodr\u00edguez Gal\u00e1n<\/td><\/tr><\/tbody><\/table><\/figure>\n\n\n\n<p><\/p>\n\n\n                    <\/div>\n                <\/div>\n\n                        <\/div>\n                    <\/div>\n            <\/div>","protected":false},"excerpt":{"rendered":"<p>Coordinador Guadalupe Romero Tena Resp. Enfermer\u00eda M\u00aa Luisa Risco Mart\u00edn Tel\u00e9fono Cita Previa 924 601 186 Tel\u00e9fono Urgencias 924 600 992 Direcci\u00f3n Ntra. Sra. Bel\u00e9n s\/n 06600 Correo electr\u00f3nico cabezadelbuey.admon@salud-juntaex.es CONSULTORIOS TF. CITA PREVIA TF. URGENCIAS Almorch\u00f3n 924 601 186 924 600 992 Capilla 924 614 400 924 600 992 Pe\u00f1alsordo 924 280 477 924 [&hellip;]<\/p>\n","protected":false},"author":1,"featured_media":0,"parent":16,"menu_order":0,"comment_status":"closed","ping_status":"closed","template":"page-template\/page-no-slider.php","meta":{"_eb_attr":"","inline_featured_image":false},"_links":{"self":[{"href":"https:\/\/saludextremadura.ses.es\/areasaluddonbenito\/wp-json\/wp\/v2\/pages\/503"}],"collection":[{"href":"https:\/\/saludextremadura.ses.es\/areasaluddonbenito\/wp-json\/wp\/v2\/pages"}],"about":[{"href":"https:\/\/saludextremadura.ses.es\/areasaluddonbenito\/wp-json\/wp\/v2\/types\/page"}],"author":[{"embeddable":true,"href":"https:\/\/saludextremadura.ses.es\/areasaluddonbenito\/wp-json\/wp\/v2\/users\/1"}],"replies":[{"embeddable":true,"href":"https:\/\/saludextremadura.ses.es\/areasaluddonbenito\/wp-json\/wp\/v2\/comments?post=503"}],"version-history":[{"count":94,"href":"https:\/\/saludextremadura.ses.es\/areasaluddonbenito\/wp-json\/wp\/v2\/pages\/503\/revisions"}],"predecessor-version":[{"id":3022,"href":"https:\/\/saludextremadura.ses.es\/areasaluddonbenito\/wp-json\/wp\/v2\/pages\/503\/revisions\/3022"}],"up":[{"embeddable":true,"href":"https:\/\/saludextremadura.ses.es\/areasaluddonbenito\/wp-json\/wp\/v2\/pages\/16"}],"wp:attachment":[{"href":"https:\/\/saludextremadura.ses.es\/areasaluddonbenito\/wp-json\/wp\/v2\/media?parent=503"}],"curies":[{"name":"wp","href":"https:\/\/api.w.org\/{rel}","templated":true}]}}