{"id":50,"date":"2022-06-10T06:28:57","date_gmt":"2022-06-10T04:28:57","guid":{"rendered":"https:\/\/saludextremadura.ses.es\/areasaluddonbenito\/?page_id=50"},"modified":"2022-12-13T19:26:37","modified_gmt":"2022-12-13T18:26:37","slug":"farmacia","status":"publish","type":"page","link":"https:\/\/saludextremadura.ses.es\/areasaluddonbenito\/farmacia-2\/farmacia\/","title":{"rendered":"Farmacia de \u00c1rea"},"content":{"rendered":"<h2 class=\"titulo-pagina wp-block-post-title\">Farmacia de \u00c1rea<\/h2>\n\n\n<hr class=\"wp-block-separator has-alpha-channel-opacity linea-titulo\"\/>\n\n\n\n<p>La Farmacia de \u00c1rea responde a actividades exclusivas de Uso Racional de Medicamento, en ambos niveles asistenciales de Atenci\u00f3n Primaria y Atenci\u00f3n Especializada.<\/p>\n\n\n\n<p>Es dependiente de la Gerencia de \u00c1rea y est\u00e1 coordinada por la Subdirecci\u00f3n de Gesti\u00f3n Farmac\u00e9utica (Direcci\u00f3n Asistencial de los SSCC).<\/p>\n\n\n\n<h2 class=\"has-black-color has-text-color\"><strong>Actividades conducentes a mejorar el uso adecuado del medicamento<\/strong><\/h2>\n\n\n<div >\n        <div class=\"textoFarmacia plethoraplugins-tabs-container plethoraplugins-tabs-container--horizontal plethoraplugins-theme__minimal plethoraplugins-theme__basic \" data-plethoraplugins-theme=\"basic\"  data-plethoraplugins-responsive=\"wrap\"  >\n            <div class=\"plethoraplugins-tabs\"  >\n              <ul><li>\n                        <a \n                                href=\"#prestacin_farmacutica\"\n                                class=\" active\" \n                            >\n                            <span>PRESTACI\u00d3N FARMAC\u00c9UTICA<\/span>\n                        <\/a>\n                    <\/li><li>\n                        <a \n                                href=\"#intervenciones_farmacoteraputicas\"\n                                class=\"\" \n                            >\n                            <span>INTERVENCIONES FARMACOTERAP\u00c9UTICAS<\/span>\n                        <\/a>\n                    <\/li><li>\n                        <a \n                                href=\"#comisiones_y_grupos_de_trabajo\"\n                                class=\"\" \n                            >\n                            <span>COMISIONES y GRUPOS DE TRABAJO<\/span>\n                        <\/a>\n                    <\/li><li>\n                        <a \n                                href=\"#guias_y_protocolos\"\n                                class=\"\" \n                            >\n                            <span>GUIAS y PROTOCOLOS<\/span>\n                        <\/a>\n                    <\/li><\/ul>\n            <\/div>\n            <div class=\"plethoraplugins-tabs--content\" >\n                \n<div class=\"\"  >\n\n<p><\/p>\n\n\n\n<div class=\"is-layout-flex wp-container-3 wp-block-columns\">\n<div class=\"is-layout-flow wp-block-column\">\n<h2 class=\"has-black-color has-text-color\"><strong>Servicio de Farmacia de A.P.:<\/strong><\/h2>\n\n\n\n<p><\/p>\n\n\n\n<p><strong>Gesti\u00f3n y Control de Medicamentos en Botiquines de las Unidades de Atenci\u00f3n Primaria:<\/strong><\/p>\n\n\n\n<ul>\n<li>Gesti\u00f3n de medicamentos para los Botiquines de 14 Centros de Salud, 2 PAC, 3 CEDEX, 2 COPF, Unidad del Dolor, Salud Mental y Centro Coordinador de Urgencias 112, peri\u00f3dicamente, seg\u00fan listado de medicamentos y pacto establecido.<\/li>\n\n\n\n<li>Puntualmente se solicita y suministra medicaci\u00f3n urgente, en modalidad de pedido extraordinario para la atenci\u00f3n de situaciones excepcionales.<\/li>\n\n\n\n<li>Gesti\u00f3n de Gases Medicinales, aire y ox\u00edgeno, de los Centros de Salud y Consultorios Locales seg\u00fan petici\u00f3n semanal.<\/li>\n\n\n\n<li>Gesti\u00f3n de Cloruro m\u00f3rfico 1% en ampollas, a Centros de Salud y a M\u00e9dicos de forma individualizada del Centro de Salud.<\/li>\n\n\n\n<li>Gesti\u00f3n de Test del aliento, a los Centros de Salud, seg\u00fan demanda.<\/li>\n\n\n\n<li>Gesti\u00f3n de preparaci\u00f3n para colonoscopias.<\/li>\n<\/ul>\n\n\n\n<p><strong>Gesti\u00f3n y Control de Absorbentes de Incontinencia Urinaria (AIU) a Centros Sociosanitarios.<\/strong><\/p>\n\n\n\n<ul>\n<li>Gesti\u00f3n mensual de adquisici\u00f3n y distribuci\u00f3n de AIU.<\/li>\n\n\n\n<li>Los Centros socio sanitarios remiten el informe m\u00e9dico de las altas de pacientes con prescripci\u00f3n de absorbentes, tipo y talla de absorbente, en funci\u00f3n del grado y tipo de incontinencia. A raz\u00f3n de un m\u00e1ximo de cuatro diarios.<\/li>\n\n\n\n<li>Mensualmente se mantiene actualizado el listado de pacientes y tipo de absorbente y se realiza el pedido a los Laboratorios en concurso, a trav\u00e9s de Suministros. Adicionalmente se env\u00eda Listado de altas y bajas a la Subdirecci\u00f3n de Gesti\u00f3n Farmac\u00e9utica e Inspecci\u00f3n m\u00e9dica a efectos de visado, para no duplicar dispensaciones.<\/li>\n\n\n\n<li>Anualmente se remiten los citados listados a cada residencia para su revisi\u00f3n.<\/li>\n\n\n\n<li>Gestionamos un total de 31 Centros sociosanitarios en toda el \u00c1rea.<\/li>\n<\/ul>\n\n\n\n<p><strong>Gesti\u00f3n y Control de Medicamentos Extranjeros a pacientes ambulatorios.<\/strong><\/p>\n\n\n\n<p>Por medicamentos extranjeros, o medicamentos en situaciones especiales, se entiende aquellas especialidades farmac\u00e9uticas no autorizadas en Espa\u00f1a que est\u00e1n legalmente comercializadas en otros pa\u00edses y que mediante solicitud pertinente al Ministerio de Sanidad llegan a nuestra \u00c1rea.<br>Para ello, primeramente, elevamos la solicitud de medicamentos, previo informe-paciente, a la Agencia Espa\u00f1ola del Medicamento y Productos Sanitarios.<\/p>\n\n\n\n<p>Una vez autorizado, realizamos la recepci\u00f3n y dispensaci\u00f3n de la medicaci\u00f3n al paciente, directamente mediante atenci\u00f3n individualizada, o env\u00edo por valija al Centro de Salud para su entrega por el Farmac\u00e9utico de AP o M\u00e9dico de AP.<br>Finalmente se cierra el proceso con una labor administrativa de facturaci\u00f3n y abonos bancarios de los pacientes en cuesti\u00f3n<strong>, <\/strong>y se env\u00eda a la Subdirecci\u00f3n de Gesti\u00f3n Econ\u00f3mica y Contrataci\u00f3n Administrativa de los SSCC del SES.<\/p>\n<\/div>\n\n\n\n<div class=\"is-layout-flow wp-block-column\">\n<h2 class=\"has-black-color has-text-color\"><strong>Actividades Relacionadas con la Prestaci\u00f3n Farmac\u00e9utica:<\/strong><\/h2>\n\n\n\n<p><\/p>\n\n\n\n<ul>\n<li>Revisi\u00f3n del reparto presupuestario. En el primer trimestre del a\u00f1o se confeccionan en los Servicios Centrales los presupuestos de forma ponderada de cada \u00c1rea, y cada Gerencia asigna por Unidad Funcional, Servicio y Cias-puesto.<\/li>\n\n\n\n<li>Revisi\u00f3n de perfiles de prescripci\u00f3n, cuantitativo, cualitativo y posibilidad de ahorro potencial de Atenci\u00f3n Primaria y Atenci\u00f3n Especializada.<\/li>\n\n\n\n<li>Validaci\u00f3n en el Sistema de informaci\u00f3n sobre la prescripci\u00f3n para profesionales m\u00e9dicos: SPFAR (Seguimiento del Perfil Farmac\u00e9utico).<\/li>\n\n\n\n<li>An\u00e1lisis, seguimiento y control del Gasto farmac\u00e9utico e Indicadores de calidad de prescripci\u00f3n, remisi\u00f3n e informaci\u00f3n a Gerente, Direcciones M\u00e9dicas de Atenci\u00f3n Primaria y Especializada y Coordinadores de EAP.<\/li>\n\n\n\n<li>Elaboraci\u00f3n de Contrato de Gesti\u00f3n. Objetivos dirigidos al uso adecuado de los medicamentos para m\u00e9dicos y farmac\u00e9uticos de los E.A.P., atendiendo a las directrices de los Servicios Centrales.<\/li>\n\n\n\n<li>Control y Distribuci\u00f3n de Sellos m\u00e9dicos.Actualizaci\u00f3n mensual de los CIAs \/ Puesto de todos los facultativos m\u00e9dicos.<\/li>\n\n\n\n<li>Distribuci\u00f3n de Talonarios de Recetas m\u00e9dicas y Talonarios de Vales de psicotropos y estupefacientes.<\/li>\n<\/ul>\n<\/div>\n<\/div>\n\n<\/div>\n\n<div class=\"\"  >\n\n<ul>\n<li>Farmacovigilancia.<\/li>\n\n\n\n<li>Gesti\u00f3n de Alertas y Notas informativas de la AEM y PS, protocolizado mediante el ProNoSeM: Programa de Notas de seguridad de Medicamentos.<\/li>\n\n\n\n<li>Intervenciones espec\u00edficas sobre medicamento o grupo terap\u00e9utico.<\/li>\n\n\n\n<li>Estudio de pacientes: Intervenciones concretas, seg\u00fan protocolo espec\u00edfico.<\/li>\n\n\n\n<li>Revisi\u00f3n de paciente polimedicado.<\/li>\n\n\n\n<li>Estudio de duplicidades, interacciones farmacoterap\u00e9uticas y cronicidad de tratamientos agudos en pacientes con m\u00e1s de 20 medicamentos.<\/li>\n\n\n\n<li>Estudios de Utilizaci\u00f3n de Medicamentos de las \u00c1reas y SES para priorizar las actuaciones que tengan como objetivo la mejora de la prescripci\u00f3n farmacol\u00f3gica.<\/li>\n\n\n\n<li>Elaboraci\u00f3n de Notas informativas, Boletines, Protocolos, Gu\u00edas, Planes.<\/li>\n\n\n\n<li>Sesiones \/ Charlas \/ Resoluci\u00f3n de consultas: a pacientes y a profesionales.<\/li>\n<\/ul>\n\n<\/div>\n\n<div class=\"\"  >\n\n<p><strong>Participaci\u00f3n en diferentes grupos de trabajo multidisciplinares:<\/strong><\/p>\n\n\n\n<ul>\n<li>GRUPO de Atenci\u00f3n Farmac\u00e9utica Integral del \u00c1rea.<\/li>\n\n\n\n<li>Comisi\u00f3n de Farmacia y Terap\u00e9utica del Hospital.<\/li>\n\n\n\n<li>Grupo de Proceso Asistencial integrado de Diabetes mellitus.<\/li>\n\n\n\n<li>Grupo de Proceso Asistencial Integrado de enfermedad renal cr\u00f3nica.<\/li>\n\n\n\n<li>Red de Investigaci\u00f3n de Estudios Cl\u00ednicos en Atenci\u00f3n Primaria (RIECAP)<\/li>\n<\/ul>\n\n<\/div>\n\n<div class=\"\"  >\n<div style=\"display:flex\" class=\"enlacearchivos\">\n    <img decoding=\"async\" src=\"https:\/\/saludextremadura.ses.es\/areasaluddonbenito\/wp-content\/themes\/temaAreaSalud\/img\/Vector (14).svg\" alt=\"\">\n    <a class=\"\" title=\"\" href=\"https:\/\/saludextremadura.ses.es\/areasaluddonbenito\/download\/2295\/?tmstv=1776794240\" rel=\"nofollow\">\n        Gu\u00eda farmacoterap\u00e9utica de los botiquines de A.P.    <\/a>\n    <div class=\"filetype-icon filetype-pdf \"><\/div>\n<\/div>\n\n<div style=\"display:flex\" class=\"enlacearchivos\">\n    <img decoding=\"async\" src=\"https:\/\/saludextremadura.ses.es\/areasaluddonbenito\/wp-content\/themes\/temaAreaSalud\/img\/Vector (14).svg\" alt=\"\">\n    <a class=\"\" title=\"\" href=\"https:\/\/saludextremadura.ses.es\/areasaluddonbenito\/download\/2298\/?tmstv=1776794240\" rel=\"nofollow\">\n        Protocolo de aerosolterapia en el centro de salud.    <\/a>\n    <div class=\"filetype-icon filetype-pdf \"><\/div>\n<\/div>\n\n<div style=\"display:flex\" class=\"enlacearchivos\">\n    <img decoding=\"async\" src=\"https:\/\/saludextremadura.ses.es\/areasaluddonbenito\/wp-content\/themes\/temaAreaSalud\/img\/Vector (14).svg\" alt=\"\">\n    <a class=\"\" title=\"\" href=\"https:\/\/saludextremadura.ses.es\/areasaluddonbenito\/download\/2302\/?tmstv=1776794240\" rel=\"nofollow\">\n        Protocolo de utilizaci\u00f3n del test r\u00e1pido de Streptococos    <\/a>\n    <div class=\"filetype-icon filetype-pdf \"><\/div>\n<\/div>\n\n\n<p><strong>PROGRAMA DE NOTAS DE SEGURIDAD DE MEDICAMENTOS:<\/strong><\/p>\n\n\n<div style=\"display:flex\" class=\"enlacearchivos\">\n    <img decoding=\"async\" src=\"https:\/\/saludextremadura.ses.es\/areasaluddonbenito\/wp-content\/themes\/temaAreaSalud\/img\/Vector (14).svg\" alt=\"\">\n    <a class=\"\" title=\"\" href=\"https:\/\/saludextremadura.ses.es\/areasaluddonbenito\/download\/2287\/?tmstv=1776794240\" rel=\"nofollow\">\n        Documento PRONOSEM    <\/a>\n    <div class=\"filetype-icon filetype-pdf \"><\/div>\n<\/div>\n\n\n<p><\/p>\n\n\n<div >\n                    <div class=\" plethoraplugins-accordion plethoraplugins-theme__minimal \"   >\n                        <div>\n                            \n<div id=\"enlaces_de_inters\" class=\"pds-accordion__item pds-js-accordion-item pds-no-js\" data-initially-open=\"false\" data-click-to-close=\"true\" data-auto-close=\"true\" data-scroll=\"false\" data-scroll-offset=\"0\">\n                    <h3 id=\"at-enlaces_de_inters\" class=\"pds-accordion__title pds-js-accordion-controller\" role=\"button\">Enlaces de inter\u00e9s<span class=\"pds-accordion__icon\" role=\"presentation\" aria-hidden=\"true\"><svg xmlns=\"http:\/\/www.w3.org\/2000\/svg\" viewBox=\"0 0 12 7.4099998\" width=\".75rem\" height=\".75rem\"><path d=\"M12 1.41 10.59 0 6 4.58 1.41 0 0 1.41l6 6z\" fill=\"currentColor\"\/><\/svg><\/span><\/h3>\n                    <div id=\"ac-enlaces_de_inters\" class=\"pds-accordion__content\">\n                        \n\n<p><strong>Generales:<\/strong><\/p>\n\n\n<div class=\"enlace-externo-item \">\n    <img decoding=\"async\" src=\"https:\/\/saludextremadura.ses.es\/areasaluddonbenito\/wp-content\/themes\/temaAreaSalud\/img\/Vector (14).svg\" alt=\"\">\n    <a href=\"https:\/\/cima.aemps.es\/cima\/publico\/home.html\" target=\"_blank\">CIMA<\/a>\n<\/div>\n\n<div class=\"enlace-externo-item \">\n    <img decoding=\"async\" src=\"https:\/\/saludextremadura.ses.es\/areasaluddonbenito\/wp-content\/themes\/temaAreaSalud\/img\/Vector (14).svg\" alt=\"\">\n    <a href=\"https:\/\/resistenciaantibioticos.es\/es\/lineas-de-accion\/control\/guia-de-prescripcion-de-antibioticos-en-humanos\" target=\"_blank\">Gu\u00eda antimicrobianos AEMPS<\/a>\n<\/div>\n\n<div class=\"enlace-externo-item \">\n    <img decoding=\"async\" src=\"https:\/\/saludextremadura.ses.es\/areasaluddonbenito\/wp-content\/themes\/temaAreaSalud\/img\/Vector (14).svg\" alt=\"\">\n    <a href=\"https:\/\/recursosfarmacoskm0.blogspot.com\/\" target=\"_blank\">Informaci\u00f3n sobre medicamentos<\/a>\n<\/div>\n\n\n<p><strong>Calculadoras y Tablas<\/strong>:<\/p>\n\n\n<div class=\"enlace-externo-item \">\n    <img decoding=\"async\" src=\"https:\/\/saludextremadura.ses.es\/areasaluddonbenito\/wp-content\/themes\/temaAreaSalud\/img\/Vector (14).svg\" alt=\"\">\n    <a href=\"http:\/\/chronicpharma.es\/carga-anticolinergica\/\" target=\"_blank\">Carga anticolin\u00e9rgica<\/a>\n<\/div>\n\n<div class=\"enlace-externo-item \">\n    <img decoding=\"async\" src=\"https:\/\/saludextremadura.ses.es\/areasaluddonbenito\/wp-content\/themes\/temaAreaSalud\/img\/Vector (14).svg\" alt=\"\">\n    <a href=\"https:\/\/crediblemeds.org\/\" target=\"_blank\">F\u00e1rmacos QT<\/a>\n<\/div>\n\n<div class=\"enlace-externo-item \">\n    <img decoding=\"async\" src=\"https:\/\/saludextremadura.ses.es\/areasaluddonbenito\/wp-content\/themes\/temaAreaSalud\/img\/Vector (14).svg\" alt=\"\">\n    <a href=\"https:\/\/www.uptodate.com\/drug-interactions\/?source=responsive_home#di-druglist\" target=\"_blank\">Interacciones<\/a>\n<\/div>\n\n\n<p><strong>Boletines farmacoterap\u00e9uticos:<\/strong><\/p>\n\n\n<div class=\"enlace-externo-item \">\n    <img decoding=\"async\" src=\"https:\/\/saludextremadura.ses.es\/areasaluddonbenito\/wp-content\/themes\/temaAreaSalud\/img\/Vector (14).svg\" alt=\"\">\n    <a href=\"https:\/\/www.saludcastillayleon.es\/portalmedicamento\/es\/terapeutica\/publicaciones\/sacylite\" target=\"_blank\">Castilla y le\u00f3n<\/a>\n<\/div>\n\n<div class=\"enlace-externo-item \">\n    <img decoding=\"async\" src=\"https:\/\/saludextremadura.ses.es\/areasaluddonbenito\/wp-content\/themes\/temaAreaSalud\/img\/Vector (14).svg\" alt=\"\">\n    <a href=\"https:\/\/www.euskadi.eus\/informacion\/boletin-infac\/web01-a2cevime\/es\/\" target=\"_blank\">Pais vasco<\/a>\n<\/div>\n\n<div class=\"enlace-externo-item \">\n    <img decoding=\"async\" src=\"https:\/\/saludextremadura.ses.es\/areasaluddonbenito\/wp-content\/themes\/temaAreaSalud\/img\/Vector (14).svg\" alt=\"\">\n    <a href=\"https:\/\/sanidad.castillalamancha.es\/profesionales\/farmacia\/BoletinesFarmacoterape%C3%BAticos\" target=\"_blank\">Castilla la Mancha<\/a>\n<\/div>\n\n<div class=\"enlace-externo-item \">\n    <img decoding=\"async\" src=\"https:\/\/saludextremadura.ses.es\/areasaluddonbenito\/wp-content\/themes\/temaAreaSalud\/img\/Vector (14).svg\" alt=\"\">\n    <a href=\"https:\/\/cadime.es\/btas-publicados.html\" target=\"_blank\">Andaluc\u00eda<\/a>\n<\/div>\n\n<div class=\"enlace-externo-item \">\n    <img decoding=\"async\" src=\"https:\/\/saludextremadura.ses.es\/areasaluddonbenito\/wp-content\/themes\/temaAreaSalud\/img\/Vector (14).svg\" alt=\"\">\n    <a href=\"https:\/\/www.cedimcat.info\/index.php?option=com_content&amp;view=article&amp;id=69&amp;Itemid=464&amp;lang=es\" target=\"_blank\">Catalu\u00f1a<\/a>\n<\/div>\n\n<div class=\"enlace-externo-item \">\n    <img decoding=\"async\" src=\"https:\/\/saludextremadura.ses.es\/areasaluddonbenito\/wp-content\/themes\/temaAreaSalud\/img\/Vector (14).svg\" alt=\"\">\n    <a href=\"http:\/\/sagunto.san.gva.es\/boletin-fap\" target=\"_blank\">Comunidad valenciana<\/a>\n<\/div>\n\n<div class=\"enlace-externo-item \">\n    <img decoding=\"async\" src=\"https:\/\/saludextremadura.ses.es\/areasaluddonbenito\/wp-content\/themes\/temaAreaSalud\/img\/Vector (14).svg\" alt=\"\">\n    <a href=\"https:\/\/www.navarra.es\/home_es\/Temas\/Portal+de+la+Salud\/Profesionales\/Documentacion+y+publicaciones\/Publicaciones+tematicas\/Medicamento\/BIT\/\" target=\"_blank\">Navarra<\/a>\n<\/div>\n\n\n<p><strong>Blog:<\/strong><\/p>\n\n\n<div class=\"enlace-externo-item \">\n    <img decoding=\"async\" src=\"https:\/\/saludextremadura.ses.es\/areasaluddonbenito\/wp-content\/themes\/temaAreaSalud\/img\/Vector (14).svg\" alt=\"\">\n    <a href=\"https:\/\/www.sefap.org\/blog\/\" target=\"_blank\">SEFAP<\/a>\n<\/div>\n\n<div class=\"enlace-externo-item \">\n    <img decoding=\"async\" src=\"https:\/\/saludextremadura.ses.es\/areasaluddonbenito\/wp-content\/themes\/temaAreaSalud\/img\/Vector (14).svg\" alt=\"\">\n    <a href=\"https:\/\/www.stoperroresdemedicacion.org\/\" target=\"_blank\">STOP ERRORES DE MEDICACION<\/a>\n<\/div>\n\n<div class=\"enlace-externo-item \">\n    <img decoding=\"async\" src=\"https:\/\/saludextremadura.ses.es\/areasaluddonbenito\/wp-content\/themes\/temaAreaSalud\/img\/Vector (14).svg\" alt=\"\">\n    <a href=\"https:\/\/elrincondesisifo.org\/\" target=\"_blank\">EL RINC\u00d3N DE SISIFO<\/a>\n<\/div>\n\n\n<p><strong>COVID-19:<\/strong><\/p>\n\n\n<div class=\"enlace-externo-item \">\n    <img decoding=\"async\" src=\"https:\/\/saludextremadura.ses.es\/areasaluddonbenito\/wp-content\/themes\/temaAreaSalud\/img\/Vector (14).svg\" alt=\"\">\n    <a href=\"https:\/\/www.aemps.gob.es\/la-aemps\/ultima-informacion-de-la-aemps-acerca-del-covid%e2%80%9119\/\" target=\"_blank\">AEMPS<\/a>\n<\/div>\n\n<div class=\"enlace-externo-item \">\n    <img decoding=\"async\" src=\"https:\/\/saludextremadura.ses.es\/areasaluddonbenito\/wp-content\/themes\/temaAreaSalud\/img\/Vector (14).svg\" alt=\"\">\n    <a href=\"https:\/\/www.sefh.es\/covid-19.php\" target=\"_blank\">SEFH<\/a>\n<\/div>\n\n<div class=\"enlace-externo-item \">\n    <img decoding=\"async\" src=\"https:\/\/saludextremadura.ses.es\/areasaluddonbenito\/wp-content\/themes\/temaAreaSalud\/img\/Vector (14).svg\" alt=\"\">\n    <a href=\"https:\/\/www.covid19-druginteractions.org\/\" target=\"_blank\">DRUGINTERACTIONS<\/a>\n<\/div>\n\n<div class=\"enlace-externo-item \">\n    <img decoding=\"async\" src=\"https:\/\/saludextremadura.ses.es\/areasaluddonbenito\/wp-content\/themes\/temaAreaSalud\/img\/Vector (14).svg\" alt=\"\">\n    <a href=\"https:\/\/es.cochrane.org\/es\/recursos\/evidencias-covid-19\" target=\"_blank\">COCRHANE<\/a>\n<\/div>\n\n                    <\/div>\n                <\/div>\n\n                        <\/div>\n                    <\/div>\n            <\/div>\n<\/div>\n\n            <\/div>\n        <\/div>\n    <\/div>","protected":false},"excerpt":{"rendered":"<p>La Farmacia de \u00c1rea responde a actividades exclusivas de Uso Racional de Medicamento, en ambos niveles asistenciales de Atenci\u00f3n Primaria y Atenci\u00f3n Especializada. Es dependiente de la Gerencia de \u00c1rea y est\u00e1 coordinada por la Subdirecci\u00f3n de Gesti\u00f3n Farmac\u00e9utica (Direcci\u00f3n Asistencial de los SSCC). Actividades conducentes a mejorar el uso adecuado del medicamento<\/p>\n","protected":false},"author":1,"featured_media":0,"parent":2236,"menu_order":0,"comment_status":"closed","ping_status":"closed","template":"","meta":{"_eb_attr":"","inline_featured_image":false},"_links":{"self":[{"href":"https:\/\/saludextremadura.ses.es\/areasaluddonbenito\/wp-json\/wp\/v2\/pages\/50"}],"collection":[{"href":"https:\/\/saludextremadura.ses.es\/areasaluddonbenito\/wp-json\/wp\/v2\/pages"}],"about":[{"href":"https:\/\/saludextremadura.ses.es\/areasaluddonbenito\/wp-json\/wp\/v2\/types\/page"}],"author":[{"embeddable":true,"href":"https:\/\/saludextremadura.ses.es\/areasaluddonbenito\/wp-json\/wp\/v2\/users\/1"}],"replies":[{"embeddable":true,"href":"https:\/\/saludextremadura.ses.es\/areasaluddonbenito\/wp-json\/wp\/v2\/comments?post=50"}],"version-history":[{"count":23,"href":"https:\/\/saludextremadura.ses.es\/areasaluddonbenito\/wp-json\/wp\/v2\/pages\/50\/revisions"}],"predecessor-version":[{"id":3004,"href":"https:\/\/saludextremadura.ses.es\/areasaluddonbenito\/wp-json\/wp\/v2\/pages\/50\/revisions\/3004"}],"up":[{"embeddable":true,"href":"https:\/\/saludextremadura.ses.es\/areasaluddonbenito\/wp-json\/wp\/v2\/pages\/2236"}],"wp:attachment":[{"href":"https:\/\/saludextremadura.ses.es\/areasaluddonbenito\/wp-json\/wp\/v2\/media?parent=50"}],"curies":[{"name":"wp","href":"https:\/\/api.w.org\/{rel}","templated":true}]}}