{"id":325,"date":"2022-06-20T11:28:59","date_gmt":"2022-06-20T09:28:59","guid":{"rendered":"https:\/\/saludextremadura.ses.es\/areasaluddonbenito\/?page_id=325"},"modified":"2023-04-20T13:02:16","modified_gmt":"2023-04-20T11:02:16","slug":"saludpublica","status":"publish","type":"page","link":"https:\/\/saludextremadura.ses.es\/areasaluddonbenito\/saludpublica\/","title":{"rendered":"Salud P\u00fablica"},"content":{"rendered":"<h2 class=\"titulo-pagina wp-block-post-title\">Salud P\u00fablica<\/h2>\n\n\n<hr class=\"wp-block-separator has-alpha-channel-opacity linea-titulo\" \/>\n\n\n\n<p><\/p>\n\n\n\n<p><\/p>\n\n\n<nav class=\"is-content-justification-center is-layout-flex wp-container-2 is-responsive items-justified-center menuSaludPublica wp-block-navigation\" aria-label=\"Men\u00fa Salud Publica\"><button aria-haspopup=\"true\" aria-label=\"Abrir el men\u00fa\" class=\"wp-block-navigation__responsive-container-open \" data-micromodal-trigger=\"modal-1\"><svg width=\"24\" height=\"24\" xmlns=\"http:\/\/www.w3.org\/2000\/svg\" viewBox=\"0 0 24 24\" aria-hidden=\"true\" focusable=\"false\"><rect x=\"4\" y=\"7.5\" width=\"16\" height=\"1.5\" \/><rect x=\"4\" y=\"15\" width=\"16\" height=\"1.5\" \/><\/svg><\/button>\n\t\t\t<div class=\"wp-block-navigation__responsive-container  \" style=\"\" id=\"modal-1\">\n\t\t\t\t<div class=\"wp-block-navigation__responsive-close\" tabindex=\"-1\" data-micromodal-close>\n\t\t\t\t\t<div class=\"wp-block-navigation__responsive-dialog\" aria-label=\"Men\u00fa\">\n\t\t\t\t\t\t\t<button aria-label=\"Cerrar el men\u00fa\" data-micromodal-close class=\"wp-block-navigation__responsive-container-close\"><svg xmlns=\"http:\/\/www.w3.org\/2000\/svg\" viewBox=\"0 0 24 24\" width=\"24\" height=\"24\" aria-hidden=\"true\" focusable=\"false\"><path d=\"M13 11.8l6.1-6.3-1-1-6.1 6.2-6.1-6.2-1 1 6.1 6.3-6.5 6.7 1 1 6.5-6.6 6.5 6.6 1-1z\"><\/path><\/svg><\/button>\n\t\t\t\t\t\t<div class=\"wp-block-navigation__responsive-container-content\" id=\"modal-1-content\">\n\t\t\t\t\t\t\t<ul class=\"wp-block-navigation__container\"><li class=\" wp-block-navigation-item wp-block-navigation-link\"><a class=\"wp-block-navigation-item__content\"  href=\"https:\/\/saludextremadura.ses.es\/areasaluddonbenito\/saludpublica\/organigrama\/\" title=\"Organigrama\"><span class=\"wp-block-navigation-item__label\"><img decoding=\"async\" width=\"64\" height=\"64\" src=\"https:\/\/saludextremadura.ses.es\/areasaluddonbenito\/wp-content\/uploads\/2022\/06\/Vector-15.svg\" class=\"menu-image menu-image-title-below\" alt=\"Organigrama\" loading=\"lazy\" \/><span class=\"menu-image-title-below menu-image-title\">Organigrama<\/span><\/span><\/a><\/li><li class=\" wp-block-navigation-item wp-block-navigation-link\"><a class=\"wp-block-navigation-item__content\"  href=\"https:\/\/saludextremadura.ses.es\/areasaluddonbenito\/saludpublica\/salud-medioambiental\/\"><span class=\"wp-block-navigation-item__label\"><img decoding=\"async\" width=\"64\" height=\"60\" src=\"https:\/\/saludextremadura.ses.es\/areasaluddonbenito\/wp-content\/uploads\/2022\/06\/Group-1.svg\" class=\"menu-image menu-image-title-below\" alt=\"\" loading=\"lazy\" \/><span class=\"menu-image-title-below menu-image-title\">Salud Medioambiental<\/span><\/span><\/a><\/li><li class=\" wp-block-navigation-item wp-block-navigation-link\"><a class=\"wp-block-navigation-item__content\"  href=\"https:\/\/saludextremadura.ses.es\/areasaluddonbenito\/saludpublica\/seguridad-alimentaria\/\"><span class=\"wp-block-navigation-item__label\"><img decoding=\"async\" width=\"58\" height=\"64\" src=\"https:\/\/saludextremadura.ses.es\/areasaluddonbenito\/wp-content\/uploads\/2022\/06\/Group-2.svg\" class=\"menu-image menu-image-title-below\" alt=\"\" loading=\"lazy\" \/><span class=\"menu-image-title-below menu-image-title\">Seguridad Alimentaria<\/span><\/span><\/a><\/li><li class=\" wp-block-navigation-item wp-block-navigation-link\"><a class=\"wp-block-navigation-item__content\"  href=\"https:\/\/saludextremadura.ses.es\/areasaluddonbenito\/saludpublica\/ordenacion-farmaceutica\/\"><span class=\"wp-block-navigation-item__label\"><img decoding=\"async\" width=\"64\" height=\"58\" src=\"https:\/\/saludextremadura.ses.es\/areasaluddonbenito\/wp-content\/uploads\/2022\/06\/Group-3.svg\" class=\"menu-image menu-image-title-below\" alt=\"\" loading=\"lazy\" \/><span class=\"menu-image-title-below menu-image-title\">Ordenaci\u00f3n Farmac\u00e9utica<\/span><\/span><\/a><\/li><li class=\" wp-block-navigation-item wp-block-navigation-link\"><a class=\"wp-block-navigation-item__content\"  href=\"https:\/\/saludextremadura.ses.es\/areasaluddonbenito\/saludpublica\/epidemiologia\/\"><span class=\"wp-block-navigation-item__label\"><img decoding=\"async\" width=\"63\" height=\"64\" src=\"https:\/\/saludextremadura.ses.es\/areasaluddonbenito\/wp-content\/uploads\/2022\/06\/Group-4.svg\" class=\"menu-image menu-image-title-below\" alt=\"\" loading=\"lazy\" \/><span class=\"menu-image-title-below menu-image-title\">Vigilancia Epidemiol\u00f3gica y Programas<\/span><\/span><\/a><\/li><li class=\" wp-block-navigation-item wp-block-navigation-link\"><a class=\"wp-block-navigation-item__content\"  href=\"https:\/\/saludextremadura.ses.es\/areasaluddonbenito\/saludpublica\/seguridad-en-el-paciente\/\"><span class=\"wp-block-navigation-item__label\"><img decoding=\"async\" width=\"43\" height=\"64\" src=\"https:\/\/saludextremadura.ses.es\/areasaluddonbenito\/wp-content\/uploads\/2022\/06\/Group-5.svg\" class=\"menu-image menu-image-title-below\" alt=\"\" loading=\"lazy\" \/><span class=\"menu-image-title-below menu-image-title\">Seguridad en el Paciente<\/span><\/span><\/a><\/li><li class=\" wp-block-navigation-item wp-block-navigation-link\"><a class=\"wp-block-navigation-item__content\"  href=\"https:\/\/saludextremadura.ses.es\/areasaluddonbenito\/saludpublica\/sp-hospitalaria\/\"><span class=\"wp-block-navigation-item__label\"><img decoding=\"async\" width=\"64\" height=\"52\" src=\"https:\/\/saludextremadura.ses.es\/areasaluddonbenito\/wp-content\/uploads\/2022\/09\/servicios-sanitarios.svg\" class=\"menu-image menu-image-title-below\" alt=\"\" loading=\"lazy\" \/><span class=\"menu-image-title-below menu-image-title\">Centros, Establecimientos Y Servicios Sanitarios<\/span><\/span><\/a><\/li><li class=\" wp-block-navigation-item wp-block-navigation-link\"><a class=\"wp-block-navigation-item__content\"  href=\"https:\/\/saludextremadura.ses.es\/areasaluddonbenito\/saludpublica\/calidad\/\"><span class=\"wp-block-navigation-item__label\"><img decoding=\"async\" width=\"64\" height=\"41\" src=\"https:\/\/saludextremadura.ses.es\/areasaluddonbenito\/wp-content\/uploads\/2022\/09\/transporte-sanitario.svg\" class=\"menu-image menu-image-title-below\" alt=\"\" loading=\"lazy\" \/><span class=\"menu-image-title-below menu-image-title\">Transporte Sanitario Terrestre<\/span><\/span><\/a><\/li><li class=\" wp-block-navigation-item wp-block-navigation-link\"><a class=\"wp-block-navigation-item__content\"  href=\"https:\/\/saludextremadura.ses.es\/areasaluddonbenito\/saludpublica\/prevencion-frente-al-tabaquismo\/\"><span class=\"wp-block-navigation-item__label\"><img decoding=\"async\" width=\"39\" height=\"64\" src=\"https:\/\/saludextremadura.ses.es\/areasaluddonbenito\/wp-content\/uploads\/2022\/06\/Group-8.svg\" class=\"menu-image menu-image-title-below\" alt=\"\" loading=\"lazy\" \/><span class=\"menu-image-title-below menu-image-title\">Prevenci\u00f3n frente al tabaquismo<\/span><\/span><\/a><\/li><\/ul>\n\t\t\t\t\t\t<\/div>\n\t\t\t\t\t<\/div>\n\t\t\t\t<\/div>\n\t\t\t<\/div><\/nav>\n\n<nav class=\"is-content-justification-center is-layout-flex wp-container-4 is-responsive items-justified-center wp-block-navigation\" aria-label=\"Men\u00fa Atenci\u00f3n Hospitalaria\"><button aria-haspopup=\"true\" aria-label=\"Abrir el men\u00fa\" class=\"wp-block-navigation__responsive-container-open \" data-micromodal-trigger=\"modal-3\"><svg width=\"24\" height=\"24\" xmlns=\"http:\/\/www.w3.org\/2000\/svg\" viewBox=\"0 0 24 24\" aria-hidden=\"true\" focusable=\"false\"><rect x=\"4\" y=\"7.5\" width=\"16\" height=\"1.5\" \/><rect x=\"4\" y=\"15\" width=\"16\" height=\"1.5\" \/><\/svg><\/button>\n\t\t\t<div class=\"wp-block-navigation__responsive-container  \" style=\"\" id=\"modal-3\">\n\t\t\t\t<div class=\"wp-block-navigation__responsive-close\" tabindex=\"-1\" data-micromodal-close>\n\t\t\t\t\t<div class=\"wp-block-navigation__responsive-dialog\" aria-label=\"Men\u00fa\">\n\t\t\t\t\t\t\t<button aria-label=\"Cerrar el men\u00fa\" data-micromodal-close class=\"wp-block-navigation__responsive-container-close\"><svg xmlns=\"http:\/\/www.w3.org\/2000\/svg\" viewBox=\"0 0 24 24\" width=\"24\" height=\"24\" aria-hidden=\"true\" focusable=\"false\"><path d=\"M13 11.8l6.1-6.3-1-1-6.1 6.2-6.1-6.2-1 1 6.1 6.3-6.5 6.7 1 1 6.5-6.6 6.5 6.6 1-1z\"><\/path><\/svg><\/button>\n\t\t\t\t\t\t<div class=\"wp-block-navigation__responsive-container-content\" id=\"modal-3-content\">\n\t\t\t\t\t\t\t<ul class=\"wp-block-navigation__container\"><li class=\" wp-block-navigation-item wp-block-navigation-link\"><a class=\"wp-block-navigation-item__content\"  href=\"https:\/\/saludextremadura.ses.es\/areasaluddonbenito\/boletin-electronico-de-salud-publica\/\"><span class=\"wp-block-navigation-item__label\"><img decoding=\"async\" loading=\"lazy\" width=\"814\" height=\"513\" class=\"wp-image-3264\" style=\"width: 250px\" src=\"https:\/\/saludextremadura.ses.es\/areasaluddonbenito\/wp-content\/uploads\/2023\/04\/icono-boletin1.jpg\" alt=\"\" srcset=\"https:\/\/saludextremadura.ses.es\/areasaluddonbenito\/wp-content\/uploads\/2023\/04\/icono-boletin1.jpg 814w, https:\/\/saludextremadura.ses.es\/areasaluddonbenito\/wp-content\/uploads\/2023\/04\/icono-boletin1-300x189.jpg 300w, https:\/\/saludextremadura.ses.es\/areasaluddonbenito\/wp-content\/uploads\/2023\/04\/icono-boletin1-768x484.jpg 768w, https:\/\/saludextremadura.ses.es\/areasaluddonbenito\/wp-content\/uploads\/2023\/04\/icono-boletin1-24x15.jpg 24w, https:\/\/saludextremadura.ses.es\/areasaluddonbenito\/wp-content\/uploads\/2023\/04\/icono-boletin1-36x23.jpg 36w, https:\/\/saludextremadura.ses.es\/areasaluddonbenito\/wp-content\/uploads\/2023\/04\/icono-boletin1-64x40.jpg 64w\" sizes=\"(max-width: 814px) 100vw, 814px\" \/><\/span><\/a><\/li><\/ul>\n\t\t\t\t\t\t<\/div>\n\t\t\t\t\t<\/div>\n\t\t\t\t<\/div>\n\t\t\t<\/div><\/nav>\n\n\n<p><\/p>\n\n\n\n<h2 class=\"has-black-color has-text-color\"><strong>La Direcci\u00f3n de Salud, bajo la dependencia de la Gerencia de \u00c1rea, realiza las funciones de direcci\u00f3n y coordinaci\u00f3n en las siguientes \u00e1reas de actividad:<\/strong><\/h2>\n\n\n\n<p><\/p>\n\n\n\n<ul>\n<li>Inspecciones necesarias para la autorizaci\u00f3n administrativa de creaci\u00f3n, modificaci\u00f3n, apertura o supresi\u00f3n de los centros, servicios y establecimientos sanitarios.<\/li>\n\n\n\n<li>Ejecuci\u00f3n de la ordenaci\u00f3n farmac\u00e9utica, excepto en los procedimientos de apertura de Farmacias, traslado, medici\u00f3n de distancias y botiquines.<\/li>\n\n\n\n<li>Ejecuci\u00f3n de programas de promoci\u00f3n de la salud y prevenci\u00f3n de la enfermedad.<\/li>\n\n\n\n<li>Realizaci\u00f3n de planes para la mejora de la salud de los ciudadanos a trav\u00e9s de la educaci\u00f3n sanitaria, promoviendo h\u00e1bitos de vida saludable entre la poblaci\u00f3n general y en los grupos de riesgo en particular.<\/li>\n\n\n\n<li>Control sanitario del Medio Ambiente.<\/li>\n\n\n\n<li>Realizaci\u00f3n de programas y acciones preventivas que incidan en las zonas rurales, reduciendo y\/o eliminando los riesgos ambientales, alimentarios y zoon\u00f3sicos a los que pueda estar expuesta la poblaci\u00f3n.<\/li>\n\n\n\n<li>Ejecuci\u00f3n de la normativa en materia de higiene, registro, control e inspecci\u00f3n de los alimentos, as\u00ed como de las alertas alimentarias.<\/li>\n\n\n\n<li>Control sanitario de los establecimientos sanitarios.<\/li>\n\n\n\n<li>Polic\u00eda Sanitaria Mortuoria.<\/li>\n\n\n\n<li>Vigilancia epidemiol\u00f3gica de las enfermedades transmisibles y brotes epid\u00e9micos.<\/li>\n\n\n\n<li>Evaluaci\u00f3n del estado de salud de la poblaci\u00f3n.<\/li>\n\n\n\n<li>Direcci\u00f3n y coordinaci\u00f3n, junto a la Direcci\u00f3n de Atenci\u00f3n sanitaria de las actividades necesarias para dar respuesta r\u00e1pida y urgente ante posibles alertas en materia de Salud P\u00fablica.<\/li>\n\n\n\n<li>Aquellas otras que le sean expresamente atribuidas o delegadas.<\/li>\n<\/ul>\n\n\n\n<p><br><\/p>\n\n\n\n<p>El titular de la Direcci\u00f3n de Salud es nombrado por el Consejero de Salud y Pol\u00edtica Social, a propuesta del Director Gerente del Servicio Extreme\u00f1o de Salud.<\/p>\n\n\n\n<p>Para la realizaci\u00f3n de las funciones descritas anteriormente la Direcci\u00f3n de Salud cuanta con una dotaci\u00f3n de administrativos y t\u00e9cnicos que a su vez coordinan las actuaciones a realizar por los profesionales Sanitarios de los Equipos de Atenci\u00f3n Primaria, en adelante EAP (Decreto 67\/1996, por el cual se aprueba el Reglamento de funcionamiento de los equipos de atenci\u00f3n primaria)<\/p>\n\n\n\n<p>Las funciones que se desarrollan abarcan varios campos tanto a nivel de atenci\u00f3n primaria como especializada, desde seguridad alimentaria, salud medioambiental, ordenaci\u00f3n farmac\u00e9utica, promoci\u00f3n y vacunaci\u00f3n, gesti\u00f3n de residuos, seguridad del paciente etc.<\/p>\n\n\n\n<p>Gran parte de las actividades de la Direcci\u00f3n de Salud son ejecutadas por los Facultativos Farmac\u00e9uticos y Veterinarios de los EAP. En el \u00e1rea hay 14 Farmac\u00e9uticos y 24 veterinarios distribuidos seg\u00fan tabla adjunta. De los 24 veterinarios hay 4 de ellos trabajando en mataderos a jornada completa.<\/p>\n","protected":false},"excerpt":{"rendered":"<p>La Direcci\u00f3n de Salud, bajo la dependencia de la Gerencia de \u00c1rea, realiza las funciones de direcci\u00f3n y coordinaci\u00f3n en las siguientes \u00e1reas de actividad: El titular de la Direcci\u00f3n de Salud es nombrado por el Consejero de Salud y Pol\u00edtica Social, a propuesta del Director Gerente del Servicio Extreme\u00f1o de Salud. Para la realizaci\u00f3n [&hellip;]<\/p>\n","protected":false},"author":1,"featured_media":0,"parent":0,"menu_order":0,"comment_status":"closed","ping_status":"closed","template":"","meta":{"_eb_attr":"","inline_featured_image":false},"_links":{"self":[{"href":"https:\/\/saludextremadura.ses.es\/areasaluddonbenito\/wp-json\/wp\/v2\/pages\/325"}],"collection":[{"href":"https:\/\/saludextremadura.ses.es\/areasaluddonbenito\/wp-json\/wp\/v2\/pages"}],"about":[{"href":"https:\/\/saludextremadura.ses.es\/areasaluddonbenito\/wp-json\/wp\/v2\/types\/page"}],"author":[{"embeddable":true,"href":"https:\/\/saludextremadura.ses.es\/areasaluddonbenito\/wp-json\/wp\/v2\/users\/1"}],"replies":[{"embeddable":true,"href":"https:\/\/saludextremadura.ses.es\/areasaluddonbenito\/wp-json\/wp\/v2\/comments?post=325"}],"version-history":[{"count":35,"href":"https:\/\/saludextremadura.ses.es\/areasaluddonbenito\/wp-json\/wp\/v2\/pages\/325\/revisions"}],"predecessor-version":[{"id":3329,"href":"https:\/\/saludextremadura.ses.es\/areasaluddonbenito\/wp-json\/wp\/v2\/pages\/325\/revisions\/3329"}],"wp:attachment":[{"href":"https:\/\/saludextremadura.ses.es\/areasaluddonbenito\/wp-json\/wp\/v2\/media?parent=325"}],"curies":[{"name":"wp","href":"https:\/\/api.w.org\/{rel}","templated":true}]}}