{"id":321,"date":"2022-06-20T11:28:37","date_gmt":"2022-06-20T09:28:37","guid":{"rendered":"https:\/\/saludextremadura.ses.es\/areasaluddonbenito\/?page_id=321"},"modified":"2022-09-29T13:03:25","modified_gmt":"2022-09-29T11:03:25","slug":"docencia-formacione-investigacion","status":"publish","type":"page","link":"https:\/\/saludextremadura.ses.es\/areasaluddonbenito\/docencia-formacione-investigacion\/","title":{"rendered":"Docencia, Formaci\u00f3n e Investigaci\u00f3n"},"content":{"rendered":"<h2 class=\"titulo-pagina wp-block-post-title\">Docencia, Formaci\u00f3n e Investigaci\u00f3n<\/h2>\n\n\n<hr class=\"wp-block-separator has-alpha-channel-opacity linea-titulo\"\/>\n\n\n\n<p><br><\/p>\n\n\n<nav style=\"font-size:21px;\" class=\"is-content-justification-center is-layout-flex wp-container-2 is-responsive items-justified-center menuSaludPublica menuDocencia wp-block-navigation\" aria-label=\"Men\u00fa Docencia Formaci\u00f3n e Investigaci\u00f3n\"><button aria-haspopup=\"true\" aria-label=\"Abrir el men\u00fa\" class=\"wp-block-navigation__responsive-container-open \" data-micromodal-trigger=\"modal-1\"><svg width=\"24\" height=\"24\" xmlns=\"http:\/\/www.w3.org\/2000\/svg\" viewBox=\"0 0 24 24\" aria-hidden=\"true\" focusable=\"false\"><rect x=\"4\" y=\"7.5\" width=\"16\" height=\"1.5\" \/><rect x=\"4\" y=\"15\" width=\"16\" height=\"1.5\" \/><\/svg><\/button>\n\t\t\t<div class=\"wp-block-navigation__responsive-container  \" style=\"\" id=\"modal-1\">\n\t\t\t\t<div class=\"wp-block-navigation__responsive-close\" tabindex=\"-1\" data-micromodal-close>\n\t\t\t\t\t<div class=\"wp-block-navigation__responsive-dialog\" aria-label=\"Men\u00fa\">\n\t\t\t\t\t\t\t<button aria-label=\"Cerrar el men\u00fa\" data-micromodal-close class=\"wp-block-navigation__responsive-container-close\"><svg xmlns=\"http:\/\/www.w3.org\/2000\/svg\" viewBox=\"0 0 24 24\" width=\"24\" height=\"24\" aria-hidden=\"true\" focusable=\"false\"><path d=\"M13 11.8l6.1-6.3-1-1-6.1 6.2-6.1-6.2-1 1 6.1 6.3-6.5 6.7 1 1 6.5-6.6 6.5 6.6 1-1z\"><\/path><\/svg><\/button>\n\t\t\t\t\t\t<div class=\"wp-block-navigation__responsive-container-content\" id=\"modal-1-content\">\n\t\t\t\t\t\t\t<ul class=\"wp-block-navigation__container\"><li style=\"font-size: 21px;\" class=\" wp-block-navigation-item wp-block-navigation-link\"><a class=\"wp-block-navigation-item__content\"  href=\"https:\/\/saludextremadura.ses.es\/areasaluddonbenito\/docencia-formacione-investigacion\/formacion-especializada\/\"><span class=\"wp-block-navigation-item__label\"><img decoding=\"async\" width=\"54\" height=\"51\" src=\"https:\/\/saludextremadura.ses.es\/areasaluddonbenito\/wp-content\/uploads\/2022\/09\/GroupDoceci.svg\" class=\"menu-image menu-image-title-below\" alt=\"\" loading=\"lazy\" \/><span class=\"menu-image-title-below menu-image-title\">Formaci\u00f3n Especializada<\/span><\/span><\/a><\/li><li style=\"font-size: 21px;\" class=\" wp-block-navigation-item wp-block-navigation-link\"><a class=\"wp-block-navigation-item__content\"  href=\"https:\/\/saludextremadura.ses.es\/areasaluddonbenito\/docencia-formacione-investigacion\/formacion-continuada\/\"><span class=\"wp-block-navigation-item__label\"><img decoding=\"async\" width=\"59\" height=\"59\" src=\"https:\/\/saludextremadura.ses.es\/areasaluddonbenito\/wp-content\/uploads\/2022\/09\/Group-10.svg\" class=\"menu-image menu-image-title-below\" alt=\"\" loading=\"lazy\" \/><span class=\"menu-image-title-below menu-image-title\">Formaci\u00f3n Continuada<\/span><\/span><\/a><\/li><li style=\"font-size: 21px;\" class=\" wp-block-navigation-item wp-block-navigation-link\"><a class=\"wp-block-navigation-item__content\"  href=\"https:\/\/saludextremadura.ses.es\/areasaluddonbenito\/docencia-formacione-investigacion\/formacion-pregrado\/\"><span class=\"wp-block-navigation-item__label\"><img decoding=\"async\" width=\"64\" height=\"48\" src=\"https:\/\/saludextremadura.ses.es\/areasaluddonbenito\/wp-content\/uploads\/2022\/09\/Group-11.svg\" class=\"menu-image menu-image-title-below\" alt=\"\" loading=\"lazy\" \/><span class=\"menu-image-title-below menu-image-title\">Formaci\u00f3n <br> Pregrado<\/span><\/span><\/a><\/li><li style=\"font-size: 21px;\" class=\" wp-block-navigation-item wp-block-navigation-link\"><a class=\"wp-block-navigation-item__content\"  href=\"https:\/\/saludextremadura.ses.es\/areasaluddonbenito\/docencia-formacione-investigacion\/biblioteca\/\"><span class=\"wp-block-navigation-item__label\"><img decoding=\"async\" width=\"53\" height=\"53\" src=\"https:\/\/saludextremadura.ses.es\/areasaluddonbenito\/wp-content\/uploads\/2022\/09\/Group-12.svg\" class=\"menu-image menu-image-title-below\" alt=\"\" loading=\"lazy\" \/><span class=\"menu-image-title-below menu-image-title\">Portal de Conocimiento<\/span><\/span><\/a><\/li><li style=\"font-size: 21px;\" class=\" wp-block-navigation-item wp-block-navigation-link\"><a class=\"wp-block-navigation-item__content\"  href=\"https:\/\/saludextremadura.ses.es\/areasaluddonbenito\/docencia-formacione-investigacion\/unidad-de-investigacion\/\"><span class=\"wp-block-navigation-item__label\"><img decoding=\"async\" width=\"60\" height=\"59\" src=\"https:\/\/saludextremadura.ses.es\/areasaluddonbenito\/wp-content\/uploads\/2022\/09\/Group-13.svg\" class=\"menu-image menu-image-title-below\" alt=\"\" loading=\"lazy\" \/><span class=\"menu-image-title-below menu-image-title\">Unidad de Investigaci\u00f3n<\/span><\/span><\/a><\/li><\/ul>\n\t\t\t\t\t\t<\/div>\n\t\t\t\t\t<\/div>\n\t\t\t\t<\/div>\n\t\t\t<\/div><\/nav>","protected":false},"excerpt":{"rendered":"","protected":false},"author":1,"featured_media":0,"parent":0,"menu_order":0,"comment_status":"closed","ping_status":"closed","template":"","meta":{"_eb_attr":"","inline_featured_image":false},"_links":{"self":[{"href":"https:\/\/saludextremadura.ses.es\/areasaluddonbenito\/wp-json\/wp\/v2\/pages\/321"}],"collection":[{"href":"https:\/\/saludextremadura.ses.es\/areasaluddonbenito\/wp-json\/wp\/v2\/pages"}],"about":[{"href":"https:\/\/saludextremadura.ses.es\/areasaluddonbenito\/wp-json\/wp\/v2\/types\/page"}],"author":[{"embeddable":true,"href":"https:\/\/saludextremadura.ses.es\/areasaluddonbenito\/wp-json\/wp\/v2\/users\/1"}],"replies":[{"embeddable":true,"href":"https:\/\/saludextremadura.ses.es\/areasaluddonbenito\/wp-json\/wp\/v2\/comments?post=321"}],"version-history":[{"count":82,"href":"https:\/\/saludextremadura.ses.es\/areasaluddonbenito\/wp-json\/wp\/v2\/pages\/321\/revisions"}],"predecessor-version":[{"id":2322,"href":"https:\/\/saludextremadura.ses.es\/areasaluddonbenito\/wp-json\/wp\/v2\/pages\/321\/revisions\/2322"}],"wp:attachment":[{"href":"https:\/\/saludextremadura.ses.es\/areasaluddonbenito\/wp-json\/wp\/v2\/media?parent=321"}],"curies":[{"name":"wp","href":"https:\/\/api.w.org\/{rel}","templated":true}]}}