{"id":2808,"date":"2022-11-28T11:04:54","date_gmt":"2022-11-28T10:04:54","guid":{"rendered":"https:\/\/saludextremadura.ses.es\/areasaluddonbenito\/?page_id=2808"},"modified":"2022-12-12T14:41:28","modified_gmt":"2022-12-12T13:41:28","slug":"complejo-hospitalario-don-benito-villanueva-de-la-serena-hdbv","status":"publish","type":"page","link":"https:\/\/saludextremadura.ses.es\/areasaluddonbenito\/atencionhospitalaria\/complejo-hospitalario-don-benito-villanueva-de-la-serena-hdbv\/","title":{"rendered":"Complejo hospitalario Don Benito-Villanueva de la Serena (HDBV)"},"content":{"rendered":"<h2 class=\"titulo-pagina wp-block-post-title\">Complejo hospitalario Don Benito-Villanueva de la Serena (HDBV)<\/h2>\n\n\n<hr class=\"wp-block-separator has-alpha-channel-opacity linea-titulo\"\/>\n\n\n\n<div class=\"is-layout-flex wp-container-3 wp-block-columns\">\n<div class=\"is-layout-flow wp-block-column\">\n<p>El Hospital Don Benito-Villanueva de la Serena se abri\u00f3 en 1975, desde entonces ha sufrido diferentes obras y actuaciones de mejora. De igual manera se han ampliado tanto el n\u00famero de Servicios m\u00e9dicos y quir\u00fargicos como el n\u00famero de profesionales y la cartera de servicios ofertada a los pacientes.<\/p>\n\n\n\n<p>Actualmente el hospital de Don Benito consta de 277 camas de hospitalizaci\u00f3n divididas en 7 plantas, adem\u00e1s de tener una UCI con 8 camas ampliables a 12, una unidad de Reanimaci\u00f3n con 4 camas, 5 quir\u00f3fanos y dos circuitos integrados en el Servicio de Urgencias Hospitalario.<\/p>\n<\/div>\n\n\n\n<div class=\"is-layout-flow wp-block-column is-vertically-aligned-top\"><div class=\"informacion-atencion-hospitalaria-item\">\n    <div class=\"fila\">\n        <p class=\"titulo\">HOSPITAL DON BENITO &#8211; VILLANUEVA DE LA SERENA SERVICIO EXTREME\u00d1O DE SALUD<\/p>\n    <\/div>\n    <div class=\"fila\">\n        <img decoding=\"async\" src=\"https:\/\/saludextremadura.ses.es\/areasaluddonbenito\/wp-content\/themes\/temaAreaSalud\/img\/Vector 7.svg\" alt=\"\">\n        <p>Carretera Don Benito-Villanueva de la Serena, Km.3. 06400, Don Benito, Badajoz<\/p>\n    <\/div>\n    <div class=\"fila\">\n        <img decoding=\"async\" src=\"https:\/\/saludextremadura.ses.es\/areasaluddonbenito\/wp-content\/themes\/temaAreaSalud\/img\/Vector (6).svg\" alt=\"\">\n        <p>924386800<\/p>\n    <\/div>\n    <div class=\"fila\">\n        <img decoding=\"async\" src=\"https:\/\/saludextremadura.ses.es\/areasaluddonbenito\/wp-content\/themes\/temaAreaSalud\/img\/Vector (7).svg\" alt=\"\">\n        <p>924386801<\/p>\n    <\/div>\n    <div class=\"fila\">\n        <img decoding=\"async\" src=\"https:\/\/saludextremadura.ses.es\/areasaluddonbenito\/wp-content\/themes\/temaAreaSalud\/img\/Vector (8).svg\" alt=\"\">\n        <p>gerente.donbenito@salud-juntaex.es<\/p>\n    <\/div>\n<\/div><\/div>\n<\/div>\n\n\n\n<figure class=\"wp-block-image size-large\"><img decoding=\"async\" loading=\"lazy\" width=\"1279\" height=\"363\" src=\"https:\/\/saludextremadura.ses.es\/areasaluddonbenito\/wp-content\/uploads\/2022\/06\/Rectangle-13.svg\" alt=\"\" class=\"wp-image-373\"\/><\/figure>\n\n\n\n<h2 class=\"has-black-color has-text-color\">Informaci\u00f3n<\/h2>\n\n\n\n<div class=\"is-layout-flex wp-container-6 wp-block-columns\">\n<div class=\"is-layout-flow wp-block-column\">\n<p>El Hospital Don Benito \u2013 Villanueva de La Serena pertenece al \u00c1rea de Salud Don Benito-Villanueva de la Serena. Esta ocupa un territorio extenso, con una superficie total de 55.926 ha., que se sit\u00faa al noroeste de la provincia de Badajoz y cuenta con 14 zonas de salud distribuidas a lo largo de tres comarcas:<\/p>\n\n\n\n<ul><li>Las Vegas Altas del Guadiana.<\/li><li>La Serena.<\/li><li>La Siberia.<\/li><\/ul>\n\n\n\n<p>Esta \u00c1rea de Salud, cuenta con un Complejo Hospitalario formado por dos hospitales, Hospital Don Benito-Villanueva de la Serena y Hospital Siberia-Serena y dos Centros de Especialidades, Don Benito y Villanueva de la Serena.<\/p>\n\n\n\n<p>Abarca una poblaci\u00f3n de 131.210 personas (Padr\u00f3n Municipal de 2021), concentr\u00e1ndose alrededor de un 40% de esta poblaci\u00f3n en los municipios de Don Benito y Villanueva de la Serena.<\/p>\n\n\n\n<p>Las tres caracter\u00edsticas demogr\u00e1ficas del \u00c1rea y, en general, de la Comunidad Aut\u00f3noma, son el envejecimiento progresivo de la poblaci\u00f3n, la baja densidad de poblaci\u00f3n (unos 25 hab.\/km.2), y la alta dispersi\u00f3n geogr\u00e1fica de los municipios.<\/p>\n\n\n\n<p>El Hospital Don Benito-Villanueva de la Serena (HDBV) forma parte de los dispositivos sanitarios que el Servicio Extreme\u00f1o de Salud (SES) tiene en el \u00c1rea de Don Benito-Villanueva de la Serena, contribuyendo junto con todos ellos a la atenci\u00f3n sanitaria de la poblaci\u00f3n, con un modelo basado en la calidad, en la utilizaci\u00f3n apropiada de las tecnolog\u00edas m\u00e9dicas y en la apuesta de futuro por las nuevas tecnolog\u00edas de las comunicaciones y la informaci\u00f3n, establecidas por el Gobierno Auton\u00f3mico.<\/p>\n<\/div>\n\n\n\n<div class=\"is-layout-flow wp-block-column\">\n<p>La distribuci\u00f3n por Zona de Salud la recogemos en la tabla siguiente:<\/p>\n\n\n<div class=\"lazyblock-tabla-de-poblacion-de-zona-de-salud-Z1BFoG2 wp-block-lazyblock-tabla-de-poblacion-de-zona-de-salud\"><style>\n\n.tabla-de-poblacion-de-zona-de-salud-item {\n    font-family: 'Roboto';\n    font-style: normal;\n    width: 100%;\n    border: none;\n    background: #F1F1F1;\n    border-radius: 8px;\n    padding: 20px;\n}\n\n.tabla-de-poblacion-de-zona-de-salud-item table {\n    width: 100%;\n}\n\n.cabecera {\n    font-size: 20px;\n}\n\n.fila {\n    display: flex;\n    border-bottom: 1px solid #E5E5E5;\n}\n\n.borde_superior {\n    border-top: 3px solid #C4C4C4;\n}\n\n.negrita {\n    font-weight: 700;\n    \/* font-size: 16px; *\/\n    line-height: 200.19%;\n    color: #000000;\n}\n\n.right {\n    text-align: right;\n}\n<\/style>\n\n\n<div class=\"tabla-de-poblacion-de-zona-de-salud-item \">\n    <table>\n        <thead>\n            <tr>\n                <th class=\"cabecera negrita\">ZONA DE SALUD<\/th>\n                <th class=\"cabecera negrita right\">POBLACI\u00d3N<\/th>\n            <\/tr>\n        <\/thead>\n        <tbody>\n                                            <tr>\n                    <td class=\"negrita\">CABEZA DEL BUEY<\/td>\n                    <td class=\"right\">5.845<\/td>\n                <\/tr>\n                                            <tr>\n                    <td class=\"negrita\">CAMPANARIO<\/td>\n                    <td class=\"right\">8.995<\/td>\n                <\/tr>\n                                            <tr>\n                    <td class=\"negrita\">CASTUERA<\/td>\n                    <td class=\"right\">8.490<\/td>\n                <\/tr>\n                                            <tr>\n                    <td class=\"negrita\">DON BENITO ESTE<\/td>\n                    <td class=\"right\">16.648<\/td>\n                <\/tr>\n                                            <tr>\n                    <td class=\"negrita\">DON BENITO OESTE<\/td>\n                    <td class=\"right\">18.718<\/td>\n                <\/tr>\n                                            <tr>\n                    <td class=\"negrita\">HERRERA DEL DUQUE<\/td>\n                    <td class=\"right\">7.885<\/td>\n                <\/tr>\n                                            <tr>\n                    <td class=\"negrita\">NAVALVILLAR DE PELA<\/td>\n                    <td class=\"right\">5.466<\/td>\n                <\/tr>\n                                            <tr>\n                    <td class=\"negrita\">ORELLANA<\/td>\n                    <td class=\"right\">3.959<\/td>\n                <\/tr>\n                                            <tr>\n                    <td class=\"negrita\">SANTA AMALIA<\/td>\n                    <td class=\"right\">7.374<\/td>\n                <\/tr>\n                                            <tr>\n                    <td class=\"negrita\">SIRUELA<\/td>\n                    <td class=\"right\">3.442<\/td>\n                <\/tr>\n                                            <tr>\n                    <td class=\"negrita\">TALARRUBIAS<\/td>\n                    <td class=\"right\">5.421<\/td>\n                <\/tr>\n                                            <tr>\n                    <td class=\"negrita\">VILLANUEVA NORTE<\/td>\n                    <td class=\"right\">16.495<\/td>\n                <\/tr>\n                                            <tr>\n                    <td class=\"negrita\">VILLANUEVA SUR<\/td>\n                    <td class=\"right\">14.957<\/td>\n                <\/tr>\n                                            <tr>\n                    <td class=\"negrita\">ZALAMEA DE LA SERENA<\/td>\n                    <td class=\"right\">7.515<\/td>\n                <\/tr>\n                        <tr class=\"borde_superior\">\n                <td class=\"negrita\">TOTAL<\/td>\n                <td class=\"right\">131.210<\/td>\n            <\/tr>\n        <\/tbody>\n    <\/table>\n<\/div><\/div><\/div>\n<\/div>\n\n\n\n<h2 class=\"has-black-color has-text-color\">Servicios Asistenciales<\/h2>\n\n\n\n<p>Engloba a todas las \u00e1reas del hospital que tienen una funci\u00f3n asistencial, es decir atenci\u00f3n directa del paciente por parte de profesionales sanitarios. Hay dos \u00e1reas primordiales en la asistencia directa del paciente: las Consultas Externas para atender pacientes con problemas ambulatorios (que no requieren ingreso) y las \u00e1reas de Hospitalizaci\u00f3n, para cuidado de problemas que s\u00ed requieren ingreso hospitalario.<\/p>\n\n\n\n<div class=\"is-layout-flex wp-container-9 wp-block-columns\">\n<div class=\"is-layout-flow wp-block-column\">\n<h2 class=\"has-black-color has-text-color\">Hospitalizaci\u00f3n<\/h2>\n\n\n\n<p>En nuestro hospital, cuentan con hospitalizaci\u00f3n los siguientes servicios:<\/p>\n\n\n\n<ul><li>Pediatr\u00eda (Preescolares, Lactantes, Neonatos).<\/li><li>Medicina Interna y especialidades afines: M. interna, Cardiolog\u00eda, Reumatolog\u00eda, Digestivo, Neumolog\u00eda, Neurolog\u00eda, Oncolog\u00eda, Dermatolog\u00eda, Endocrinolog\u00eda, Hematolog\u00eda.<\/li><li>Equipo de Soporte de Cuidados Paliativos.<\/li><li>Cirug\u00eda Ortop\u00e9dica y Traumatolog\u00eda.<\/li><li>Ginecolog\u00eda y Obstetricia.<\/li><li>Urolog\u00eda.<\/li><li>Otorrinolaringolog\u00eda<\/li><li>Oftalmolog\u00eda.<\/li><li>Cirug\u00eda General y del Aparato Digestivo.<\/li><\/ul>\n\n\n\n<h2 class=\"has-black-color has-text-color\">Atenci\u00f3n Ambulatoria<\/h2>\n\n\n\n<p>Comprende las actividades asistenciales, diagn\u00f3sticas, terap\u00e9uticas y de rehabilitaci\u00f3n, as\u00ed como aquellas de promoci\u00f3n de la salud, educaci\u00f3n sanitaria y prevenci\u00f3n de la enfermedad, que se prestan en el nivel de atenci\u00f3n especializada en r\u00e9gimen ambulatorio.<\/p>\n\n\n\n<p>Se lleva a cabo en:<\/p>\n\n\n\n<ul><li>Consultas externas:<\/li><li>Medicina Interna, Alergolog\u00eda, Cardiolog\u00eda, Digestivo, Endocrinolog\u00eda y Nutrici\u00f3n, Neumolog\u00eda, Neurolog\u00eda, Oncolog\u00eda M\u00e9dica, Reumatolog\u00eda, Hematolog\u00eda y Hemoterapia, Dermatolog\u00eda, Psiquiatr\u00eda, Cirug\u00eda General y Digestiva, Neurofisiolog\u00eda, Preanestesia, Cirug\u00eda Ortop\u00e9dica y Traumatol\u00f3gica, Otorrinolaringolog\u00eda, Oftalmolog\u00eda, Urolog\u00eda, Ginecolog\u00eda, Obstetricia (riesgo elevado, seguimiento de la gestante), Pediatr\u00eda, Equipo de Soporte y Cuidados Paliativos, Marcapasos, Medicina F\u00edsica y Rehabilitaci\u00f3n, Unidad de Evaluaci\u00f3n, Diagn\u00f3stico y Tratamiento del Dolor.<\/li><li>Realizaci\u00f3n de t\u00e9cnicas de inseminaci\u00f3n artificial.<\/li><li>Diagn\u00f3stico prenatal<\/li><li>Digestivo: Endoscopias, Manometr\u00edas y Phmetr\u00edas<\/li><li>Neurofisiolog\u00eda: Potenciales Evocados, Electroneurofisiolog\u00eda.<\/li><li>Neumolog\u00eda: Broncoscopias, Pruebas Funcionales Respiratorias, Poligraf\u00eda Cardiorespiratoria.<\/li><li>ORL: Audiometr\u00edas, Otoemisiones.<\/li><li>Oftalmolog\u00eda: retinograf\u00edas, campimetr\u00edas.<\/li><li>Cardiolog\u00eda: Holter, Ecocardiograma, Ergometr\u00eda.<\/li><li>Telemedicina: dermatolog\u00eda, oftalmolog\u00eda, gen\u00e9tica.<\/li><li>Alergia: consultas externas, pruebas de provocaci\u00f3n, Unidad de Alergias Medicamentosas y a alimentos.<\/li><\/ul>\n\n\n\n<p>Existen dos centros de especialidades (1 en Don Benito y otro en Villanueva de la Serena) donde se llevan a cabo actividades de consultas externas adem\u00e1s de la zona del hospital habilitada para ello.<\/p>\n\n\n\n<h2 class=\"has-black-color has-text-color\">Vacunaci\u00f3n Internacional<\/h2>\n\n\n\n<p>El Hospital Don Benito -Villanueva de la Serena cuenta con una consulta de Vacunaci\u00f3n Internacional que est\u00e1 a cargo de una t\u00e9cnico de Salud P\u00fablica, una Preventivista y un enfermero de S. P\u00fablica y que da servicio a todo el \u00e1rea de salud.<\/p>\n\n\n\n<h2 class=\"has-black-color has-text-color\">Servicios no asistenciales<\/h2>\n\n\n\n<p>Esencialmente est\u00e1n integrados por:<\/p>\n\n\n\n<ul><li>Informaci\u00f3n<\/li><li>Atenci\u00f3n al Usuario<\/li><li>Admisi\u00f3n y Documentaci\u00f3n Cl\u00ednica<\/li><li>Hosteler\u00eda (Cocina, cafeter\u00eda y lavander\u00eda)<\/li><li>Docencia. (Dpto. de formaci\u00f3n, Unidad Docente Multidisciplinar de AFyC Comisi\u00f3n de Docencia de Atenci\u00f3n Especializada, Biblioteca)<\/li><li>Velatorio<\/li><li>Servicios Religiosos<\/li><li>Mantenimiento integral y electromedicina.<\/li><li>Limpieza<\/li><li>Esterilizaci\u00f3n.<\/li><li>Sistemas de Informaci\u00f3n<\/li><\/ul>\n<\/div>\n\n\n\n<div class=\"is-layout-flow wp-block-column\">\n<h2 class=\"has-black-color has-text-color\">Hospitalizaci\u00f3n Intensiva<\/h2>\n\n\n\n<p>Ofertan dicho servicio:<\/p>\n\n\n\n<ul><li>Unidad de Cuidados Intensivos, con ocho boxes ampliables a 11.<\/li><li>Reanimaci\u00f3n, con 3 camas ampliables a 4.<\/li><\/ul>\n\n\n\n<p><br><\/p>\n\n\n\n<h2 class=\"has-black-color has-text-color\">Hospital de d\u00eda<\/h2>\n\n\n\n<p>Se incluyen en este apartado en nuestro hospital:<\/p>\n\n\n\n<ul><li>Tratamientos oncol\u00f3gicos.<\/li><li>Tratamientos hematol\u00f3gicos.<\/li><li>Tratamientos neurol\u00f3gicos.<\/li><li>Tratamientos de aparato digestivo.<\/li><li>Tratamientos de medicina interna.<\/li><li>Tratamientos de reumatolog\u00eda.<\/li><li>CMA: Oftalmolog\u00eda, Urolog\u00eda, Otorrinolaringolog\u00eda, Unidad de Cirug\u00eda de M\u00ednima Invasi\u00f3n (UCMI).<\/li><\/ul>\n\n\n\n<p><br><\/p>\n\n\n\n<h2 class=\"has-black-color has-text-color\">Urgencias<\/h2>\n\n\n\n<p>En nuestro hospital disponemos de:<\/p>\n\n\n\n<ul><li>Urgencias Generales.<\/li><li>Urgencias Ginecol\u00f3gicas y Obst\u00e9tricas.<\/li><li>En 2021 se ha abierto un segundo circuito de Urgencias que cuenta con 5 boxes de observaci\u00f3n, dos consultas m\u00e9dicas,1 consulta de enfermer\u00eda y 2 salas de camilla\/sillones.<\/li><\/ul>\n\n\n\n<p><br><\/p>\n\n\n\n<h2 class=\"has-black-color has-text-color\">Atenci\u00f3n paliativa a enfermos terminales<\/h2>\n\n\n\n<p>Esta atenci\u00f3n, especialmente humanizada y personalizada, se presta en el domicilio del paciente o en el centro sanitario, si fuera preciso, estableciendo los mecanismos necesarios para garantizar la continuidad asistencial y la coordinaci\u00f3n con otros recursos y de acuerdo con los protocolos establecidos por el correspondiente servicio de salud.<\/p>\n\n\n\n<p><br><\/p>\n\n\n\n<h2 class=\"has-black-color has-text-color\">Servicios centrales<\/h2>\n\n\n\n<p>En el Hospital Don Benito-Villanueva de la Serena est\u00e1n integrados por las dependencias siguientes:<\/p>\n\n\n\n<ul><li>Bloque Quir\u00fargico: Quir\u00f3fanos, Anestesiolog\u00eda, Reanimaci\u00f3n y Cuidados Cr\u00edticos.<\/li><li>Anatom\u00eda Patol\u00f3gica<\/li><li>Diagn\u00f3stico por Imagen: Radiolog\u00eda Convencional e Intervencionista, Tomograf\u00eda Axial Computerizada, Mamograf\u00eda, Ecograf\u00eda, Resonancia Magn\u00e9tica Nuclear (incluyendo resonancia magn\u00e9tica card\u00edaca).<\/li><li>Laboratorios: An\u00e1lisis Cl\u00ednicos, Hematolog\u00eda y Hemoterapia, Bioqu\u00edmica, Microbiolog\u00eda, Parasitolog\u00eda y Urgencias.<\/li><li>Neurofisiolog\u00eda Cl\u00ednica<\/li><li>Servicio de Transfusi\u00f3n.<\/li><li>Rehabilitaci\u00f3n y Fisioterapia.<\/li><li>Paritorio.<\/li><li>Farmacia hospitalaria.<\/li><\/ul>\n\n\n\n<h2>Horarios de Atenci\u00f3n al Ciudadano<\/h2>\n\n\n\n<p><strong>Urgencias<\/strong>: 24horas<\/p>\n\n\n\n<p><strong>Entrada<\/strong>: 8:00-22:00 horas<\/p>\n\n\n\n<p><strong>Servicio <\/strong>religioso: 24horas<\/p>\n\n\n\n<p><strong>Cafeter\u00eda<\/strong>: 8:00-22:00 horas<\/p>\n<\/div>\n<\/div>\n","protected":false},"excerpt":{"rendered":"<p>El Hospital Don Benito-Villanueva de la Serena se abri\u00f3 en 1975, desde entonces ha sufrido diferentes obras y actuaciones de mejora. De igual manera se han ampliado tanto el n\u00famero de Servicios m\u00e9dicos y quir\u00fargicos como el n\u00famero de profesionales y la cartera de servicios ofertada a los pacientes. Actualmente el hospital de Don Benito [&hellip;]<\/p>\n","protected":false},"author":1,"featured_media":0,"parent":319,"menu_order":0,"comment_status":"closed","ping_status":"closed","template":"","meta":{"_eb_attr":"","inline_featured_image":false},"_links":{"self":[{"href":"https:\/\/saludextremadura.ses.es\/areasaluddonbenito\/wp-json\/wp\/v2\/pages\/2808"}],"collection":[{"href":"https:\/\/saludextremadura.ses.es\/areasaluddonbenito\/wp-json\/wp\/v2\/pages"}],"about":[{"href":"https:\/\/saludextremadura.ses.es\/areasaluddonbenito\/wp-json\/wp\/v2\/types\/page"}],"author":[{"embeddable":true,"href":"https:\/\/saludextremadura.ses.es\/areasaluddonbenito\/wp-json\/wp\/v2\/users\/1"}],"replies":[{"embeddable":true,"href":"https:\/\/saludextremadura.ses.es\/areasaluddonbenito\/wp-json\/wp\/v2\/comments?post=2808"}],"version-history":[{"count":12,"href":"https:\/\/saludextremadura.ses.es\/areasaluddonbenito\/wp-json\/wp\/v2\/pages\/2808\/revisions"}],"predecessor-version":[{"id":2907,"href":"https:\/\/saludextremadura.ses.es\/areasaluddonbenito\/wp-json\/wp\/v2\/pages\/2808\/revisions\/2907"}],"up":[{"embeddable":true,"href":"https:\/\/saludextremadura.ses.es\/areasaluddonbenito\/wp-json\/wp\/v2\/pages\/319"}],"wp:attachment":[{"href":"https:\/\/saludextremadura.ses.es\/areasaluddonbenito\/wp-json\/wp\/v2\/media?parent=2808"}],"curies":[{"name":"wp","href":"https:\/\/api.w.org\/{rel}","templated":true}]}}