{"id":2239,"date":"2022-09-21T10:34:51","date_gmt":"2022-09-21T08:34:51","guid":{"rendered":"https:\/\/saludextremadura.ses.es\/areasaluddonbenito\/?page_id=2239"},"modified":"2022-10-06T09:32:30","modified_gmt":"2022-10-06T07:32:30","slug":"farmacia-hospitalaria","status":"publish","type":"page","link":"https:\/\/saludextremadura.ses.es\/areasaluddonbenito\/farmacia-2\/farmacia-hospitalaria\/","title":{"rendered":"Farmacia Hospitalaria"},"content":{"rendered":"<h2 class=\"titulo-pagina wp-block-post-title\">Farmacia Hospitalaria<\/h2>\n\n\n<hr class=\"wp-block-separator has-alpha-channel-opacity linea-titulo\"\/>\n\n\n\n<p>El Servicio de Farmacia Hospitalaria es un Servicio Central de car\u00e1cter asistencial que depende de la Direcci\u00f3n M\u00e9dica que pretenden a\u00f1adir calidad en el proceso asistencial tanto a pacientes ingresados como a los pacientes externos que lo requieran garantizando una farmacoterapia eficaz, segura y eficiente.<\/p>\n\n\n\n<p>Dentro de los objetivos del Servicio de Farmacia Hospitalaria se encuentran el establecimiento de un sistema de dispensaci\u00f3n de medicamentos eficaz y seguro, adquisici\u00f3n custodia y conservaci\u00f3n de medicamentos, establecer sistemas de farmacovigilancia, la puesta en marcha de la unidad de mezclas intravenosas, formar parte de la Comisi\u00f3n de Farmacia y Terap\u00e9utica del hospital as\u00ed como de aquellas otras comisiones en las que sea \u00fatil la figura de un farmac\u00e9utico, la preparaci\u00f3n de formulas magistrales y preparados oficinales<\/p>\n\n\n\n<p><strong>Servicio de Farmacia<\/strong><\/p>\n\n\n\n<p>Hospital Don Benito-Villanueva<\/p>\n\n\n\n<p>06400 Don Benito (Badajoz)<\/p>\n\n\n\n<p>Responsable: Jos\u00e9 Alonso Jim\u00e9nez<\/p>\n\n\n\n<p>Tel\u00e9fono de contacto: 924 38 68 00 (extensi\u00f3n: 86766<\/p>\n\n\n\n<p>Horario del Servicio de Farmacia: de Lunes a Viernes de 8:00h \u2013 15:00h<\/p>\n\n\n\n<p><strong>EQUIPO HUMANO<\/strong><\/p>\n\n\n\n<p>El Servicio de Farmacia est\u00e1 formado por:<\/p>\n\n\n\n<ul><li>4 Facultativos Especialistas en Farmacia Hospitalaria<\/li><li>3 Enfermeras<\/li><li>4 Auxiliares de enfermer\u00eda<\/li><li>1 Celador<\/li><\/ul>\n\n\n<div >\n        <div class=\" plethoraplugins-tabs-container plethoraplugins-tabs-container--horizontal plethoraplugins-theme__minimal plethoraplugins-theme__basic \" data-plethoraplugins-theme=\"basic\"  data-plethoraplugins-responsive=\"wrap\"  >\n            <div class=\"plethoraplugins-tabs\"  >\n              <ul><li>\n                        <a \n                                href=\"#farmacotecnia\"\n                                class=\" active\" \n                            >\n                            <span>Farmacotecnia<\/span>\n                        <\/a>\n                    <\/li><li>\n                        <a \n                                href=\"#atencin_farmaceutica_al_paciente_externo\"\n                                class=\"\" \n                            >\n                            <span>Atenci\u00f3n farmaceutica<br>al paciente externo<\/span>\n                        <\/a>\n                    <\/li><li>\n                        <a \n                                href=\"#gestin_clnica_y_econmica\"\n                                class=\"\" \n                            >\n                            <span>Gesti\u00f3n cl\u00ednica<br>y econ\u00f3mica<\/span>\n                        <\/a>\n                    <\/li><li>\n                        <a \n                                href=\"#unidad_de_mezclas_intravenosas\"\n                                class=\"\" \n                            >\n                            <span>Unidad de<br>mezclas intravenosas<\/span>\n                        <\/a>\n                    <\/li><li>\n                        <a \n                                href=\"#atencin_farmaceutica_a_paciente_ambulantes\"\n                                class=\"\" \n                            >\n                            <span>Atenci\u00f3n farmaceutica<br>a paciente ambulantes<\/span>\n                        <\/a>\n                    <\/li><\/ul>\n            <\/div>\n            <div class=\"plethoraplugins-tabs--content\" >\n                \n<div class=\"\"  >\n\n<p>El \u00c1rea de Farmacot\u00e9cnia se encarga de adecuar los medicamentos y principios activos mediante la elaboraci\u00f3n de f\u00f3rmulas magistrales para adaptarlas a las necesidades de cada paciente seg\u00fan prescripci\u00f3n m\u00e9dica<\/p>\n\n\n\n<ul><li>Formulaci\u00f3n magistral.<ul><li>Formulaci\u00f3n no est\u00e9ril de medicamentos<ul><li>Oral: Emulsiones, c\u00e1psulas, jarabes, soluciones, suspensiones<\/li><li>T\u00f3pica: Pomadas, soluciones antis\u00e9pticas.<\/li><\/ul><\/li><\/ul><\/li><li>Preparados oficinales<\/li><li>Reenvasado y reetiquetado de medicamentos en dosis unitarias<\/li><\/ul>\n\n<\/div>\n\n<div class=\"\"  >\n\n<p>Consiste en proporcionar atenci\u00f3n farmac\u00e9utica a pacientes que no se encuentran ingresados pero que precisan de medicaci\u00f3n que requiere una particular vigilancia, control y supervisi\u00f3n dentro del \u00e1mbito de la atenci\u00f3n sanitaria especializada<\/p>\n\n\n\n<p>La atenci\u00f3n farmac\u00e9utica al paciente externo se lleva a cabo en la Unidad de Dispensaci\u00f3n de medicamentos a Pacientes externo que se encuentra en el Servicio de Farmacia.<\/p>\n\n\n\n<p>Los medicamentos dispensados en la Unidad son:<\/p>\n\n\n\n<ul><li>Medicamentos de uso hospitalario<\/li><li>Medicamentos de uso compasivo<\/li><li>Medicamentos de ensayos cl\u00ednicos<\/li><li>Medicamentos de diagnostico hospitalario sin cup\u00f3n precinto<\/li><li>Formulas magistrales<\/li><\/ul>\n\n\n\n<p>Las enfermedades m\u00e1s com\u00fanmente atendidas son:<\/p>\n\n\n\n<ul><li>Enfermedades infecciosas: Infecci\u00f3n por Virus de la Inmunodeficiencia Humana (VIH), Hepatitis B y C<\/li><li>Enfermedades neurol\u00f3gicas: Esclerosis m\u00faltiple y Esclerosis Lateral Amiotr\u00f3fica<\/li><li>Enfermedades reum\u00e1ticas: Artritis reumatoide, espondilitis anquilosante<\/li><li>Enfermedades dermatol\u00f3gicas: Psoriasis, artritis psori\u00e1sica<\/li><li>Enfermedades Digestivas: Enfermedad de Crohn y Colitis Ulcerosa<\/li><li>Tumores: Oncol\u00f3gicos y Hematol\u00f3gicos<\/li><\/ul>\n\n\n\n<p>El Servicio de Farmacia del Hospital Siberia Serena tambi\u00e9n cuenta con una consulta de atenci\u00f3n farmac\u00e9utica al Paciente Externo para facilitar la asistencia a los pacientes de las zonas m\u00e1s cercanas a este hospital.<\/p>\n\n\n\n<ul><li>Horario: Martes o Mi\u00e9rcoles de 9 a 12h.<\/li><li>Tel\u00e9fono de contacto: 924-648100 Extensi\u00f3n Farmacia: 88144<\/li><\/ul>\n\n\n\n<p>** Antes de acudir al Servicio de Farmacia del Hospital Siberia Serena llamar por tel\u00e9fono para solicitar su cita y as\u00ed garantizar la disponibilidad de la medicaci\u00f3n.<\/p>\n\n<\/div>\n\n<div class=\"\"  >\n\n<p>El \u00e1rea de gesti\u00f3n es el \u00e1rea que se encarga de garantizar la adquisici\u00f3n, correcta conservaci\u00f3n de medicamentos as\u00ed como de su distribuci\u00f3n en volumen y tiempo adecuados con el m\u00ednimo riesgo para el paciente y al menor coste garantizando la cobertura de necesidades del hospital.<\/p>\n\n\n\n<p>El aumento progresivo del gasto farmac\u00e9utico supone que los medicamentos los medicamentos se hayan convertido en una parte muy importante del presupuesto del hospital de ah\u00ed la importancia de esta \u00e1rea.&nbsp; Por ello se hace necesaria la evaluaci\u00f3n la eficacia, efectividad y eficiencia de los medicamentos as\u00ed como su seguridad antes de incluirlos en la Gu\u00eda Farmacoterap\u00e9utica del Hospital. Adem\u00e1s se dispone de una gu\u00eda de equivalentes terap\u00e9uticos que permite optimizar el uso racional del medicamento<\/p>\n\n\n\n<p>Las tareas a realizar en este \u00e1rea son:<\/p>\n\n\n\n<ul><li>Realizaci\u00f3n de pedidos<\/li><li>Recepci\u00f3n de pedidos<\/li><li>Correcta conservaci\u00f3n de la medicaci\u00f3n<\/li><li>Gesti\u00f3n de devoluciones de medicaci\u00f3n<\/li><li>Gesti\u00f3n de stock<\/li><li>Control de Inventario<\/li><li>Gesti\u00f3n de gases medicinales<\/li><li>Participaci\u00f3n en la Comisi\u00f3n Central de Farmacia y Terap\u00e9utica del SES y en la Comisi\u00f3n de Farmacia y Terap\u00e9utica del Hospital<\/li><li>Suministro de medicamentos a Centro de especialidades de Don Benito y Centro de Especialidades de Villanueva de la Serena, centro de di\u00e1lisis de Villanueva de la Serena y varias residencias sociosanitarias<\/li><li>Reposici\u00f3n del stock de los botiquines de las plantas<\/li><\/ul>\n\n<\/div>\n\n<div class=\"\"  >\n\n<p>En la unidad de mezclas intravenosas se preparan medicamentos peligrosos y mezclas intravenosas est\u00e9riles adoptando las medidas de seguridad necesarias para que no supongan un riesgo ni para el personal sanitario que los prepara ni para el paciente al que se le administra. La preparaci\u00f3n de mezclas intravenosas es una actividad frecuente y necesaria en el hospital en la que los medicamentos son adaptados a la situaci\u00f3n cl\u00ednica de cada paciente y acondicionados de manera que pueda administrarse la dosis necesaria, garantizando el uso correcto del medicamento y ahorro econ\u00f3mico. Los medicamentos m\u00e1s com\u00fanmente preparados en la unidad de mezclas intravenosa son:<\/p>\n\n\n\n<ul><li>Antiinfecciosos (antif\u00fangicos, antivirales, inmunoterapia, citost\u00e1ticos)<\/li><li>Nutrici\u00f3n parenteral<\/li><li>Colirios<\/li><li>Preparaciones para administraci\u00f3n intrav\u00edtrea (antif\u00fangicos, antivirales, antibi\u00f3ticos)<\/li><li>Instilaciones vesicales<\/li><\/ul>\n\n<\/div>\n\n<div class=\"\"  >\n\n<p>Se entiende como pacientes ambulantes aquellos que acuden a las diferentes instalaciones del hospital como puede ser Hospital de d\u00eda, para la administraci\u00f3n de medicaci\u00f3n que se prepara en el Servicio de Farmacia para adaptarlo a la dosis individualizada requerida por cada paciente.<\/p>\n\n\n\n<p>La mayor\u00eda de los pacientes pertenecen al \u00e1rea de oncolog\u00eda aunque tambi\u00e9n se preparan tratamientos para pacientes pertenecientes a la especialidades de Reumatolog\u00eda, Medicina Interna, Nefrolog\u00eda, Neurolog\u00eda y Digestivo. Cabe destacar tambi\u00e9n la preparaci\u00f3n de f\u00e1rmacos para administraci\u00f3n intrav\u00edtrea en pacientes con enfermedades oft\u00e1lmicas degenerativas e instilaciones vesicales para pacientes urol\u00f3gicos.<\/p>\n\n<\/div>\n\n            <\/div>\n        <\/div>\n    <\/div>","protected":false},"excerpt":{"rendered":"<p>El Servicio de Farmacia Hospitalaria es un Servicio Central de car\u00e1cter asistencial que depende de la Direcci\u00f3n M\u00e9dica que pretenden a\u00f1adir calidad en el proceso asistencial tanto a pacientes ingresados como a los pacientes externos que lo requieran garantizando una farmacoterapia eficaz, segura y eficiente. Dentro de los objetivos del Servicio de Farmacia Hospitalaria se [&hellip;]<\/p>\n","protected":false},"author":1,"featured_media":0,"parent":2236,"menu_order":0,"comment_status":"closed","ping_status":"closed","template":"","meta":{"_eb_attr":"","inline_featured_image":false},"_links":{"self":[{"href":"https:\/\/saludextremadura.ses.es\/areasaluddonbenito\/wp-json\/wp\/v2\/pages\/2239"}],"collection":[{"href":"https:\/\/saludextremadura.ses.es\/areasaluddonbenito\/wp-json\/wp\/v2\/pages"}],"about":[{"href":"https:\/\/saludextremadura.ses.es\/areasaluddonbenito\/wp-json\/wp\/v2\/types\/page"}],"author":[{"embeddable":true,"href":"https:\/\/saludextremadura.ses.es\/areasaluddonbenito\/wp-json\/wp\/v2\/users\/1"}],"replies":[{"embeddable":true,"href":"https:\/\/saludextremadura.ses.es\/areasaluddonbenito\/wp-json\/wp\/v2\/comments?post=2239"}],"version-history":[{"count":14,"href":"https:\/\/saludextremadura.ses.es\/areasaluddonbenito\/wp-json\/wp\/v2\/pages\/2239\/revisions"}],"predecessor-version":[{"id":2459,"href":"https:\/\/saludextremadura.ses.es\/areasaluddonbenito\/wp-json\/wp\/v2\/pages\/2239\/revisions\/2459"}],"up":[{"embeddable":true,"href":"https:\/\/saludextremadura.ses.es\/areasaluddonbenito\/wp-json\/wp\/v2\/pages\/2236"}],"wp:attachment":[{"href":"https:\/\/saludextremadura.ses.es\/areasaluddonbenito\/wp-json\/wp\/v2\/media?parent=2239"}],"curies":[{"name":"wp","href":"https:\/\/api.w.org\/{rel}","templated":true}]}}