{"id":2038,"date":"2022-09-16T11:58:26","date_gmt":"2022-09-16T09:58:26","guid":{"rendered":"https:\/\/saludextremadura.ses.es\/areasaluddonbenito\/?page_id=2038"},"modified":"2022-12-13T18:44:34","modified_gmt":"2022-12-13T17:44:34","slug":"participacion-comunitaria","status":"publish","type":"page","link":"https:\/\/saludextremadura.ses.es\/areasaluddonbenito\/salud-comunitaria\/participacion-comunitaria\/","title":{"rendered":"Salud comunitaria"},"content":{"rendered":"<h2 class=\"titulo-pagina wp-block-post-title\">Salud comunitaria<\/h2>\n\n\n<hr class=\"wp-block-separator has-alpha-channel-opacity linea-titulo\"\/>\n\n\n\n<p><br><\/p>\n\n\n<div >\n                    <div class=\" plethoraplugins-accordion plethoraplugins-theme__minimal \"   >\n                        <div>\n                            \n<div id=\"accin_comunitaria_para_ganar_en_salud\" class=\"pds-accordion__item pds-js-accordion-item pds-no-js\" data-initially-open=\"false\" data-click-to-close=\"true\" data-auto-close=\"true\" data-scroll=\"false\" data-scroll-offset=\"0\">\n                    <h3 id=\"at-accin_comunitaria_para_ganar_en_salud\" class=\"pds-accordion__title pds-js-accordion-controller\" role=\"button\">Acci\u00f3n comunitaria para ganar en salud<span class=\"pds-accordion__icon\" role=\"presentation\" aria-hidden=\"true\"><svg xmlns=\"http:\/\/www.w3.org\/2000\/svg\" viewBox=\"0 0 12 7.4099998\" width=\".75rem\" height=\".75rem\"><path d=\"M12 1.41 10.59 0 6 4.58 1.41 0 0 1.41l6 6z\" fill=\"currentColor\"\/><\/svg><\/span><\/h3>\n                    <div id=\"ac-accin_comunitaria_para_ganar_en_salud\" class=\"pds-accordion__content\">\n                        \n<div class=\"enlace-externo-item \">\n    <img decoding=\"async\" src=\"https:\/\/saludextremadura.ses.es\/areasaluddonbenito\/wp-content\/themes\/temaAreaSalud\/img\/Vector (14).svg\" alt=\"\">\n    <a href=\"https:\/\/www.sanidad.gob.es\/profesionales\/saludPublica\/prevPromocion\/Estrategia\/Participacion_Comunitaria.htm\" target=\"_blank\">https:\/\/www.sanidad.gob.es\/profesionales\/saludPublica\/prevPromocion\/Estrategia\/Participacion_Comunitaria.htm<\/a>\n<\/div>\n\n\n<p><\/p>\n\n\n                    <\/div>\n                <\/div>\n\n<div id=\"activos_para_la_salud_y_recursos_comunitarios\" class=\"pds-accordion__item pds-js-accordion-item pds-no-js\" data-initially-open=\"false\" data-click-to-close=\"true\" data-auto-close=\"true\" data-scroll=\"false\" data-scroll-offset=\"0\">\n                    <h3 id=\"at-activos_para_la_salud_y_recursos_comunitarios\" class=\"pds-accordion__title pds-js-accordion-controller\" role=\"button\">Activos para la salud y recursos comunitarios<span class=\"pds-accordion__icon\" role=\"presentation\" aria-hidden=\"true\"><svg xmlns=\"http:\/\/www.w3.org\/2000\/svg\" viewBox=\"0 0 12 7.4099998\" width=\".75rem\" height=\".75rem\"><path d=\"M12 1.41 10.59 0 6 4.58 1.41 0 0 1.41l6 6z\" fill=\"currentColor\"\/><\/svg><\/span><\/h3>\n                    <div id=\"ac-activos_para_la_salud_y_recursos_comunitarios\" class=\"pds-accordion__content\">\n                        \n<div class=\"enlace-externo-item \">\n    <img decoding=\"async\" src=\"https:\/\/saludextremadura.ses.es\/areasaluddonbenito\/wp-content\/themes\/temaAreaSalud\/img\/Vector (14).svg\" alt=\"\">\n    <a href=\"https:\/\/saludextremadura.ses.es\/web\/guia-de-asociaciones-de-pacientes-y-familiares-de-extremadura\" target=\"_blank\">Autonom\u00eda<\/a>\n<\/div>\n\n<div class=\"enlace-externo-item \">\n    <img decoding=\"async\" src=\"https:\/\/saludextremadura.ses.es\/areasaluddonbenito\/wp-content\/themes\/temaAreaSalud\/img\/Vector (14).svg\" alt=\"\">\n    <a href=\"https:\/\/www.sanidad.gob.es\/ciudadanos\/asocEnfermosYFamiliares\/home.htm\" target=\"_blank\">Nacional<\/a>\n<\/div>\n\n<div class=\"enlace-externo-item \">\n    <img decoding=\"async\" src=\"https:\/\/saludextremadura.ses.es\/areasaluddonbenito\/wp-content\/themes\/temaAreaSalud\/img\/Vector (14).svg\" alt=\"\">\n    <a href=\"https:\/\/localizasalud.sanidad.gob.es\/maparecursos\/main\/Menu.action\" target=\"_blank\">Mapa de recursos<\/a>\n<\/div>\n\n\n<p><\/p>\n\n\n                    <\/div>\n                <\/div>\n\n<div id=\"educacin_para_la_salud_grupal\" class=\"pds-accordion__item pds-js-accordion-item pds-no-js\" data-initially-open=\"false\" data-click-to-close=\"true\" data-auto-close=\"true\" data-scroll=\"false\" data-scroll-offset=\"0\">\n                    <h3 id=\"at-educacin_para_la_salud_grupal\" class=\"pds-accordion__title pds-js-accordion-controller\" role=\"button\">Educaci\u00f3n para la Salud Grupal<span class=\"pds-accordion__icon\" role=\"presentation\" aria-hidden=\"true\"><svg xmlns=\"http:\/\/www.w3.org\/2000\/svg\" viewBox=\"0 0 12 7.4099998\" width=\".75rem\" height=\".75rem\"><path d=\"M12 1.41 10.59 0 6 4.58 1.41 0 0 1.41l6 6z\" fill=\"currentColor\"\/><\/svg><\/span><\/h3>\n                    <div id=\"ac-educacin_para_la_salud_grupal\" class=\"pds-accordion__content\">\n                        \n<div class=\"enlace-externo-item \">\n    <img decoding=\"async\" src=\"https:\/\/saludextremadura.ses.es\/areasaluddonbenito\/wp-content\/themes\/temaAreaSalud\/img\/Vector (14).svg\" alt=\"\">\n    <a href=\"https:\/\/www.redescuelassalud.es\/actividades\/aprenderACuidarse.htm\" target=\"_blank\">Aprender a cuidarse entre iguales. Paciente activo<\/a>\n<\/div>\n\n<div class=\"enlace-externo-item \">\n    <img decoding=\"async\" src=\"https:\/\/saludextremadura.ses.es\/areasaluddonbenito\/wp-content\/themes\/temaAreaSalud\/img\/Vector (14).svg\" alt=\"\">\n    <a href=\"https:\/\/escueladepacientes.es\/\" target=\"_blank\">Escuela de pacientes. Junta de Andaluc\u00eda<\/a>\n<\/div>\n\n\n<p><\/p>\n\n\n                    <\/div>\n                <\/div>\n\n<div id=\"acciones_comunitarias\" class=\"pds-accordion__item pds-js-accordion-item pds-no-js\" data-initially-open=\"false\" data-click-to-close=\"true\" data-auto-close=\"true\" data-scroll=\"false\" data-scroll-offset=\"0\">\n                    <h3 id=\"at-acciones_comunitarias\" class=\"pds-accordion__title pds-js-accordion-controller\" role=\"button\">Acciones Comunitarias<span class=\"pds-accordion__icon\" role=\"presentation\" aria-hidden=\"true\"><svg xmlns=\"http:\/\/www.w3.org\/2000\/svg\" viewBox=\"0 0 12 7.4099998\" width=\".75rem\" height=\".75rem\"><path d=\"M12 1.41 10.59 0 6 4.58 1.41 0 0 1.41l6 6z\" fill=\"currentColor\"\/><\/svg><\/span><\/h3>\n                    <div id=\"ac-acciones_comunitarias\" class=\"pds-accordion__content\">\n                        \n<div class=\"enlace-externo-item \">\n    <img decoding=\"async\" src=\"https:\/\/saludextremadura.ses.es\/areasaluddonbenito\/wp-content\/themes\/temaAreaSalud\/img\/Vector (14).svg\" alt=\"\">\n    <a href=\"https:\/\/pacap.net\/pacap\/\" target=\"_blank\">https:\/\/pacap.net\/pacap\/<\/a>\n<\/div>\n\n<div class=\"enlace-externo-item \">\n    <img decoding=\"async\" src=\"https:\/\/saludextremadura.ses.es\/areasaluddonbenito\/wp-content\/themes\/temaAreaSalud\/img\/Vector (14).svg\" alt=\"\">\n    <a href=\"https:\/\/ctb.ku.edu\/es\" target=\"_blank\">Caja de herramientas comunitaria<\/a>\n<\/div>\n\n<div class=\"enlace-externo-item \">\n    <img decoding=\"async\" src=\"https:\/\/saludextremadura.ses.es\/areasaluddonbenito\/wp-content\/themes\/temaAreaSalud\/img\/Vector (14).svg\" alt=\"\">\n    <a href=\"https:\/\/www.sanidad.gob.es\/profesionales\/saludPublica\/prevPromocion\/Estrategia\/Accion_Comunitaria_Ganar_Salud.htm\" target=\"_blank\">Acci\u00f3n Comunitaria para ganar en salud<\/a>\n<\/div>\n\n<div class=\"enlace-externo-item \">\n    <img decoding=\"async\" src=\"https:\/\/saludextremadura.ses.es\/areasaluddonbenito\/wp-content\/themes\/temaAreaSalud\/img\/Vector (14).svg\" alt=\"\">\n    <a href=\"https:\/\/www.navarra.es\/NR\/rdonlyres\/739B6C29-A767-45BD-A86F-BFC9324AD919\/193852\/EVPROMOCION.pdf\" target=\"_blank\">Acciones colectivas y Comunitarias para ganar en salud. Promoci\u00f3n de la salud. Estilos de vida<\/a>\n<\/div>\n\n<div class=\"enlace-externo-item \">\n    <img decoding=\"async\" src=\"https:\/\/saludextremadura.ses.es\/areasaluddonbenito\/wp-content\/themes\/temaAreaSalud\/img\/Vector (14).svg\" alt=\"\">\n    <a href=\"https:\/\/saludcomunitaria.wordpress.com\/page\/2\/\" target=\"_blank\">Salud comunitaria<\/a>\n<\/div>\n\n<div class=\"enlace-externo-item \">\n    <img decoding=\"async\" src=\"https:\/\/saludextremadura.ses.es\/areasaluddonbenito\/wp-content\/themes\/temaAreaSalud\/img\/Vector (14).svg\" alt=\"\">\n    <a href=\"https:\/\/www.obsaludasturias.com\/obsa\/wp-content\/uploads\/recomendacionesPACAP1.pdf\" target=\"_blank\">\u00bfC\u00f3mo iniciar un proceso de intervenci\u00f3n y participaci\u00f3n comunitaria desde un centro de salud?<\/a>\n<\/div>\n\n\n<p><\/p>\n\n\n                    <\/div>\n                <\/div>\n\n<div id=\"redes_sociales_y_comunitarias\" class=\"pds-accordion__item pds-js-accordion-item pds-no-js\" data-initially-open=\"false\" data-click-to-close=\"true\" data-auto-close=\"true\" data-scroll=\"false\" data-scroll-offset=\"0\">\n                    <h3 id=\"at-redes_sociales_y_comunitarias\" class=\"pds-accordion__title pds-js-accordion-controller\" role=\"button\">Redes sociales y comunitarias<span class=\"pds-accordion__icon\" role=\"presentation\" aria-hidden=\"true\"><svg xmlns=\"http:\/\/www.w3.org\/2000\/svg\" viewBox=\"0 0 12 7.4099998\" width=\".75rem\" height=\".75rem\"><path d=\"M12 1.41 10.59 0 6 4.58 1.41 0 0 1.41l6 6z\" fill=\"currentColor\"\/><\/svg><\/span><\/h3>\n                    <div id=\"ac-redes_sociales_y_comunitarias\" class=\"pds-accordion__content\">\n                        \n<div class=\"enlace-externo-item \">\n    <img decoding=\"async\" src=\"https:\/\/saludextremadura.ses.es\/areasaluddonbenito\/wp-content\/themes\/temaAreaSalud\/img\/Vector (14).svg\" alt=\"\">\n    <a href=\"https:\/\/saludextremadura.ses.es\/web\/educacion-para-la-salud\" target=\"_blank\">Informaci\u00f3n para la ciudadan\u00eda educaci\u00f3n para la Salud Extremadura<\/a>\n<\/div>\n\n<div class=\"enlace-externo-item \">\n    <img decoding=\"async\" src=\"https:\/\/saludextremadura.ses.es\/areasaluddonbenito\/wp-content\/themes\/temaAreaSalud\/img\/Vector (14).svg\" alt=\"\">\n    <a href=\"https:\/\/www.redescuelassalud.es\/actividades\/eventosEscuelas.htm\" target=\"_blank\">Eventos red de escuelas de la Salud<\/a>\n<\/div>\n\n<div class=\"enlace-externo-item \">\n    <img decoding=\"async\" src=\"https:\/\/saludextremadura.ses.es\/areasaluddonbenito\/wp-content\/themes\/temaAreaSalud\/img\/Vector (14).svg\" alt=\"\">\n    <a href=\"https:\/\/www.redescuelassalud.es\/actividades\/diasMundiales.htm\" target=\"_blank\">Calendario d\u00edas mundiales<\/a>\n<\/div>\n\n\n<p><\/p>\n\n\n                    <\/div>\n                <\/div>\n\n<div id=\"actividades_y_eventos\" class=\"pds-accordion__item pds-js-accordion-item pds-no-js\" data-initially-open=\"false\" data-click-to-close=\"true\" data-auto-close=\"true\" data-scroll=\"false\" data-scroll-offset=\"0\">\n                    <h3 id=\"at-actividades_y_eventos\" class=\"pds-accordion__title pds-js-accordion-controller\" role=\"button\">Actividades y eventos<span class=\"pds-accordion__icon\" role=\"presentation\" aria-hidden=\"true\"><svg xmlns=\"http:\/\/www.w3.org\/2000\/svg\" viewBox=\"0 0 12 7.4099998\" width=\".75rem\" height=\".75rem\"><path d=\"M12 1.41 10.59 0 6 4.58 1.41 0 0 1.41l6 6z\" fill=\"currentColor\"\/><\/svg><\/span><\/h3>\n                    <div id=\"ac-actividades_y_eventos\" class=\"pds-accordion__content\">\n                        \n<div class=\"enlace-externo-item \">\n    <img decoding=\"async\" src=\"https:\/\/saludextremadura.ses.es\/areasaluddonbenito\/wp-content\/themes\/temaAreaSalud\/img\/Vector (14).svg\" alt=\"\">\n    <a href=\"https:\/\/saludextremadura.ses.es\/web\/guia-de-asociaciones-de-pacientes-y-familiares-de-extremadura  \" target=\"_blank\">Asociaciones de pacientes<\/a>\n<\/div>\n\n<div class=\"enlace-externo-item \">\n    <img decoding=\"async\" src=\"https:\/\/saludextremadura.ses.es\/areasaluddonbenito\/wp-content\/themes\/temaAreaSalud\/img\/Vector (14).svg\" alt=\"\">\n    <a href=\"https:\/\/saludextremadura.ses.es\/web\/guia-de-asociaciones-de-pacientes-y-familiares-de-extremadura  \" target=\"_blank\">Asociaciones de pacientes<\/a>\n<\/div>\n\n<div class=\"enlace-externo-item \">\n    <img decoding=\"async\" src=\"https:\/\/saludextremadura.ses.es\/areasaluddonbenito\/wp-content\/themes\/temaAreaSalud\/img\/Vector (14).svg\" alt=\"\">\n    <a href=\"https:\/\/ciudadano.gobex.es\/telefonos\" target=\"_blank\">Otros tel\u00e9fonos de inter\u00e9s <\/a>\n<\/div>\n\n\n<p><\/p>\n\n\n                    <\/div>\n                <\/div>\n\n                        <\/div>\n                    <\/div>\n            <\/div>","protected":false},"excerpt":{"rendered":"","protected":false},"author":1,"featured_media":0,"parent":2246,"menu_order":0,"comment_status":"closed","ping_status":"closed","template":"","meta":{"_eb_attr":"","inline_featured_image":false},"_links":{"self":[{"href":"https:\/\/saludextremadura.ses.es\/areasaluddonbenito\/wp-json\/wp\/v2\/pages\/2038"}],"collection":[{"href":"https:\/\/saludextremadura.ses.es\/areasaluddonbenito\/wp-json\/wp\/v2\/pages"}],"about":[{"href":"https:\/\/saludextremadura.ses.es\/areasaluddonbenito\/wp-json\/wp\/v2\/types\/page"}],"author":[{"embeddable":true,"href":"https:\/\/saludextremadura.ses.es\/areasaluddonbenito\/wp-json\/wp\/v2\/users\/1"}],"replies":[{"embeddable":true,"href":"https:\/\/saludextremadura.ses.es\/areasaluddonbenito\/wp-json\/wp\/v2\/comments?post=2038"}],"version-history":[{"count":8,"href":"https:\/\/saludextremadura.ses.es\/areasaluddonbenito\/wp-json\/wp\/v2\/pages\/2038\/revisions"}],"predecessor-version":[{"id":2957,"href":"https:\/\/saludextremadura.ses.es\/areasaluddonbenito\/wp-json\/wp\/v2\/pages\/2038\/revisions\/2957"}],"up":[{"embeddable":true,"href":"https:\/\/saludextremadura.ses.es\/areasaluddonbenito\/wp-json\/wp\/v2\/pages\/2246"}],"wp:attachment":[{"href":"https:\/\/saludextremadura.ses.es\/areasaluddonbenito\/wp-json\/wp\/v2\/media?parent=2038"}],"curies":[{"name":"wp","href":"https:\/\/api.w.org\/{rel}","templated":true}]}}