{"id":1861,"date":"2022-09-14T09:20:22","date_gmt":"2022-09-14T07:20:22","guid":{"rendered":"https:\/\/saludextremadura.ses.es\/areasaluddonbenito\/?page_id=1861"},"modified":"2022-10-19T15:44:33","modified_gmt":"2022-10-19T13:44:33","slug":"enfermedades-de-declaracion-obligatoria","status":"publish","type":"page","link":"https:\/\/saludextremadura.ses.es\/areasaluddonbenito\/saludpublica\/epidemiologia\/enfermedades-de-declaracion-obligatoria\/","title":{"rendered":"Enfermedades de declaraci\u00f3n obligatoria"},"content":{"rendered":"<h2 class=\"titulo-pagina wp-block-post-title\">Enfermedades de declaraci\u00f3n obligatoria<\/h2>\n\n\n<hr class=\"wp-block-separator has-alpha-channel-opacity linea-titulo\"\/>\n\n\n\n<p>El control y prevenci\u00f3n de las enfermedades transmitidas por alimentos reviste especial importancia en nuestros d\u00edas ya que el cambio de h\u00e1bitos alimentarios de la poblaci\u00f3n, con un mayor consumo de productos elaborados industrialmente, est\u00e1 produciendo un lento, pero progresivo aumento de las mismas, en especial de las Toxinfecciones alimentarias.&nbsp;<\/p>\n\n\n\n<p>Se considerar\u00e1 brote de enfermedades transmitidas por alimentos a la aparici\u00f3n de 2 o m\u00e1s casos de una enfermedad, infecciosa o no, en la que se observa una relaci\u00f3n con la ingesta de un alimento o bebida com\u00fan (mecanismo de transmisi\u00f3n e incluso fuente de \u201cinfecci\u00f3n\u201d). La relaci\u00f3n entre los casos se establecer\u00e1 en t\u00e9rminos epidemiol\u00f3gicos, esto es: de tiempo, lugar y persona.&nbsp;<\/p>\n\n\n\n<p>A efectos de notificaci\u00f3n e investigaci\u00f3n urgente, tambi\u00e9n se considerar\u00e1n brotes transmitidos por alimentos a la aparici\u00f3n de un solo caso de botulismo, triquinosis, intoxicaci\u00f3n por setas, enfermedad paral\u00edtica por moluscos, tuberculosis de origen bovino, brucelosis transmitida por alimentos, Encefalopat\u00eda espongiforme humana, y cualquier otra enfermedad infecciosa o no, que no sea habitual en la comunidad y que est\u00e9 relacionada con el consumo de alimentos.&nbsp;<\/p>\n\n\n<div style=\"display:flex\" class=\"enlacearchivos\">\n    <img decoding=\"async\" src=\"https:\/\/saludextremadura.ses.es\/areasaluddonbenito\/wp-content\/themes\/temaAreaSalud\/img\/Vector (14).svg\" alt=\"\">\n    <a class=\"\" title=\"\" href=\"https:\/\/saludextremadura.ses.es\/areasaluddonbenito\/download\/2001\/?tmstv=1776603416\" rel=\"nofollow\">\n        Modalidades de declaraci\u00f3n de enfermedades    <\/a>\n    <div class=\"filetype-icon filetype-pdf \"><\/div>\n<\/div>\n\n<div style=\"display:flex\" class=\"enlacearchivos\">\n    <img decoding=\"async\" src=\"https:\/\/saludextremadura.ses.es\/areasaluddonbenito\/wp-content\/themes\/temaAreaSalud\/img\/Vector (14).svg\" alt=\"\">\n    <a class=\"\" title=\"\" href=\"https:\/\/saludextremadura.ses.es\/areasaluddonbenito\/download\/2004\/?tmstv=1776603416\" rel=\"nofollow\">\n        ORDEN de 22 de abril de 2016 por la que se establece la relaci\u00f3n de enfermedades de declaraci\u00f3n obligatoria y su declaraci\u00f3n a la Red de Vigilancia Epidemiol\u00f3gica de Extremadura    <\/a>\n    <div class=\"filetype-icon filetype-pdf \"><\/div>\n<\/div>\n\n\n<p class=\"has-vivid-red-color has-text-color\">Covid19<\/p>\n\n\n<div class=\"wp-block-image\">\n<figure class=\"aligncenter size-full\"><img decoding=\"async\" loading=\"lazy\" width=\"566\" height=\"707\" src=\"https:\/\/saludextremadura.ses.es\/areasaluddonbenito\/wp-content\/uploads\/2022\/10\/image010.png\" alt=\"\" class=\"wp-image-2714\" srcset=\"https:\/\/saludextremadura.ses.es\/areasaluddonbenito\/wp-content\/uploads\/2022\/10\/image010.png 566w, https:\/\/saludextremadura.ses.es\/areasaluddonbenito\/wp-content\/uploads\/2022\/10\/image010-240x300.png 240w, https:\/\/saludextremadura.ses.es\/areasaluddonbenito\/wp-content\/uploads\/2022\/10\/image010-19x24.png 19w, https:\/\/saludextremadura.ses.es\/areasaluddonbenito\/wp-content\/uploads\/2022\/10\/image010-29x36.png 29w, https:\/\/saludextremadura.ses.es\/areasaluddonbenito\/wp-content\/uploads\/2022\/10\/image010-51x64.png 51w\" sizes=\"(max-width: 566px) 100vw, 566px\" \/><\/figure><\/div>","protected":false},"excerpt":{"rendered":"<p>El control y prevenci\u00f3n de las enfermedades transmitidas por alimentos reviste especial importancia en nuestros d\u00edas ya que el cambio de h\u00e1bitos alimentarios de la poblaci\u00f3n, con un mayor consumo de productos elaborados industrialmente, est\u00e1 produciendo un lento, pero progresivo aumento de las mismas, en especial de las Toxinfecciones alimentarias.&nbsp; Se considerar\u00e1 brote de enfermedades [&hellip;]<\/p>\n","protected":false},"author":1,"featured_media":0,"parent":695,"menu_order":0,"comment_status":"closed","ping_status":"closed","template":"page-template\/page-no-slider.php","meta":{"_eb_attr":"","inline_featured_image":false},"_links":{"self":[{"href":"https:\/\/saludextremadura.ses.es\/areasaluddonbenito\/wp-json\/wp\/v2\/pages\/1861"}],"collection":[{"href":"https:\/\/saludextremadura.ses.es\/areasaluddonbenito\/wp-json\/wp\/v2\/pages"}],"about":[{"href":"https:\/\/saludextremadura.ses.es\/areasaluddonbenito\/wp-json\/wp\/v2\/types\/page"}],"author":[{"embeddable":true,"href":"https:\/\/saludextremadura.ses.es\/areasaluddonbenito\/wp-json\/wp\/v2\/users\/1"}],"replies":[{"embeddable":true,"href":"https:\/\/saludextremadura.ses.es\/areasaluddonbenito\/wp-json\/wp\/v2\/comments?post=1861"}],"version-history":[{"count":6,"href":"https:\/\/saludextremadura.ses.es\/areasaluddonbenito\/wp-json\/wp\/v2\/pages\/1861\/revisions"}],"predecessor-version":[{"id":2715,"href":"https:\/\/saludextremadura.ses.es\/areasaluddonbenito\/wp-json\/wp\/v2\/pages\/1861\/revisions\/2715"}],"up":[{"embeddable":true,"href":"https:\/\/saludextremadura.ses.es\/areasaluddonbenito\/wp-json\/wp\/v2\/pages\/695"}],"wp:attachment":[{"href":"https:\/\/saludextremadura.ses.es\/areasaluddonbenito\/wp-json\/wp\/v2\/media?parent=1861"}],"curies":[{"name":"wp","href":"https:\/\/api.w.org\/{rel}","templated":true}]}}