{"id":1828,"date":"2022-09-14T08:17:11","date_gmt":"2022-09-14T06:17:11","guid":{"rendered":"https:\/\/saludextremadura.ses.es\/areasaluddonbenito\/?page_id=1828"},"modified":"2022-09-14T13:43:32","modified_gmt":"2022-09-14T11:43:32","slug":"gestion-del-riesgo","status":"publish","type":"page","link":"https:\/\/saludextremadura.ses.es\/areasaluddonbenito\/saludpublica\/seguridad-en-el-paciente\/gestion-del-riesgo\/","title":{"rendered":"Gesti\u00f3n del Riesgo"},"content":{"rendered":"<h2 class=\"titulo-pagina wp-block-post-title\">Gesti\u00f3n del Riesgo<\/h2>\n\n\n<hr class=\"wp-block-separator has-alpha-channel-opacity linea-titulo\"\/>\n\n\n\n<p>Cuando los profesionales de la salud detectan un riesgo o un evento adverso para la seguridad del paciente tienen la oportunidad de comunicarlo an\u00f3nimamente a trav\u00e9s de una plataforma (SiNASP), para posteriormente proceder a su an\u00e1lisis y poner en marcha las medidas que permitan disminuir la posibilidad de que otro paciente sufra los mismos da\u00f1os.<\/p>\n\n\n<div class=\"enlace-externo-item \">\n    <img decoding=\"async\" src=\"https:\/\/saludextremadura.ses.es\/areasaluddonbenito\/wp-content\/themes\/temaAreaSalud\/img\/Vector (14).svg\" alt=\"\">\n    <a href=\"https:\/\/sinasp.es\/\" target=\"_blank\">Sinasp<\/a>\n<\/div>\n\n\n<p>El objetivo del SiNASP es mejorar la seguridad de los pacientes a partir del an\u00e1lisis de situaciones, problemas e incidentes que produjeron, o podr\u00edan haber producido, da\u00f1o a los pacientes. El \u00e9nfasis principal del sistema est\u00e1 en el aprendizaje para la mejora. Aunque la notificaci\u00f3n es voluntaria, se anima encarecidamente a los profesionales a utilizar el sistema, colaborando as\u00ed en el aprendizaje y la mejora de la seguridad del paciente.<\/p>\n\n\n\n<p>La informaci\u00f3n introducida en el SiNASP es totalmente confidencial y est\u00e1 protegida por los m\u00e1s avanzados sistemas de seguridad. Est\u00e1 disponible para hospitales y para centros de Atenci\u00f3n Primaria. S\u00f3lo los profesionales de los centros que est\u00e1n dados de alta en el sistema podr\u00e1n notificar incidentes en el SiNASP.<\/p>\n\n\n\n<p>Seg\u00fan las conclusiones generales sobre la evoluci\u00f3n entre 2013-2018 de los eventos adversos notificados en SiNASP en la Comunidad Aut\u00f3noma De Extremadura, recogidas en el Plan Estrat\u00e9gico de Seguridad del Paciente de 2019-2023, en la clasificaci\u00f3n de los incidentes seg\u00fan su tipo existen cuatro tipos de incidentes: la identificaci\u00f3n, medicaci\u00f3n, IRAS y pruebas diagn\u00f3sticas. Es la identificaci\u00f3n la que ocupa el primer lugar en el c\u00f3mputo global, seguida de la medicaci\u00f3n y pruebas diagn\u00f3sticas.<\/p>\n","protected":false},"excerpt":{"rendered":"<p>Cuando los profesionales de la salud detectan un riesgo o un evento adverso para la seguridad del paciente tienen la oportunidad de comunicarlo an\u00f3nimamente a trav\u00e9s de una plataforma (SiNASP), para posteriormente proceder a su an\u00e1lisis y poner en marcha las medidas que permitan disminuir la posibilidad de que otro paciente sufra los mismos da\u00f1os. [&hellip;]<\/p>\n","protected":false},"author":1,"featured_media":0,"parent":697,"menu_order":0,"comment_status":"closed","ping_status":"closed","template":"page-template\/page-no-slider.php","meta":{"_eb_attr":"","inline_featured_image":false},"_links":{"self":[{"href":"https:\/\/saludextremadura.ses.es\/areasaluddonbenito\/wp-json\/wp\/v2\/pages\/1828"}],"collection":[{"href":"https:\/\/saludextremadura.ses.es\/areasaluddonbenito\/wp-json\/wp\/v2\/pages"}],"about":[{"href":"https:\/\/saludextremadura.ses.es\/areasaluddonbenito\/wp-json\/wp\/v2\/types\/page"}],"author":[{"embeddable":true,"href":"https:\/\/saludextremadura.ses.es\/areasaluddonbenito\/wp-json\/wp\/v2\/users\/1"}],"replies":[{"embeddable":true,"href":"https:\/\/saludextremadura.ses.es\/areasaluddonbenito\/wp-json\/wp\/v2\/comments?post=1828"}],"version-history":[{"count":4,"href":"https:\/\/saludextremadura.ses.es\/areasaluddonbenito\/wp-json\/wp\/v2\/pages\/1828\/revisions"}],"predecessor-version":[{"id":1929,"href":"https:\/\/saludextremadura.ses.es\/areasaluddonbenito\/wp-json\/wp\/v2\/pages\/1828\/revisions\/1929"}],"up":[{"embeddable":true,"href":"https:\/\/saludextremadura.ses.es\/areasaluddonbenito\/wp-json\/wp\/v2\/pages\/697"}],"wp:attachment":[{"href":"https:\/\/saludextremadura.ses.es\/areasaluddonbenito\/wp-json\/wp\/v2\/media?parent=1828"}],"curies":[{"name":"wp","href":"https:\/\/api.w.org\/{rel}","templated":true}]}}