{"id":1826,"date":"2022-09-14T08:16:44","date_gmt":"2022-09-14T06:16:44","guid":{"rendered":"https:\/\/saludextremadura.ses.es\/areasaluddonbenito\/?page_id=1826"},"modified":"2022-09-14T13:45:46","modified_gmt":"2022-09-14T11:45:46","slug":"seguridad-en-el-bloque-quirugico","status":"publish","type":"page","link":"https:\/\/saludextremadura.ses.es\/areasaluddonbenito\/saludpublica\/seguridad-en-el-paciente\/seguridad-en-el-bloque-quirugico\/","title":{"rendered":"Seguridad en el Bloque Quir\u00fargico"},"content":{"rendered":"<h2 class=\"titulo-pagina wp-block-post-title\">Seguridad en el Bloque Quir\u00fargico<\/h2>\n\n\n<hr class=\"wp-block-separator has-alpha-channel-opacity linea-titulo\"\/>\n\n\n\n<p>La cirug\u00eda representa uno de los pilares b\u00e1sicos del tratamiento m\u00e9dico en los pa\u00edses desarrollados. Sin embargo, \u00e9sta no est\u00e1 exenta de complicaciones asociadas. En octubre de 2004 la Organizaci\u00f3n Mundial de la Salud (OMS) cre\u00f3 la Alianza Mundial para la Seguridad del Paciente para promover la sensibilizaci\u00f3n y el compromiso po\u00adl\u00edtico apoyando a los Estados miembros en la formulaci\u00f3n de pol\u00edticas y pr\u00e1cticas para la seguridad de los pacientes. En 2007 la Alianza formul\u00f3 el Segundo Reto Global por la seguridad del paciente con el lema de \u201cLa cirug\u00eda segura salva vi\u00addas\u201d, dirigido a mejorar la seguridad quir\u00fargica, reduciendo las complicaciones y mortalidad asociados a la cirug\u00eda alrededor del mundo a partir de cuatro l\u00edneas de acci\u00f3n:<\/p>\n\n\n\n<ul><li>Ofreciendo informaci\u00f3n a los profesionales y gestores sanitarios sobre la impor\u00adtancia de la cultura de la seguridad en el campo de la cirug\u00eda.<\/li><li>Definiendo algunas medidas unitarias para construir un registro m\u00ednimo de datos que permita monitorizar los cuidados quir\u00fargicos.<\/li><li>Identificando algunas acciones b\u00e1sicas para mejorar la seguridad quir\u00fargica para implantarlas a nivel global.<\/li><li>Evaluando estas estrategias para poder difundir e implantarlas en los hospitales de alrededor del mundo.<\/li><\/ul>\n\n\n\n<p>A partir de estas cuatro estrategias se definieron los diez objetivos esenciales que todo equipo quir\u00fargico deber\u00eda alcanzar durante la atenci\u00f3n quir\u00fargica A partir de estas cuatro estrategias se difinieron los diez objetivos esenciales que todo equipo quir\u00fargico deber\u00eda alcanzar durante la atenci\u00f3n quir\u00fargica. De esos diez objetivos surgi\u00f3 la denominada Lista OMS de verificaci\u00f3n de la seguridad de la cirug\u00eda (LVSC) que, a partir de 19 \u00edtems, propone la verificaci\u00f3n oral por parte del personal quir\u00fargico de una serie de pr\u00e1cticas seguras en tres momentos cr\u00edticos de la atenci\u00f3n perioperatoria: antes de la administraci\u00f3n de la anestesia, antes de la incisi\u00f3n de la piel y antes de que el paciente abandone el quir\u00f3fano.<\/p>\n\n\n<div class=\"enlace-externo-item \">\n    <img decoding=\"async\" src=\"https:\/\/saludextremadura.ses.es\/areasaluddonbenito\/wp-content\/themes\/temaAreaSalud\/img\/Vector (14).svg\" alt=\"\">\n    <a href=\"https:\/\/www.who.int\/patientsafety\/safesurgery\/sssl_brochure_spanish.pdf\" target=\"_blank\">https:\/\/www.who.int\/patientsafety\/safesurgery\/sssl_brochure_spanish.pdf<\/a>\n<\/div>\n\n\n<p>El MSSI promueve el Programa de seguridad en el bloque quir\u00fargico que incluye los proyectos Cirug\u00eda Segura e Infecci\u00f3n Quir\u00fargica Zero.<\/p>\n\n\n\n<p>El proyecto Cirug\u00eda Segura, liderado t\u00e9cnicamente por la Asociaci\u00f3n Espa\u00f1ola de Cirujanos, pretende crear una red colaborativa de bloques quir\u00fargicos de distintas especialidades, que apliquen pr\u00e1cticas seguras de efectividad demostrada y que compartan herramientas para fomentar la seguridad quir\u00fargica.<\/p>\n\n\n<div class=\"enlace-externo-item \">\n    <img decoding=\"async\" src=\"https:\/\/saludextremadura.ses.es\/areasaluddonbenito\/wp-content\/themes\/temaAreaSalud\/img\/Vector (14).svg\" alt=\"\">\n    <a href=\"http:\/\/www.cirugiasegura.es\/\" target=\"_blank\">http:\/\/www.cirugiasegura.es\/<\/a>\n<\/div>\n\n\n<p>El Proyecto Infecci\u00f3n Quir\u00fargica Zero (IQZ), liderado t\u00e9cnicamente por la Sociedad de Medicina Preventiva, Salud P\u00fablica e Higiene pretende reducir la tasa de infecci\u00f3n de sitio quir\u00fargico en los centros sanitarios donde se aplique y contribuir a su disminuci\u00f3n y control a nivel del SNS.<\/p>\n\n\n<div class=\"enlace-externo-item \">\n    <img decoding=\"async\" src=\"https:\/\/saludextremadura.ses.es\/areasaluddonbenito\/wp-content\/themes\/temaAreaSalud\/img\/Vector (14).svg\" alt=\"\">\n    <a href=\"https:\/\/infeccionquirurgicazero.es\/es\/\" target=\"_blank\">https:\/\/infeccionquirurgicazero.es\/es\/<\/a>\n<\/div>\n\n\n<p>Dentro de la comunidad aut\u00f3noma de Extremadura en 2019 se elabor\u00f3 el \u201cProceso Asistencial del Paciente Quir\u00fargico\u201d con el fin estandarizar los procedimientos y protocolizar las actividades que se realizan en torno al paciente quir\u00fargico e influir sobre las dos vertientes que reducen los riesgos, la primera dirigida a los profesionales, para mejorar sus conocimientos y ser una gu\u00eda de pr\u00e1cticas basadas en la evidencia de cada una de sus acciones a lo largo de este proceso asistencial. Y la segunda va dirigida a mejorar el entorno del paciente, las condiciones latentes y definir las barreras que eviten efectos adversos al paciente quir\u00fargico.<\/p>\n\n\n<div class=\"enlace-externo-item \">\n    <img decoding=\"async\" src=\"https:\/\/saludextremadura.ses.es\/areasaluddonbenito\/wp-content\/themes\/temaAreaSalud\/img\/Vector (14).svg\" alt=\"\">\n    <a href=\"https:\/\/serweb.ses.care\/pai\/procesos\/procesos-quirurgicos-2\/paciente-quirurgico\/\" target=\"_blank\">https:\/\/serweb.ses.care\/pai\/procesos\/procesos-quirurgicos-2\/paciente-quirurgico\/<\/a>\n<\/div>","protected":false},"excerpt":{"rendered":"<p>La cirug\u00eda representa uno de los pilares b\u00e1sicos del tratamiento m\u00e9dico en los pa\u00edses desarrollados. Sin embargo, \u00e9sta no est\u00e1 exenta de complicaciones asociadas. En octubre de 2004 la Organizaci\u00f3n Mundial de la Salud (OMS) cre\u00f3 la Alianza Mundial para la Seguridad del Paciente para promover la sensibilizaci\u00f3n y el compromiso po\u00adl\u00edtico apoyando a los [&hellip;]<\/p>\n","protected":false},"author":1,"featured_media":0,"parent":697,"menu_order":0,"comment_status":"closed","ping_status":"closed","template":"page-template\/page-no-slider.php","meta":{"_eb_attr":"","inline_featured_image":false},"_links":{"self":[{"href":"https:\/\/saludextremadura.ses.es\/areasaluddonbenito\/wp-json\/wp\/v2\/pages\/1826"}],"collection":[{"href":"https:\/\/saludextremadura.ses.es\/areasaluddonbenito\/wp-json\/wp\/v2\/pages"}],"about":[{"href":"https:\/\/saludextremadura.ses.es\/areasaluddonbenito\/wp-json\/wp\/v2\/types\/page"}],"author":[{"embeddable":true,"href":"https:\/\/saludextremadura.ses.es\/areasaluddonbenito\/wp-json\/wp\/v2\/users\/1"}],"replies":[{"embeddable":true,"href":"https:\/\/saludextremadura.ses.es\/areasaluddonbenito\/wp-json\/wp\/v2\/comments?post=1826"}],"version-history":[{"count":6,"href":"https:\/\/saludextremadura.ses.es\/areasaluddonbenito\/wp-json\/wp\/v2\/pages\/1826\/revisions"}],"predecessor-version":[{"id":1933,"href":"https:\/\/saludextremadura.ses.es\/areasaluddonbenito\/wp-json\/wp\/v2\/pages\/1826\/revisions\/1933"}],"up":[{"embeddable":true,"href":"https:\/\/saludextremadura.ses.es\/areasaluddonbenito\/wp-json\/wp\/v2\/pages\/697"}],"wp:attachment":[{"href":"https:\/\/saludextremadura.ses.es\/areasaluddonbenito\/wp-json\/wp\/v2\/media?parent=1826"}],"curies":[{"name":"wp","href":"https:\/\/api.w.org\/{rel}","templated":true}]}}