{"id":1824,"date":"2022-09-14T08:16:15","date_gmt":"2022-09-14T06:16:15","guid":{"rendered":"https:\/\/saludextremadura.ses.es\/areasaluddonbenito\/?page_id=1824"},"modified":"2022-09-14T13:46:31","modified_gmt":"2022-09-14T11:46:31","slug":"otros-proyectos-zero-flebitis-zero","status":"publish","type":"page","link":"https:\/\/saludextremadura.ses.es\/areasaluddonbenito\/saludpublica\/seguridad-en-el-paciente\/otros-proyectos-zero-flebitis-zero\/","title":{"rendered":"Otros proyectos Zero. Flebitis Zero"},"content":{"rendered":"<h2 class=\"titulo-pagina wp-block-post-title\">Otros proyectos Zero. Flebitis Zero<\/h2>\n\n\n<hr class=\"wp-block-separator has-alpha-channel-opacity linea-titulo\"\/>\n\n\n\n<p>M\u00e1s de 20 millones de cat\u00e9teres perif\u00e9ricos son canalizados anualmente en Espa\u00f1a. El 66,6% de los pacientes ingresados tiene un cat\u00e9ter perif\u00e9rico (EPINE 2012). La Flebitis conlleva el 12.9% de los eventos adversos detectados (EAPAS 2008 ). El \u201cProyecto Flebitis Zero\u201d instaurado desde&nbsp; 2016 tiene como objetivos tiene garantizar un acceso venoso seguro, eficaz y m\u00ednimamente agresivo para el paciente disminuyendo la variabilidad en los cuidados, prevenir y reducir los eventos adversos e incidentes relacionados con estos procedimientos y promocionar el an\u00e1lisis y evaluaci\u00f3n de las medidas instauradas favoreciendo la mejora continua. Esta basado en el empleo de un conjunto de medidas o bundles de obligado cumplimiento.<\/p>\n\n\n<div class=\"enlace-externo-item \">\n    <img decoding=\"async\" src=\"https:\/\/saludextremadura.ses.es\/areasaluddonbenito\/wp-content\/themes\/temaAreaSalud\/img\/Vector (14).svg\" alt=\"\">\n    <a href=\"http:\/\/flebitiszero.com\/app\/formacion\/\" target=\"_blank\">http:\/\/flebitiszero.com\/app\/formacion\/<\/a>\n<\/div>","protected":false},"excerpt":{"rendered":"<p>M\u00e1s de 20 millones de cat\u00e9teres perif\u00e9ricos son canalizados anualmente en Espa\u00f1a. El 66,6% de los pacientes ingresados tiene un cat\u00e9ter perif\u00e9rico (EPINE 2012). La Flebitis conlleva el 12.9% de los eventos adversos detectados (EAPAS 2008 ). El \u201cProyecto Flebitis Zero\u201d instaurado desde&nbsp; 2016 tiene como objetivos tiene garantizar un acceso venoso seguro, eficaz y [&hellip;]<\/p>\n","protected":false},"author":1,"featured_media":0,"parent":697,"menu_order":0,"comment_status":"closed","ping_status":"closed","template":"page-template\/page-no-slider.php","meta":{"_eb_attr":"","inline_featured_image":false},"_links":{"self":[{"href":"https:\/\/saludextremadura.ses.es\/areasaluddonbenito\/wp-json\/wp\/v2\/pages\/1824"}],"collection":[{"href":"https:\/\/saludextremadura.ses.es\/areasaluddonbenito\/wp-json\/wp\/v2\/pages"}],"about":[{"href":"https:\/\/saludextremadura.ses.es\/areasaluddonbenito\/wp-json\/wp\/v2\/types\/page"}],"author":[{"embeddable":true,"href":"https:\/\/saludextremadura.ses.es\/areasaluddonbenito\/wp-json\/wp\/v2\/users\/1"}],"replies":[{"embeddable":true,"href":"https:\/\/saludextremadura.ses.es\/areasaluddonbenito\/wp-json\/wp\/v2\/comments?post=1824"}],"version-history":[{"count":3,"href":"https:\/\/saludextremadura.ses.es\/areasaluddonbenito\/wp-json\/wp\/v2\/pages\/1824\/revisions"}],"predecessor-version":[{"id":1934,"href":"https:\/\/saludextremadura.ses.es\/areasaluddonbenito\/wp-json\/wp\/v2\/pages\/1824\/revisions\/1934"}],"up":[{"embeddable":true,"href":"https:\/\/saludextremadura.ses.es\/areasaluddonbenito\/wp-json\/wp\/v2\/pages\/697"}],"wp:attachment":[{"href":"https:\/\/saludextremadura.ses.es\/areasaluddonbenito\/wp-json\/wp\/v2\/media?parent=1824"}],"curies":[{"name":"wp","href":"https:\/\/api.w.org\/{rel}","templated":true}]}}