{"id":1822,"date":"2022-09-14T08:15:39","date_gmt":"2022-09-14T06:15:39","guid":{"rendered":"https:\/\/saludextremadura.ses.es\/areasaluddonbenito\/?page_id=1822"},"modified":"2022-09-14T13:48:21","modified_gmt":"2022-09-14T11:48:21","slug":"seguridad-del-paciente-critico-proyectos-zero","status":"publish","type":"page","link":"https:\/\/saludextremadura.ses.es\/areasaluddonbenito\/saludpublica\/seguridad-en-el-paciente\/seguridad-del-paciente-critico-proyectos-zero\/","title":{"rendered":"Seguridad del Paciente Critico (Proyectos Zero)"},"content":{"rendered":"<h2 class=\"titulo-pagina wp-block-post-title\">Seguridad del Paciente Critico (Proyectos Zero)<\/h2>\n\n\n<hr class=\"wp-block-separator has-alpha-channel-opacity linea-titulo\"\/>\n\n\n\n<p>En el paciente cr\u00edtico se realizan m\u00falti\u00adples intervenciones por paciente y d\u00eda, la mayor\u00eda de ellas planificadas, pero pese a ello no exentas de riesgo.&nbsp; La medicina actual es compleja, efectiva, pero potencialmente peligrosa. Todo ello resulta exponencialmente superior en el \u00e1mbito de la medicina intensiva: complejo, cr\u00edtico, intr\u00ednsecamente tecnol\u00f3gico y con exploraciones diagn\u00f3sticas y terap\u00e9uti\u00adcas de aplicaci\u00f3n beneficiosa, aunque no exenta de riesgos. La inci\u00addencia de errores y eventos adversos (EA) en los Servicios de Medicina Intensiva (SMI) se cifra del 1 al 32%.<\/p>\n\n\n\n<p>Se han desarrollado diferentes estrategias en\u00a0 Seguridad del Paciente dentro del \u00e1mbito de la Medicina Intensiva entre el que destaca el estudio EN\u00adVIN (Estudio Nacional de Vigilancia de Infecci\u00f3n Nosocomial). Hay que destacar los \u201cProyectos Zero\u201d desarrollados desde 2009: Bac\u00adteriemia Zero, Neumon\u00eda Zero, Resistencia Zero y recientemente ITU-Zero. Desarrollados en el \u00e1mbito de los SMI, con el prop\u00f3sito de reducir la incidencia y mortalidad producida por las bacterie\u00admias relacionadas con los cat\u00e9teres, las neumon\u00edas asociadas a ventilaci\u00f3n mec\u00e1nica, para reducir el riesgo de selecci\u00f3n y diseminaci\u00f3n de resistencias a los antibi\u00f3ticos y las infecciones asociadas a cat\u00e9ter urinario, respectivamente. Todos ellos basados en el empleo de un conjunto de medidas o bundles de obligado cumplimiento<\/p>\n\n\n<div class=\"enlace-externo-item \">\n    <img decoding=\"async\" src=\"https:\/\/saludextremadura.ses.es\/areasaluddonbenito\/wp-content\/themes\/temaAreaSalud\/img\/Vector (14).svg\" alt=\"\">\n    <a href=\"https:\/\/seguridaddelpaciente.es\/resources\/documentos\/2015\/PROTOCOLO_BACTERIEMIA_ZERO.pdf\" target=\"_blank\">https:\/\/seguridaddelpaciente.es\/resources\/documentos\/2015\/PROTOCOLO_BACTERIEMIA_ZERO.pdf<\/a>\n<\/div>\n\n<div class=\"enlace-externo-item \">\n    <img decoding=\"async\" src=\"https:\/\/saludextremadura.ses.es\/areasaluddonbenito\/wp-content\/themes\/temaAreaSalud\/img\/Vector (14).svg\" alt=\"\">\n    <a href=\"https:\/\/seguridaddelpaciente.es\/resources\/documentos\/2019\/05\/neumonia-zero\/PROTOCOLO_NZ_V4_2.pdf\" target=\"_blank\">https:\/\/seguridaddelpaciente.es\/resources\/documentos\/2019\/05\/neumonia-zero\/PROTOCOLO_NZ_V4_2.pdf<\/a>\n<\/div>\n\n<div class=\"enlace-externo-item \">\n    <img decoding=\"async\" src=\"https:\/\/saludextremadura.ses.es\/areasaluddonbenito\/wp-content\/themes\/temaAreaSalud\/img\/Vector (14).svg\" alt=\"\">\n    <a href=\"https:\/\/seguridaddelpaciente.es\/resources\/documentos\/2019\/05\/resistencia-zero\/PROYECTO_RZ_-_VERSION_FINAL_%2826MARZO_2014%29.pdf\" target=\"_blank\">https:\/\/seguridaddelpaciente.es\/resources\/documentos\/2019\/05\/resistencia-zero\/PROYECTO_RZ_-_VERSION_FINAL_%2826MARZO_2014%29.pdf<\/a>\n<\/div>\n\n<div class=\"enlace-externo-item \">\n    <img decoding=\"async\" src=\"https:\/\/saludextremadura.ses.es\/areasaluddonbenito\/wp-content\/themes\/temaAreaSalud\/img\/Vector (14).svg\" alt=\"\">\n    <a href=\"https:\/\/seguridaddelpaciente.es\/resources\/documentos\/2018\/04\/itu-zero\/definitivo\/PROYECTO-ITU-ZERO-2018-2020.pdf\" target=\"_blank\">https:\/\/seguridaddelpaciente.es\/resources\/documentos\/2018\/04\/itu-zero\/definitivo\/PROYECTO-ITU-ZERO-2018-2020.pdf<\/a>\n<\/div>","protected":false},"excerpt":{"rendered":"<p>En el paciente cr\u00edtico se realizan m\u00falti\u00adples intervenciones por paciente y d\u00eda, la mayor\u00eda de ellas planificadas, pero pese a ello no exentas de riesgo.&nbsp; La medicina actual es compleja, efectiva, pero potencialmente peligrosa. Todo ello resulta exponencialmente superior en el \u00e1mbito de la medicina intensiva: complejo, cr\u00edtico, intr\u00ednsecamente tecnol\u00f3gico y con exploraciones diagn\u00f3sticas y [&hellip;]<\/p>\n","protected":false},"author":1,"featured_media":0,"parent":697,"menu_order":0,"comment_status":"closed","ping_status":"closed","template":"page-template\/page-no-slider.php","meta":{"_eb_attr":"","inline_featured_image":false},"_links":{"self":[{"href":"https:\/\/saludextremadura.ses.es\/areasaluddonbenito\/wp-json\/wp\/v2\/pages\/1822"}],"collection":[{"href":"https:\/\/saludextremadura.ses.es\/areasaluddonbenito\/wp-json\/wp\/v2\/pages"}],"about":[{"href":"https:\/\/saludextremadura.ses.es\/areasaluddonbenito\/wp-json\/wp\/v2\/types\/page"}],"author":[{"embeddable":true,"href":"https:\/\/saludextremadura.ses.es\/areasaluddonbenito\/wp-json\/wp\/v2\/users\/1"}],"replies":[{"embeddable":true,"href":"https:\/\/saludextremadura.ses.es\/areasaluddonbenito\/wp-json\/wp\/v2\/comments?post=1822"}],"version-history":[{"count":3,"href":"https:\/\/saludextremadura.ses.es\/areasaluddonbenito\/wp-json\/wp\/v2\/pages\/1822\/revisions"}],"predecessor-version":[{"id":1936,"href":"https:\/\/saludextremadura.ses.es\/areasaluddonbenito\/wp-json\/wp\/v2\/pages\/1822\/revisions\/1936"}],"up":[{"embeddable":true,"href":"https:\/\/saludextremadura.ses.es\/areasaluddonbenito\/wp-json\/wp\/v2\/pages\/697"}],"wp:attachment":[{"href":"https:\/\/saludextremadura.ses.es\/areasaluddonbenito\/wp-json\/wp\/v2\/media?parent=1822"}],"curies":[{"name":"wp","href":"https:\/\/api.w.org\/{rel}","templated":true}]}}