{"id":1820,"date":"2022-09-14T08:15:05","date_gmt":"2022-09-14T06:15:05","guid":{"rendered":"https:\/\/saludextremadura.ses.es\/areasaluddonbenito\/?page_id=1820"},"modified":"2022-10-19T13:34:19","modified_gmt":"2022-10-19T11:34:19","slug":"practicas-seguras","status":"publish","type":"page","link":"https:\/\/saludextremadura.ses.es\/areasaluddonbenito\/saludpublica\/seguridad-en-el-paciente\/practicas-seguras\/","title":{"rendered":"Practicas Seguras"},"content":{"rendered":"<h2 class=\"titulo-pagina wp-block-post-title\">Practicas Seguras<\/h2>\n\n\n<hr class=\"wp-block-separator has-alpha-channel-opacity linea-titulo\"\/>\n\n\n\n<h3 class=\"has-black-color has-text-color\">HIGIENE DE MANOS<\/h3>\n\n\n\n<p>La higiene de manos es la medida m\u00e1s baratas, sencilla y eficaz para prevenir la infecci\u00f3n asociada a la asistencia y la transmisi\u00f3n entre personas de organismos resistentes a los antibi\u00f3ticos.&nbsp;<\/p>\n\n\n\n<p>La <a href=\"https:\/\/www.who.int\/campaigns\/world-hand-hygiene-day\">OMS<\/a>&nbsp; celebra el d\u00eda internacional de la Higiene de Manos desde el a\u00f1o 2009 en el d\u00eda 5 de mayo, en el marco de la campa\u00f1a &#8220;Salva vidas, L\u00edmpiate las manos&#8221;, poniendo el foco en la higiene de manos correcta durante la asistencia sanitaria.<\/p>\n\n\n\n<p>La campa\u00f1a sirve mostrar un apoyo global y el compromiso de los responsables de la sanidad con la mejora de la higiene de las manos en todo el mundo para avanzar en el objetivo de mantener esta pr\u00e1ctica segura integrada en la asistencia sanitaria.<\/p>\n\n\n\n<p>El objetivo de la campa\u00f1a es impulsar la higiene de manos en el punto de atenci\u00f3n, como punto cr\u00edtico para reducir las infecciones asociadas a la atenci\u00f3n sanitaria y la seguridad del paciente.<\/p>\n\n\n\n<p>Realizar la higiene de manos en los momentos precisos (<a href=\"https:\/\/www.seguridaddelpaciente.es\/resources\/documentos\/HigieneManos\/guia_aplicacion.pdf\">los cinco momentos espec\u00edficos<\/a>) y de manera efectiva (<a href=\"https:\/\/www.seguridaddelpaciente.es\/resources\/documentos\/HigieneManos\/secuenciatecnicashigienemanos.pdf\">mediante la t\u00e9cnica correcta<\/a> con los productos siempre disponibles) continua siendo el primer paso en el camino de reducir las infecciones asociadas a la asistencia sanitaria y de la prevenci\u00f3n de la propagaci\u00f3n de microorganimso multirresistentes.<\/p>\n\n\n\n<p>A trav\u00e9s del Programa de Higiene de Manos del SNS, en el marco de la Estrategia de Seguridad del Paciente, mantenemos durante este a\u00f1o 2021, el esfuerzo junto con todas las Comunidades Aut\u00f3nomas por mejorar la seguridad de los pacientes, con una acci\u00f3n dedicada a la Higiene de Manos m\u00e1s crucial que nunca, y basada la estrategia multimodal de la OMS.<\/p>\n\n\n<div class=\"enlace-externo-item \">\n    <img decoding=\"async\" src=\"https:\/\/saludextremadura.ses.es\/areasaluddonbenito\/wp-content\/themes\/temaAreaSalud\/img\/Vector (14).svg\" alt=\"\">\n    <a href=\"https:\/\/seguridaddelpaciente.es\/es\/practicas-seguras\/programa-higiene-manos\/\" target=\"_blank\">https:\/\/seguridaddelpaciente.es\/es\/practicas-seguras\/programa-higiene-manos\/<\/a>\n<\/div>\n\n\n<p><br><\/p>\n\n\n\n<h3 class=\"has-black-color has-text-color\">VIGILANCIA, PREVENCI\u00d3N Y CONTROL DE LAS INFECCIONES RELACIONADAS CON LA ASISTENCIA SANITARIA Y USO OPTIMIZADO DE ANTIMICROBIANOS<\/h3>\n\n\n\n<p>En la actualidad las infecciones relacionadas con la asistencia sanitaria (IRAS), contempladas como una de las l\u00edneas estrat\u00e9gicas del Plan Estrat\u00e9gico de Seguridad de Pacientes del Servicio Extreme\u00f1o de Salud son, como en el resto de los sistemas sanitarios a nivel mundial, un importante problema de salud p\u00fablica y un reto para la calidad de la asistencia sanitaria.<\/p>\n\n\n\n<p>Las IRAS son causa de elevada morbimortalidad, de aumento de las estancias hospitalarias y suponen un coste intangible para el propio paciente y su entorno as\u00ed como para el sistema sanitario. A su vez, suelen ir asociadas a infecciones por microorganismos multirresistentes sobre los que tenemos cada vez un arsenal terap\u00e9utico m\u00e1s limitado, debido al uso inadecuado de antimicrobianos en las \u00faltimas d\u00e9cadas.<\/p>\n\n\n\n<p>Los gestores y profesionales sanitarios tienen la responsabilidad de ofrecer una asistencia sanitaria segura, efectiva y eficiente a pacientes y a sus familiares. De ah\u00ed que su magnitud deba ser valorada como una oportunidad de mejora en la seguridad de pacientes, un elemento clave en la calidad asistencial y una prioridad en el Sistema Sanitario P\u00fablico de Extremadura, en consonancia con las directrices europeas y espa\u00f1olas.<\/p>\n\n\n\n<p>En este sentido en 2017 se public\u00f3 el \u201cProtocolo de vigilancia, prevenci\u00f3n y control de g\u00e9rmenes multirresistentes o de especial vigilancia epidemiol\u00f3gica en el entorno hospitalario\u201d con el objetivo de:<\/p>\n\n\n\n<ul><li>Potenciar los sistemas de vigilancia epidemiol\u00f3gica como base de los programas de\u00a0\u00a0 prevenci\u00f3n y control de las IRAS.<\/li><li>Implantar el desarrollo de medidas dirigidas a la prevenci\u00f3n y control de las IRAS.<\/li><li>Promover el uso optimizado de antimicrobianos en los centros asistenciales.<\/li><\/ul>\n\n\n\n<p><br><\/p>\n\n\n\n<h3 class=\"has-black-color has-text-color\">IDENTIFICACI\u00d3N DEL PACIENTE<\/h3>\n\n\n\n<p>La identificaci\u00f3n inadecuada de pacientes es una causa importante en la aparici\u00f3n de complicaciones asociadas a errores en la asistencia. El an\u00e1lisis de los incidentes relacionados con la seguridad del paciente notificados en SiNASP desde el comienzo de las notificaciones en este sistema hasta la actualidad (2013-2018), en la clasificaci\u00f3n de los eventos adversos seg\u00fan su tipo, el que tiene mayor frecuencia relativa&nbsp; es la identificaci\u00f3n con un 15,06%.<\/p>\n\n\n\n<p>El objetivo de los sistemas de identificaci\u00f3n inequ\u00edvoca de pacientes es garantizar la correcta y segura identificaci\u00f3n de cada cual mediante la utilizaci\u00f3n de una pulsera identificativa con los datos inequ\u00edvocos de cada paciente, en los casos que as\u00ed se requiera. Este es el m\u00e9todo m\u00e1s utilizado. Pero no debemos olvidar que en situaciones de atenci\u00f3n ambulatoria, una correcta identificaci\u00f3n verbal y documental directa, evitar\u00e1 cometer errores.<\/p>\n\n\n\n<p>En el Servicio Extreme\u00f1o de Salud se utilizan pulseras identificativas pacientes que ingresan en los distintos hospitales. Con la implantaci\u00f3n del \u201cProtocolo de Identificaci\u00f3n inequ\u00edvoca del Paciente\u201d que fue revisado en 2019, se han unificado criterios de identificaci\u00f3n en toda la Comunidad Aut\u00f3noma.<\/p>\n\n\n\n<p>* \u201cProtocolo de Identificaci\u00f3n inequ\u00edvoca del Paciente\u201d<\/p>\n\n\n\n<p><br><\/p>\n\n\n\n<h3 class=\"has-black-color has-text-color\">USO SEGURO DEL MEDICAMENTO<\/h3>\n\n\n\n<p>Los medi\u00adcamentos contin\u00faan conllevando un importante n\u00famero de eventos adversos preveni\u00adbles, que causan un grave da\u00f1o a los pacientes, a pesar de los avances en mejorar la seguridad de los mismos.<\/p>\n\n\n\n<p>Seg\u00fan la Organizaci\u00f3n Mundial de la Salud (OMS) los errores de medicaci\u00f3n son una de las principales causas de lesiones y da\u00f1os evitables en los sistemas sanitarios en todo el mundo y el coste asociado a los errores de medicaci\u00f3n se ha estimado en 42.000 millones de d\u00f3lares anuales. En Espa\u00f1a, seg\u00fan los diferentes estudios epidemiol\u00f3gicos realizados, el uso de los medicamentos est\u00e1 implicado en la mayor parte de los eventos adversos que se producen como consecuencia de la asistencia sanitaria. As\u00ed mismo, los incidentes relacionados con la medicaci\u00f3n son los que con mayor frecuencia se notifican en los sistemas, con unas prevalencia anual del 20%.<\/p>\n\n\n\n<p>Los \u201cmedicamentos de alto riesgo\u201d, son aquellos medicamentos que cuando se utili\u00adzan incorrectamente presentan un riesgo elevado de causar da\u00f1os graves o incluso mortales a los pacientes. Es por ello que deben ser objetivo prioritario en los programas de seguridad cl\u00ednica que se establezcan en los centros sanitarios. Existen un n\u00famero elevado de pr\u00e1cticas cl\u00ednicas efectivas para prevenir los errores de medicaci\u00f3n (EM).<\/p>\n\n\n\n<p>Por todo ello la Estrategia de Seguridad del Paciente del SNS promueve desde el a\u00f1o 2006, el uso seguro de los medicamentos a trav\u00e9s de pr\u00e1cticas seguras recomendadas internacionalmente.<\/p>\n\n\n<div class=\"enlace-externo-item \">\n    <img decoding=\"async\" src=\"https:\/\/saludextremadura.ses.es\/areasaluddonbenito\/wp-content\/themes\/temaAreaSalud\/img\/Vector (14).svg\" alt=\"\">\n    <a href=\"https:\/\/seguridaddelpaciente.es\/es\/practicas-seguras\/uso-seguro-medicamento\/\" target=\"_blank\">https:\/\/seguridaddelpaciente.es\/es\/practicas-seguras\/uso-seguro-medicamento\/<\/a>\n<\/div>\n\n\n<p>La Estrategia de Seguridad del Paciente del SNS, ha alineado sus recomendaciones sobre el uso seguro de los medicamentos con las efectuadas por la OMS en su \u00faltimo reto, <a href=\"https:\/\/www.who.int\/patientsafety\/medication-safety\/en\/\">Medicaci\u00f3n sin da\u00f1o<\/a>, lanzado en marzo de 2017.<\/p>\n\n\n<div class=\"enlace-externo-item \">\n    <img decoding=\"async\" src=\"https:\/\/saludextremadura.ses.es\/areasaluddonbenito\/wp-content\/themes\/temaAreaSalud\/img\/Vector (14).svg\" alt=\"\">\n    <a href=\"https:\/\/www.who.int\/patientsafety\/medication-safety\/en\/\" target=\"_blank\">https:\/\/www.who.int\/patientsafety\/medication-safety\/en\/<\/a>\n<\/div>\n\n\n<p><br><\/p>\n\n\n\n<h3 class=\"has-black-color has-text-color\">PREVENCI\u00d3N DE CAIDAS<\/h3>\n\n\n\n<p>Seg\u00fan la OMS, la ca\u00edda, es la consecuencia de cualquier acontecimiento que precipita al paciente al suelo en contra de su voluntad. Las ca\u00eddas, entre la poblaci\u00f3n atendida en el \u00e1mbito sanitario, representan un problema com\u00fan y persistente, variando sus tasas en funci\u00f3n de distintos factores (intr\u00ednsecos e intr\u00ednsecos), del entorno y de las pr\u00e1cticas sanitarias. Anualmente se cae un 30% de las personas mayores de 65 a\u00f1os, y de \u00e9stos, m\u00e1s de la mitad volver\u00e1 a caerse en el siguiente a\u00f1o. Un 10% del total de ca\u00eddas provocan da\u00f1os graves de los que la mitad son fracturas y m\u00e1s del 84 por ciento de todos los eventos adversos en pacientes hospitalizados est\u00e1n relacionados con las ca\u00eddas. \u00c9stas tienen graves consecuencias, tanto f\u00edsicas como psicol\u00f3gicas, sin olvidar su repercusi\u00f3n social y econ\u00f3mica, adem\u00e1s de tener una elevada mortalidad, ya que causan el 70 por ciento de las muertes por accidente en personas mayores de 75 a\u00f1os.<\/p>\n\n\n\n<p>Las consecuencias de no identificar adecuadamente a este tipo de pacientes y no tipificar el riesgo en pro de realizar las intervenciones que se consideran oportunas reportan situaciones de riesgo gravemente lesivas para el paciente y la comunidad aut\u00f3noma. La introducci\u00f3n de programas de prevenci\u00f3n ha demostrado una reducci\u00f3n en el n\u00famero de ca\u00eddas. Con el objetivo de identificar a las personas con riesgo de ca\u00eddas, se utilizan escalas de valoraci\u00f3n del riesgo que, adem\u00e1s de realizar la valoraci\u00f3n, permiten determinar sus causas y corregirlas y adem\u00e1s son importantes para reducir aquellos factores presentes en las ca\u00eddas. La valoraci\u00f3n debe ser sistem\u00e1tica y se realizar\u00e1 ante cualquier cambio en el estado f\u00edsico o mental de cada paciente.<\/p>\n\n\n\n<p>La prevenci\u00f3n de ca\u00eddas es uno de los indicadores de calidad de los cuidados de enfermer\u00eda cuyo seguimiento es com\u00fan en todos los programas de calidad&nbsp; y como tal viene recogido en el Plan Estrat\u00e9gico de Seguridad del paciente de la comunidad Aut\u00f3noma de Extremadura&nbsp; 2019-2023 incluida dentro de las L\u00edneas Estrat\u00e9gicas en Pr\u00e1cticas Cl\u00ednicas seguras cuyo objetivo es promover la implantaci\u00f3n de pr\u00e1cticas seguras en los cuidados de los pacientes que incluye Prevenci\u00f3n de ca\u00eddas y lesiones asociadas.<\/p>\n\n\n\n<p>* Plan estrat\u00e9gico de Seguridad del Paciente de Extremadura (2019-2021)<\/p>\n\n\n\n<p><br><\/p>\n\n\n\n<h3 class=\"has-black-color has-text-color\">PREVENCION DE UPP<\/h3>\n\n\n\n<p>La incidencia de \u00falceras por presi\u00f3n es uno de los indicadores de calidad m\u00e1s importantes que dependen de los cuidados prestados por el personal de enfermer\u00eda. Desde la perspectiva de la seguridad cl\u00ednica, los sistemas de salud van aumentando el grado de importancia otorgado a las UPP consider\u00e1ndolas como un efecto adverso de la asistencia sanitaria. Suponen un problema complejo, una epidemia silenciosa, que contin\u00faa aumentando incluso en pa\u00edses en los que se realizan pol\u00edticas activas para su prevenci\u00f3n. Si a todo ello a\u00f1adimos el elevado coste que suponen, de recursos humanos y materiales, el aumento de la morbi-mortalidad de quienes las sufren, las repercusiones legales (al ser lesiones evitables) y la disminuci\u00f3n de la calidad de vida de cada paciente, la prevenci\u00f3n de las UPP debe colocarse en un lugar destacado dentro de la promoci\u00f3n de las pr\u00e1cticas seguras en cuidados.<\/p>\n\n\n\n<p>En Espa\u00f1a, seg\u00fan el 4\u00ba estudio Nacional de prevalencia de UPP realizado por el GNAUP (a\u00f1o 2013) la prevalencia de UPP en centros hospitalarios oscila entre el 7 y el 8%, habiendo aumentado en atenci\u00f3n primaria del 7,9 al 9% respecto al estudio anterior en los pacientes incluidos en programas de atenci\u00f3n domiciliaria y tambi\u00e9n en centros sociosanitarios, donde ha pasado del 12,6 al 14,2%. As\u00ed mismo es un problema que est\u00e1 com\u00fanmente asociado al uso de dispositivos cl\u00ednicos en el entorno de cuidados intensivos y de pediatr\u00eda, donde \u00e9l riesgo en notablemente mayor.<\/p>\n\n\n\n<p>Por todo ello el riesgo de sufrir una UPP debe ser evaluado en pacientes hospitalizados, as\u00ed como en pacientes incluidos en programas de atenci\u00f3n domiciliaria, y en los residentes de los centros sociosanitarios.<\/p>\n\n\n\n<p>La prevenci\u00f3n de las UPP es uno de los indicadores de calidad de los cuidados de enfermer\u00eda cuyo seguimiento es com\u00fan en todos los programas de calidad&nbsp; y como tal viene recogido en el Plan Estrat\u00e9gico de Seguridad del paciente de la comunidad Aut\u00f3noma de Extremadura&nbsp; 2019-2023 incluida dentro de las L\u00edneas Estrat\u00e9gicas en Pr\u00e1cticas Cl\u00ednicas seguras cuyo objetivo es disminuir el n\u00famero de \u00falceras por presi\u00f3n en pacientes ingresados en hospitales, en centros sociosanitarios y en pacientes inmovilizados en domicilio.<\/p>\n\n\n\n<p>* Plan estrat\u00e9gico de Seguridad del Paciente de Extremadura (2019-2021)<\/p>\n","protected":false},"excerpt":{"rendered":"<p>HIGIENE DE MANOS La higiene de manos es la medida m\u00e1s baratas, sencilla y eficaz para prevenir la infecci\u00f3n asociada a la asistencia y la transmisi\u00f3n entre personas de organismos resistentes a los antibi\u00f3ticos.&nbsp; La OMS&nbsp; celebra el d\u00eda internacional de la Higiene de Manos desde el a\u00f1o 2009 en el d\u00eda 5 de mayo, [&hellip;]<\/p>\n","protected":false},"author":1,"featured_media":0,"parent":697,"menu_order":0,"comment_status":"closed","ping_status":"closed","template":"page-template\/page-no-slider.php","meta":{"_eb_attr":"","inline_featured_image":false},"_links":{"self":[{"href":"https:\/\/saludextremadura.ses.es\/areasaluddonbenito\/wp-json\/wp\/v2\/pages\/1820"}],"collection":[{"href":"https:\/\/saludextremadura.ses.es\/areasaluddonbenito\/wp-json\/wp\/v2\/pages"}],"about":[{"href":"https:\/\/saludextremadura.ses.es\/areasaluddonbenito\/wp-json\/wp\/v2\/types\/page"}],"author":[{"embeddable":true,"href":"https:\/\/saludextremadura.ses.es\/areasaluddonbenito\/wp-json\/wp\/v2\/users\/1"}],"replies":[{"embeddable":true,"href":"https:\/\/saludextremadura.ses.es\/areasaluddonbenito\/wp-json\/wp\/v2\/comments?post=1820"}],"version-history":[{"count":6,"href":"https:\/\/saludextremadura.ses.es\/areasaluddonbenito\/wp-json\/wp\/v2\/pages\/1820\/revisions"}],"predecessor-version":[{"id":2684,"href":"https:\/\/saludextremadura.ses.es\/areasaluddonbenito\/wp-json\/wp\/v2\/pages\/1820\/revisions\/2684"}],"up":[{"embeddable":true,"href":"https:\/\/saludextremadura.ses.es\/areasaluddonbenito\/wp-json\/wp\/v2\/pages\/697"}],"wp:attachment":[{"href":"https:\/\/saludextremadura.ses.es\/areasaluddonbenito\/wp-json\/wp\/v2\/media?parent=1820"}],"curies":[{"name":"wp","href":"https:\/\/api.w.org\/{rel}","templated":true}]}}