{"id":1794,"date":"2022-09-13T12:45:23","date_gmt":"2022-09-13T10:45:23","guid":{"rendered":"https:\/\/saludextremadura.ses.es\/areasaluddonbenito\/?page_id=1794"},"modified":"2022-10-13T10:55:28","modified_gmt":"2022-10-13T08:55:28","slug":"enlace-de-interes","status":"publish","type":"page","link":"https:\/\/saludextremadura.ses.es\/areasaluddonbenito\/salud-comunitaria\/promocion-de-la-salud\/enlace-de-interes\/","title":{"rendered":"Enlace de inter\u00e9s"},"content":{"rendered":"<h2 class=\"titulo-pagina wp-block-post-title\">Enlace de inter\u00e9s<\/h2>\n\n\n<hr class=\"wp-block-separator has-alpha-channel-opacity linea-titulo\"\/>\n\n\n<div class=\"enlace-externo-item \">\n    <img decoding=\"async\" src=\"https:\/\/saludextremadura.ses.es\/areasaluddonbenito\/wp-content\/themes\/temaAreaSalud\/img\/Vector (14).svg\" alt=\"\">\n    <a href=\"https:\/\/vacunasaep.org\/sites\/vacunasaep.org\/files\/calvacaep2019-principal-tabla.pdf\" target=\"_blank\">Calendario propuesto por Asociaci\u00f3n Espa\u00f1ola de Pediatr\u00eda en 2019<\/a>\n<\/div>\n\n<div class=\"enlace-externo-item \">\n    <img decoding=\"async\" src=\"https:\/\/saludextremadura.ses.es\/areasaluddonbenito\/wp-content\/themes\/temaAreaSalud\/img\/Vector (14).svg\" alt=\"\">\n    <a href=\"http:\/\/www.mscbs.gob.es\/profesionales\/saludPublica\/prevPromocion\/vacunaciones\/docs\/CalendarioVacunacion_Todalavida.pdf\" target=\"_blank\">Calendario propuesto por el Consejo Interterritorial<\/a>\n<\/div>\n\n<div class=\"enlace-externo-item \">\n    <img decoding=\"async\" src=\"https:\/\/saludextremadura.ses.es\/areasaluddonbenito\/wp-content\/themes\/temaAreaSalud\/img\/Vector (14).svg\" alt=\"\">\n    <a href=\"https:\/\/vacunasaep.org\/\" target=\"_blank\">Comit\u00e9 asesor de vacunas de la AEP<\/a>\n<\/div>\n\n<div class=\"enlace-externo-item \">\n    <img decoding=\"async\" src=\"https:\/\/saludextremadura.ses.es\/areasaluddonbenito\/wp-content\/themes\/temaAreaSalud\/img\/Vector (14).svg\" alt=\"\">\n    <a href=\"https:\/\/www.vacunas.org\/\" target=\"_blank\">Asociaci\u00f3n espa\u00f1ola de vacunolog\u00eda. <\/a>\n<\/div>\n\n<div class=\"enlace-externo-item \">\n    <img decoding=\"async\" src=\"https:\/\/saludextremadura.ses.es\/areasaluddonbenito\/wp-content\/themes\/temaAreaSalud\/img\/Vector (14).svg\" alt=\"\">\n    <a href=\"https:\/\/vacunasaep.org\/documentos\/manual\/manual-de-vacunas\" target=\"_blank\">Manual de Vacunas. <\/a>\n<\/div>\n\n<div class=\"enlace-externo-item \">\n    <img decoding=\"async\" src=\"https:\/\/saludextremadura.ses.es\/areasaluddonbenito\/wp-content\/themes\/temaAreaSalud\/img\/Vector (14).svg\" alt=\"\">\n    <a href=\" https:\/\/vacunasaep.org\/profesionales\/calendario-vacunas\" target=\"_blank\">Calendarios de comunidades aut\u00f3nomas.<\/a>\n<\/div>\n\n<div class=\"enlace-externo-item \">\n    <img decoding=\"async\" src=\"https:\/\/saludextremadura.ses.es\/areasaluddonbenito\/wp-content\/themes\/temaAreaSalud\/img\/Vector (14).svg\" alt=\"\">\n    <a href=\"https:\/\/vaccine-schedule.ecdc.europa.eu\/\" target=\"_blank\">Calendarios de Europa. <\/a>\n<\/div>\n\n<div class=\"enlace-externo-item \">\n    <img decoding=\"async\" src=\"https:\/\/saludextremadura.ses.es\/areasaluddonbenito\/wp-content\/themes\/temaAreaSalud\/img\/Vector (14).svg\" alt=\"\">\n    <a href=\"http:\/\/apps.who.int\/immunization_monitoring\/globalsummary\/schedules\" target=\"_blank\">Calendarios del mundo.  <\/a>\n<\/div>\n\n\n<p><\/p>\n\n\n\n<p><\/p>\n\n\n\n<p>La salud tambi\u00e9n viaja. <\/p>\n\n\n<div class=\"enlace-externo-item \">\n    <img decoding=\"async\" src=\"https:\/\/saludextremadura.ses.es\/areasaluddonbenito\/wp-content\/themes\/temaAreaSalud\/img\/Vector (14).svg\" alt=\"\">\n    <a href=\"https:\/\/www.mscbs.gob.es\/profesionales\/saludPublica\/sanidadExterior\/salud\/home.htm\" target=\"_blank\">https:\/\/www.mscbs.gob.es\/profesionales\/saludPublica\/sanidadExterior\/salud\/home.htm<\/a>\n<\/div>\n\n<div class=\"enlace-externo-item \">\n    <img decoding=\"async\" src=\"https:\/\/saludextremadura.ses.es\/areasaluddonbenito\/wp-content\/themes\/temaAreaSalud\/img\/Vector (14).svg\" alt=\"\">\n    <a href=\"https:\/\/www.sanidad.gob.es\/ciudadanos\/proteccionSalud\/vacunaciones\/viajero\/home.htm\" target=\"_blank\">https:\/\/www.sanidad.gob.es\/ciudadanos\/proteccionSalud\/vacunaciones\/viajero\/home.htm<\/a>\n<\/div>\n\n\n<p><\/p>\n\n\n\n<p>Vacunaci\u00f3n frente a Covid<\/p>\n\n\n<div class=\"enlace-externo-item \">\n    <img decoding=\"async\" src=\"https:\/\/saludextremadura.ses.es\/areasaluddonbenito\/wp-content\/themes\/temaAreaSalud\/img\/Vector (14).svg\" alt=\"\">\n    <a href=\"https:\/\/saludextremadura.ses.es\/web\/detalle-contenido-estructurado?content=coronavirus-este-virus-lo-paramos-unidos\" target=\"_blank\">https:\/\/saludextremadura.ses.es\/web\/detalle-contenido-estructurado?content=coronavirus-este-virus-lo-paramos-unidos<\/a>\n<\/div>\n\n<div class=\"enlace-externo-item \">\n    <img decoding=\"async\" src=\"https:\/\/saludextremadura.ses.es\/areasaluddonbenito\/wp-content\/themes\/temaAreaSalud\/img\/Vector (14).svg\" alt=\"\">\n    <a href=\"https:\/\/www.sanidad.gob.es\/profesionales\/saludPublica\/prevPromocion\/vacunaciones\/covid19\/vacunasCOVID19_Ciudadanos.htm\" target=\"_blank\">https:\/\/www.sanidad.gob.es\/profesionales\/saludPublica\/prevPromocion\/vacunaciones\/covid19\/vacunasCOVID19_Ciudadanos.htm<\/a>\n<\/div>\n\n\n<p><\/p>\n\n\n\n<p>Documentos y material divulgativo para profesionales de la salud<\/p>\n\n\n<div class=\"enlace-externo-item \">\n    <img decoding=\"async\" src=\"https:\/\/saludextremadura.ses.es\/areasaluddonbenito\/wp-content\/themes\/temaAreaSalud\/img\/Vector (14).svg\" alt=\"\">\n    <a href=\"https:\/\/www.sanidad.gob.es\/profesionales\/saludPublica\/ccayes\/alertasActual\/nCov\/home.htm\" target=\"_blank\">https:\/\/www.sanidad.gob.es\/profesionales\/saludPublica\/ccayes\/alertasActual\/nCov\/home.htm<\/a>\n<\/div>\n\n<div class=\"enlace-externo-item \">\n    <img decoding=\"async\" src=\"https:\/\/saludextremadura.ses.es\/areasaluddonbenito\/wp-content\/themes\/temaAreaSalud\/img\/Vector (14).svg\" alt=\"\">\n    <a href=\"https:\/\/saludextremadura.ses.es\/web\/detalle-contenido-estructurado?content=educacion-para-la-salud\" target=\"_blank\">https:\/\/saludextremadura.ses.es\/web\/detalle-contenido-estructurado?content=educacion-para-la-salud<\/a>\n<\/div>","protected":false},"excerpt":{"rendered":"<p>La salud tambi\u00e9n viaja. Vacunaci\u00f3n frente a Covid Documentos y material divulgativo para profesionales de la salud<\/p>\n","protected":false},"author":1,"featured_media":0,"parent":693,"menu_order":0,"comment_status":"closed","ping_status":"closed","template":"page-template\/page-no-slider.php","meta":{"_eb_attr":"","inline_featured_image":false},"_links":{"self":[{"href":"https:\/\/saludextremadura.ses.es\/areasaluddonbenito\/wp-json\/wp\/v2\/pages\/1794"}],"collection":[{"href":"https:\/\/saludextremadura.ses.es\/areasaluddonbenito\/wp-json\/wp\/v2\/pages"}],"about":[{"href":"https:\/\/saludextremadura.ses.es\/areasaluddonbenito\/wp-json\/wp\/v2\/types\/page"}],"author":[{"embeddable":true,"href":"https:\/\/saludextremadura.ses.es\/areasaluddonbenito\/wp-json\/wp\/v2\/users\/1"}],"replies":[{"embeddable":true,"href":"https:\/\/saludextremadura.ses.es\/areasaluddonbenito\/wp-json\/wp\/v2\/comments?post=1794"}],"version-history":[{"count":8,"href":"https:\/\/saludextremadura.ses.es\/areasaluddonbenito\/wp-json\/wp\/v2\/pages\/1794\/revisions"}],"predecessor-version":[{"id":2584,"href":"https:\/\/saludextremadura.ses.es\/areasaluddonbenito\/wp-json\/wp\/v2\/pages\/1794\/revisions\/2584"}],"up":[{"embeddable":true,"href":"https:\/\/saludextremadura.ses.es\/areasaluddonbenito\/wp-json\/wp\/v2\/pages\/693"}],"wp:attachment":[{"href":"https:\/\/saludextremadura.ses.es\/areasaluddonbenito\/wp-json\/wp\/v2\/media?parent=1794"}],"curies":[{"name":"wp","href":"https:\/\/api.w.org\/{rel}","templated":true}]}}