{"id":1792,"date":"2022-09-13T12:44:56","date_gmt":"2022-09-13T10:44:56","guid":{"rendered":"https:\/\/saludextremadura.ses.es\/areasaluddonbenito\/?page_id=1792"},"modified":"2022-10-19T13:03:35","modified_gmt":"2022-10-19T11:03:35","slug":"inmunizacion-frente-a-covid-19","status":"publish","type":"page","link":"https:\/\/saludextremadura.ses.es\/areasaluddonbenito\/salud-comunitaria\/promocion-de-la-salud\/inmunizacion-frente-a-covid-19\/","title":{"rendered":"Inmunizaci\u00f3n frente a Covid 19"},"content":{"rendered":"<h2 class=\"titulo-pagina wp-block-post-title\">Inmunizaci\u00f3n frente a Covid 19<\/h2>\n\n\n<hr class=\"wp-block-separator has-alpha-channel-opacity linea-titulo\"\/>\n\n\n\n<p>El objetivo de la vacunaci\u00f3n frente a COVID-19, es proteger a la poblaci\u00f3n de la enfermedad grave causada por el virus SARS-CoV-2.<\/p>\n\n\n\n<p>La circulaci\u00f3n de diferentes variantes del virus SARS-CoV-2 con diversas mutaciones, algunas en determinadas regiones de la prote\u00edna S, pueden aumentar su capacidad de circulaci\u00f3n e infecci\u00f3n y, potencialmente, disminuir la efectividad de las vacunas disponibles<\/p>\n\n\n\n<p>Se considera prioritaria la <strong>primovacunaci\u00f3n <\/strong>en ni\u00f1os mayores de 5 a\u00f1os, adolescentes y adultos as\u00ed como la administraci\u00f3n de dosis de recuerdo a partir de los 18 a\u00f1os.<\/p>\n\n\n\n<h3>&nbsp;<\/h3>\n\n\n\n<h3 class=\"has-black-color has-text-color\">PRIMOVACUNACION&nbsp;<\/h3>\n\n\n\n<ul type=\"1\"><li><strong><em>La primovacunaci\u00f3n en menores de 65 <\/em><\/strong><strong>a\u00f1os y mayores de 12 a\u00f1os\u00a0<\/strong><ul><li>Si no ha padecido la enfermedad antes de la vacunaci\u00f3n:<ul><li>2 dosis de vacuna ARNm, separadas 21 -28 d\u00edas seg\u00fan vacuna<\/li><li>2 dosis de\u00a0 vacuna de\u00a0 adenovirus separadas 3 meses<\/li><li>1 dosis de vacuna de Janssen si no ha pasado el covid<\/li><li>1 dosis de vacuna de adenovirus y 1 dosis de vacuna ARNm<\/li><li>Si ha padecido la enfermedad antes de la vacunaci\u00f3n:\u00a0<\/li><li>1 dosis de vacuna ARNm o adenovirus como m\u00ednimo a las 4 semanas de haber padecido la infecci\u00f3n.<\/li><\/ul><\/li><\/ul><\/li><\/ul>\n\n\n\n<ul><li><strong><em>La primovacunaci\u00f3n en mayores de 65 a\u00f1os<\/em><\/strong>, haya padecido o no la enfermedad antes de la vacunaci\u00f3n:<ul><li>2 dosis de vacuna ARNm o adenovirus si no ha pasado el covid<ul><li>1 dosis de vacuna de Janssen si no ha pasado el covid<\/li><\/ul><\/li><\/ul><\/li><\/ul>\n\n\n\n<ul><li><strong><em>La primovacunaci\u00f3n en ni\u00f1os comprendidos entre 5-12&nbsp; a\u00f1os<\/em><\/strong>:<\/li><li>Si no ha padecido la enfermedad antes de la vacunaci\u00f3n:<\/li><li>2 dosis de vacuna ARNm separadas 8 semanas<\/li><li>Si ha padecido la enfermedad antes de la vacunaci\u00f3n:&nbsp;<\/li><li>1 dosis de vacuna ARNm&nbsp; a las 8 semanas de haber padecido la infecci\u00f3n.<\/li><\/ul>\n\n\n\n<ul><li><strong><em>La primovacunaci\u00f3n en personas pertenecientes a grupos de riesgo en personas de 12 a\u00f1os y m\u00e1s est\u00e1 constituida por:<\/em><\/strong><ul><li>2 dosis de vacuna ARNm, separadas 21 -28 d\u00edas seg\u00fan vacuna + dosis adicional ARNm a los 28 d\u00edas<ul><li>2 dosis de&nbsp; vacuna de&nbsp; adenovirus separadas 3 meses + + dosis adicional ARNm a los 28 d\u00edas<\/li><\/ul><ul><li>1 dosis de vacuna de Janssen + dosis adicional ARNm a los 28 dias<\/li><\/ul><ul><li>1 dosis de vacuna de adenovirus y 1 dosis de vacuna ARNm + dosis adicional ARNm a los 28 d\u00edas<\/li><\/ul><\/li><\/ul><\/li><\/ul>\n\n\n\n<ul><li><strong><em>La primovacunaci\u00f3n en personas pertenecientes a grupos de riesgo entre 5-12 a\u00f1os:<\/em><\/strong><\/li><\/ul>\n\n\n\n<ul><li>2 dosis de vacuna ARNm, separadas 8 semanas&nbsp; seg\u00fan vacuna + dosis adicional ARNm a los 8 semanas&nbsp; d\u00edas<\/li><\/ul>\n\n\n\n<h3>DOSIS DE RECUERDO:<\/h3>\n\n\n\n<p>PRIMERA DOSIS DE RECUERDO:<\/p>\n\n\n\n<p><strong><em>&#8211; Si no ha padecido infecci\u00f3n tras la primovacunaci\u00f3n completa<\/em><\/strong>.<\/p>\n\n\n\n<ul><li><strong>A LOS 5 MESES DE LA SEGUNDA DOSIS SI LA PRIMOVACUNACI\u00d3N FUE<\/strong>:<ul><li>PAUTA CON VACUNA ARNM<ul><li>PAUTA CON VACUNA HETEROLOGA (ARNm + ADENOVIRUS)<\/li><\/ul><\/li><\/ul><\/li><li><strong>A LOS 3 MESES SI LA PRIMOVACUNACI\u00d3N SE REALIZ\u00d3 CON PAUTA COMPLETA DE VACUNA DE ADENOVIRUS<\/strong>.<\/li><\/ul>\n\n\n\n<p><strong><em>&#8211; Si no ha padecido infecci\u00f3n tras la primovacunaci\u00f3n completa<\/em><\/strong>.<\/p>\n\n\n\n<ul><li><strong>A los 5 meses de la Infecci\u00f3n si esta ocurri\u00f3 despu\u00e9s de la primovacunaci\u00f3n completa<\/strong>.<\/li><\/ul>\n\n\n\n<p><strong>SEGUNDA DOSIS DE RECUERDO<\/strong><\/p>\n\n\n\n<p>De forma general se administra esta segunda dosis de recuerdo siempre y cuando hayan pasado 5 meses desde la \u00faltima dosis administrada o 5 meses de la \u00faltima infecci\u00f3n, excepto en los tres casos siguientes en los cuales se vacuna una vez transcurridos tres meses de la infecci\u00f3n.<\/p>\n\n\n\n<ul type=\"1\"><li>Mayores de 80 a\u00f1os<\/li><li>Personas de Residencias de Ancianos<\/li><li>Inmunodeprimidos: trasplantados de \u00f3rgano solido, trasplantado hematopoy\u00e9ticos, fallo renal, VIHconCD4menorde200cl\/ml,\u00a0 algunas\u00a0 inmunodeficiencias primarias y personas sometidas a terapias inmunosupresoras )<\/li><\/ul>\n","protected":false},"excerpt":{"rendered":"<p>El objetivo de la vacunaci\u00f3n frente a COVID-19, es proteger a la poblaci\u00f3n de la enfermedad grave causada por el virus SARS-CoV-2. La circulaci\u00f3n de diferentes variantes del virus SARS-CoV-2 con diversas mutaciones, algunas en determinadas regiones de la prote\u00edna S, pueden aumentar su capacidad de circulaci\u00f3n e infecci\u00f3n y, potencialmente, disminuir la efectividad de [&hellip;]<\/p>\n","protected":false},"author":1,"featured_media":0,"parent":693,"menu_order":0,"comment_status":"closed","ping_status":"closed","template":"page-template\/page-no-slider.php","meta":{"_eb_attr":"","inline_featured_image":false},"_links":{"self":[{"href":"https:\/\/saludextremadura.ses.es\/areasaluddonbenito\/wp-json\/wp\/v2\/pages\/1792"}],"collection":[{"href":"https:\/\/saludextremadura.ses.es\/areasaluddonbenito\/wp-json\/wp\/v2\/pages"}],"about":[{"href":"https:\/\/saludextremadura.ses.es\/areasaluddonbenito\/wp-json\/wp\/v2\/types\/page"}],"author":[{"embeddable":true,"href":"https:\/\/saludextremadura.ses.es\/areasaluddonbenito\/wp-json\/wp\/v2\/users\/1"}],"replies":[{"embeddable":true,"href":"https:\/\/saludextremadura.ses.es\/areasaluddonbenito\/wp-json\/wp\/v2\/comments?post=1792"}],"version-history":[{"count":11,"href":"https:\/\/saludextremadura.ses.es\/areasaluddonbenito\/wp-json\/wp\/v2\/pages\/1792\/revisions"}],"predecessor-version":[{"id":2673,"href":"https:\/\/saludextremadura.ses.es\/areasaluddonbenito\/wp-json\/wp\/v2\/pages\/1792\/revisions\/2673"}],"up":[{"embeddable":true,"href":"https:\/\/saludextremadura.ses.es\/areasaluddonbenito\/wp-json\/wp\/v2\/pages\/693"}],"wp:attachment":[{"href":"https:\/\/saludextremadura.ses.es\/areasaluddonbenito\/wp-json\/wp\/v2\/media?parent=1792"}],"curies":[{"name":"wp","href":"https:\/\/api.w.org\/{rel}","templated":true}]}}