{"id":1790,"date":"2022-09-13T12:44:31","date_gmt":"2022-09-13T10:44:31","guid":{"rendered":"https:\/\/saludextremadura.ses.es\/areasaluddonbenito\/?page_id=1790"},"modified":"2022-10-19T13:03:03","modified_gmt":"2022-10-19T11:03:03","slug":"inmunizacion-antigripal","status":"publish","type":"page","link":"https:\/\/saludextremadura.ses.es\/areasaluddonbenito\/salud-comunitaria\/promocion-de-la-salud\/inmunizacion-antigripal\/","title":{"rendered":"Inmunizaci\u00f3n antigripal"},"content":{"rendered":"<h2 class=\"titulo-pagina wp-block-post-title\">Inmunizaci\u00f3n antigripal<\/h2>\n\n\n<hr class=\"wp-block-separator has-alpha-channel-opacity linea-titulo\"\/>\n\n\n\n<p>La gripe es una enfermedad respiratoria aguda de gran trascendencia en salud p\u00fablica. Es una enfermedad infecciosa causada por virus de la familia <em>Orthomyxoviridae<\/em>, que incluye los influenzavirus de tipos A, B y C. Desde el punto de vista epidemiol\u00f3gico, el virus gripal A es el principal causante de las epidemias invernales de gripe que se repiten cada a\u00f1o (gripe epid\u00e9mica o estacional), mientras que el virus gripal B se presenta generalmente en brotes epid\u00e9micos m\u00e1s localizados. El virus gripal C est\u00e1 relacionado con la aparici\u00f3n de casos espor\u00e1dicos.<\/p>\n\n\n\n<p><strong>Los&nbsp; objetivos son:<\/strong><\/p>\n\n\n\n<ul><li>Vacunar, al menos, al 65% de la poblaci\u00f3n mayor o igual a 60 a\u00f1os y el 65% de la poblaci\u00f3n mayor o igual&nbsp; a 65 a\u00f1os<\/li><li>Disminuir la incidencia de la enfermedad en toda la poblaci\u00f3n de riesgo.<\/li><li>Disminuir el n\u00famero de complicaciones respiratorias.<\/li><li>Disminuir el n\u00famero de ingresos hospitalarios.<\/li><li>Disminuir la mortalidad causada por las complicaciones.<\/li><\/ul>\n\n\n\n<p><strong>La poblaci\u00f3n diana de la campa\u00f1a de vacunaci\u00f3n&nbsp; frente a la gripe estacional:<\/strong><\/p>\n\n\n\n<ul><li>Personas mayores o igual a 60 a\u00f1os de edad.<\/li><li>Personas menores de 60 a\u00f1os que, por presentar una condici\u00f3n cl\u00ednica especial tienen un alto riesgo de complicaciones derivadas de la gripe o porque el padecer la enfermedad pueda provocar una descompensaci\u00f3n de su condici\u00f3n m\u00e9dica:<\/li><li>Personas que pueden transmitir la gripe a aquellas que tienen un alto riesgo de presentar complicaciones:<\/li><li>Otros grupos.<\/li><\/ul>\n","protected":false},"excerpt":{"rendered":"<p>La gripe es una enfermedad respiratoria aguda de gran trascendencia en salud p\u00fablica. Es una enfermedad infecciosa causada por virus de la familia Orthomyxoviridae, que incluye los influenzavirus de tipos A, B y C. Desde el punto de vista epidemiol\u00f3gico, el virus gripal A es el principal causante de las epidemias invernales de gripe que [&hellip;]<\/p>\n","protected":false},"author":1,"featured_media":0,"parent":693,"menu_order":0,"comment_status":"closed","ping_status":"closed","template":"page-template\/page-no-slider.php","meta":{"_eb_attr":"","inline_featured_image":false},"_links":{"self":[{"href":"https:\/\/saludextremadura.ses.es\/areasaluddonbenito\/wp-json\/wp\/v2\/pages\/1790"}],"collection":[{"href":"https:\/\/saludextremadura.ses.es\/areasaluddonbenito\/wp-json\/wp\/v2\/pages"}],"about":[{"href":"https:\/\/saludextremadura.ses.es\/areasaluddonbenito\/wp-json\/wp\/v2\/types\/page"}],"author":[{"embeddable":true,"href":"https:\/\/saludextremadura.ses.es\/areasaluddonbenito\/wp-json\/wp\/v2\/users\/1"}],"replies":[{"embeddable":true,"href":"https:\/\/saludextremadura.ses.es\/areasaluddonbenito\/wp-json\/wp\/v2\/comments?post=1790"}],"version-history":[{"count":3,"href":"https:\/\/saludextremadura.ses.es\/areasaluddonbenito\/wp-json\/wp\/v2\/pages\/1790\/revisions"}],"predecessor-version":[{"id":2672,"href":"https:\/\/saludextremadura.ses.es\/areasaluddonbenito\/wp-json\/wp\/v2\/pages\/1790\/revisions\/2672"}],"up":[{"embeddable":true,"href":"https:\/\/saludextremadura.ses.es\/areasaluddonbenito\/wp-json\/wp\/v2\/pages\/693"}],"wp:attachment":[{"href":"https:\/\/saludextremadura.ses.es\/areasaluddonbenito\/wp-json\/wp\/v2\/media?parent=1790"}],"curies":[{"name":"wp","href":"https:\/\/api.w.org\/{rel}","templated":true}]}}