{"id":1788,"date":"2022-09-13T12:41:49","date_gmt":"2022-09-13T10:41:49","guid":{"rendered":"https:\/\/saludextremadura.ses.es\/areasaluddonbenito\/?page_id=1788"},"modified":"2022-10-06T09:10:55","modified_gmt":"2022-10-06T07:10:55","slug":"calendarios-de-vacunacion","status":"publish","type":"page","link":"https:\/\/saludextremadura.ses.es\/areasaluddonbenito\/salud-comunitaria\/promocion-de-la-salud\/calendarios-de-vacunacion\/","title":{"rendered":"Calendarios de Vacunaci\u00f3n"},"content":{"rendered":"<h2 class=\"titulo-pagina wp-block-post-title\">Calendarios de Vacunaci\u00f3n<\/h2>\n\n\n<hr class=\"wp-block-separator has-alpha-channel-opacity linea-titulo\"\/>\n\n\n\n<h3 class=\"has-black-color has-text-color\">Calendario a lo largo de toda la vida<\/h3>\n\n\n\n<p>El Calendario de Vacunaciones constituye una herramienta fundamental para garantizar la protecci\u00f3n adecuada frente a varias enfermedades infecciosas. Es una prioridad de la Consejer\u00eda de Salud y Pol\u00edtica Social&nbsp; el mantenimiento de un Calendario oficial de inmunizaciones lo m\u00e1s actualizado posible, donde todas las vacunas que lo integren sean las m\u00e1s adecuadas, tanto desde el punto de vista de su eficacia y efectividad, como de su tolerancia y seguridad.<\/p>\n\n\n\n<p>Se aprueba el calendario com\u00fan de vacunaci\u00f3n a lo largo de toda la vida de la Comunidad Aut\u00f3noma de Extremadura, constituido por las vacunas recomendadas para todas las etapas de la vida en el DECRETO 184\/2019, de 17 de diciembre, por el que se aprueba el calendario com\u00fan de vacunaci\u00f3n a lo largo de toda la vida de la Comunidad Aut\u00f3noma de Extremadura&nbsp;&nbsp;&nbsp;&nbsp;&nbsp;&nbsp;&nbsp;&nbsp;&nbsp;&nbsp;&nbsp;&nbsp;&nbsp;&nbsp;&nbsp;&nbsp;<\/p>\n\n\n\n<p>Se utilizar\u00e1 en todos los centros y servicios sanitarios p\u00fablicos y privados ubicados en la Comunidad Aut\u00f3noma de Extremadura<\/p>\n\n\n\n<p>Las vacunas establecidas en este calendario se administran gratuitamente a toda la poblaci\u00f3n residente en Extremadura.<\/p>\n\n\n\n<p><strong>Se puede consultar dicho calendario en el enlace<\/strong> <\/p>\n\n\n<div class=\"enlace-externo-item \">\n    <img decoding=\"async\" src=\"https:\/\/saludextremadura.ses.es\/areasaluddonbenito\/wp-content\/themes\/temaAreaSalud\/img\/Vector (14).svg\" alt=\"\">\n    <a href=\"https:\/\/saludextremadura.ses.es\/filescms\/web\/uploaded_files\/Vacunaciones\/RiscarCalendarioVacunacionExtremadura2020.pdf\" target=\"_blank\">https:\/\/saludextremadura.ses.es\/filescms\/web\/uploaded_files\/Vacunaciones\/RiscarCalendarioVacunacionExtremadura2020.pdf<\/a>\n<\/div>\n\n\n<p>O en el siguiente documento<\/p>\n\n\n<div style=\"display:flex\" class=\"enlacearchivos\">\n    <img decoding=\"async\" src=\"https:\/\/saludextremadura.ses.es\/areasaluddonbenito\/wp-content\/themes\/temaAreaSalud\/img\/Vector (14).svg\" alt=\"\">\n    <a class=\"\" title=\"\" href=\"https:\/\/saludextremadura.ses.es\/areasaluddonbenito\/download\/1946\/?tmstv=1776974058\" rel=\"nofollow\">\n        CalendarioVacunacion_Todalavida 2022    <\/a>\n    <div class=\"filetype-icon filetype-pdf \"><\/div>\n<\/div>\n\n\n<p>En abril de 2022 el Servicio Extreme\u00f1o de salud publica el <strong>Programa de Vacunaciones en Extremadura<\/strong>, en el cual se encuentran todos los programas de vacunaci\u00f3n.<\/p>\n\n\n<div class=\"enlace-externo-item \">\n    <img decoding=\"async\" src=\"https:\/\/saludextremadura.ses.es\/areasaluddonbenito\/wp-content\/themes\/temaAreaSalud\/img\/Vector (14).svg\" alt=\"\">\n    <a href=\"https:\/\/saludextremadura.ses.es\/web\/calendarios-vacunales-sistematicos-infantiles-vigentes-en-extremadura\" target=\"_blank\">PROGRAMA DE VACUNACIONES EN EXTREMADURA WEB: SALUD PUBLICA: PROMOCION <\/a>\n<\/div>","protected":false},"excerpt":{"rendered":"<p>Calendario a lo largo de toda la vida El Calendario de Vacunaciones constituye una herramienta fundamental para garantizar la protecci\u00f3n adecuada frente a varias enfermedades infecciosas. Es una prioridad de la Consejer\u00eda de Salud y Pol\u00edtica Social&nbsp; el mantenimiento de un Calendario oficial de inmunizaciones lo m\u00e1s actualizado posible, donde todas las vacunas que lo [&hellip;]<\/p>\n","protected":false},"author":1,"featured_media":0,"parent":693,"menu_order":0,"comment_status":"closed","ping_status":"closed","template":"page-template\/page-no-slider.php","meta":{"_eb_attr":"","inline_featured_image":false},"_links":{"self":[{"href":"https:\/\/saludextremadura.ses.es\/areasaluddonbenito\/wp-json\/wp\/v2\/pages\/1788"}],"collection":[{"href":"https:\/\/saludextremadura.ses.es\/areasaluddonbenito\/wp-json\/wp\/v2\/pages"}],"about":[{"href":"https:\/\/saludextremadura.ses.es\/areasaluddonbenito\/wp-json\/wp\/v2\/types\/page"}],"author":[{"embeddable":true,"href":"https:\/\/saludextremadura.ses.es\/areasaluddonbenito\/wp-json\/wp\/v2\/users\/1"}],"replies":[{"embeddable":true,"href":"https:\/\/saludextremadura.ses.es\/areasaluddonbenito\/wp-json\/wp\/v2\/comments?post=1788"}],"version-history":[{"count":7,"href":"https:\/\/saludextremadura.ses.es\/areasaluddonbenito\/wp-json\/wp\/v2\/pages\/1788\/revisions"}],"predecessor-version":[{"id":2443,"href":"https:\/\/saludextremadura.ses.es\/areasaluddonbenito\/wp-json\/wp\/v2\/pages\/1788\/revisions\/2443"}],"up":[{"embeddable":true,"href":"https:\/\/saludextremadura.ses.es\/areasaluddonbenito\/wp-json\/wp\/v2\/pages\/693"}],"wp:attachment":[{"href":"https:\/\/saludextremadura.ses.es\/areasaluddonbenito\/wp-json\/wp\/v2\/media?parent=1788"}],"curies":[{"name":"wp","href":"https:\/\/api.w.org\/{rel}","templated":true}]}}