{"id":1786,"date":"2022-09-13T12:41:17","date_gmt":"2022-09-13T10:41:17","guid":{"rendered":"https:\/\/saludextremadura.ses.es\/areasaluddonbenito\/?page_id=1786"},"modified":"2022-09-14T08:20:25","modified_gmt":"2022-09-14T06:20:25","slug":"vacunas-prenatales-2","status":"publish","type":"page","link":"https:\/\/saludextremadura.ses.es\/areasaluddonbenito\/salud-comunitaria\/promocion-de-la-salud\/vacunas-prenatales-2\/","title":{"rendered":"Vacunas prenatales"},"content":{"rendered":"<h2 class=\"titulo-pagina wp-block-post-title\">Vacunas prenatales<\/h2>\n\n\n<hr class=\"wp-block-separator has-alpha-channel-opacity linea-titulo\"\/>\n\n\n\n<p><strong><em><u>1Vacunaci\u00f3n en edad f\u00e9rtil<\/u><\/em><\/strong><\/p>\n\n\n\n<p>Se debe asegurar la inmunidad frente al sarampi\u00f3n, rubeola, parotiditis y varicela, ya estas vacunas est\u00e1n contraindicadas en el embarazo.<\/p>\n\n\n\n<p><strong><em><u>Vacunaci\u00f3n en el embarazo<\/u><\/em><\/strong><\/p>\n\n\n<div class=\"enlace-externo-item \">\n    <img decoding=\"async\" src=\"https:\/\/saludextremadura.ses.es\/areasaluddonbenito\/wp-content\/themes\/temaAreaSalud\/img\/Vector (14).svg\" alt=\"\">\n    <a href=\"\" target=\"_blank\">Inmunizaci\u00f3n frente a gripe.<\/a>\n<\/div>\n\n<div class=\"enlace-externo-item \">\n    <img decoding=\"async\" src=\"https:\/\/saludextremadura.ses.es\/areasaluddonbenito\/wp-content\/themes\/temaAreaSalud\/img\/Vector (14).svg\" alt=\"\">\n    <a href=\"\" target=\"_blank\">Inmunizaci\u00f3n frente a tosferina, difteria y t\u00e9tanos<\/a>\n<\/div>\n\n\n<p>Desde el 15 de marzo de 2015 est\u00e1 aprobado el Protocolo de vacunaci\u00f3n frente a tosferina en embarazadas. El objetivo es la protecci\u00f3n del ni\u00f1o peque\u00f1o menor de 2 meses de edad, ya que en este grupo de edad es donde existe mayor morbi-mortalidad.<\/p>\n\n\n\n<p>El programa va destinado a todas las mujeres embarazadas residentes en Extremadura, durante el tercer trimestre del embarazo, independientemente de que la prestaci\u00f3n sanitaria se reciba a trav\u00e9s del Servicio Extreme\u00f1o de Salud (SES) o de cualquier otra entidad, por lo que el SES proporcionar\u00e1 de forma gratuita las dosis de vacunas necesarias para dicha poblaci\u00f3n.<\/p>\n\n\n\n<p>Si la embarazada no recibe asistencia sanitaria a trav\u00e9s del SES, para su vacunaci\u00f3n puede solicitar cita en el centro de salud correspondiente a su domicilio habitual.<\/p>\n\n\n\n<p><strong>&nbsp;&nbsp; <\/strong><strong>Protocolo de actuaci\u00f3n:<\/strong><\/p>\n\n\n\n<ul><li><strong>En embarazadas correctamente vacunadas frente a t\u00e9tanos\u2013difteria<\/strong>: se administrar\u00e1 1 dosis de vacuna frente a t\u00e9tanos-difteria-tosferina, utilizando vacuna <strong>dTpa<\/strong>, durante el tercer trimestre de gestaci\u00f3n, preferentemente en la 27&nbsp; semana de gestaci\u00f3n, siempre que no est\u00e9 contraindicada.<\/li><\/ul>\n\n\n\n<ul><li><strong>En embarazadas no vacunadas con anterioridad o con estado de vacunaci\u00f3n desconocido o incompleto frente a t\u00e9tanos-difteria<\/strong>: se iniciar\u00e1 o completar\u00e1 la pauta vacunal frente a t\u00e9tanos-difteria con vacuna <strong>Td<\/strong>, sustituyendo una de las dosis de Td por vacuna frente a t\u00e9tanos-difteria-tosferina, <strong>dTpa<\/strong>. Esta dosis frente de dTpa se administrar\u00e1 preferentemente en la semana&nbsp; 27&nbsp; de gestaci\u00f3n. En caso de vacunaci\u00f3n incompleta frente a t\u00e9tanos-difteria, no es necesario reiniciar la vacunaci\u00f3n, tan s\u00f3lo completar la administraci\u00f3n de las dosis restantes.<\/li><\/ul>\n","protected":false},"excerpt":{"rendered":"<p>1Vacunaci\u00f3n en edad f\u00e9rtil Se debe asegurar la inmunidad frente al sarampi\u00f3n, rubeola, parotiditis y varicela, ya estas vacunas est\u00e1n contraindicadas en el embarazo. Vacunaci\u00f3n en el embarazo Desde el 15 de marzo de 2015 est\u00e1 aprobado el Protocolo de vacunaci\u00f3n frente a tosferina en embarazadas. El objetivo es la protecci\u00f3n del ni\u00f1o peque\u00f1o menor [&hellip;]<\/p>\n","protected":false},"author":1,"featured_media":0,"parent":693,"menu_order":0,"comment_status":"closed","ping_status":"closed","template":"page-template\/page-no-slider.php","meta":{"_eb_attr":"","inline_featured_image":false},"_links":{"self":[{"href":"https:\/\/saludextremadura.ses.es\/areasaluddonbenito\/wp-json\/wp\/v2\/pages\/1786"}],"collection":[{"href":"https:\/\/saludextremadura.ses.es\/areasaluddonbenito\/wp-json\/wp\/v2\/pages"}],"about":[{"href":"https:\/\/saludextremadura.ses.es\/areasaluddonbenito\/wp-json\/wp\/v2\/types\/page"}],"author":[{"embeddable":true,"href":"https:\/\/saludextremadura.ses.es\/areasaluddonbenito\/wp-json\/wp\/v2\/users\/1"}],"replies":[{"embeddable":true,"href":"https:\/\/saludextremadura.ses.es\/areasaluddonbenito\/wp-json\/wp\/v2\/comments?post=1786"}],"version-history":[{"count":3,"href":"https:\/\/saludextremadura.ses.es\/areasaluddonbenito\/wp-json\/wp\/v2\/pages\/1786\/revisions"}],"predecessor-version":[{"id":1811,"href":"https:\/\/saludextremadura.ses.es\/areasaluddonbenito\/wp-json\/wp\/v2\/pages\/1786\/revisions\/1811"}],"up":[{"embeddable":true,"href":"https:\/\/saludextremadura.ses.es\/areasaluddonbenito\/wp-json\/wp\/v2\/pages\/693"}],"wp:attachment":[{"href":"https:\/\/saludextremadura.ses.es\/areasaluddonbenito\/wp-json\/wp\/v2\/media?parent=1786"}],"curies":[{"name":"wp","href":"https:\/\/api.w.org\/{rel}","templated":true}]}}