{"id":1737,"date":"2022-09-13T12:19:15","date_gmt":"2022-09-13T10:19:15","guid":{"rendered":"https:\/\/saludextremadura.ses.es\/areasaluddonbenito\/?page_id=1737"},"modified":"2022-09-14T10:59:41","modified_gmt":"2022-09-14T08:59:41","slug":"trazabilidad","status":"publish","type":"page","link":"https:\/\/saludextremadura.ses.es\/areasaluddonbenito\/saludpublica\/seguridad-alimentaria\/trazabilidad\/","title":{"rendered":"Trazabilidad"},"content":{"rendered":"<h2 class=\"titulo-pagina wp-block-post-title\">Trazabilidad<\/h2>\n\n\n<hr class=\"wp-block-separator has-alpha-channel-opacity linea-titulo\"\/>\n\n\n\n<p>La trazabilidad, definida en el&nbsp;<a href=\"http:\/\/europa.eu\/eur-lex\/lex\/LexUriServ\/LexUriServ.do?uri=CELEX:32002R0178:ES:NOT\">Reglamento 178\/2002<\/a>&nbsp;como la posibilidad de encontrar y seguir el rastro, a trav\u00e9s de todas las etapas de producci\u00f3n, transformaci\u00f3n y distribuci\u00f3n, de un alimento, un pienso o un ingrediente, reviste una importancia decisiva para la protecci\u00f3n de los consumidores.&nbsp; En concreto, es una herramienta de gesti\u00f3n del riesgo que contribuye a facilitar la retirada de los alimentos en los que se haya detectado alg\u00fan problema y permite que los consumidores reciban informaci\u00f3n espec\u00edfica y exacta sobre los productos en cuesti\u00f3n.<\/p>\n\n\n\n<p>Para lograr la trazabilidad, los explotadores de empresas alimentarias, incluidos los importadores, contar\u00e1n con un sistema que les permita identificar a sus proveedores inmediatos y a sus clientes inmediatos, excepto cuando \u00e9stos sean los consumidores finales (planteamiento \u201cun paso atr\u00e1s y un paso adelante\u201d).<\/p>\n\n\n\n<p>De acuerdo con lo establecido en el art\u00edculo 18.5 del Reglamento 178\/2002, el\u00a0<a href=\"http:\/\/eur-lex.europa.eu\/LexUriServ\/LexUriServ.do?uri=OJ:L:2011:242:0002:0003:ES:PDF\">Reglamento 931\/2011<\/a>\u00a0fija requisitos espec\u00edficos de trazabilidad para los alimentos de origen animal, a fin de garantizar la aplicaci\u00f3n correcta de los requisitos generales establecidos en el Reglamento 178\/2002. As\u00ed, se establece la informaci\u00f3n m\u00ednima a transmitir entre operadores del sector de los alimentos de origen animal:<\/p>\n\n\n\n<ul><li>Una descripci\u00f3n exacta de los alimentos<\/li><li>El volumen o la cantidad de alimentos<\/li><li>El nombre y la direcci\u00f3n del explotador de la empresa alimentaria desde la que se han expedido los alimentos<\/li><li>El nombre y la direcci\u00f3n del propietario de los alimentos, si es distinto al explotador de empresa alimentaria desde la que se han expedido los alimentos<\/li><li>El nombre y la direcci\u00f3n del explotador de empresa alimentaria a la que se expiden los alimentos<\/li><li>El nombre y la direcci\u00f3n del destinatario (propietario) si es distinto al explotador de empresa alimentaria a la que se expiden los alimentos<\/li><li>Identificaci\u00f3n de la remesa o lote<\/li><\/ul>\n\n\n\n<p>Resulta destacable que este reglamento obliga a los operadores a transmitir la informaci\u00f3n sobre los lugares f\u00edsicos de origen y destino de los alimentos de origen animal, si su direcci\u00f3n no coincide con la de los propietarios de los alimentos.<\/p>\n","protected":false},"excerpt":{"rendered":"<p>La trazabilidad, definida en el&nbsp;Reglamento 178\/2002&nbsp;como la posibilidad de encontrar y seguir el rastro, a trav\u00e9s de todas las etapas de producci\u00f3n, transformaci\u00f3n y distribuci\u00f3n, de un alimento, un pienso o un ingrediente, reviste una importancia decisiva para la protecci\u00f3n de los consumidores.&nbsp; En concreto, es una herramienta de gesti\u00f3n del riesgo que contribuye a [&hellip;]<\/p>\n","protected":false},"author":1,"featured_media":0,"parent":689,"menu_order":0,"comment_status":"closed","ping_status":"closed","template":"page-template\/page-no-slider.php","meta":{"_eb_attr":"","inline_featured_image":false},"_links":{"self":[{"href":"https:\/\/saludextremadura.ses.es\/areasaluddonbenito\/wp-json\/wp\/v2\/pages\/1737"}],"collection":[{"href":"https:\/\/saludextremadura.ses.es\/areasaluddonbenito\/wp-json\/wp\/v2\/pages"}],"about":[{"href":"https:\/\/saludextremadura.ses.es\/areasaluddonbenito\/wp-json\/wp\/v2\/types\/page"}],"author":[{"embeddable":true,"href":"https:\/\/saludextremadura.ses.es\/areasaluddonbenito\/wp-json\/wp\/v2\/users\/1"}],"replies":[{"embeddable":true,"href":"https:\/\/saludextremadura.ses.es\/areasaluddonbenito\/wp-json\/wp\/v2\/comments?post=1737"}],"version-history":[{"count":2,"href":"https:\/\/saludextremadura.ses.es\/areasaluddonbenito\/wp-json\/wp\/v2\/pages\/1737\/revisions"}],"predecessor-version":[{"id":1917,"href":"https:\/\/saludextremadura.ses.es\/areasaluddonbenito\/wp-json\/wp\/v2\/pages\/1737\/revisions\/1917"}],"up":[{"embeddable":true,"href":"https:\/\/saludextremadura.ses.es\/areasaluddonbenito\/wp-json\/wp\/v2\/pages\/689"}],"wp:attachment":[{"href":"https:\/\/saludextremadura.ses.es\/areasaluddonbenito\/wp-json\/wp\/v2\/media?parent=1737"}],"curies":[{"name":"wp","href":"https:\/\/api.w.org\/{rel}","templated":true}]}}