{"id":1733,"date":"2022-09-13T12:18:45","date_gmt":"2022-09-13T10:18:45","guid":{"rendered":"https:\/\/saludextremadura.ses.es\/areasaluddonbenito\/?page_id=1733"},"modified":"2022-09-14T10:57:54","modified_gmt":"2022-09-14T08:57:54","slug":"actividades-cinegeticas","status":"publish","type":"page","link":"https:\/\/saludextremadura.ses.es\/areasaluddonbenito\/saludpublica\/seguridad-alimentaria\/actividades-cinegeticas\/","title":{"rendered":"Actividades cineg\u00e9ticas"},"content":{"rendered":"<h2 class=\"titulo-pagina wp-block-post-title\">Actividades cineg\u00e9ticas<\/h2>\n\n\n<hr class=\"wp-block-separator has-alpha-channel-opacity linea-titulo\"\/>\n\n\n\n<p>Vienen recogidas, entre otros, en el Decreto 230\/2005 de 11 de octubre de control sanitario de las especies de caza silvestre. En el mismo se regulan la vigilancia y control sanitario de las piezas de caza silvestre destinadas al consumo humano procedente de actividades cineg\u00e9ticas celebradas en el territorio de la CCAA de Extremadura al objeto de completar la normativa estatal contenida en el RD 2044\/1994 por el que se establecen las condiciones sanitarias y de sanidad animal aplicables al sacrificio de animales de caza silvestre y a la producci\u00f3n y comercializaci\u00f3n de sus carnes.<\/p>\n\n\n\n<p>&nbsp;&nbsp;&nbsp;&nbsp;&nbsp;&nbsp;&nbsp;&nbsp;&nbsp; &nbsp;&nbsp;&nbsp;&nbsp;&nbsp;&nbsp;&nbsp;&nbsp;Dicho Decreto establece la normativa b\u00e1sica en la Comunidad Aut\u00f3noma de Extremadura, adapt\u00e1ndose a sus peculiaridades caracter\u00edsticas epidemiol\u00f3gicas, medioambientales, sociales y culturales, que permita intensificar el control sanitario de las carnes obtenidas en las actividades cineg\u00e9ticas, de modo que se ofrezca al consumidor el m\u00e1ximo nivel de seguridad alimentaria.<\/p>\n\n\n\n<h3 class=\"has-black-color has-text-color\">Documentaci\u00f3n a presentar<\/h3>\n\n\n\n<p>Para la designaci\u00f3n de Veterinario actuante en las actividades cineg\u00e9ticas especificadas en el apartado a) del art\u00edculo 3:<\/p>\n\n\n\n<ol><li>Solicitud de designaci\u00f3n de Veterinario actuante en la actividad, seg\u00fan modelo del presente Decreto.<\/li><li>Copia de la autorizaci\u00f3n del \u201clugar de evisceraci\u00f3n de piezas de caza silvestre\u201d, recogido asimismo en el Decreto.<\/li><li>Modelo M-50 justificativo de haber abonado las tasas correspondientes a control sanitario en actividades cineg\u00e9ticas<\/li><\/ol>\n\n\n\n<h3 class=\"has-black-color has-text-color\">Plazo y lugar de presentaci\u00f3n:<\/h3>\n\n\n\n<p>La documentaci\u00f3n relacionada anteriormente se presentar\u00e1 en la Direcci\u00f3n de Salud de Don Benito, sita en calle Canalejas, 1 con una antelaci\u00f3n m\u00ednima a la fecha de celebraci\u00f3n de la actividad de 30 d\u00edas naturales en el caso de monter\u00edas y de 20 d\u00edas naturales para las restantes acciones cineg\u00e9ticas de caza.<\/p>\n","protected":false},"excerpt":{"rendered":"<p>Vienen recogidas, entre otros, en el Decreto 230\/2005 de 11 de octubre de control sanitario de las especies de caza silvestre. En el mismo se regulan la vigilancia y control sanitario de las piezas de caza silvestre destinadas al consumo humano procedente de actividades cineg\u00e9ticas celebradas en el territorio de la CCAA de Extremadura al [&hellip;]<\/p>\n","protected":false},"author":1,"featured_media":0,"parent":689,"menu_order":0,"comment_status":"closed","ping_status":"closed","template":"page-template\/page-no-slider.php","meta":{"_eb_attr":"","inline_featured_image":false},"_links":{"self":[{"href":"https:\/\/saludextremadura.ses.es\/areasaluddonbenito\/wp-json\/wp\/v2\/pages\/1733"}],"collection":[{"href":"https:\/\/saludextremadura.ses.es\/areasaluddonbenito\/wp-json\/wp\/v2\/pages"}],"about":[{"href":"https:\/\/saludextremadura.ses.es\/areasaluddonbenito\/wp-json\/wp\/v2\/types\/page"}],"author":[{"embeddable":true,"href":"https:\/\/saludextremadura.ses.es\/areasaluddonbenito\/wp-json\/wp\/v2\/users\/1"}],"replies":[{"embeddable":true,"href":"https:\/\/saludextremadura.ses.es\/areasaluddonbenito\/wp-json\/wp\/v2\/comments?post=1733"}],"version-history":[{"count":2,"href":"https:\/\/saludextremadura.ses.es\/areasaluddonbenito\/wp-json\/wp\/v2\/pages\/1733\/revisions"}],"predecessor-version":[{"id":1915,"href":"https:\/\/saludextremadura.ses.es\/areasaluddonbenito\/wp-json\/wp\/v2\/pages\/1733\/revisions\/1915"}],"up":[{"embeddable":true,"href":"https:\/\/saludextremadura.ses.es\/areasaluddonbenito\/wp-json\/wp\/v2\/pages\/689"}],"wp:attachment":[{"href":"https:\/\/saludextremadura.ses.es\/areasaluddonbenito\/wp-json\/wp\/v2\/media?parent=1733"}],"curies":[{"name":"wp","href":"https:\/\/api.w.org\/{rel}","templated":true}]}}