{"id":1681,"date":"2022-09-12T11:35:11","date_gmt":"2022-09-12T09:35:11","guid":{"rendered":"https:\/\/saludextremadura.ses.es\/areasaluddonbenito\/?page_id=1681"},"modified":"2022-10-05T10:21:20","modified_gmt":"2022-10-05T08:21:20","slug":"unidad-de-investigacion","status":"publish","type":"page","link":"https:\/\/saludextremadura.ses.es\/areasaluddonbenito\/docencia-formacione-investigacion\/unidad-de-investigacion\/","title":{"rendered":"Unidad de Investigaci\u00f3n"},"content":{"rendered":"<h2 class=\"wp-block-post-title\">Unidad de Investigaci\u00f3n<\/h2>\n\n\n<hr class=\"wp-block-separator has-alpha-channel-opacity linea-titulo\"\/>\n\n\n\n<div class=\"is-layout-flex wp-container-3 wp-block-columns\">\n<div class=\"is-layout-flow wp-block-column textoFormacion\">\n<p>La Unidad de Investigaci\u00f3n del \u00e1rea de salud Don Benito-Villanueva lleva a cabo tanto tareas de investigaci\u00f3n propias, como asesoramiento a compa\u00f1eros y compa\u00f1eras del \u00e1rea de Salud Don Benito-Villanueva que lo requieran. De esta forma, mantiene estrecha coordinaci\u00f3n con la Unidad Docente en el desarrollo de cursos formativos sobre Metodolog\u00eda de la Investigaci\u00f3n, con especial \u00e9nfasis en el grupo de personal en formaci\u00f3n, esto es, M\u00e9dicos\/as y Enfermeros\/as Internos Residentes.<\/p>\n\n\n\n<p>A trav\u00e9s de la entidad gestora Fundesalud, recibe estudiantes del programa Erasmus, y j\u00f3venes que est\u00e1n realizando Trabajos de Fin de Grado o Fin de M\u00e1ster. Asimismo, desde hace a\u00f1os asesora en la realizaci\u00f3n de Tesis Doctorales.<\/p>\n\n\n\n<p>Por su parte, tambi\u00e9n pone el foco en el campo de la prevenci\u00f3n, llevando a cabo proyectos relacionados como el Programa Pericles sobre Prevenci\u00f3n Primaria y Secundaria (www.grimex.org). En la misma l\u00ednea, presenta una v\u00eda de difusi\u00f3n a trav\u00e9s de la web extremadurasaludable.es sustentada en los objetivos del RIS3 y que pone en valor la interdisciplinariedad y la necesidad de una divulgaci\u00f3n cient\u00edfica de calidad y basada en la evidencia, huyendo de las conocidas fake news y de la falta de rigor.<\/p>\n\n\n\n<p>En un contexto de envejecimiento progresivo de la poblaci\u00f3n y siendo conscientes de la convivencia de m\u00faltiples patolog\u00edas cr\u00f3nicas, nace el Programa FREE, en el cual se valora la Fragilidad que pueden presentar pacientes de 65 o m\u00e1s a\u00f1os, con diferentes patolog\u00edas cr\u00f3nicas. Este proyecto prospectivo tiene como objetivo conocer la prevalencia de dicha condici\u00f3n e identificar eventos como reingreso y mortalidad al cabo del a\u00f1o, bas\u00e1ndose en la ejecuci\u00f3n de diferentes escalas que permiten realizar un abordaje hol\u00edstico del paciente. De esta forma, adem\u00e1s de estudiar la fragilidad a trav\u00e9s de los m\u00e9todos cl\u00e1sicos, se incide en la importancia evaluar los aspectos nutricionales, f\u00edsicos y psicol\u00f3gicos que, hist\u00f3ricamente, han sido menos contemplados en la pr\u00e1ctica sanitaria.<\/p>\n\n\n\n<p>La Unidad de Investigaci\u00f3n es subsede del Instituto Universitario de Investigaci\u00f3n Biosanitaria de Extremadura (INUBE) y se encuentra en la calle Sierra Nevada 10 de Villanueva de la Serena. Puedes contactar con nosotros al tel\u00e9fono 924 84 7838 o a trav\u00e9s de la extensi\u00f3n 87700\/01\/02.<\/p>\n<\/div>\n\n\n\n<div class=\"is-layout-flow wp-block-column is-vertically-aligned-top\">\n<figure class=\"wp-block-image size-full\"><img decoding=\"async\" src=\"https:\/\/saludextremadura.ses.es\/areasaluddonbenito\/wp-content\/uploads\/2022\/09\/Unidad_Investigacion_01.jpg\" alt=\"\" class=\"wp-image-2011\"\/><\/figure>\n\n\n\n<figure class=\"wp-block-video\"><video controls src=\"https:\/\/saludextremadura.ses.es\/areasaluddonbenito\/wp-content\/uploads\/2022\/10\/Semana-Ciencia-Video-Unidad.mp4\"><\/video><\/figure>\n<\/div>\n<\/div>\n\n\n\n<h2>Enlaces de inter\u00e9s<\/h2>\n\n\n\n<p><br><\/p>\n\n\n\n<div class=\"is-layout-flex wp-container-8 wp-block-columns\">\n<div class=\"is-layout-flow wp-block-column is-vertically-aligned-center\">\n<figure class=\"wp-block-image size-large\"><img decoding=\"async\" loading=\"lazy\" width=\"256\" height=\"81\" src=\"https:\/\/saludextremadura.ses.es\/areasaluddonbenito\/wp-content\/uploads\/2022\/07\/image-13.svg\" alt=\"\" class=\"wp-image-998\"\/><\/figure>\n<\/div>\n\n\n\n<div class=\"is-layout-flow wp-block-column is-vertically-aligned-center\">\n<figure class=\"wp-block-image size-large\"><img decoding=\"async\" loading=\"lazy\" width=\"256\" height=\"51\" src=\"https:\/\/saludextremadura.ses.es\/areasaluddonbenito\/wp-content\/uploads\/2022\/07\/image-14.svg\" alt=\"\" class=\"wp-image-997\"\/><\/figure>\n<\/div>\n\n\n\n<div class=\"is-layout-flow wp-block-column is-vertically-aligned-center\">\n<figure class=\"wp-block-image size-large\"><img decoding=\"async\" loading=\"lazy\" width=\"256\" height=\"96\" src=\"https:\/\/saludextremadura.ses.es\/areasaluddonbenito\/wp-content\/uploads\/2022\/07\/image-15.svg\" alt=\"\" class=\"wp-image-996\"\/><\/figure>\n<\/div>\n\n\n\n<div class=\"is-layout-flow wp-block-column is-vertically-aligned-center\">\n<figure class=\"wp-block-image size-large\"><img decoding=\"async\" loading=\"lazy\" width=\"256\" height=\"51\" src=\"https:\/\/saludextremadura.ses.es\/areasaluddonbenito\/wp-content\/uploads\/2022\/07\/image-17.svg\" alt=\"\" class=\"wp-image-995\"\/><\/figure>\n<\/div>\n<\/div>\n\n\n\n<div class=\"is-layout-flex wp-container-13 wp-block-columns\">\n<div class=\"is-layout-flow wp-block-column is-vertically-aligned-center\">\n<figure class=\"wp-block-image size-large\"><img decoding=\"async\" loading=\"lazy\" width=\"257\" height=\"56\" src=\"https:\/\/saludextremadura.ses.es\/areasaluddonbenito\/wp-content\/uploads\/2022\/07\/image-18.svg\" alt=\"\" class=\"wp-image-993\"\/><\/figure>\n<\/div>\n\n\n\n<div class=\"is-layout-flow wp-block-column is-vertically-aligned-center\">\n<figure class=\"wp-block-image size-large\"><img decoding=\"async\" loading=\"lazy\" width=\"256\" height=\"55\" src=\"https:\/\/saludextremadura.ses.es\/areasaluddonbenito\/wp-content\/uploads\/2022\/07\/image-16.svg\" alt=\"\" class=\"wp-image-994\"\/><\/figure>\n<\/div>\n\n\n\n<div class=\"is-layout-flow wp-block-column is-vertically-aligned-center\">\n<figure class=\"wp-block-image size-large\"><img decoding=\"async\" loading=\"lazy\" width=\"256\" height=\"74\" src=\"https:\/\/saludextremadura.ses.es\/areasaluddonbenito\/wp-content\/uploads\/2022\/07\/image-19.svg\" alt=\"\" class=\"wp-image-992\"\/><\/figure>\n<\/div>\n\n\n\n<div class=\"is-layout-flow wp-block-column is-vertically-aligned-center\">\n<figure class=\"wp-block-image size-large\"><img decoding=\"async\" loading=\"lazy\" width=\"255\" height=\"85\" src=\"https:\/\/saludextremadura.ses.es\/areasaluddonbenito\/wp-content\/uploads\/2022\/07\/image-20.svg\" alt=\"\" class=\"wp-image-991\"\/><\/figure>\n<\/div>\n<\/div>\n","protected":false},"excerpt":{"rendered":"<p>La Unidad de Investigaci\u00f3n del \u00e1rea de salud Don Benito-Villanueva lleva a cabo tanto tareas de investigaci\u00f3n propias, como asesoramiento a compa\u00f1eros y compa\u00f1eras del \u00e1rea de Salud Don Benito-Villanueva que lo requieran. De esta forma, mantiene estrecha coordinaci\u00f3n con la Unidad Docente en el desarrollo de cursos formativos sobre Metodolog\u00eda de la Investigaci\u00f3n, con [&hellip;]<\/p>\n","protected":false},"author":1,"featured_media":0,"parent":321,"menu_order":0,"comment_status":"closed","ping_status":"closed","template":"page-template\/page-no-slider.php","meta":{"_eb_attr":"","inline_featured_image":false},"_links":{"self":[{"href":"https:\/\/saludextremadura.ses.es\/areasaluddonbenito\/wp-json\/wp\/v2\/pages\/1681"}],"collection":[{"href":"https:\/\/saludextremadura.ses.es\/areasaluddonbenito\/wp-json\/wp\/v2\/pages"}],"about":[{"href":"https:\/\/saludextremadura.ses.es\/areasaluddonbenito\/wp-json\/wp\/v2\/types\/page"}],"author":[{"embeddable":true,"href":"https:\/\/saludextremadura.ses.es\/areasaluddonbenito\/wp-json\/wp\/v2\/users\/1"}],"replies":[{"embeddable":true,"href":"https:\/\/saludextremadura.ses.es\/areasaluddonbenito\/wp-json\/wp\/v2\/comments?post=1681"}],"version-history":[{"count":7,"href":"https:\/\/saludextremadura.ses.es\/areasaluddonbenito\/wp-json\/wp\/v2\/pages\/1681\/revisions"}],"predecessor-version":[{"id":2366,"href":"https:\/\/saludextremadura.ses.es\/areasaluddonbenito\/wp-json\/wp\/v2\/pages\/1681\/revisions\/2366"}],"up":[{"embeddable":true,"href":"https:\/\/saludextremadura.ses.es\/areasaluddonbenito\/wp-json\/wp\/v2\/pages\/321"}],"wp:attachment":[{"href":"https:\/\/saludextremadura.ses.es\/areasaluddonbenito\/wp-json\/wp\/v2\/media?parent=1681"}],"curies":[{"name":"wp","href":"https:\/\/api.w.org\/{rel}","templated":true}]}}