{"id":1677,"date":"2022-09-12T11:34:10","date_gmt":"2022-09-12T09:34:10","guid":{"rendered":"https:\/\/saludextremadura.ses.es\/areasaluddonbenito\/?page_id=1677"},"modified":"2022-09-13T09:19:15","modified_gmt":"2022-09-13T07:19:15","slug":"formacion-pregrado","status":"publish","type":"page","link":"https:\/\/saludextremadura.ses.es\/areasaluddonbenito\/docencia-formacione-investigacion\/formacion-pregrado\/","title":{"rendered":"Formaci\u00f3n Pregrado"},"content":{"rendered":"<h2 class=\"titulo-pagina wp-block-post-title\">Formaci\u00f3n Pregrado<\/h2>\n\n\n<hr class=\"wp-block-separator has-alpha-channel-opacity linea-titulo\"\/>\n\n\n\n<p>La colaboraci\u00f3n y coordinaci\u00f3n entre el sistema sanitario y el educativo pone en valor el aprendizaje pr\u00e1ctico de los alumnos que cursan estudios de Ciencias de la Salud.<\/p>\n\n\n\n<p>La Gerencia de nuestra \u00c1rea Sanitaria abre las puertas para que, tanto Universitarios como los estudiantes de Formaci\u00f3n Profesional, puedan disponer de m\u00faltiples servicios y\/o unidades para realizar pr\u00e1cticas relacionadas con sus estudios, y disponer de toda la capacidad docente.<\/p>\n\n\n\n<p>En estos momentos la Consejer\u00eda de Sanidad dispone de convenios o conciertos de colaboraci\u00f3n con otras Universidades y Centros privados de Formaci\u00f3n Profesional, adem\u00e1s de nuestra Universidad de Extremadura y nuestros Centros de Educaci\u00f3n Secundaria.<\/p>\n\n\n\n<p>De tal manera que la formaci\u00f3n pregrado se divide en :<\/p>\n\n\n\n<p>A. <strong>Universitarios<\/strong>: <\/p>\n\n\n\n<ul><li>Universidad de Extremadura<\/li><\/ul>\n\n\n\n<ul><li>Otras Universidades (con las que se tiene Convenio)<\/li><\/ul>\n\n\n\n<p>B. <strong>Formaci\u00f3n Profesional<\/strong>: <\/p>\n\n\n\n<ul><li>Institutos de Ense\u00f1anza Secundaria<\/li><\/ul>\n\n\n\n<ul><li>Academias Privadas (con las que se tiene Convenio)<\/li><\/ul>\n\n\n\n<p>La documentaci\u00f3n necesaria que deben entregar los alumnos, es la que se relaciona a continuaci\u00f3n:<\/p>\n\n\n\n<ol type=\"1\"><li>&#8211;&nbsp; Compromiso de Confidencialidad de alumnos<\/li><li>&#8211;&nbsp; Recepci\u00f3n de informaci\u00f3n Covid-19<\/li><li>&#8211;&nbsp; Recepci\u00f3n de informaci\u00f3n de riesgos laborales<\/li><li>&#8211; Certificado de antecedentes de delitos sexuales solicitado a la p\u00e1gina del Ministerio (si son mayores de 18 a\u00f1os)<\/li><\/ol>\n\n\n\n<p>Remitir las solicitudes de pr\u00e1cticas de alumnos a la Unidad de Formaci\u00f3n.<\/p>\n\n\n\n<p><strong>Correo electr\u00f3nico: <\/strong><strong><a href=\"mailto:udmfyc.donbenito@salud-juntaex.es\">udmfyc.donbenito@salud-juntaex.es<\/a><\/strong><\/p>\n\n\n\n<p><strong>Tel\u00e9fono: 924386805<\/strong><\/p>\n","protected":false},"excerpt":{"rendered":"<p>La colaboraci\u00f3n y coordinaci\u00f3n entre el sistema sanitario y el educativo pone en valor el aprendizaje pr\u00e1ctico de los alumnos que cursan estudios de Ciencias de la Salud. La Gerencia de nuestra \u00c1rea Sanitaria abre las puertas para que, tanto Universitarios como los estudiantes de Formaci\u00f3n Profesional, puedan disponer de m\u00faltiples servicios y\/o unidades para [&hellip;]<\/p>\n","protected":false},"author":1,"featured_media":0,"parent":321,"menu_order":0,"comment_status":"closed","ping_status":"closed","template":"","meta":{"_eb_attr":"","inline_featured_image":false},"_links":{"self":[{"href":"https:\/\/saludextremadura.ses.es\/areasaluddonbenito\/wp-json\/wp\/v2\/pages\/1677"}],"collection":[{"href":"https:\/\/saludextremadura.ses.es\/areasaluddonbenito\/wp-json\/wp\/v2\/pages"}],"about":[{"href":"https:\/\/saludextremadura.ses.es\/areasaluddonbenito\/wp-json\/wp\/v2\/types\/page"}],"author":[{"embeddable":true,"href":"https:\/\/saludextremadura.ses.es\/areasaluddonbenito\/wp-json\/wp\/v2\/users\/1"}],"replies":[{"embeddable":true,"href":"https:\/\/saludextremadura.ses.es\/areasaluddonbenito\/wp-json\/wp\/v2\/comments?post=1677"}],"version-history":[{"count":4,"href":"https:\/\/saludextremadura.ses.es\/areasaluddonbenito\/wp-json\/wp\/v2\/pages\/1677\/revisions"}],"predecessor-version":[{"id":1728,"href":"https:\/\/saludextremadura.ses.es\/areasaluddonbenito\/wp-json\/wp\/v2\/pages\/1677\/revisions\/1728"}],"up":[{"embeddable":true,"href":"https:\/\/saludextremadura.ses.es\/areasaluddonbenito\/wp-json\/wp\/v2\/pages\/321"}],"wp:attachment":[{"href":"https:\/\/saludextremadura.ses.es\/areasaluddonbenito\/wp-json\/wp\/v2\/media?parent=1677"}],"curies":[{"name":"wp","href":"https:\/\/api.w.org\/{rel}","templated":true}]}}